{"id":963,"date":"2013-07-17T22:26:32","date_gmt":"2013-07-17T22:26:32","guid":{"rendered":"https:\/\/blogs.up.edu.pe\/nubes\/\/?page_id=963"},"modified":"2013-07-17T22:26:32","modified_gmt":"2013-07-17T22:26:32","slug":"los-huaqueros-de-julio-ramon-ribeyro-por-pamela-herrera","status":"publish","type":"page","link":"https:\/\/blogs.up.edu.pe\/nubes\/trabajos\/trabajos-finales-ciclo-de-otono-de-2013\/los-huaqueros-de-julio-ramon-ribeyro-por-pamela-herrera\/","title":{"rendered":"\u201cLos huaqueros\u201d de Julio Ram\u00f3n Ribeyro, por Pamela Herrera"},"content":{"rendered":"<p>El relato escogido para este trabajo fue \u201cLos huaqueros\u201d de Julio Ram\u00f3n Ribeyro, ya que disfrut\u00e9 mucho de la lectura y me considero una gran admiradora de este gran cuentista peruano. El cuento narra una historia muy entretenida, con breves momentos de tensi\u00f3n y algo de suspenso, pero seguido de mucho humor, caracter\u00edstico de la clase popular de la sociedad lime\u00f1a a la cual pertenecen los personajes.<\/p>\n<p>El cuento es narrado en tercera persona y est\u00e1 ambientado a mediados del siglo veinte en escenarios urbanos reales, como es caracter\u00edstico en las historias de Ribeyro, que siempre incorpora nombres de calles y lugares conocidos de Lima, lo cual como lectores nos ayuda a ubicarnos espacialmente. Adem\u00e1s, suele tener como personajes figuras representativas de ciertos estratos socioecon\u00f3micos atribuy\u00e9ndoles comportamientos y di\u00e1logos muy acordes con la realidad. El lenguaje que utiliza el autor es bastante simple y coloquial, ya que va de la mano con la trama e incorpora mucho los di\u00e1logos para mantener el cuento din\u00e1mico e interesante.<\/p>\n<p>La historia tiene como personajes principales al mulato Tob\u00edas y su compadre Filiberto, quienes se dedican a profanar tumbas, es decir, a saquear huacas con la esperanza de encontrar alg\u00fan objeto valioso para poder venderlo m\u00e1s adelante en el mercado negro. Es as\u00ed como a estas personas tambi\u00e9n se les conoce en el lenguaje coloquial como \u201chuaqueros\u201d.<\/p>\n<p>El cuento comienza cuando estos dos personajes salen de sus \u201ccasuchas\u201d con su equipo de herramientas hacia Miraflores donde, bien entrada la noche se disponen a cavar en la huaca. A trav\u00e9s de los di\u00e1logos vamos conociendo mejor a los huaqueros, quienes, si bien se dedican a una actividad informal e ilegal, r\u00e1pidamente ganan la empat\u00eda del lector, pues no se trata realmente se personas malas, sino m\u00e1s bien graciosas, con la picard\u00eda y viveza criollas. De esta forma, en medio de una oscuridad absoluta, Tob\u00edas y Filiberto comienzan a cavar. Sin embargo, despu\u00e9s de un rato deciden hacer turnos para realizar la labor mientras van tomando una botella de pisco \u201cpara la sed\u201d. Hasta este momento se podr\u00eda decir que el grado de emoci\u00f3n de la lectura se ha mantenido constante. No obstante, la situaci\u00f3n cambia cuando, tras unos minutos de silencio, Filiberto empieza a sentir la ausencia de Tob\u00edas, a quien no puede ni ver ni escuchar en medio de la oscuridad. La huaca, la noche y el ambiente solitario ayudan a incrementar la tensi\u00f3n del momento atrapando por completo al lector, que puede ponerse en la situaci\u00f3n de Filiberto y sentir su angustia mientras busca a su compa\u00f1ero. As\u00ed se da uno de los picos de emoci\u00f3n del cuento cuando Filiberto prende un f\u00f3sforo y se da con la sorpresa de encontrar a un individuo desconocido, de apariencia terror\u00edfica frente a \u00e9l. Aqu\u00ed podemos apreciar el dominio de Ribeyro, que r\u00e1pidamente puede convertir una historia calmada y tranquila en una mucho m\u00e1s cargada y emocionante, para m\u00e1s adelante cambiar r\u00e1pidamente a una situaci\u00f3n c\u00f3mica. De esta forma, descubrimos que el personaje misterioso era otro huaquero, Andr\u00e9s el zapatero, y que tambi\u00e9n estaba cavando junto a otro compa\u00f1ero, Toledo. Despu\u00e9s de un divertido intercambio de palabras entre Filiberto y Andr\u00e9s, ambos se vuelven amigos r\u00e1pidamente y beben pisco a su salud. M\u00e1s adelante, se re\u00fanen los cuatro huaqueros, quienes forman un equipo para cavar y con suerte encontrar algo valioso. Entre los hombres no se siente ning\u00fan tipo de rivalidad, por el contrario ven pasar las horas, hablando, contando historias y bebiendo a\u00fan m\u00e1s pisco. La noche sigue avanzando y, antes de que termine de amanecer, los cuatro son descubiertos por un polic\u00eda, quien lejos de arrestarlos se colude con ellos ante la posibilidad de haber encontrado una reliquia. Este tipo de situaci\u00f3n que puede resultar muy c\u00f3mica, no es ajena a la realidad peruana, donde muchas veces la autoridad le saca la vuelta a las leyes y normas por el beneficio propio, as\u00ed prevalece la \u201cley del vivo\u201d, donde el que pueda le sacar\u00e1 el mejor provecho a la situaci\u00f3n. Dicha realidad se ve doblemente reforzada cuando, ya entrado el amanecer, tanto los huaqueros como el polic\u00eda son descubiertos por el teniente, quien sin mayor reparo hace uso de su autoridad y exige que contin\u00faen cavando para encontrar el tesoro prometido.<\/p>\n<p>Este tipo de comportamiento tan descarado por parte de la polic\u00eda sigue a\u00fan presente en la sociedad actual y se puede ver reflejado en las coimas, por lo que las situaciones de este cuento siguen vigentes. Es por ello que a mi parecer uno de los atractivos de los cuentos de Ribeyro es que a pesar de que muchas de sus historias est\u00e9n ambientadas hace medio siglo, las situaciones siguen estando presentes en la sociedad actual peruana, ya que est\u00e1n arraigadas en la cultura. Finalmente, el cuento concluye cuando, despu\u00e9s de abrir la caja, no se encuentra ning\u00fan objeto valioso ni una momia, sino los huesos de un ni\u00f1o. Los huaqueros son dejados en libertad y despu\u00e9s de superar la breve decepci\u00f3n se marchan riendo por lo sucedido y dispuestos a hacer le\u00f1a de la caja.<\/p>\n<p>En conclusi\u00f3n, me pareci\u00f3 un gran cuento, muy entretenido y gracioso, que nos muestra la realidad peruana y el criollismo, donde a pesar de indirectamente poder criticar la sociedad, no se intenta dejar alguna moraleja o ense\u00f1anza. Este cuento me ayud\u00f3 a recordar lo mucho que me gusta leer a Ribeyro y lo recomendables que son sus cuentos.<\/p>\n","protected":false},"excerpt":{"rendered":"<p>El relato escogido para este trabajo fue \u201cLos huaqueros\u201d de Julio Ram\u00f3n Ribeyro, ya que disfrut\u00e9 mucho de la lectura y me considero una gran admiradora de este gran cuentista peruano. El cuento narra una historia muy entretenida, con breves &hellip; <a href=\"https:\/\/blogs.up.edu.pe\/nubes\/trabajos\/trabajos-finales-ciclo-de-otono-de-2013\/los-huaqueros-de-julio-ramon-ribeyro-por-pamela-herrera\/\">Sigue leyendo <span class=\"meta-nav\">&rarr;<\/span><\/a><\/p>\n","protected":false},"author":3,"featured_media":0,"parent":918,"menu_order":12,"comment_status":"closed","ping_status":"closed","template":"","meta":{"footnotes":""},"class_list":["post-963","page","type-page","status-publish","hentry"],"_links":{"self":[{"href":"https:\/\/blogs.up.edu.pe\/nubes\/wp-json\/wp\/v2\/pages\/963","targetHints":{"allow":["GET"]}}],"collection":[{"href":"https:\/\/blogs.up.edu.pe\/nubes\/wp-json\/wp\/v2\/pages"}],"about":[{"href":"https:\/\/blogs.up.edu.pe\/nubes\/wp-json\/wp\/v2\/types\/page"}],"author":[{"embeddable":true,"href":"https:\/\/blogs.up.edu.pe\/nubes\/wp-json\/wp\/v2\/users\/3"}],"replies":[{"embeddable":true,"href":"https:\/\/blogs.up.edu.pe\/nubes\/wp-json\/wp\/v2\/comments?post=963"}],"version-history":[{"count":1,"href":"https:\/\/blogs.up.edu.pe\/nubes\/wp-json\/wp\/v2\/pages\/963\/revisions"}],"predecessor-version":[{"id":964,"href":"https:\/\/blogs.up.edu.pe\/nubes\/wp-json\/wp\/v2\/pages\/963\/revisions\/964"}],"up":[{"embeddable":true,"href":"https:\/\/blogs.up.edu.pe\/nubes\/wp-json\/wp\/v2\/pages\/918"}],"wp:attachment":[{"href":"https:\/\/blogs.up.edu.pe\/nubes\/wp-json\/wp\/v2\/media?parent=963"}],"curies":[{"name":"wp","href":"https:\/\/api.w.org\/{rel}","templated":true}]}}