{"id":960,"date":"2013-07-17T02:32:54","date_gmt":"2013-07-17T02:32:54","guid":{"rendered":"https:\/\/blogs.up.edu.pe\/nubes\/\/?page_id=960"},"modified":"2013-07-17T02:32:54","modified_gmt":"2013-07-17T02:32:54","slug":"diarios-de-las-estrellas-de-stanislaw-lem-por-gonzalo-balladares","status":"publish","type":"page","link":"https:\/\/blogs.up.edu.pe\/nubes\/trabajos\/trabajos-finales-ciclo-de-otono-de-2013\/diarios-de-las-estrellas-de-stanislaw-lem-por-gonzalo-balladares\/","title":{"rendered":"\u00abDiarios de las estrellas\u00bb de Stanislaw Lem, por Gonzalo Balladares"},"content":{"rendered":"<p>Stanislaw Lem naci\u00f3 en Leopolis, Polonia (actualmente Ucrania) en 1921. Fue un reconocido escritor, especialmente entre aquellos a los que les gusta la ciencia ficci\u00f3n. Es conocido tambi\u00e9n por novelas como <i>Solaris<\/i> que fueron llevadas (en este caso m\u00e1s de una vez) al cine o la televisi\u00f3n. Sus obras, incluyendo <i>Diarios de las estrellas<\/i>, est\u00e1n llenas de s\u00e1tiras y burlas sobre la sociedad y distintos aspectos de esta. Tambi\u00e9n tiene un humor lleno de iron\u00eda pero que contiene un car\u00e1cter reflexivo.<\/p>\n<p><i>Diarios de las estrellas<\/i> es una de los m\u00e1s conocidos trabajos de Lem. Publicado en 1971, este conjunto de relatos cuenta los viajes de Ijon Tichy, que viaja solo en su nave a trav\u00e9s de distintos planetas en los que experimenta, vive y observa distintas aventuras y experiencias. Aun cuando muchas tienen un humor t\u00edpico de otras de sus obras, algunos viajes tratan temas un poco m\u00e1s filos\u00f3ficos o cr\u00edticos.<\/p>\n<p>\u201cViaje s\u00e9ptimo\u201d es uno de los relatos de los <i>Diarios<\/i>. Ijon Tichy se queda sin control de su nave en uno de sus viajes pero no tiene c\u00f3mo arreglarla ya que se necesitaba de dos personas para hacerlo. Al investigar sobre qui\u00e9n podr\u00eda ayudarlo, se da cuenta de que est\u00e1 acerc\u00e1ndose a unos remolinos de gravitaci\u00f3n. Mientras va pasando el tiempo esperando cruzar los remolinos, el mismo Tichy de otro d\u00eda se le aparece para convencerlo de salir a arreglar la nave. Esto ocurre debido al campo gravitacional producto de los remolinos, que genera que se duplique o triplique. Al pasar las horas y los d\u00edas se generan discusiones acerca de la existencia de cada uno de los nuevos Ijon, lo que crea una situaci\u00f3n muy graciosa y confusa a la vez, al tratar todos de enga\u00f1ar o convencer a otro Ijon de salir a arreglar el cohete.<\/p>\n<p>Stanislaw Lem trata esta situaci\u00f3n con bastante humor. Tambi\u00e9n se ve que en cierto modo se burla de la idea que tienen otros escritores de ciencia ficci\u00f3n sobre viajes en el tiempo al hacer que Ijon Tichy pueda hablar con \u00e9l mismo. Al mismo tiempo se generan discusiones sobre el resultado de ir a arreglar la nave con alguien que viene del futuro, ya que la existencia del Ijon que viene del futuro implica que la reparaci\u00f3n no funcion\u00f3.<\/p>\n<p>Me gust\u00f3 mucho la idea de poder conversar con uno mismo del pasado o futuro y la forma en que se muestra la frustraci\u00f3n del protagonista al tratar de convencer a alguien de un d\u00eda anterior de arreglar la nave, incluso cuando \u00e9l sabe que los intentos ser\u00e1n en vano porque \u00e9l mismo ya hab\u00eda decidido no ir cuando le preguntaron en su momento. La situaci\u00f3n, evidentemente absurda, resulta muy entretenida.<\/p>\n<p>Situaciones como esa ocurren en otros viajes de Ijon Tichy. En el \u201cViaje vig\u00e9simo tercero\u201d aterriza en un peque\u00f1o planeta donde los bzutos (pobladores del planeta) tienen una peculiar forma de evitar el aburrimiento o dormir. Existen unas m\u00e1quinas repartidas por todo el planeta donde uno se descompone en \u00e1tomos y, luego de un tiempo, es reconstruido en otro lugar. Esto lleva a una peculiar an\u00e9cdota en la cual un novio es reproducido por error dos veces el d\u00eda que se va a casar, por lo cual ocurre un largo juicio.<\/p>\n<p>Lem tambi\u00e9n encuentra formas de criticar a la sociedad y diversos grupos a trav\u00e9s de sus relatos. En el \u201cViaje vig\u00e9simo quinto\u201d narra c\u00f3mo muchos grupos se enfrentan y discuten sobre algo tan banal como la definici\u00f3n de patata, para lo cual se hacen muchos estudios e investigaciones.<\/p>\n<p>Stanislaw Lem es un gran autor de ciencia ficci\u00f3n cuyas obras tienen un estilo particular. Llenas de s\u00e1tiras, burlas, reflexiones y temas absurdos, son muy entretenidas. Incluso sus personajes no son nada parecidos a lo que uno espera de una obra normal. Ofrece una visi\u00f3n distinta a lo que normalmente se espera de un relato de ciencia ficci\u00f3n.<\/p>\n","protected":false},"excerpt":{"rendered":"<p>Stanislaw Lem naci\u00f3 en Leopolis, Polonia (actualmente Ucrania) en 1921. Fue un reconocido escritor, especialmente entre aquellos a los que les gusta la ciencia ficci\u00f3n. Es conocido tambi\u00e9n por novelas como Solaris que fueron llevadas (en este caso m\u00e1s de &hellip; <a href=\"https:\/\/blogs.up.edu.pe\/nubes\/trabajos\/trabajos-finales-ciclo-de-otono-de-2013\/diarios-de-las-estrellas-de-stanislaw-lem-por-gonzalo-balladares\/\">Sigue leyendo <span class=\"meta-nav\">&rarr;<\/span><\/a><\/p>\n","protected":false},"author":3,"featured_media":0,"parent":918,"menu_order":11,"comment_status":"closed","ping_status":"closed","template":"","meta":{"footnotes":""},"class_list":["post-960","page","type-page","status-publish","hentry"],"_links":{"self":[{"href":"https:\/\/blogs.up.edu.pe\/nubes\/wp-json\/wp\/v2\/pages\/960","targetHints":{"allow":["GET"]}}],"collection":[{"href":"https:\/\/blogs.up.edu.pe\/nubes\/wp-json\/wp\/v2\/pages"}],"about":[{"href":"https:\/\/blogs.up.edu.pe\/nubes\/wp-json\/wp\/v2\/types\/page"}],"author":[{"embeddable":true,"href":"https:\/\/blogs.up.edu.pe\/nubes\/wp-json\/wp\/v2\/users\/3"}],"replies":[{"embeddable":true,"href":"https:\/\/blogs.up.edu.pe\/nubes\/wp-json\/wp\/v2\/comments?post=960"}],"version-history":[{"count":1,"href":"https:\/\/blogs.up.edu.pe\/nubes\/wp-json\/wp\/v2\/pages\/960\/revisions"}],"predecessor-version":[{"id":961,"href":"https:\/\/blogs.up.edu.pe\/nubes\/wp-json\/wp\/v2\/pages\/960\/revisions\/961"}],"up":[{"embeddable":true,"href":"https:\/\/blogs.up.edu.pe\/nubes\/wp-json\/wp\/v2\/pages\/918"}],"wp:attachment":[{"href":"https:\/\/blogs.up.edu.pe\/nubes\/wp-json\/wp\/v2\/media?parent=960"}],"curies":[{"name":"wp","href":"https:\/\/api.w.org\/{rel}","templated":true}]}}