{"id":956,"date":"2013-07-17T02:20:35","date_gmt":"2013-07-17T02:20:35","guid":{"rendered":"https:\/\/blogs.up.edu.pe\/nubes\/\/?page_id=956"},"modified":"2013-07-17T02:20:35","modified_gmt":"2013-07-17T02:20:35","slug":"edgard-a-poe-vida-y-obra-de-tragedia-y-misterio-por-jose-alonso-ponce-secada","status":"publish","type":"page","link":"https:\/\/blogs.up.edu.pe\/nubes\/trabajos\/trabajos-finales-ciclo-de-otono-de-2013\/edgard-a-poe-vida-y-obra-de-tragedia-y-misterio-por-jose-alonso-ponce-secada\/","title":{"rendered":"Edgard A. Poe: vida y obra de tragedia y misterio, por Jos\u00e9 Alonso Ponce Secada"},"content":{"rendered":"<p style=\"text-align: right; padding-left: 60px;\"><i>Todo lo que vemos desfilar ante nuestros ojos, todo lo que imaginamos, no es sino un sue\u00f1o dentro de otro sue\u00f1o.<\/i><br \/>\nEdgard Allan Poe<\/p>\n<p>Cuando hablamos de Edgar Allan Poe nos referimos a un autor que, no por casualidad, 150 a\u00f1os despu\u00e9s de su muerte, su sello de suspenso demuestra estar intacto en cada oraci\u00f3n de su narrativa. La calidad en su repertorio de relato breve, poemas, y cr\u00edtica brillante y original, son garant\u00eda suficiente para justificar cursos enteros dedicados a \u00e9l. Pero es de inter\u00e9s proponer: \u00bfQu\u00e9 elementos literarios recurrentes encierran sus relatos? \u00bfQu\u00e9 lo hace un autor tan popular hoy en d\u00eda? Tratar\u00e9 de responder estas preguntas en base a los cuentos breves \u201cEl pozo y el p\u00e9ndulo\u201d, \u201cEl coraz\u00f3n delator\u201d y \u201cLa m\u00e1scara de la muerte roja\u201d. Con este ensayo no quiero emitir un juicio definitivo fundamentado en diversas formas de expresi\u00f3n ling\u00fc\u00edstica de Egard A. Poe (i.e. poemas, cr\u00edticas, periodismo etc.), sino que me limitar\u00e9 de manera representativa a estos tres \u00faltimos relatos breves.<\/p>\n<p>Las duras decepciones que le dio la vida desde temprana edad orientaron a que se inclinara por el sufrimiento po\u00e9tico. La vida desgraciada del autor se revela en el personaje principal de sus obras. Usualmente, en su relato se observa el esp\u00edritu de perversidad, obligado a cometer cr\u00edmenes atroces e irracionales (torturar al gato, matar al anciano). Adem\u00e1s se puede desprender que despu\u00e9s de haber cometido el crimen perfecto, inevitablemente, se incrimina a s\u00ed mismo, llevando al polic\u00eda al lugar exacto donde est\u00e1 enterrada la v\u00edctima.<\/p>\n<p>En sus cuentos se demuestra cierta afinidad por los detalles que usualmente pasan inadvertidos a primera vista, pero que le dan a la narraci\u00f3n m\u00e1s arreglo y armon\u00eda. Convierte oraciones triviales en frases extraordinarias. Hace mucho ruido en torno a lo que parece insignificante. No obstante, la narraci\u00f3n en primera persona muestra una rica descripci\u00f3n de los hechos, escenas y pensamientos, que logra atraparte y situarte dentro de la piel de los personajes, manteni\u00e9ndote al filo de la lectura.<\/p>\n<p>El significado que dej\u00f3 Edgard A. Poe detr\u00e1s de cada relato breve sigue siendo una inc\u00f3gnita a\u00fan por resolver. Si bien el g\u00e9nero de misterio resuelve la trama que se va tejiendo a lo largo de la historia, soy incapaz de identificar el significado, m\u00e1xima o conclusi\u00f3n que quiere dejar el autor. En general, estos tres relatos breves son esencialmente vagos, secretos, dif\u00edciles de interpretar.<\/p>\n<p>Edgar Allan Poe es uno de los escritores m\u00e1s comentados de la era moderna. Centenares de cr\u00edticos han escrito art\u00edculos, discursos, historias y biograf\u00edas sobre \u00e9l y todos coinciden en que el estilo de escritura de Poe es \u00fanico para su \u00e9poca y que su talento ha ganado un lugar en la historia y el futuro de la literatura.<\/p>\n","protected":false},"excerpt":{"rendered":"<p>Todo lo que vemos desfilar ante nuestros ojos, todo lo que imaginamos, no es sino un sue\u00f1o dentro de otro sue\u00f1o. Edgard Allan Poe Cuando hablamos de Edgar Allan Poe nos referimos a un autor que, no por casualidad, 150 &hellip; <a href=\"https:\/\/blogs.up.edu.pe\/nubes\/trabajos\/trabajos-finales-ciclo-de-otono-de-2013\/edgard-a-poe-vida-y-obra-de-tragedia-y-misterio-por-jose-alonso-ponce-secada\/\">Sigue leyendo <span class=\"meta-nav\">&rarr;<\/span><\/a><\/p>\n","protected":false},"author":3,"featured_media":0,"parent":918,"menu_order":10,"comment_status":"closed","ping_status":"closed","template":"","meta":{"footnotes":""},"class_list":["post-956","page","type-page","status-publish","hentry"],"_links":{"self":[{"href":"https:\/\/blogs.up.edu.pe\/nubes\/wp-json\/wp\/v2\/pages\/956","targetHints":{"allow":["GET"]}}],"collection":[{"href":"https:\/\/blogs.up.edu.pe\/nubes\/wp-json\/wp\/v2\/pages"}],"about":[{"href":"https:\/\/blogs.up.edu.pe\/nubes\/wp-json\/wp\/v2\/types\/page"}],"author":[{"embeddable":true,"href":"https:\/\/blogs.up.edu.pe\/nubes\/wp-json\/wp\/v2\/users\/3"}],"replies":[{"embeddable":true,"href":"https:\/\/blogs.up.edu.pe\/nubes\/wp-json\/wp\/v2\/comments?post=956"}],"version-history":[{"count":2,"href":"https:\/\/blogs.up.edu.pe\/nubes\/wp-json\/wp\/v2\/pages\/956\/revisions"}],"predecessor-version":[{"id":959,"href":"https:\/\/blogs.up.edu.pe\/nubes\/wp-json\/wp\/v2\/pages\/956\/revisions\/959"}],"up":[{"embeddable":true,"href":"https:\/\/blogs.up.edu.pe\/nubes\/wp-json\/wp\/v2\/pages\/918"}],"wp:attachment":[{"href":"https:\/\/blogs.up.edu.pe\/nubes\/wp-json\/wp\/v2\/media?parent=956"}],"curies":[{"name":"wp","href":"https:\/\/api.w.org\/{rel}","templated":true}]}}