{"id":952,"date":"2013-07-17T02:12:31","date_gmt":"2013-07-17T02:12:31","guid":{"rendered":"https:\/\/blogs.up.edu.pe\/nubes\/\/?page_id=952"},"modified":"2013-07-17T02:12:31","modified_gmt":"2013-07-17T02:12:31","slug":"analisis-de-dia-domingo-de-mario-vargas-llosa-por-talia-quijano-m","status":"publish","type":"page","link":"https:\/\/blogs.up.edu.pe\/nubes\/trabajos\/trabajos-finales-ciclo-de-otono-de-2013\/analisis-de-dia-domingo-de-mario-vargas-llosa-por-talia-quijano-m\/","title":{"rendered":"An\u00e1lisis de \u201cD\u00eda domingo\u201d de Mario Vargas Llosa, por Tal\u00eda Quijano M."},"content":{"rendered":"<p>Mario Vargas Llosa realiza un trabajo extraordinario en su cuento \u201cD\u00eda domingo\u201d, en el cual relata la historia de un muchacho miraflorino de clase media, Miguel, que est\u00e1 perdidamente enamorado de Flora, una chica que parece ya tener due\u00f1o.<\/p>\n<p>La historia empieza con Miguel arm\u00e1ndose de valor para declararle su amor a Flora y ella respondi\u00e9ndole que tiene que pensarlo. Miguel se entera de que Flora, esa misma tarde, va a ver a otro chico, Rub\u00e9n, que tambi\u00e9n est\u00e1 interesado en ella y pertenece a la misma pandilla de amigos de Miguel, llamada \u201clos pajarracos\u201d.<\/p>\n<p>Despu\u00e9s de sentirse rechazado y estando echado en su cama, Miguel siente que tiene que evitar a toda costa ese encuentro pues podr\u00eda perder a Flora para siempre. Con ello, decide ir a buscar a los pajarracos para retar a Rub\u00e9n, vencerlo y ganarse el amor de Flora. As\u00ed, se crea una disputa entre Miguel y Rub\u00e9n e inician un desaf\u00edo sostenido en el que Miguel tiene todas las posibilidades de perder. Primero, Miguel reta a Rub\u00e9n a ver qui\u00e9n aguanta m\u00e1s alcohol y la disputa empieza en una mesa del bar del barrio. Sin embargo, despu\u00e9s de varias cervezas, los pajarracos deciden que es un empate. Luego, dej\u00e1ndose llevar por las cervezas y la piconer\u00eda masculina, deciden, sin mucho sentido com\u00fan, nadar en el mar miraflorino, en pleno invierno, para ver qui\u00e9n es m\u00e1s r\u00e1pido y qui\u00e9n se queda con Flora.<\/p>\n<p>El autor desarrolla la trama meticulosamente, permitiendo que el lector se entere de cada detalle de la historia en la que describe perfectamente los escenarios en los que esta sucede. El lector casi ni se tiene que esforzar para imaginarse el ambiente en donde transcurren los hechos: la calle, el bar, la playa, el mar, todo est\u00e1 explicado perfectamente, al punto de que la lectura se hace una pel\u00edcula natural en la mente y todo se vuelve muy real. Luego viene un dram\u00e1tico episodio en la competencia de nataci\u00f3n en el mar, en el que Rub\u00e9n sufre un calambre y Miguel lo salva de ahogarse. Ya m\u00e1s tranquilos, Rub\u00e9n admite su derrota pero pide que se mantenga en secreto que Miguel lo haya salvado y Miguel honra su amistad y se queda callado, sabiendo que igual todo el barrio se iba a enterar de su victoria y seguramente Flora tambi\u00e9n.<\/p>\n<p>Analizando el cuento, la habilidad extraordinaria de Vargas Llosa de jugar con los tiempos, escenarios y di\u00e1logos hace que \u201cD\u00eda domingo\u201d sea una pieza literaria espectacular. Es incre\u00edble c\u00f3mo logra que el lector avance y retroceda en el tiempo en una misma oraci\u00f3n y cambie de escenarios abruptamente sin romper el flujo de la historia. Su estilo innovador de narraci\u00f3n hace que el cuento sea muy din\u00e1mico y f\u00e1cil de leer. Adem\u00e1s, Vargas Llosa es un autor que intenta explotar al m\u00e1ximo la imaginaci\u00f3n del lector y eso hace que la conexi\u00f3n con el cuento sea muy fuerte desde el inicio. Asimismo, si el lector es lime\u00f1o, se vuelve muy f\u00e1cil identificarse con la historia ya que \u201cD\u00eda domingo\u201d es una historia muy real que detalla c\u00f3mo se comporta la clase media lime\u00f1a, en la que los roles de g\u00e9nero y el machismo est\u00e1n muy presentes.<\/p>\n<p>Por \u00faltimo, lo m\u00e1s interesante del cuento es c\u00f3mo Vargas Llosa presenta un gran cambio en sus personajes principales, Miguel y Rub\u00e9n. El lector acompa\u00f1a a ambos personajes en un crecimiento emocional en el que los dos sintieron que casi sucumb\u00edan en el mar y se hace evidente la transici\u00f3n de adolescentes a hombres j\u00f3venes que honran su amistad y mantienen en reserva lo que sucedi\u00f3.<\/p>\n","protected":false},"excerpt":{"rendered":"<p>Mario Vargas Llosa realiza un trabajo extraordinario en su cuento \u201cD\u00eda domingo\u201d, en el cual relata la historia de un muchacho miraflorino de clase media, Miguel, que est\u00e1 perdidamente enamorado de Flora, una chica que parece ya tener due\u00f1o. La &hellip; <a href=\"https:\/\/blogs.up.edu.pe\/nubes\/trabajos\/trabajos-finales-ciclo-de-otono-de-2013\/analisis-de-dia-domingo-de-mario-vargas-llosa-por-talia-quijano-m\/\">Sigue leyendo <span class=\"meta-nav\">&rarr;<\/span><\/a><\/p>\n","protected":false},"author":3,"featured_media":0,"parent":918,"menu_order":9,"comment_status":"closed","ping_status":"closed","template":"","meta":{"footnotes":""},"class_list":["post-952","page","type-page","status-publish","hentry"],"_links":{"self":[{"href":"https:\/\/blogs.up.edu.pe\/nubes\/wp-json\/wp\/v2\/pages\/952","targetHints":{"allow":["GET"]}}],"collection":[{"href":"https:\/\/blogs.up.edu.pe\/nubes\/wp-json\/wp\/v2\/pages"}],"about":[{"href":"https:\/\/blogs.up.edu.pe\/nubes\/wp-json\/wp\/v2\/types\/page"}],"author":[{"embeddable":true,"href":"https:\/\/blogs.up.edu.pe\/nubes\/wp-json\/wp\/v2\/users\/3"}],"replies":[{"embeddable":true,"href":"https:\/\/blogs.up.edu.pe\/nubes\/wp-json\/wp\/v2\/comments?post=952"}],"version-history":[{"count":2,"href":"https:\/\/blogs.up.edu.pe\/nubes\/wp-json\/wp\/v2\/pages\/952\/revisions"}],"predecessor-version":[{"id":954,"href":"https:\/\/blogs.up.edu.pe\/nubes\/wp-json\/wp\/v2\/pages\/952\/revisions\/954"}],"up":[{"embeddable":true,"href":"https:\/\/blogs.up.edu.pe\/nubes\/wp-json\/wp\/v2\/pages\/918"}],"wp:attachment":[{"href":"https:\/\/blogs.up.edu.pe\/nubes\/wp-json\/wp\/v2\/media?parent=952"}],"curies":[{"name":"wp","href":"https:\/\/api.w.org\/{rel}","templated":true}]}}