{"id":949,"date":"2013-07-16T20:53:19","date_gmt":"2013-07-16T20:53:19","guid":{"rendered":"https:\/\/blogs.up.edu.pe\/nubes\/\/?page_id=949"},"modified":"2013-07-16T20:53:19","modified_gmt":"2013-07-16T20:53:19","slug":"un-dia-de-estos-de-gabriel-garcia-marquez-por-ximena-espinosa-seoane","status":"publish","type":"page","link":"https:\/\/blogs.up.edu.pe\/nubes\/trabajos\/trabajos-finales-ciclo-de-otono-de-2013\/un-dia-de-estos-de-gabriel-garcia-marquez-por-ximena-espinosa-seoane\/","title":{"rendered":"\u201cUn d\u00eda de estos\u201d de Gabriel Garc\u00eda M\u00e1rquez, por Ximena Espinosa Seoane"},"content":{"rendered":"<p>\u00bfSon los cuentos una manera de desahogo para el autor? \u00bfQuiere crear consciencia de una realidad? \u00bfO tan solo son historias producto de su imaginaci\u00f3n? Yo creo que son una mezcla de los dos. Gabriel Garc\u00eda M\u00e1rquez creci\u00f3 en una Colombia problem\u00e1tica, con conflictos pol\u00edticos, opresi\u00f3n y abusos hacia el pueblo, como en la mayor\u00eda de pa\u00edses latinoamericanos.<\/p>\n<p>De peque\u00f1o viv\u00eda con sus abuelos y se llenaba de historias que ellos le contaban\u2026 Eso pudo abrirle los ojos a la realidad y al ser un ni\u00f1o, combinarlo con fantas\u00eda. Tal vez estos fueron sus inicios como cuentista. El relato breve \u201cUn d\u00eda de estos\u201d, como es caracter\u00edstico de Garc\u00eda M\u00e1rquez, en unas cuantas l\u00edneas, transmite mucho. El cuento pertenece al libro <i>Los funerales de la Mama Grande<\/i>, que termin\u00f3 de escribir hacia 1959, en un contexto hist\u00f3rico de conflictos sociales y pol\u00edticos en Colombia, que vivi\u00f3 dos d\u00e9cadas de violencia a partir de 1946.<\/p>\n<p>En este ensayo voy a desarrollar la tesis de que, a trav\u00e9s de su cuento, el autor relata toda una historia de trasfondo que va m\u00e1s all\u00e1 de un proceso de extracci\u00f3n de muela por parte del dentista. El cuento en realidad es muy breve y directo. Sin embargo, a trav\u00e9s de sus palabras precisas, te lleva a remontar a la historia que \u00e9l realmente quiere contar. Es sumamente descriptivo, sencillo y a la vez complejo. El misterio con el que lleva la historia te invita a analizar cada suceso para relacionarlo con una posible realidad pol\u00edtica del momento.<\/p>\n<p>A continuaci\u00f3n voy a explicar tres argumentos con los que sustento que el autor relata toda una historia de trasfondo, que va m\u00e1s all\u00e1 del proceso de extracci\u00f3n (momento c\u00faspide del relato). El primer argumento es que existen frases clave que pintan realidades, el segundo es que hay indicadores de la escena que te invitan a imaginarte el contexto y por \u00faltimo las connotaciones del t\u00edtulo del cuento.<\/p>\n<p>Para empezar, podemos decir que cada frase clave te pinta un universo entero: situaciones, personajes, pasados, realidades, etc. Por ejemplo, la frase \u201cDice que si no le sacas la muela te pega un tiro\u201d indica abuso de autoridad por parte del alcalde, que se presenta en la casa del dentista sin previo aviso, sin dinero y exigiendo ser atendido mediante amenazas. No pretende tener una negociaci\u00f3n o un di\u00e1logo, va directo a su prop\u00f3sito sin importar c\u00f3mo lo logre.<\/p>\n<p>Otra frase clave es: \u201cTiene que ser sin anestesia\u201d, ya que es la oportunidad que vio el dentista para vengar a todo su pueblo, con una simple, pero muy dolorosa extracci\u00f3n de muela. Una que tiene relaci\u00f3n con la anterior es: \u201cAqu\u00ed nos paga veinte muertos, teniente\u201d. Esta te remonta a un pasado violento, de abusos por parte de este alcalde, claramente militar.<\/p>\n<p>Por \u00faltimo, la frase final: \u201cEs la misma vaina\u201d, en respuesta a la pregunta del dentista, si le pasaba la cuenta a \u00e9l o al municipio. Evidencia corrupci\u00f3n, un alcalde sinverg\u00fcenza, que es deshonesto a vista y paciencia de todo el pueblo. Este \u00faltimo lo sabe, pero no puede hacer mucho. No todos tienen la oportunidad que tuvo el dentista.<\/p>\n<p>En segundo lugar, existen varios indicadores en la descripci\u00f3n de la escena que nos llevan a imaginar el contexto social y pol\u00edtico que se viv\u00eda en el pueblo colombiano de la historia.<\/p>\n<p>En primer lugar, est\u00e1 la conversaci\u00f3n del padre y el hijo. Nos revela una parsimonia al hablar del alcalde y la situaci\u00f3n amenazante en la que se encontraban. Esa tranquilidad demuestra que estaban acostumbrados a ese tipo de abusos.<\/p>\n<p>Por otro lado, hay una escena en la que al recibir la amenaza del alcalde, el dentista busca su rev\u00f3lver. Sin embargo, al ver la desesperaci\u00f3n en los ojos del alcalde decidi\u00f3 cerrar la gaveta y vengarse en la silla. Asimismo, tienen costumbre de violencia diaria, por eso ten\u00eda un rev\u00f3lver, tienen que estar alerta.<\/p>\n<p>Por \u00faltimo, el t\u00edtulo del cuento tambi\u00e9n te relata una historia de trasfondo. \u201cUn d\u00eda de estos me vengar\u00e9\u201d\u2026 Las masas <i>versus<\/i> el poder, el \u00edmpetu de rebeld\u00eda. Un d\u00eda de estos, com\u00fan y corriente, violento, con agresiones, desprecio por parte del pueblo hacia la autoridad, corrupci\u00f3n, costumbre a la situaci\u00f3n, saber c\u00f3mo manejarla. Un d\u00eda de estos, en un pueblito colombiano\u2026 un simple dentista sin t\u00edtulo y un ex teniente, ahora alcalde va a atenderse ah\u00ed\u2026 Sin dinero y con exigencias propias del abuso de autoridad, lo que no se imagina es que va directo a recibir una venganza anhelada desde hace muchos a\u00f1os.<\/p>\n<p>En conclusi\u00f3n, el cuento \u201cUn d\u00eda de estos\u201d de Gabriel Garc\u00eda M\u00e1rquez, va mucho mas all\u00e1 de la historia que relata. Te cuenta toda una situaci\u00f3n de opresi\u00f3n pol\u00edtica y abuso de autoridad, en una simple situaci\u00f3n de extracci\u00f3n de muela. Es una historia cautivante, breve y pol\u00e9mica.<\/p>\n<p>Recomiendo la lectura de este cuento, ya que te informa de una realidad pasada y a la vez, es entretenida, te sorprende la manera en que tan pocas palabras pueden decir much\u00edsimo.<\/p>\n","protected":false},"excerpt":{"rendered":"<p>\u00bfSon los cuentos una manera de desahogo para el autor? \u00bfQuiere crear consciencia de una realidad? \u00bfO tan solo son historias producto de su imaginaci\u00f3n? Yo creo que son una mezcla de los dos. Gabriel Garc\u00eda M\u00e1rquez creci\u00f3 en una &hellip; <a href=\"https:\/\/blogs.up.edu.pe\/nubes\/trabajos\/trabajos-finales-ciclo-de-otono-de-2013\/un-dia-de-estos-de-gabriel-garcia-marquez-por-ximena-espinosa-seoane\/\">Sigue leyendo <span class=\"meta-nav\">&rarr;<\/span><\/a><\/p>\n","protected":false},"author":3,"featured_media":0,"parent":918,"menu_order":8,"comment_status":"closed","ping_status":"closed","template":"","meta":{"footnotes":""},"class_list":["post-949","page","type-page","status-publish","hentry"],"_links":{"self":[{"href":"https:\/\/blogs.up.edu.pe\/nubes\/wp-json\/wp\/v2\/pages\/949","targetHints":{"allow":["GET"]}}],"collection":[{"href":"https:\/\/blogs.up.edu.pe\/nubes\/wp-json\/wp\/v2\/pages"}],"about":[{"href":"https:\/\/blogs.up.edu.pe\/nubes\/wp-json\/wp\/v2\/types\/page"}],"author":[{"embeddable":true,"href":"https:\/\/blogs.up.edu.pe\/nubes\/wp-json\/wp\/v2\/users\/3"}],"replies":[{"embeddable":true,"href":"https:\/\/blogs.up.edu.pe\/nubes\/wp-json\/wp\/v2\/comments?post=949"}],"version-history":[{"count":1,"href":"https:\/\/blogs.up.edu.pe\/nubes\/wp-json\/wp\/v2\/pages\/949\/revisions"}],"predecessor-version":[{"id":950,"href":"https:\/\/blogs.up.edu.pe\/nubes\/wp-json\/wp\/v2\/pages\/949\/revisions\/950"}],"up":[{"embeddable":true,"href":"https:\/\/blogs.up.edu.pe\/nubes\/wp-json\/wp\/v2\/pages\/918"}],"wp:attachment":[{"href":"https:\/\/blogs.up.edu.pe\/nubes\/wp-json\/wp\/v2\/media?parent=949"}],"curies":[{"name":"wp","href":"https:\/\/api.w.org\/{rel}","templated":true}]}}