{"id":942,"date":"2013-07-16T18:53:09","date_gmt":"2013-07-16T18:53:09","guid":{"rendered":"https:\/\/blogs.up.edu.pe\/nubes\/\/?page_id=942"},"modified":"2013-07-16T18:53:09","modified_gmt":"2013-07-16T18:53:09","slug":"el-gran-gabriel-garcia-marquez-y-su-obra-un-dia-de-estos-por-elizabeth-lucia-guerrero","status":"publish","type":"page","link":"https:\/\/blogs.up.edu.pe\/nubes\/trabajos\/trabajos-finales-ciclo-de-otono-de-2013\/el-gran-gabriel-garcia-marquez-y-su-obra-un-dia-de-estos-por-elizabeth-lucia-guerrero\/","title":{"rendered":"El gran Gabriel Garc\u00eda M\u00e1rquez y su obra \u201cUn d\u00eda de estos\u201d, por Elizabeth Luc\u00eda Guerrero"},"content":{"rendered":"<p>El nombre completo de este gran escritor es Gabriel Jos\u00e9 de la Concordia Garc\u00eda M\u00e1rquez, quien naci\u00f3 en Aracataca,\u00a0Colombia, el 6 de marzo\u00a0de\u00a01927. Es escritor, cuentista, guionista y periodista. Gracias a su trayectoria y a sus numerosas obras, recibi\u00f3 el\u00a0Premio Nobel de Literatura en 1982. La mayor\u00eda de sus obras se encuentra en el g\u00e9nero del realismo m\u00e1gico, del cual es uno de los m\u00e1s grandes y reconocidos representantes. Este g\u00e9nero por lo general se utiliza para describir elementos, la yuxtaposici\u00f3n de la fantas\u00eda y el mito con las actividades diarias y ordinarias.<\/p>\n<p>Parte del reconocimiento que tiene este escritor se debe a su obra <i>Cien a\u00f1os de soledad<\/i> la cual se public\u00f3 en junio de 1967. En ella, Garc\u00eda M\u00e1rquez edifica y da vida al pueblo m\u00edtico de Macondo: un territorio imaginario donde lo inveros\u00edmil y m\u00e1gico no es menos real que lo cotidiano y l\u00f3gico. Con base en el \u00e9xito que hab\u00eda logrado la obra, fue traducida a m\u00e1s de veinticuatro idiomas y gan\u00f3 cuatro premios internacionales. Garc\u00eda M\u00e1rquez tambi\u00e9n es conocido por dejar de lado algunos detalles y eventos aparentemente importantes, de tal manera que el lector se ve obligado a cumplir un papel m\u00e1s participativo en la historia desarrollada. Dentro de los principales temas que est\u00e1n relacionados con sus obras se encuentran: la soledad, la violencia y la cultura.<\/p>\n<p>Uno de sus cuentos que m\u00e1s me gust\u00f3 fue \u201cUn d\u00eda de estos\u201d. A pesar de que el relato es corto y emplea un vocabulario sencillo, le brinda al lector una gran ense\u00f1anza, adem\u00e1s de realizar una cr\u00edtica a la estructura pol\u00edtica dentro de la ciudad donde reina la corrupci\u00f3n y el abuso del poder. Dentro de este cuento Gabriel Garc\u00eda M\u00e1rquez muestra una vez m\u00e1s sus habilidades en mezclar lo real con lo ficticio logrando cierta iron\u00eda lo cual contribuye a que el lector se involucre mucho dentro del relato. La historia se basa en un dolor de muela que es una acci\u00f3n cotidiana y dentro de los personajes principales est\u00e1n un dentista y el alcalde de la ciudad.<\/p>\n<p>Otra de las caracter\u00edsticas del cuento es que el narrador describe detalles que ayudan al lector a meterse dentro del relato y facilitan la imaginaci\u00f3n de las escenas. Por ejemplo, en el inicio del cuento menciona que \u201cEl lunes amaneci\u00f3 tibio y sin lluvia\u201d, esto nos da una idea del tiempo y el clima donde se desenlazar\u00e1n las siguientes acciones.<\/p>\n<p>Dentro de las acciones, hace menci\u00f3n de la corrupci\u00f3n que exist\u00eda en esa ciudad: el alcalde dice: \u201cMe pasa la cuenta\u201d; el dentista le pregunta: \u201c\u00bfA usted o al municipio?\u201d y el alcalde responde: \u201cEs la misma vaina\u201d. Lo anterior refleja la fotograf\u00eda t\u00edpica que existe en algunos gobiernos municipales que utilizan los recursos del estado para su propio beneficio. Como el dentista ya se encontraba cansado de esta situaci\u00f3n decide hacer una venganza en contra del alcalde al momento de sacarle la muela sin anestesia diciendo en el di\u00e1logo: \u201cAqu\u00ed nos paga veinte muertos, teniente\u201d, ya que el dentista se estar\u00eda vengando de todos los abusos que se cometieron con los pobladores.<\/p>\n<p>El final del relato solo nos ayuda a reafirmar lo que ya hab\u00edamos detectado que es el gobierno corrupto y las autoridades que abusan del poder que tienen ya que utilizan los recursos del estado adem\u00e1s de no tener verg\u00fcenza de sus acciones, mostrando total naturalidad frente a los pobladores que hacen casi nada para remediarlo.<\/p>\n<p><em>Fuentes:<\/em><\/p>\n<ul>\n<li><a href=\"http:\/\/es.wikipedia.org\/wiki\/Gabriel_Garc\u00eda_M\u00e1rquez\">http:\/\/es.wikipedia.org\/wiki\/Gabriel_Garc%C3%ADa_M%C3%A1rquez<\/a><\/li>\n<li><a href=\"http:\/\/www.mundolatino.org\/cultura\/garciamarquez\/ggm1.htm\">http:\/\/www.mundolatino.org\/cultura\/garciamarquez\/ggm1.htm<\/a><\/li>\n<li><a href=\"http:\/\/www.biografiasyvidas.com\/reportaje\/garcia_marquez\/\">http:\/\/www.biografiasyvidas.com\/reportaje\/garcia_marquez\/<\/a><\/li>\n<\/ul>\n","protected":false},"excerpt":{"rendered":"<p>El nombre completo de este gran escritor es Gabriel Jos\u00e9 de la Concordia Garc\u00eda M\u00e1rquez, quien naci\u00f3 en Aracataca,\u00a0Colombia, el 6 de marzo\u00a0de\u00a01927. Es escritor, cuentista, guionista y periodista. Gracias a su trayectoria y a sus numerosas obras, recibi\u00f3 el\u00a0Premio &hellip; <a href=\"https:\/\/blogs.up.edu.pe\/nubes\/trabajos\/trabajos-finales-ciclo-de-otono-de-2013\/el-gran-gabriel-garcia-marquez-y-su-obra-un-dia-de-estos-por-elizabeth-lucia-guerrero\/\">Sigue leyendo <span class=\"meta-nav\">&rarr;<\/span><\/a><\/p>\n","protected":false},"author":3,"featured_media":0,"parent":918,"menu_order":6,"comment_status":"closed","ping_status":"closed","template":"","meta":{"footnotes":""},"class_list":["post-942","page","type-page","status-publish","hentry"],"_links":{"self":[{"href":"https:\/\/blogs.up.edu.pe\/nubes\/wp-json\/wp\/v2\/pages\/942","targetHints":{"allow":["GET"]}}],"collection":[{"href":"https:\/\/blogs.up.edu.pe\/nubes\/wp-json\/wp\/v2\/pages"}],"about":[{"href":"https:\/\/blogs.up.edu.pe\/nubes\/wp-json\/wp\/v2\/types\/page"}],"author":[{"embeddable":true,"href":"https:\/\/blogs.up.edu.pe\/nubes\/wp-json\/wp\/v2\/users\/3"}],"replies":[{"embeddable":true,"href":"https:\/\/blogs.up.edu.pe\/nubes\/wp-json\/wp\/v2\/comments?post=942"}],"version-history":[{"count":1,"href":"https:\/\/blogs.up.edu.pe\/nubes\/wp-json\/wp\/v2\/pages\/942\/revisions"}],"predecessor-version":[{"id":943,"href":"https:\/\/blogs.up.edu.pe\/nubes\/wp-json\/wp\/v2\/pages\/942\/revisions\/943"}],"up":[{"embeddable":true,"href":"https:\/\/blogs.up.edu.pe\/nubes\/wp-json\/wp\/v2\/pages\/918"}],"wp:attachment":[{"href":"https:\/\/blogs.up.edu.pe\/nubes\/wp-json\/wp\/v2\/media?parent=942"}],"curies":[{"name":"wp","href":"https:\/\/api.w.org\/{rel}","templated":true}]}}