{"id":938,"date":"2013-07-16T18:05:43","date_gmt":"2013-07-16T18:05:43","guid":{"rendered":"https:\/\/blogs.up.edu.pe\/nubes\/\/?page_id=938"},"modified":"2013-07-16T18:05:43","modified_gmt":"2013-07-16T18:05:43","slug":"ante-la-ley-de-franz-kafka-por-cristina-wong-tsang","status":"publish","type":"page","link":"https:\/\/blogs.up.edu.pe\/nubes\/trabajos\/trabajos-finales-ciclo-de-otono-de-2013\/ante-la-ley-de-franz-kafka-por-cristina-wong-tsang\/","title":{"rendered":"\u201cAnte la ley\u201d de Franz Kafka, por Cristina Wong Tsang"},"content":{"rendered":"<p>Kafka fue el autor que m\u00e1s me agrad\u00f3 leer durante el curso; sin duda el peculiar estilo usado en sus obras y la menci\u00f3n de distintos temas totalmente humanos y sociales captaron bastante mi atenci\u00f3n y lograron hacer de mi lectura una actividad entretenida y gratificante.<\/p>\n<p>En primer lugar, me parecieron realmente interesantes los temas que expresa en sus obras, como la soledad, la frustraci\u00f3n o el sentimiento de angustia y desesperaci\u00f3n del hombre que, as\u00ed como el protagonista experimenta en la obra \u201cAnte la ley\u201d, nosotros por naturaleza humana tambi\u00e9n lo vivimos frecuentemente en nuestra vida cotidiana.<\/p>\n<p>Por ejemplo, en \u201cAnte la ley\u201d se narra el esfuerzo continuo de un hombre para entrar a la Ley y, por ello, pasa a\u00f1os de su vida intentando entrar pero esto nunca sucede. En esta obra podemos reconocer un tema social que a pesar de los a\u00f1os, sigue presente en nuestra sociedad, que es la peque\u00f1ez de las personas cuando desean enfrentarse a las instituciones a pesar de que actualmente vivimos en una casi total democracia y poseemos el derecho de libre expresi\u00f3n y de ser escuchados. En el \u00e1mbito moral, pude reconocer un mensaje acerca del valor de la perseverancia; el protagonista al haber realizado sucesivos intentos sin \u00e9xito alguno, decide rendirse sin haber logrado aquel objetivo tan anhelado. Este hecho, podemos presenciarlo a diario, desde el simple hecho de no atrevernos a concluir una actividad en marcha y rendirnos por los temores, fracasos o riesgos presentes, hasta el hecho de renunciar a nuestros sue\u00f1os o metas por no atrevernos a emprender una acci\u00f3n y luchar continuamente por ella, y es luego cuando sentimos la decepci\u00f3n interna de uno mismo y el sentimiento inquebrantable de arrepentimiento por no haber realizado aquello que tanto dese\u00e1bamos.<\/p>\n<p>Adem\u00e1s, es interesante c\u00f3mo las obras de Kafka de cierta forma reflejan aspectos autobiogr\u00e1ficos. Escribi\u00f3 sobre el desaliento del hombre ante el absurdo del mundo, desaliento que \u00e9l mismo sufri\u00f3 durante su vida. Sus relaciones personales tambi\u00e9n tuvieron impacto en su escritura, tal como pude reconocer en obras que anteriormente hab\u00eda le\u00eddo como: \u201cCarta al padre\u201d, donde expresa ciertos sentimientos de rechazo paterno y de inferioridad, y \u201cCartas a Felice\u201d donde muestra la complicada relaci\u00f3n que vivi\u00f3 con la joven alemana Felice Bauer.<\/p>\n<p>La narraci\u00f3n literaria ir\u00f3nica, con una mezcla de realidad y fantas\u00eda, es un estilo bastante propio que pude identificar en las obras de Kafka. Es interesante c\u00f3mo presenta la eterna situaci\u00f3n de lucha interna del humano por llevar una vida cuyo sentido no comprende, manipulada por el entorno social y manejada por las preocupaciones laborales que generan una vida agitada, apresurada y sin sentido. Este tema pude identificarlo con mayor \u00e9nfasis cuando le\u00ed la obra \u201cLa metamorfosis\u201d, donde a trav\u00e9s de lo absurdo e irreal (la conversi\u00f3n de Gregor Samsa en un insecto) se logra mostrar aspectos de la realidad (la incomprensi\u00f3n del sentido de la vida). Asimismo, me parece interesante el tema que aborda Kafka sobre la indiferencia del entorno social ante las preocupaciones o sufrimiento de una persona, que an\u00e1logamente se puede comparar con la situaci\u00f3n de Samsa cuando, al convertirse repentinamente en un insecto, su familia no logra comprender aquello por lo que est\u00e1 pasando y es insensible a su sufrimiento y desesperaci\u00f3n interna.<\/p>\n<p>En conclusi\u00f3n, Kafka es uno de los autores que por diversos motivos (temas que aborda, caracter\u00edsticas literarias, estructuras de las obras, tipo de lenguaje empleado, etc.) me interes\u00f3 y me agrad\u00f3 m\u00e1s entre los diversos escritores le\u00eddos a lo largo del curso. Asimismo, considero la importancia de valorar su sobresaliente literatura, la cual es considerada como una de las m\u00e1s influyentes en el siglo XX por el destacado uso de temas humanos (sentido de la vida en un mundo percibido como absurdo) y por la aplicaci\u00f3n de un \u201crealismo m\u00e1gico\u201d o introducci\u00f3n de elementos sobrenaturales e irreales de una manera natural y cotidiana, para as\u00ed, a trav\u00e9s de un descripci\u00f3n detallada, poder resaltar caracter\u00edsticas de la realidad de la sociedad moderna, sus incomprensibles complejidades, sus dificultades y los sentimientos propiamente humanos.<\/p>\n","protected":false},"excerpt":{"rendered":"<p>Kafka fue el autor que m\u00e1s me agrad\u00f3 leer durante el curso; sin duda el peculiar estilo usado en sus obras y la menci\u00f3n de distintos temas totalmente humanos y sociales captaron bastante mi atenci\u00f3n y lograron hacer de mi &hellip; <a href=\"https:\/\/blogs.up.edu.pe\/nubes\/trabajos\/trabajos-finales-ciclo-de-otono-de-2013\/ante-la-ley-de-franz-kafka-por-cristina-wong-tsang\/\">Sigue leyendo <span class=\"meta-nav\">&rarr;<\/span><\/a><\/p>\n","protected":false},"author":3,"featured_media":0,"parent":918,"menu_order":5,"comment_status":"closed","ping_status":"closed","template":"","meta":{"footnotes":""},"class_list":["post-938","page","type-page","status-publish","hentry"],"_links":{"self":[{"href":"https:\/\/blogs.up.edu.pe\/nubes\/wp-json\/wp\/v2\/pages\/938","targetHints":{"allow":["GET"]}}],"collection":[{"href":"https:\/\/blogs.up.edu.pe\/nubes\/wp-json\/wp\/v2\/pages"}],"about":[{"href":"https:\/\/blogs.up.edu.pe\/nubes\/wp-json\/wp\/v2\/types\/page"}],"author":[{"embeddable":true,"href":"https:\/\/blogs.up.edu.pe\/nubes\/wp-json\/wp\/v2\/users\/3"}],"replies":[{"embeddable":true,"href":"https:\/\/blogs.up.edu.pe\/nubes\/wp-json\/wp\/v2\/comments?post=938"}],"version-history":[{"count":2,"href":"https:\/\/blogs.up.edu.pe\/nubes\/wp-json\/wp\/v2\/pages\/938\/revisions"}],"predecessor-version":[{"id":941,"href":"https:\/\/blogs.up.edu.pe\/nubes\/wp-json\/wp\/v2\/pages\/938\/revisions\/941"}],"up":[{"embeddable":true,"href":"https:\/\/blogs.up.edu.pe\/nubes\/wp-json\/wp\/v2\/pages\/918"}],"wp:attachment":[{"href":"https:\/\/blogs.up.edu.pe\/nubes\/wp-json\/wp\/v2\/media?parent=938"}],"curies":[{"name":"wp","href":"https:\/\/api.w.org\/{rel}","templated":true}]}}