{"id":934,"date":"2013-07-16T17:59:54","date_gmt":"2013-07-16T17:59:54","guid":{"rendered":"https:\/\/blogs.up.edu.pe\/nubes\/\/?page_id=934"},"modified":"2013-07-16T17:59:54","modified_gmt":"2013-07-16T17:59:54","slug":"la-autopista-del-sur-de-julio-cortazar-por-erika-persico","status":"publish","type":"page","link":"https:\/\/blogs.up.edu.pe\/nubes\/trabajos\/trabajos-finales-ciclo-de-otono-de-2013\/la-autopista-del-sur-de-julio-cortazar-por-erika-persico\/","title":{"rendered":"\u201cLa autopista del Sur\u201d de Julio Cort\u00e1zar, por Erika P\u00e9rsico"},"content":{"rendered":"<p>Julio Cort\u00e1zar (1914-1984) fue un escritor argentino que naci\u00f3 en B\u00e9lgica y luego se nacionaliz\u00f3 franc\u00e9s. Su nombre est\u00e1 asociado al <i>boom<\/i> latinoamericano, siendo considerado un autor bastante innovador y original para su \u00e9poca. Si bien la mayor parte de sus obras son libros de cuentos, tambi\u00e9n escribi\u00f3 novelas.<\/p>\n<p>En el presente ensayo busco profundizar un poco en el cuento que le\u00edmos durante el ciclo \u201cLa autopista del sur\u201d, el primero de su colecci\u00f3n <i>Todos los fuegos el fuego<\/i>. En cuanto a la t\u00e9cnica narrativa, Cort\u00e1zar utiliz\u00f3 un narrador que no pertenec\u00eda a los personajes, lo cual ayud\u00f3 a describir a detalle muchos aspectos del contexto y los personajes, facilitando el entendimiento.<\/p>\n<p>Realmente me impact\u00f3 este cuento, ya que adem\u00e1s de contar con un lenguaje bastante claro y f\u00e1cil de entender, me mantuvo durante toda la lectura bastante enganchada, debido a que probablemente el escenario no es tan lejano a la realidad, sino por el contrario, es algo bastante cotidiano, que tal vez podr\u00eda ocurrir en alg\u00fan momento, sobre todo teniendo en cuenta que en el pa\u00eds por ejemplo; suelen ocurrir paros a menudo e incluso se han visto casos de estar cerradas las carreteras por varios d\u00edas, manteniendo de igual modo que el cuento de Cort\u00e1zar, a las personas detenidas en la carretera.<\/p>\n<p>\u201cLa autopista del Sur\u201d narra una historia que comienza en un embotellamiento en una autopista hacia Par\u00eds, donde cada uno de los personajes muestra diferentes facetas y diferentes formas de asumir la realidad. Otro aspecto que me pareci\u00f3 sumamente interesante de la historia es c\u00f3mo durante la narraci\u00f3n no habla en ning\u00fan momento de nombres de personajes, la referencia a estos es mediante las marcas de sus autos.<\/p>\n<p>En este embotellamiento se logra apreciar c\u00f3mo al no poder solucionar el problema y hacer que los autos avancen, las personas logran organizarse como en un estilo de comunidad, eligiendo a uno de ellos que ayude liderando, distribuyendo los recursos con los que contaban y viendo c\u00f3mo se pod\u00edan conseguir m\u00e1s de estos, como agua y alimentos, que eran los m\u00e1s cr\u00edticos. A pesar de la situaci\u00f3n, se puede observar c\u00f3mo entre las personas se empiezan a tejer lazos y se forman alianzas de trabajo en equipo para poder sobrellevar este incidente. Se pueden observar diversos sucesos que logran realmente enganchar al lector como: conflictos entre las personas, romance, desacuerdos, muerte, suicidio, comercio, entre otros; lo que puede reflejar las diversas maneras de reaccionar ante situaciones dif\u00edciles. Esto sucede en la vida real, todos tenemos un mecanismo de respuesta diferente ante sucesos de presi\u00f3n o cr\u00edticos.<\/p>\n<p>Finalizando la historia, el embotellamiento se logra solucionar y todos los personajes vuelven a sus casas y a sus rutinas cotidianas, poniendo fin a los lazos que lograron crear y siguiendo cada uno con su vida como si no hubiese sucedido nunca tal embotellamiento.<\/p>\n<p>Considero que uno de los mensajes que se puede rescatar de la lectura es c\u00f3mo la vida de estas personas cambia a ra\u00edz de la llegada a la ciudad, c\u00f3mo es que cuando dej\u00f3 de existir eso que los un\u00eda (el embotellamiento), todos perdieron contacto y deshicieron los lazos que hab\u00edan logrado establecer en este tiempo.<\/p>\n<p>Por \u00faltimo, probablemente uno de los aspectos que m\u00e1s me llamo la atenci\u00f3n fue que este texto puede ser f\u00e1cilmente adaptado a la realidad, ya que el hombre muchas veces se preocupa en crear lazos y luego mediante alg\u00fan cambio, en lugar de ver de qu\u00e9 manera puede hacer para seguir manteni\u00e9ndolos, simplemente opta por la indiferencia, y c\u00f3mo parte de la rutina del d\u00eda a d\u00eda favorece muchas veces este deterioro. Como un claro ejemplo de esto se puede ver c\u00f3mo usualmente en los trabajos las personas suelen entretejer relaciones amicales que, como se ven todos los d\u00edas y pr\u00e1cticamente conviven durante ocho horas, son f\u00e1ciles de llevar, pero cuando hay alg\u00fan cambio de trabajo o de \u00e1rea, suelen deteriorarse debido a que al cambiar tu rutina ya no tienes tiempo. Muchas veces, \u00e9stas que en alg\u00fan momento fueron lindas amistades, incluso equipos de trabajo, no vuelven a retomar contacto entre ellas, al igual que en el caso de este cuento. Esto es lo m\u00e1s interesante, que probablemente cuando uno lee el cuento, piensa en c\u00f3mo estas personas pueden tomar cada una sus caminos, como si no hubiese pasado nada, tirando por la borda todo ese tiempo compartido; pero probablemente no piensan en c\u00f3mo en alg\u00fan momento en nuestras vidas, todos hemos pasado por eso, dejando de lado amistades que fueron importantes. La vida tan agitada que se tiene actualmente logra que uno priorice las relaciones m\u00e1s importantes, dejando de lado algunas tambi\u00e9n valiosas.<\/p>\n","protected":false},"excerpt":{"rendered":"<p>Julio Cort\u00e1zar (1914-1984) fue un escritor argentino que naci\u00f3 en B\u00e9lgica y luego se nacionaliz\u00f3 franc\u00e9s. Su nombre est\u00e1 asociado al boom latinoamericano, siendo considerado un autor bastante innovador y original para su \u00e9poca. Si bien la mayor parte de &hellip; <a href=\"https:\/\/blogs.up.edu.pe\/nubes\/trabajos\/trabajos-finales-ciclo-de-otono-de-2013\/la-autopista-del-sur-de-julio-cortazar-por-erika-persico\/\">Sigue leyendo <span class=\"meta-nav\">&rarr;<\/span><\/a><\/p>\n","protected":false},"author":3,"featured_media":0,"parent":918,"menu_order":4,"comment_status":"closed","ping_status":"closed","template":"","meta":{"footnotes":""},"class_list":["post-934","page","type-page","status-publish","hentry"],"_links":{"self":[{"href":"https:\/\/blogs.up.edu.pe\/nubes\/wp-json\/wp\/v2\/pages\/934","targetHints":{"allow":["GET"]}}],"collection":[{"href":"https:\/\/blogs.up.edu.pe\/nubes\/wp-json\/wp\/v2\/pages"}],"about":[{"href":"https:\/\/blogs.up.edu.pe\/nubes\/wp-json\/wp\/v2\/types\/page"}],"author":[{"embeddable":true,"href":"https:\/\/blogs.up.edu.pe\/nubes\/wp-json\/wp\/v2\/users\/3"}],"replies":[{"embeddable":true,"href":"https:\/\/blogs.up.edu.pe\/nubes\/wp-json\/wp\/v2\/comments?post=934"}],"version-history":[{"count":2,"href":"https:\/\/blogs.up.edu.pe\/nubes\/wp-json\/wp\/v2\/pages\/934\/revisions"}],"predecessor-version":[{"id":937,"href":"https:\/\/blogs.up.edu.pe\/nubes\/wp-json\/wp\/v2\/pages\/934\/revisions\/937"}],"up":[{"embeddable":true,"href":"https:\/\/blogs.up.edu.pe\/nubes\/wp-json\/wp\/v2\/pages\/918"}],"wp:attachment":[{"href":"https:\/\/blogs.up.edu.pe\/nubes\/wp-json\/wp\/v2\/media?parent=934"}],"curies":[{"name":"wp","href":"https:\/\/api.w.org\/{rel}","templated":true}]}}