{"id":930,"date":"2013-07-16T17:55:29","date_gmt":"2013-07-16T17:55:29","guid":{"rendered":"https:\/\/blogs.up.edu.pe\/nubes\/\/?page_id=930"},"modified":"2013-07-16T17:55:29","modified_gmt":"2013-07-16T17:55:29","slug":"maupassant-resena-de-una-vida-lujos-y-locura-por-alvaro-antonio-palma-cuba","status":"publish","type":"page","link":"https:\/\/blogs.up.edu.pe\/nubes\/trabajos\/trabajos-finales-ciclo-de-otono-de-2013\/maupassant-resena-de-una-vida-lujos-y-locura-por-alvaro-antonio-palma-cuba\/","title":{"rendered":"Maupassant: rese\u00f1a de una vida; lujos y locura, por \u00c1lvaro Antonio Palma Cuba"},"content":{"rendered":"<p>Henry Ren\u00e9 Albert Guy de Maupassant fue un famoso escritor franc\u00e9s, especialista en cuentos, nacido en 1850. En el club de lectura virtual, pudimos disfrutar de su relato titulado \u201cUna vendetta\u201d.<\/p>\n<p>La infancia de Guy se desarrolla en un ambiente familiar violento, que luego termina en la separaci\u00f3n de sus padres. Se dice que su madre siempre luch\u00f3 por el futuro de Guy, m\u00e1s no de su hijo menor el cual finalmente morir\u00eda en un centro psiqui\u00e1trico, en premonici\u00f3n de lo que luego le pasar\u00eda a Guy. Esta etapa marca su vida sin lugar a dudas. Maupassant vivi\u00f3 una juventud plenamente marcada por la influencia de su denominado maestro y amigo, Gustave Flaubert, famoso autor de <i>Madame Bovary<\/i><\/p>\n<p>Maupassant es reconocido por sus relatos de corte fuertemente realista y destacado por sus cuentos de terror, campo en el cual es considerado un maestro a la altura de Edgar Allan Poe. Estos relatos de terror y realismo, est\u00e1n caracterizados por un estilo \u00e1gil, lleno de drama y suspenso, con muchos signos de exclamaci\u00f3n y preguntas, con grandes cuotas de t\u00f3picos sobrenaturales tales como la muerte y la locura, llev\u00e1ndolo en algunos tiempos al campo del horror.<\/p>\n<p>Muchos cuentistas y escritores de la \u00e9poca marcaban a Maupassant como desequilibrado mentalmente, con adjetivos tales como \u201cmente enferma\u201d o \u201calma enferma\u201d. Sin embargo, muchos otros afirman que era una mente brillante capaz de escribir con total lucidez e inteligencia acerca de temas importantes de su \u00e9poca como literatura, pol\u00edtica y sociedad.<\/p>\n<p>El \u00e9xito en sus obras le permiti\u00f3 no solo vivir de la pluma, sino tambi\u00e9n realizar sus sue\u00f1os: el lujo, el placer amatorio, viajes solitarios en su yate, el ingreso en sociedades de Cannes y Par\u00eds, donde se gana fama de mujeriego y seductor, temas de los cuales Guy escribir\u00eda tambi\u00e9n.<\/p>\n<p>Como vemos, Maupassant pasa de una infancia llena de violencia, a una adolescencia llena de aprendizajes con maestros altamente laureados, hasta finalmente convertirse en un famoso escritor, con una vida altamente lujuriosa y fina.<\/p>\n<p>Al final de su carrera, muchos de sus cuentos se encuentran inspirados y basados en la idea fija de la muerte, espec\u00edficamente en el suicidio, obsesi\u00f3n de seres invisibles y la angustia. Adem\u00e1s, hac\u00eda referencia al pesimismo acerca del mundo futuro del hombre. Esto conllev\u00f3 a su confinamiento en solitario en sus \u00faltimos a\u00f1os de vida, arrastr\u00e1ndolo a una soledad hostil hacia los dem\u00e1s y termin\u00f3 inmerso en su propio mundo de fantas\u00eda. En esta \u00e9poca de su vida escribi\u00f3 otro gran \u00e9xito como fue \u201cEl miedo\u201d, en el cual expresaba su soledad y muestras progresivas de una locura creciente, aunque tambi\u00e9n daba muestras de su total ingenio en el mundo del cuento fant\u00e1stico.<\/p>\n<p>En 1892, intent\u00f3 suicidarse en diversas ocasiones. Tras esto es llevado a una cl\u00ednica mental donde pas\u00f3 sus \u00faltimos d\u00edas casi dormido, aunque con arranques de delirio acerca de su vida, de grandeza y de persecuci\u00f3n. Finalmente, muri\u00f3 en 1893 de una par\u00e1lisis general a sus 43 a\u00f1os de edad.<\/p>\n<p>Maupassant fue un genio en el campo de los cuentos de terror y absurdo, tanto como en el realismo y el apego a lo humano, como vimos en \u201cUna vendetta\u201d con una descripci\u00f3n tan cruda y real que nos hace pensar que estamos presentes, que vivimos de una lectura, que somos el protagonista y el protagonista es uno.<\/p>\n<p>Su gran \u00e9xito pudo estar basado en su propia experiencia en la vida real, donde vivi\u00f3 en todo tipo de ambientes, desde una familia disfuncional, la educaci\u00f3n, la vida lujuriosa. Todo esto le otorg\u00f3 grandes temas acerca de los cuales escribir. Sin embargo, Maupassant vivi\u00f3 vac\u00edo por dentro, solitario. Nadie puede entender, con exactitud, la naturaleza humana; esta soledad conllev\u00f3 a la locura, pero muy pocos se pueden jactar de vivir una vida tan interesante, as\u00ed que, como \u00e9l, pocos.<\/p>\n","protected":false},"excerpt":{"rendered":"<p>Henry Ren\u00e9 Albert Guy de Maupassant fue un famoso escritor franc\u00e9s, especialista en cuentos, nacido en 1850. En el club de lectura virtual, pudimos disfrutar de su relato titulado \u201cUna vendetta\u201d. La infancia de Guy se desarrolla en un ambiente &hellip; <a href=\"https:\/\/blogs.up.edu.pe\/nubes\/trabajos\/trabajos-finales-ciclo-de-otono-de-2013\/maupassant-resena-de-una-vida-lujos-y-locura-por-alvaro-antonio-palma-cuba\/\">Sigue leyendo <span class=\"meta-nav\">&rarr;<\/span><\/a><\/p>\n","protected":false},"author":3,"featured_media":0,"parent":918,"menu_order":3,"comment_status":"closed","ping_status":"closed","template":"","meta":{"footnotes":""},"class_list":["post-930","page","type-page","status-publish","hentry"],"_links":{"self":[{"href":"https:\/\/blogs.up.edu.pe\/nubes\/wp-json\/wp\/v2\/pages\/930","targetHints":{"allow":["GET"]}}],"collection":[{"href":"https:\/\/blogs.up.edu.pe\/nubes\/wp-json\/wp\/v2\/pages"}],"about":[{"href":"https:\/\/blogs.up.edu.pe\/nubes\/wp-json\/wp\/v2\/types\/page"}],"author":[{"embeddable":true,"href":"https:\/\/blogs.up.edu.pe\/nubes\/wp-json\/wp\/v2\/users\/3"}],"replies":[{"embeddable":true,"href":"https:\/\/blogs.up.edu.pe\/nubes\/wp-json\/wp\/v2\/comments?post=930"}],"version-history":[{"count":2,"href":"https:\/\/blogs.up.edu.pe\/nubes\/wp-json\/wp\/v2\/pages\/930\/revisions"}],"predecessor-version":[{"id":933,"href":"https:\/\/blogs.up.edu.pe\/nubes\/wp-json\/wp\/v2\/pages\/930\/revisions\/933"}],"up":[{"embeddable":true,"href":"https:\/\/blogs.up.edu.pe\/nubes\/wp-json\/wp\/v2\/pages\/918"}],"wp:attachment":[{"href":"https:\/\/blogs.up.edu.pe\/nubes\/wp-json\/wp\/v2\/media?parent=930"}],"curies":[{"name":"wp","href":"https:\/\/api.w.org\/{rel}","templated":true}]}}