{"id":921,"date":"2013-07-16T17:34:17","date_gmt":"2013-07-16T17:34:17","guid":{"rendered":"https:\/\/blogs.up.edu.pe\/nubes\/\/?page_id=921"},"modified":"2013-07-16T17:34:17","modified_gmt":"2013-07-16T17:34:17","slug":"un-extrano-paraiso-de-phillip-k-dick-por-daniel-antonio-del-campo-ore","status":"publish","type":"page","link":"https:\/\/blogs.up.edu.pe\/nubes\/trabajos\/trabajos-finales-ciclo-de-otono-de-2013\/un-extrano-paraiso-de-phillip-k-dick-por-daniel-antonio-del-campo-ore\/","title":{"rendered":"\u201cUn extra\u00f1o para\u00edso\u201d de Phillip K. Dick, por Daniel Antonio del Campo Or\u00e9"},"content":{"rendered":"<p>Eleg\u00ed el cuento \u201cUn extra\u00f1o para\u00edso\u201d de Phillip K. Dick porque me parece una historia interesante de ficci\u00f3n que trata sobre la existencia de los dioses y otras civilizaciones, temas sobre los cuales no se tiene una explicaci\u00f3n incuestionable en la actualidad. Estos temas dan pie a una gran cantidad de posibilidades y especulaciones sobre la real existencia de dioses y civilizaciones. El autor presenta, en base a la ciencia ficci\u00f3n, un planteamiento bastante atractivo que permite analizar posibilidades sobre nuestro universo a trav\u00e9s de su imaginaci\u00f3n.<\/p>\n<p>Dentro de los temas tratados en el cuento corto \u201cUn extra\u00f1o para\u00edso\u201d, hay dos que me parecieron especialmente interesantes:<\/p>\n<p>1. La interpretaci\u00f3n de que en realidad los dioses adorados no son criaturas divinas, tan solo seres con millones de a\u00f1os de evoluci\u00f3n m\u00e1s que la humanidad.<\/p>\n<p>La mujer, un ser m\u00e1s evolucionado, revela a los protagonistas que su raza ha visitado la Tierra a trav\u00e9s de todo el transcurso de su historia y ha servido como inspiraci\u00f3n para los antiguos dioses y deidades. Esto implica que en realidad las religiones basadas en criaturas divinas y sobrenaturales \u00fanicamente tratan de razas m\u00e1s evolucionadas. Lo que las personas est\u00e1n asociando con magia o lo divino es probablemente la evoluci\u00f3n y una ciencia m\u00e1s avanzada, quitando la idealizaci\u00f3n de que existen poderes divinos y asentando que todo se debe al desarrollo de la evoluci\u00f3n.<\/p>\n<p>Esta interpretaci\u00f3n deja cabos sueltos sobre la creaci\u00f3n del universo, pero s\u00ed da a entender que la adoraci\u00f3n de dioses propuesta en las religiones est\u00e1 cimentada sobre falsos ideales, \u201cel llamar como divino a lo que no es entendido\u201d.<\/p>\n<p>Su raza avanza por un sendero muy extra\u00f1o. Quiz\u00e1 nos fuera \u00fatil estudiarles, alg\u00fan d\u00eda\u201d. Esta frase da entender que la raza evolucionada mira a la humanidad como una especie interesante para observar, monitoreando su comportamiento y tratando de entender su forma de interactuar. Act\u00faan como si fueran un ente externo que vigila los movimientos de la humanidad, algo as\u00ed como los dioses que miran desde el cielo lo que ocurre en la Tierra, pero no intervienen directamente en las actividades que realizan los humanos (o por lo menos sin que se den cuenta en la Tierra).<\/p>\n<p>2. El deseo del hombre y su transformaci\u00f3n en un animal.<\/p>\n<p>Otro tema interesante tratado en la historia es el deseo del ser humano. En la historia se presenta en el personaje de Brent, un soldado bastante terco, el cual act\u00faa sin pensar en las repercusiones de sus actos. Por otro lado est\u00e1 la figura del capit\u00e1n, que es m\u00e1s precavido y reflexivo sobre la situaci\u00f3n de encontrarse en un lugar desconocido. El soldado Brent se podr\u00eda decir que act\u00faa de manera muy instintiva y es bastante aventurero. El no pensar de manera racional sobre los peligros y no hacer caso a las advertencias que le estaba dando la mujer de raza m\u00e1s evolucionada le cost\u00f3 la transformaci\u00f3n. A pesar de que le hab\u00edan dicho previamente que si tomaba contacto con ella se iba transformar en algo, este no le dio importancia; cegado por el deseo, opt\u00f3 por ir en contra de las advertencias, una predominancia de lo animal sobre lo racional. Al tener contacto con la mujer, se podr\u00eda decir que Brent evolucion\u00f3 de una manera acelerada hacia otra especie, en este caso un le\u00f3n. Se podr\u00eda entender que esta evoluci\u00f3n hacia una animal instintivo que no reflexiona y se ve cegado por sus instintos est\u00e1 m\u00e1s relacionada con un animal como un le\u00f3n, que con un ser reflexivo que eval\u00faa la situaci\u00f3n antes de tomar decisiones. Esta \u201cevoluci\u00f3n acelerada\u201d hacia lo que se convirti\u00f3 Brent iba m\u00e1s acorde con su manera de actuar: un animal irracional que act\u00faa de manera instintiva sin reflexionar.<\/p>\n<p>La mujer evolucionada dijo la siguiente frase al capit\u00e1n \u201cEs curioso lo id\u00e9nticos que llegan a ser los humanos. Su raza avanza por un sendero muy extra\u00f1o\u201d&#8230; \u201cDebe estar relacionado con su pobre nivel est\u00e9tico. Por lo visto, poseen una vulgaridad innata que acabar\u00e1 por dominarles\u201d.<\/p>\n<p>El \u201cpobre nivel est\u00e9tico\u201d se entiende como lo que la humanidad valora como atractivo o importante, la ambici\u00f3n y los deseos de la raza humana son desmedidos y no toman en consideraci\u00f3n las consecuencias de sus actos. Esto se puede ver en la forma en que explotan los recursos. Lo que ocurre finalmente es que la raza humana es dominada por sus ambiciones desmedidas sin reflexi\u00f3n, como un animal primitivo.<\/p>\n","protected":false},"excerpt":{"rendered":"<p>Eleg\u00ed el cuento \u201cUn extra\u00f1o para\u00edso\u201d de Phillip K. Dick porque me parece una historia interesante de ficci\u00f3n que trata sobre la existencia de los dioses y otras civilizaciones, temas sobre los cuales no se tiene una explicaci\u00f3n incuestionable en &hellip; <a href=\"https:\/\/blogs.up.edu.pe\/nubes\/trabajos\/trabajos-finales-ciclo-de-otono-de-2013\/un-extrano-paraiso-de-phillip-k-dick-por-daniel-antonio-del-campo-ore\/\">Sigue leyendo <span class=\"meta-nav\">&rarr;<\/span><\/a><\/p>\n","protected":false},"author":3,"featured_media":0,"parent":918,"menu_order":1,"comment_status":"closed","ping_status":"closed","template":"","meta":{"footnotes":""},"class_list":["post-921","page","type-page","status-publish","hentry"],"_links":{"self":[{"href":"https:\/\/blogs.up.edu.pe\/nubes\/wp-json\/wp\/v2\/pages\/921","targetHints":{"allow":["GET"]}}],"collection":[{"href":"https:\/\/blogs.up.edu.pe\/nubes\/wp-json\/wp\/v2\/pages"}],"about":[{"href":"https:\/\/blogs.up.edu.pe\/nubes\/wp-json\/wp\/v2\/types\/page"}],"author":[{"embeddable":true,"href":"https:\/\/blogs.up.edu.pe\/nubes\/wp-json\/wp\/v2\/users\/3"}],"replies":[{"embeddable":true,"href":"https:\/\/blogs.up.edu.pe\/nubes\/wp-json\/wp\/v2\/comments?post=921"}],"version-history":[{"count":2,"href":"https:\/\/blogs.up.edu.pe\/nubes\/wp-json\/wp\/v2\/pages\/921\/revisions"}],"predecessor-version":[{"id":924,"href":"https:\/\/blogs.up.edu.pe\/nubes\/wp-json\/wp\/v2\/pages\/921\/revisions\/924"}],"up":[{"embeddable":true,"href":"https:\/\/blogs.up.edu.pe\/nubes\/wp-json\/wp\/v2\/pages\/918"}],"wp:attachment":[{"href":"https:\/\/blogs.up.edu.pe\/nubes\/wp-json\/wp\/v2\/media?parent=921"}],"curies":[{"name":"wp","href":"https:\/\/api.w.org\/{rel}","templated":true}]}}