{"id":918,"date":"2013-07-16T17:29:10","date_gmt":"2013-07-16T17:29:10","guid":{"rendered":"https:\/\/blogs.up.edu.pe\/nubes\/\/?page_id=918"},"modified":"2014-07-30T23:57:01","modified_gmt":"2014-07-30T23:57:01","slug":"trabajos-finales-ciclo-de-otono-de-2013","status":"publish","type":"page","link":"https:\/\/blogs.up.edu.pe\/nubes\/trabajos\/trabajos-finales-ciclo-de-otono-de-2013\/","title":{"rendered":"Trabajos finales 2013-oto\u00f1o"},"content":{"rendered":"<p>Lista de los ensayos finales de los participantes en el ciclo de oto\u00f1o 2013:<\/p>\n<ul>\n<li><a title=\"\u201cUn extra\u00f1o para\u00edso\u201d de Phillip K. Dick, por Daniel Antonio del Campo Or\u00e9\" href=\"https:\/\/blogs.up.edu.pe\/nubes\/\/trabajos\/trabajos-finales-ciclo-de-otono-de-2013\/un-extrano-paraiso-de-phillip-k-dick-por-daniel-antonio-del-campo-ore\/\"><strong>\u201cUn extra\u00f1o para\u00edso\u201d de Phillip K. Dick<\/strong>, por Daniel Antonio del Campo Or\u00e9<\/a><\/li>\n<li><a title=\"\u201cLos r\u00edos profundos\u201d de Jos\u00e9 Mar\u00eda Arguedas, por Mario Garc\u00eda Jord\u00e1n\" href=\"https:\/\/blogs.up.edu.pe\/nubes\/\/trabajos\/trabajos-finales-ciclo-de-otono-de-2013\/los-rios-profundos-de-jose-maria-arguedas-por-mario-garcia-jordan\/\"><strong>\u00abLos r\u00edos profundos\u00bb de Jos\u00e9 Mar\u00eda Arguedas<\/strong>, por Mario Garc\u00eda Jord\u00e1n<\/a><\/li>\n<li><a title=\"Maupassant: rese\u00f1a de una vida; lujos y locura, por \u00c1lvaro Antonio Palma Cuba\" href=\"https:\/\/blogs.up.edu.pe\/nubes\/\/trabajos\/trabajos-finales-ciclo-de-otono-de-2013\/maupassant-resena-de-una-vida-lujos-y-locura-por-alvaro-antonio-palma-cuba\/\"><strong>Maupassant: rese\u00f1a de una vida; lujos y locura<\/strong>, por \u00c1lvaro Antonio Palma Cuba<\/a><\/li>\n<li><a title=\"\u201cLa autopista del Sur\u201d de Julio Cort\u00e1zar, por Erika P\u00e9rsico\" href=\"https:\/\/blogs.up.edu.pe\/nubes\/\/trabajos\/trabajos-finales-ciclo-de-otono-de-2013\/la-autopista-del-sur-de-julio-cortazar-por-erika-persico\/\"><strong>\u201cLa autopista del Sur\u201d de Julio Cort\u00e1zar<\/strong>, por Erika P\u00e9rsico<\/a><\/li>\n<li><a title=\"\u201cAnte la ley\u201d de Franz Kafka, por Cristina Wong Tsang\" href=\"https:\/\/blogs.up.edu.pe\/nubes\/\/trabajos\/trabajos-finales-ciclo-de-otono-de-2013\/ante-la-ley-de-franz-kafka-por-cristina-wong-tsang\/\"><strong>\u201cAnte la ley\u201d de Franz Kafka<\/strong>, por Cristina Wong Tsang<\/a><\/li>\n<li><a title=\"El gran Gabriel Garc\u00eda M\u00e1rquez y su obra \u201cUn d\u00eda de estos\u201d, por Elizabeth Luc\u00eda Guerrero\" href=\"https:\/\/blogs.up.edu.pe\/nubes\/\/trabajos\/trabajos-finales-ciclo-de-otono-de-2013\/el-gran-gabriel-garcia-marquez-y-su-obra-un-dia-de-estos-por-elizabeth-lucia-guerrero\/\"><strong>El gran Gabriel Garc\u00eda M\u00e1rquez y su obra \u201cUn d\u00eda de estos\u201d<\/strong>, por Elizabeth Luc\u00eda Guerrero<\/a><\/li>\n<li><a title=\"An\u00e1lisis de \u201cLa autopista del sur\u201d de Julio Cort\u00e1zar, por Milagros Wong Tsang\" href=\"https:\/\/blogs.up.edu.pe\/nubes\/\/trabajos\/trabajos-finales-ciclo-de-otono-de-2013\/analisis-de-la-autopista-del-sur-de-julio-cortazar-por-milagros-wong-tsang\/\"><strong>An\u00e1lisis de \u201cLa autopista del sur\u201d de Julio Cort\u00e1zar<\/strong>, por Milagros Wong Tsang<\/a><\/li>\n<li><a title=\"\u201cUn d\u00eda de estos\u201d de Gabriel Garc\u00eda M\u00e1rquez, por Ximena Espinosa Seoane\" href=\"https:\/\/blogs.up.edu.pe\/nubes\/\/trabajos\/trabajos-finales-ciclo-de-otono-de-2013\/un-dia-de-estos-de-gabriel-garcia-marquez-por-ximena-espinosa-seoane\/\"><strong>\u201cUn d\u00eda de estos\u201d de Gabriel Garc\u00eda M\u00e1rquez<\/strong>, por Ximena Espinosa Seoane<\/a><\/li>\n<li><a title=\"An\u00e1lisis de \u201cD\u00eda domingo\u201d de Mario Vargas Llosa, por Tal\u00eda Quijano M.\" href=\"https:\/\/blogs.up.edu.pe\/nubes\/\/trabajos\/trabajos-finales-ciclo-de-otono-de-2013\/analisis-de-dia-domingo-de-mario-vargas-llosa-por-talia-quijano-m\/\"><strong>An\u00e1lisis de \u201cD\u00eda domingo\u201d de Mario Vargas Llosa<\/strong>, por Tal\u00eda Quijano M.<\/a><\/li>\n<li><a title=\"Edgard A. Poe: vida y obra de tragedia y misterio, por Jos\u00e9 Alonso Ponce Secada\" href=\"https:\/\/blogs.up.edu.pe\/nubes\/\/trabajos\/trabajos-finales-ciclo-de-otono-de-2013\/edgard-a-poe-vida-y-obra-de-tragedia-y-misterio-por-jose-alonso-ponce-secada\/\"><strong>Edgard A. Poe: vida y obra de tragedia y misterio<\/strong>, por Jos\u00e9 Alonso Ponce Secada<\/a><\/li>\n<li><a title=\"\u201cDiarios de las estrellas\u201d de Stanislaw Lem, por Gonzalo Balladares\" href=\"https:\/\/blogs.up.edu.pe\/nubes\/\/trabajos\/trabajos-finales-ciclo-de-otono-de-2013\/diarios-de-las-estrellas-de-stanislaw-lem-por-gonzalo-balladares\/\"><strong>\u00abDiarios de las estrellas\u00bb de Stanislaw Lem<\/strong>, por Gonzalo Balladares<\/a><\/li>\n<li><a title=\"\u201cLos huaqueros\u201d de Julio Ram\u00f3n Ribeyro, por Pamela Herrera\" href=\"https:\/\/blogs.up.edu.pe\/nubes\/\/trabajos\/trabajos-finales-ciclo-de-otono-de-2013\/los-huaqueros-de-julio-ramon-ribeyro-por-pamela-herrera\/\"><strong>\u201cLos huaqueros\u201d de Julio Ram\u00f3n Ribeyro<\/strong>, por Pamela Herrera<\/a><\/li>\n<li><a title=\"Edgar Allan Poe y \u201cEl coraz\u00f3n delator\u201d, por Rodrigo Christiansen\" href=\"https:\/\/blogs.up.edu.pe\/nubes\/\/trabajos\/trabajos-finales-ciclo-de-otono-de-2013\/edgar-allan-poe-y-el-corazon-delator-por-rodrigo-christiansen\/\"><strong>Edgar Allan Poe y \u201cEl coraz\u00f3n delator\u201d<\/strong>, por Rodrigo Christiansen<\/a><\/li>\n<li><a title=\"\u201cLa declaraci\u00f3n de Randolph Carter\u201d de H. P. Lovecraft, por V\u00edctor Ricardo Quispe De la Cruz\" href=\"https:\/\/blogs.up.edu.pe\/nubes\/\/trabajos\/trabajos-finales-ciclo-de-otono-de-2013\/la-declaracion-de-randolph-carter-de-h-p-lovecraft-por-victor-ricardo-quispe-de-la-cruz\/\"><strong>\u201cLa declaraci\u00f3n de Randolph Carter\u201d de H. P. Lovecraft<\/strong>, por V\u00edctor Ricardo Quispe De la Cruz<\/a><\/li>\n<\/ul>\n","protected":false},"excerpt":{"rendered":"<p>Lista de los ensayos finales de los participantes en el ciclo de oto\u00f1o 2013: \u201cUn extra\u00f1o para\u00edso\u201d de Phillip K. Dick, por Daniel Antonio del Campo Or\u00e9 \u00abLos r\u00edos profundos\u00bb de Jos\u00e9 Mar\u00eda Arguedas, por Mario Garc\u00eda Jord\u00e1n Maupassant: rese\u00f1a &hellip; <a href=\"https:\/\/blogs.up.edu.pe\/nubes\/trabajos\/trabajos-finales-ciclo-de-otono-de-2013\/\">Sigue leyendo <span class=\"meta-nav\">&rarr;<\/span><\/a><\/p>\n","protected":false},"author":3,"featured_media":0,"parent":256,"menu_order":4,"comment_status":"closed","ping_status":"closed","template":"","meta":{"footnotes":""},"class_list":["post-918","page","type-page","status-publish","hentry"],"_links":{"self":[{"href":"https:\/\/blogs.up.edu.pe\/nubes\/wp-json\/wp\/v2\/pages\/918","targetHints":{"allow":["GET"]}}],"collection":[{"href":"https:\/\/blogs.up.edu.pe\/nubes\/wp-json\/wp\/v2\/pages"}],"about":[{"href":"https:\/\/blogs.up.edu.pe\/nubes\/wp-json\/wp\/v2\/types\/page"}],"author":[{"embeddable":true,"href":"https:\/\/blogs.up.edu.pe\/nubes\/wp-json\/wp\/v2\/users\/3"}],"replies":[{"embeddable":true,"href":"https:\/\/blogs.up.edu.pe\/nubes\/wp-json\/wp\/v2\/comments?post=918"}],"version-history":[{"count":20,"href":"https:\/\/blogs.up.edu.pe\/nubes\/wp-json\/wp\/v2\/pages\/918\/revisions"}],"predecessor-version":[{"id":922,"href":"https:\/\/blogs.up.edu.pe\/nubes\/wp-json\/wp\/v2\/pages\/918\/revisions\/922"}],"up":[{"embeddable":true,"href":"https:\/\/blogs.up.edu.pe\/nubes\/wp-json\/wp\/v2\/pages\/256"}],"wp:attachment":[{"href":"https:\/\/blogs.up.edu.pe\/nubes\/wp-json\/wp\/v2\/media?parent=918"}],"curies":[{"name":"wp","href":"https:\/\/api.w.org\/{rel}","templated":true}]}}