{"id":714,"date":"2013-03-04T23:28:45","date_gmt":"2013-03-04T23:28:45","guid":{"rendered":"https:\/\/blogs.up.edu.pe\/nubes\/\/?page_id=714"},"modified":"2013-03-04T23:29:00","modified_gmt":"2013-03-04T23:29:00","slug":"dia-domingo-de-mario-vargas-llosa-por-milagros-chipana","status":"publish","type":"page","link":"https:\/\/blogs.up.edu.pe\/nubes\/trabajos\/trabajos-finales-ciclo-de-verano-2013\/dia-domingo-de-mario-vargas-llosa-por-milagros-chipana\/","title":{"rendered":"\u201cD\u00eda domingo\u201d de Mario Vargas Llosa, por Milagros Chipana"},"content":{"rendered":"<p style=\"text-align: justify;\">Mario Vargas Llosa es sumamente conocido por sus cuentos, novelas literarias y obras teatrales. Los primeros pertenecen a su obra temprana, a sus primeros a\u00f1os como escritor. En la segunda etapa se da su <i>boom<\/i> literario y desarrolla sus novelas m\u00e1s c\u00e9lebres. A lo largo de su carrera ha obtenido una serie de premios tanto nacionales como internacionales hasta que en el 2010 se hizo merecedor del Nobel de Literatura.<\/p>\n<p style=\"text-align: justify;\">Si bien es cierto que Vargas Llosa es mayormente reconocido por sus novelas, a trav\u00e9s de sus cuentos tambi\u00e9n podemos apreciar rasgos que lo definen como escritor en la primera etapa de su vida.<\/p>\n<p style=\"text-align: justify;\">\u201cD\u00eda domingo\u201d es parte del libro <i>Los jefes<\/i>, conformado por seis cuentos y publicado en 1959. Este cuento nos presenta un conflicto humano, nos cuenta la historia de dos amigos que disputan el amor de Flora. Ellos se ven envueltos en una serie de retos que deben cumplir para ver qui\u00e9n es merecedor de este amor, demostrando valent\u00eda pero tambi\u00e9n impulsividad.<\/p>\n<p style=\"text-align: justify;\">A pesar de ser un cuento algo extenso, mantiene el inter\u00e9s del lector porque nos permite una lectura \u00e1gil a trav\u00e9s de un vocabulario sencillo y coloquial. Adem\u00e1s, en mi opini\u00f3n la literatura de Vargas Llosa presenta caracter\u00edsticas del realismo, es decir, situaciones carentes de fantas\u00eda que pueden ser inventadas pero no con ficci\u00f3n.<\/p>\n<p style=\"text-align: justify;\">Se podr\u00eda asumir que el escritor vivi\u00f3 una situaci\u00f3n parecida, la disputa de un amor podr\u00eda ocurrirnos a cualquiera de nosotros, sobre todo durante la juventud (edad que coincide con la edad de Mario Vargas Llosa al escribir este cuento). Al construir la trama bas\u00e1ndose en una situaci\u00f3n tan familiar se puede generar un v\u00ednculo lo cual permite una mayor identificaci\u00f3n con la lectura.<\/p>\n<p style=\"text-align: justify;\">Tambi\u00e9n se ponen de manifiesto una serie de sentimientos propios de la edad de los protagonistas, tales como el amor, el orgullo y la irresponsabilidad para medir consecuencias. Pero no todo es negativo, tambi\u00e9n se ve la lealtad de Miguel hacia Rub\u00e9n al decidir salvarlo, el respeto y \u201cpalabra de hombre\u201d al no contar lo sucedido mar adentro.<\/p>\n<p style=\"text-align: justify;\">Por otro lado, la descripci\u00f3n es muy buena dado que uno se puede imaginar el frio, la desesperaci\u00f3n y el miedo al pensar que pueden perder la vida. Al decir que el cuento toma lugar en Miraflores y complementarlo con la descripci\u00f3n de los escenarios permite al lector imaginarse en el lugar que se describe.<\/p>\n<p style=\"text-align: justify;\">Personalmente a m\u00ed me agrad\u00f3 bastante \u201cD\u00eda Domingo\u201d, aunque hay partes en las que yo decidir\u00eda diferente. Por ejemplo, bajo ninguna raz\u00f3n saltar\u00eda en pleno invierno lime\u00f1o a la reventaz\u00f3n o tomar\u00eda para ver qui\u00e9n se embriaga primero. Estas situaciones que el autor propone sin dar cr\u00edtica ni comentario alguno, permiten que el lector se forme una opini\u00f3n y haya un debate interno sobre qu\u00e9 es lo correcto. En mi caso, no las apruebo ni las realizar\u00eda pero s\u00ed las imagino posibles.<\/p>\n<p style=\"text-align: justify;\">Por \u00faltimo, yo recomiendo leer este cuento ya que es sumamente entretenido y se puede entender f\u00e1cilmente. Asimismo, creo que est\u00e1 de m\u00e1s decir que Mario Vargas Llosa es un gran escritor y leyendo sus cuentos podemos conocer otra etapa de su literatura y entenderlo mejor.<\/p>\n","protected":false},"excerpt":{"rendered":"<p>Mario Vargas Llosa es sumamente conocido por sus cuentos, novelas literarias y obras teatrales. Los primeros pertenecen a su obra temprana, a sus primeros a\u00f1os como escritor. En la segunda etapa se da su boom literario y desarrolla sus novelas &hellip; <a href=\"https:\/\/blogs.up.edu.pe\/nubes\/trabajos\/trabajos-finales-ciclo-de-verano-2013\/dia-domingo-de-mario-vargas-llosa-por-milagros-chipana\/\">Sigue leyendo <span class=\"meta-nav\">&rarr;<\/span><\/a><\/p>\n","protected":false},"author":3,"featured_media":0,"parent":632,"menu_order":22,"comment_status":"closed","ping_status":"closed","template":"","meta":{"footnotes":""},"class_list":["post-714","page","type-page","status-publish","hentry"],"_links":{"self":[{"href":"https:\/\/blogs.up.edu.pe\/nubes\/wp-json\/wp\/v2\/pages\/714","targetHints":{"allow":["GET"]}}],"collection":[{"href":"https:\/\/blogs.up.edu.pe\/nubes\/wp-json\/wp\/v2\/pages"}],"about":[{"href":"https:\/\/blogs.up.edu.pe\/nubes\/wp-json\/wp\/v2\/types\/page"}],"author":[{"embeddable":true,"href":"https:\/\/blogs.up.edu.pe\/nubes\/wp-json\/wp\/v2\/users\/3"}],"replies":[{"embeddable":true,"href":"https:\/\/blogs.up.edu.pe\/nubes\/wp-json\/wp\/v2\/comments?post=714"}],"version-history":[{"count":2,"href":"https:\/\/blogs.up.edu.pe\/nubes\/wp-json\/wp\/v2\/pages\/714\/revisions"}],"predecessor-version":[{"id":716,"href":"https:\/\/blogs.up.edu.pe\/nubes\/wp-json\/wp\/v2\/pages\/714\/revisions\/716"}],"up":[{"embeddable":true,"href":"https:\/\/blogs.up.edu.pe\/nubes\/wp-json\/wp\/v2\/pages\/632"}],"wp:attachment":[{"href":"https:\/\/blogs.up.edu.pe\/nubes\/wp-json\/wp\/v2\/media?parent=714"}],"curies":[{"name":"wp","href":"https:\/\/api.w.org\/{rel}","templated":true}]}}