{"id":711,"date":"2013-03-04T23:24:48","date_gmt":"2013-03-04T23:24:48","guid":{"rendered":"https:\/\/blogs.up.edu.pe\/nubes\/\/?page_id=711"},"modified":"2013-03-04T23:24:48","modified_gmt":"2013-03-04T23:24:48","slug":"el-pozo-y-el-pendulo-de-edgar-allan-poe-por-manuel-saenz-p","status":"publish","type":"page","link":"https:\/\/blogs.up.edu.pe\/nubes\/trabajos\/trabajos-finales-ciclo-de-verano-2013\/el-pozo-y-el-pendulo-de-edgar-allan-poe-por-manuel-saenz-p\/","title":{"rendered":"\u201cEl pozo y el p\u00e9ndulo\u201d de Edgar Allan Poe, por Manuel S\u00e1enz P."},"content":{"rendered":"<p align=\"JUSTIFY\">No es dif\u00edcil imaginar lo sencillo que puede ser escribir un relato tan lleno de detalles para una persona con una experiencia tan amplia como la que tuvo Edgar Allan Poe en su momento; escritor, poeta y periodista rom\u00e1ntico como lo llaman algunos por darle un sustantivo.<\/p>\n<p align=\"JUSTIFY\">Debo ser sincero y precisar que no hab\u00eda pasado por mis manos ninguna obra de Poe hasta el momento en que me asignaron su lectura. Sin embargo, admitir\u00e9 y considero que, aquella a la que hace referencia el t\u00edtulo de mi comentario debe ser una de sus m\u00e1s interesantes y mejor narradas historias, opini\u00f3n que afirmo incluso sin haber le\u00eddo sus dem\u00e1s obras.<\/p>\n<p align=\"JUSTIFY\">\u201cEl pozo y el p\u00e9ndulo\u201d es un relato que desde un inicio llena al lector de emoci\u00f3n al describir mucho diciendo poco. La historia transcurre en una cueva, adaptada para ser una celda, donde se castigaba a los acusados en la \u00e9poca de la Inquisici\u00f3n. Es aqu\u00ed donde el protagonista y autor relata en primera persona todo el tormento que tuvo que pasar el infortunado inquisitado para ser finalmente liberado justo cuando pensaba que muy pronto se estar\u00eda cavando una zanja para ubicar su putrefacto cuerpo.<\/p>\n<p align=\"JUSTIFY\">M\u00e1s all\u00e1 de los detalles, ya que no pienso realizar una sinopsis del mismo, son las caracter\u00edsticas lo que lo hacen ideal para ser un cuento de terror, como es la forma en que el autor realiza pausas marcadas y bien elaboradas, brindando al lector un momento para sentir e identificarse con la pena que le aqueja a nuestro pobre narrador; donde basta con cerrar los ojos para imaginar el dolor, sufrimiento, sentimiento de soledad y pobre destino en el cual se ve obligado a fenecer.<\/p>\n<p align=\"JUSTIFY\">Otro aspecto interesante es c\u00f3mo lo que pretende Poe es no dejar al lector la posibilidad de abandonar la lectura, al casi siempre finalizar una oraci\u00f3n con un hilo de lo que podr\u00eda suceder en la siguiente. Donde el inquisitado tiene que decidir si dejarse morir por el p\u00e9ndulo que poco a poco se acerca a \u00e9l o elegir una muerte lenta pero igual de dolorosa arroj\u00e1ndose a un pozo escalonado.<\/p>\n<p align=\"JUSTIFY\">Sean cuales fuesen las intenciones de Edgar Allan Poe, es indiscutible su excelente forma de escribir y la forma en que atrapa al lector con cada detalle, atributo que en mi humilde opini\u00f3n es el que m\u00e1s se hace destacar en su relato.<\/p>\n","protected":false},"excerpt":{"rendered":"<p>No es dif\u00edcil imaginar lo sencillo que puede ser escribir un relato tan lleno de detalles para una persona con una experiencia tan amplia como la que tuvo Edgar Allan Poe en su momento; escritor, poeta y periodista rom\u00e1ntico como &hellip; <a href=\"https:\/\/blogs.up.edu.pe\/nubes\/trabajos\/trabajos-finales-ciclo-de-verano-2013\/el-pozo-y-el-pendulo-de-edgar-allan-poe-por-manuel-saenz-p\/\">Sigue leyendo <span class=\"meta-nav\">&rarr;<\/span><\/a><\/p>\n","protected":false},"author":3,"featured_media":0,"parent":632,"menu_order":21,"comment_status":"closed","ping_status":"closed","template":"","meta":{"footnotes":""},"class_list":["post-711","page","type-page","status-publish","hentry"],"_links":{"self":[{"href":"https:\/\/blogs.up.edu.pe\/nubes\/wp-json\/wp\/v2\/pages\/711","targetHints":{"allow":["GET"]}}],"collection":[{"href":"https:\/\/blogs.up.edu.pe\/nubes\/wp-json\/wp\/v2\/pages"}],"about":[{"href":"https:\/\/blogs.up.edu.pe\/nubes\/wp-json\/wp\/v2\/types\/page"}],"author":[{"embeddable":true,"href":"https:\/\/blogs.up.edu.pe\/nubes\/wp-json\/wp\/v2\/users\/3"}],"replies":[{"embeddable":true,"href":"https:\/\/blogs.up.edu.pe\/nubes\/wp-json\/wp\/v2\/comments?post=711"}],"version-history":[{"count":1,"href":"https:\/\/blogs.up.edu.pe\/nubes\/wp-json\/wp\/v2\/pages\/711\/revisions"}],"predecessor-version":[{"id":712,"href":"https:\/\/blogs.up.edu.pe\/nubes\/wp-json\/wp\/v2\/pages\/711\/revisions\/712"}],"up":[{"embeddable":true,"href":"https:\/\/blogs.up.edu.pe\/nubes\/wp-json\/wp\/v2\/pages\/632"}],"wp:attachment":[{"href":"https:\/\/blogs.up.edu.pe\/nubes\/wp-json\/wp\/v2\/media?parent=711"}],"curies":[{"name":"wp","href":"https:\/\/api.w.org\/{rel}","templated":true}]}}