{"id":707,"date":"2013-03-04T23:23:19","date_gmt":"2013-03-04T23:23:19","guid":{"rendered":"https:\/\/blogs.up.edu.pe\/nubes\/\/?page_id=707"},"modified":"2013-03-04T23:23:19","modified_gmt":"2013-03-04T23:23:19","slug":"inundaciones-de-zein-zorrilla-por-jose-luis-montenegro","status":"publish","type":"page","link":"https:\/\/blogs.up.edu.pe\/nubes\/trabajos\/trabajos-finales-ciclo-de-verano-2013\/inundaciones-de-zein-zorrilla-por-jose-luis-montenegro\/","title":{"rendered":"\u201cInundaciones\u201d de Zein Zorrilla, por Jos\u00e9 Luis Montenegro"},"content":{"rendered":"<p lang=\"es-PE\" align=\"JUSTIFY\">El cuento me parece una ilustraci\u00f3n clar\u00edsima de la realidad minera en el Per\u00fa y c\u00f3mo las clases sociales involucradas interact\u00faan entre s\u00ed. Como sabemos, el Per\u00fa es un pa\u00eds con un alto potencial en miner\u00eda y, por ello, tiene en ella su principal actividad econ\u00f3mica, sobre la base de exportaciones y muy dependiente del precio de los metales alrededor del mundo. En este cuento, se narra la historia de una mina en decadencia por la crisis en el precio de la plata. Adem\u00e1s, se centra en la disyuntiva de un encargado importante de mantenerse firme en su puesto o ser derrotado por la inminente oferta de trabajo de otra mina con mejores ambientes laborales y mayores recursos.<\/p>\n<p lang=\"es-PE\" align=\"JUSTIFY\">El encargado es reci\u00e9n egresado de la universidad y no tiene mucha experiencia en actividades laborales. Es m\u00e1s, se da cuenta de que la realidad es mucho m\u00e1s dura que la mostrada en los libros de sus estudios. La poca experiencia en el mercado laboral lo lleva a sentirse muy inc\u00f3modo con la situaci\u00f3n de su mina y la oferta de trabajo realizada por un vocero de otra mina en mejores situaciones. Una mezcla de inseguridad y lealtad lo enredan en una serie de pensamientos que lo llevan a no retirarse del todo de su actual puesto de trabajo. Inseguridad por ser nuevo en el negocio y pensar que no lo har\u00e1 de la mejor manera en otro ambiente laboral y lealtad en el sentido que la mina en decadencia le abri\u00f3 las puertas cuando lo necesitada (no ser\u00eda justo abandonarla en los momentos m\u00e1s dif\u00edciles). Es en este punto en el cual me siento un poco identificado con el protagonista, ya que en estos meses estar\u00e9 terminando mi carrera universitaria y he tenido la oportunidad de trabajar en distintas empresas. Es cierto que cuando uno es nuevo en el mercado laboral siente muchas inseguridades sobre los conocimientos adquiridos y se desilusiona un poco de la realidad distinta a la plasmada en la universidad. Muchas veces sent\u00ed una fuerte nostalgia al tener que abandonar un lugar de trabajo por otro que me ofrec\u00eda mejores condiciones. Creo que esta disyuntiva es compartida por varios alumnos universitarios que entran al mercado laboral y conocen una realidad muy distinta a la vivida anteriormente.<\/p>\n<p lang=\"es-PE\" align=\"JUSTIFY\">La historia se complica mucho m\u00e1s y toma su momento m\u00e1s dif\u00edcil para el protagonista cuando la mina sufre una severa inundaci\u00f3n, impidi\u00e9ndole operar con normalidad. En este momento, el protagonista se ve envuelto en la peor de las situaciones vividas en su trabajo y se ve forzado a pedir explicaciones a la gerencia ubicada en Lima. Es com\u00fan, en el Per\u00fa, que los trabajadores mineros recurran a las principales cabezas de las minas en los perores momentos. La necesidad de trabajar les impide protestar constantemente y que las operaciones se vean detenidas. En todo caso, las peticiones de ayuda no deben hacerse cuando las cosas est\u00e1n muy mal, sino que los trabajadores deber\u00edan exigir buenas condiciones constantemente. La lealtad debe ser percibida de ambos lados, las empresas no deben exigir lealtad por el lado de los trabajadores si no ofrecen la suya de vuelta. En esta narraci\u00f3n solo se ve lealtad a la mina unidireccional. Los trabajadores se encuentran fidelizados con la mina hasta en circunstancias tan adversas como la inundaci\u00f3n, la falta de recursos y el total abandono.<\/p>\n<p lang=\"es-PE\" align=\"JUSTIFY\">El total abandono es percibido en el momento que los trabajadores m\u00e1s reconocidos de la mina (incluido el protagonista) visitan la mansi\u00f3n de la due\u00f1a en Lima. En esta visita, son enga\u00f1ados por el mayordomo. En realidad, la due\u00f1a no los esperaba a ellos para solucionar los problemas de la inundaci\u00f3n, sino que la reuni\u00f3n era para la gente del seguro y la posible indemnizaci\u00f3n por los da\u00f1os en su mina. En este aspecto se puede ver una lealtad unidireccional y una forma de trato com\u00fan hacia las clases m\u00e1s bajas de nuestro pa\u00eds. Es este contexto, a la due\u00f1a no le interesaban en absoluto sus trabajadores de la mina, ella solo quer\u00eda recuperar el dinero perdido. La gente que trabajaba ah\u00ed durante varios a\u00f1os no era su prioridad. Por el contrario, los trabadores, sabiendo que hab\u00edan sido ignorados, deciden mentir a lo dem\u00e1s trabajadores dici\u00e9ndoles que la due\u00f1a los hab\u00eda recibido de la mejor manera. Argumentan esta decisi\u00f3n mencionando que los trabajadores volver\u00edan a estar ilusionados. Dicho esto, al final del relato se deja la duda si es que la lealtad es real o solo eran leales porque no ten\u00edan otra opci\u00f3n.<\/p>\n","protected":false},"excerpt":{"rendered":"<p>El cuento me parece una ilustraci\u00f3n clar\u00edsima de la realidad minera en el Per\u00fa y c\u00f3mo las clases sociales involucradas interact\u00faan entre s\u00ed. Como sabemos, el Per\u00fa es un pa\u00eds con un alto potencial en miner\u00eda y, por ello, tiene &hellip; <a href=\"https:\/\/blogs.up.edu.pe\/nubes\/trabajos\/trabajos-finales-ciclo-de-verano-2013\/inundaciones-de-zein-zorrilla-por-jose-luis-montenegro\/\">Sigue leyendo <span class=\"meta-nav\">&rarr;<\/span><\/a><\/p>\n","protected":false},"author":3,"featured_media":0,"parent":632,"menu_order":20,"comment_status":"closed","ping_status":"closed","template":"","meta":{"footnotes":""},"class_list":["post-707","page","type-page","status-publish","hentry"],"_links":{"self":[{"href":"https:\/\/blogs.up.edu.pe\/nubes\/wp-json\/wp\/v2\/pages\/707","targetHints":{"allow":["GET"]}}],"collection":[{"href":"https:\/\/blogs.up.edu.pe\/nubes\/wp-json\/wp\/v2\/pages"}],"about":[{"href":"https:\/\/blogs.up.edu.pe\/nubes\/wp-json\/wp\/v2\/types\/page"}],"author":[{"embeddable":true,"href":"https:\/\/blogs.up.edu.pe\/nubes\/wp-json\/wp\/v2\/users\/3"}],"replies":[{"embeddable":true,"href":"https:\/\/blogs.up.edu.pe\/nubes\/wp-json\/wp\/v2\/comments?post=707"}],"version-history":[{"count":1,"href":"https:\/\/blogs.up.edu.pe\/nubes\/wp-json\/wp\/v2\/pages\/707\/revisions"}],"predecessor-version":[{"id":709,"href":"https:\/\/blogs.up.edu.pe\/nubes\/wp-json\/wp\/v2\/pages\/707\/revisions\/709"}],"up":[{"embeddable":true,"href":"https:\/\/blogs.up.edu.pe\/nubes\/wp-json\/wp\/v2\/pages\/632"}],"wp:attachment":[{"href":"https:\/\/blogs.up.edu.pe\/nubes\/wp-json\/wp\/v2\/media?parent=707"}],"curies":[{"name":"wp","href":"https:\/\/api.w.org\/{rel}","templated":true}]}}