{"id":702,"date":"2013-03-04T23:19:57","date_gmt":"2013-03-04T23:19:57","guid":{"rendered":"https:\/\/blogs.up.edu.pe\/nubes\/\/?page_id=702"},"modified":"2013-03-04T23:19:57","modified_gmt":"2013-03-04T23:19:57","slug":"suenos-de-robot-de-isaac-asimov-por-jorge-gabriel-batallanos","status":"publish","type":"page","link":"https:\/\/blogs.up.edu.pe\/nubes\/trabajos\/trabajos-finales-ciclo-de-verano-2013\/suenos-de-robot-de-isaac-asimov-por-jorge-gabriel-batallanos\/","title":{"rendered":"\u201cSue\u00f1os de robot\u201d de Isaac Asimov, por Jorge Gabriel Batallanos"},"content":{"rendered":"<p align=\"JUSTIFY\">\u201cSue\u00f1os de robot\u201d fue escrito por Isaac Asimov en 1986 para la colecci\u00f3n de cuentos con el mismo nombre. Este cuento fue el que m\u00e1s me agrad\u00f3 durante todo el taller, quiz\u00e1s debido a mi gusto por el g\u00e9nero de ciencia ficci\u00f3n o por el hecho de que ya estaba un poco familiarizado con el universo creado por Asimov. Asimismo por el hecho de ya haber visto la pel\u00edcula basada en este relato, <i>Yo Robot<\/i>.<\/p>\n<p align=\"JUSTIFY\">El temor de que la creaci\u00f3n supere al creador, que nuestros propios inventos se vuelvan en contra de nosotros buscando ser la raza dominante, es quiz\u00e1s el mayor temor de la humanidad. Un robot que f\u00edsicamente es superior y con mayor velocidad para tareas mec\u00e1nicas. La doctora Calvin se encontraba completamente aterrorizada ante la idea de que un robot pueda so\u00f1ar. So\u00f1ar significa que posees un subconsciente, el cual sabemos es muy poderoso. En los sue\u00f1os todo es creatividad, imaginaci\u00f3n, es creaci\u00f3n pura.<\/p>\n<p align=\"JUSTIFY\">El hecho de que un robot posea esta cualidad simplemente lo sit\u00faa en otra calificaci\u00f3n, deja ya de ser un robot puesto que ahora tiene pensamiento propio. Peor a\u00fan, un robot que solo reconozca la tercera Ley de la Rob\u00f3tica e ignore las dos primeras, cual atenta contra la raza humana.<\/p>\n<p align=\"JUSTIFY\">Un robot que puede so\u00f1ar, sentir alegr\u00eda, miedo, curiosidad, pero lo m\u00e1s importante pensar. Sin duda alguna, era un incre\u00edble avance para la ciencia, pero a su vez (la Dra. Calvin lo entendi\u00f3 as\u00ed) era sumamente peligroso para la humanidad. Tendr\u00edan acceso a informaci\u00f3n privilegiada, lo cual les permitir\u00eda entender y anticipar nuestro comportamiento, para poder as\u00ed dominarnos o si lo consideran necesario eliminarnos, estableciendo as\u00ed una raza dominante: Los robots.<\/p>\n<p align=\"JUSTIFY\">En la pel\u00edcula, Sony no busca eliminar a la raza humana, \u00e9l simplemente sirve a su creador y desea entender m\u00e1s a fondo el comportamiento humano, ya que este le intriga. En realidad \u00e9l ya es un humano, se siente humano. La \u00fanica diferencia es la apariencia f\u00edsica, pero lo central que es el cerebro y la capacidad para pensar, so\u00f1ar, etc. ya lo posee.<\/p>\n<p align=\"JUSTIFY\">El sue\u00f1o que tiene Elvex, en el que ve una figura humana liderando a miles de robot es id\u00e9ntico a la adaptaci\u00f3n cinematogr\u00e1fica, en este caso el robot es Sony. La Doctora Calvin interpreta mal el sue\u00f1o de Elvex, sesgada por su temor en ese momento. Elvex era \u00fanico, el primer robot de una nueva generaci\u00f3n y l\u00edder de esta.<\/p>\n<p align=\"JUSTIFY\">Presiento que en un futuro suceder\u00e1 algo similar al relato de Isaac Asimov. La ciencia avanza a una velocidad incre\u00edble, es cuesti\u00f3n de a\u00f1os para que se logre desarrollar un robot con la complejidad necesaria para realizar pr\u00e1cticamente la mayor\u00eda de las tareas humanas. Si estos llegasen a desarrollar el pensamiento cr\u00edtico, es muy probable que una rebeli\u00f3n suceda.<\/p>\n<p align=\"JUSTIFY\">Nuestro comportamiento con la naturaleza y la avaricia por lo material, especialmente el dinero, me lleva a creer que en realidad se necesita un cambio en la sociedad, pero no tan radical como para eliminarlos, quiz\u00e1s un proceso de selecci\u00f3n. No obstante nadie va querer quedarse afuera y menos dejar esa decisi\u00f3n al criterio de una m\u00e1quina.<\/p>\n<p align=\"JUSTIFY\">Es cierto que existen ciertas diferencias entre el relato y la adaptaci\u00f3n cinematograf\u00eda, como la ausencia del Detective Spooner. Una de las cr\u00edticas que le\u00ed fue la siguiente: el argumento no est\u00e1 basado en ninguna obra que Isaac Asimov haya escrito directamente, si bien aparecen personajes basados en sus historias. Tampoco hay relaci\u00f3n con el gui\u00f3n escrito conjuntamente con Harllan Edison. Sin embargo, la idea que Sony sea un robot que pueda so\u00f1ar es extra\u00edda directamente del relato \u201cSue\u00f1os de robot\u201d.<\/p>\n","protected":false},"excerpt":{"rendered":"<p>\u201cSue\u00f1os de robot\u201d fue escrito por Isaac Asimov en 1986 para la colecci\u00f3n de cuentos con el mismo nombre. Este cuento fue el que m\u00e1s me agrad\u00f3 durante todo el taller, quiz\u00e1s debido a mi gusto por el g\u00e9nero de &hellip; <a href=\"https:\/\/blogs.up.edu.pe\/nubes\/trabajos\/trabajos-finales-ciclo-de-verano-2013\/suenos-de-robot-de-isaac-asimov-por-jorge-gabriel-batallanos\/\">Sigue leyendo <span class=\"meta-nav\">&rarr;<\/span><\/a><\/p>\n","protected":false},"author":3,"featured_media":0,"parent":632,"menu_order":18,"comment_status":"closed","ping_status":"closed","template":"","meta":{"footnotes":""},"class_list":["post-702","page","type-page","status-publish","hentry"],"_links":{"self":[{"href":"https:\/\/blogs.up.edu.pe\/nubes\/wp-json\/wp\/v2\/pages\/702","targetHints":{"allow":["GET"]}}],"collection":[{"href":"https:\/\/blogs.up.edu.pe\/nubes\/wp-json\/wp\/v2\/pages"}],"about":[{"href":"https:\/\/blogs.up.edu.pe\/nubes\/wp-json\/wp\/v2\/types\/page"}],"author":[{"embeddable":true,"href":"https:\/\/blogs.up.edu.pe\/nubes\/wp-json\/wp\/v2\/users\/3"}],"replies":[{"embeddable":true,"href":"https:\/\/blogs.up.edu.pe\/nubes\/wp-json\/wp\/v2\/comments?post=702"}],"version-history":[{"count":1,"href":"https:\/\/blogs.up.edu.pe\/nubes\/wp-json\/wp\/v2\/pages\/702\/revisions"}],"predecessor-version":[{"id":703,"href":"https:\/\/blogs.up.edu.pe\/nubes\/wp-json\/wp\/v2\/pages\/702\/revisions\/703"}],"up":[{"embeddable":true,"href":"https:\/\/blogs.up.edu.pe\/nubes\/wp-json\/wp\/v2\/pages\/632"}],"wp:attachment":[{"href":"https:\/\/blogs.up.edu.pe\/nubes\/wp-json\/wp\/v2\/media?parent=702"}],"curies":[{"name":"wp","href":"https:\/\/api.w.org\/{rel}","templated":true}]}}