{"id":700,"date":"2013-03-04T23:18:22","date_gmt":"2013-03-04T23:18:22","guid":{"rendered":"https:\/\/blogs.up.edu.pe\/nubes\/\/?page_id=700"},"modified":"2013-03-04T23:18:22","modified_gmt":"2013-03-04T23:18:22","slug":"anorexia-y-tijerita-de-alfredo-bryce-echenique-por-erika-robles","status":"publish","type":"page","link":"https:\/\/blogs.up.edu.pe\/nubes\/trabajos\/trabajos-finales-ciclo-de-verano-2013\/anorexia-y-tijerita-de-alfredo-bryce-echenique-por-erika-robles\/","title":{"rendered":"\u201cAnorexia y tijerita\u201d de Alfredo Bryce Echenique, por Erika Robles"},"content":{"rendered":"<p style=\"text-align: justify;\">Escog\u00ed este relato por dos razones: la primera, porque Bryce es uno de mis escritores favoritos desde que le\u00ed por primera vez <i>Un mundo para Julius<\/i> hace ya muchos a\u00f1os, y la segunda, por lo que trata el texto, un problema social que no es ajeno, sobre todo a la realidad lime\u00f1a (tan Bryce).<\/p>\n<p style=\"text-align: justify;\">La escritura de Bryce es f\u00e1cil de seguir y divertida, emplea mucho el sarcasmo y el humor para poder hacer frente a problemas sociales. El leer \u201cAnorexia y tijerita\u201d, me hizo recordar a una persona que escribe en su blog <i>Soltera codiciada<\/i>, cuando por momentos Bryce interrumpe la l\u00ednea del texto para mostrar pensamientos repentinos, como si su conciencia le hablase.<\/p>\n<p style=\"text-align: justify;\">En este texto se habla de muchos problemas sociales actuales como el de la corrupci\u00f3n, la infidelidad, la discriminaci\u00f3n y los des\u00f3rdenes alimenticios. Males que aquejan nuestro pa\u00eds y que se ven concentrados mayoritariamente en la capital. En este relato de Bryce se describen los problemas de dos personajes: Joaqu\u00edn Bernales y su esposa, Raquelita.<\/p>\n<p style=\"text-align: justify;\">Joaqu\u00edn es un exministro y sus problemas empiezan cuando un peri\u00f3dico amarillista lo acusa de corrupci\u00f3n. Todos los d\u00edas durante su ba\u00f1o, se autocuestiona y critica la situaci\u00f3n; el hecho de tener una amante, Vicky, que cada d\u00eda le exige mucho m\u00e1s, y los problemas que tiene en la relaci\u00f3n con su esposa que vienen del hecho de que la familia de Raquelita sea rica y poderosa; su anorexia y su obsesi\u00f3n con una tijerita de oro. Joaqu\u00edn vive atado al pasado, a su \u00e9poca de ministro y a los buenos momentos de su relaci\u00f3n con su esposa en la que los dos se amaban por lo que eran.<\/p>\n<p style=\"text-align: justify;\">Por otro lado, en Raquelita se ve claramente reflejada una persona de alta sociedad, discriminadora y que se vale de prejuicios en su andar cotidiano. Parece que vive en una burbuja y alejada de lo que ella denomina la clase \u201c\u00ednfima\u201d. Raquelita siempre evade los problemas y trata de aparentar, como se puede apreciar en la conversaci\u00f3n con su esposo y en el hecho de que no quiera que sus hijos se enteren de una posible discusi\u00f3n entre ellos. En la conversaci\u00f3n final de los esposos, Raquelita cuenta c\u00f3mo su tijerita de oro le ayud\u00f3 a recuperar el reloj que le hab\u00edan robado en un bus de transporte p\u00fablico y durante todo su relato se puede sentir el desprecio que siente hacia las dem\u00e1s personas que no son de su condici\u00f3n, esa gente le da pena y piensa ella que no deber\u00edan de ser parte de Lima, de su Lima.<\/p>\n<p style=\"text-align: justify;\">Este relato nos hace reflexionar acerca de la realidad de la clase social alta lime\u00f1a concentrada en un peque\u00f1o grupo de personas con mentalidad totalmente cerrada y tambi\u00e9n sobre los problemas de una familia aparentemente perfecta que oculta o evade la realidad por temor a la presi\u00f3n de la misma sociedad. Bryce puede dar una opini\u00f3n muy objetiva sobre esto ya que \u00e9l perteneci\u00f3 a una familia olig\u00e1rquica lime\u00f1a y vivi\u00f3 muy de cerca los conflictos sociales de la \u00e9poca.<\/p>\n<p style=\"text-align: justify;\">\u201cAnorexia y tijerita\u201d me pareci\u00f3 un relato muy interesante que te deja una reflexi\u00f3n sobre la situaci\u00f3n del hombre en la sociedad peruana, te hace pensar por qu\u00e9 a pesar de vivir en el siglo XXI y haber progresado tanto a nivel mundial, el Per\u00fa sigue siendo una sociedad machista y discriminadora tanto en las clases sociales m\u00e1s altas como en las m\u00e1s bajas.<\/p>\n","protected":false},"excerpt":{"rendered":"<p>Escog\u00ed este relato por dos razones: la primera, porque Bryce es uno de mis escritores favoritos desde que le\u00ed por primera vez Un mundo para Julius hace ya muchos a\u00f1os, y la segunda, por lo que trata el texto, un &hellip; <a href=\"https:\/\/blogs.up.edu.pe\/nubes\/trabajos\/trabajos-finales-ciclo-de-verano-2013\/anorexia-y-tijerita-de-alfredo-bryce-echenique-por-erika-robles\/\">Sigue leyendo <span class=\"meta-nav\">&rarr;<\/span><\/a><\/p>\n","protected":false},"author":3,"featured_media":0,"parent":632,"menu_order":17,"comment_status":"closed","ping_status":"closed","template":"","meta":{"footnotes":""},"class_list":["post-700","page","type-page","status-publish","hentry"],"_links":{"self":[{"href":"https:\/\/blogs.up.edu.pe\/nubes\/wp-json\/wp\/v2\/pages\/700","targetHints":{"allow":["GET"]}}],"collection":[{"href":"https:\/\/blogs.up.edu.pe\/nubes\/wp-json\/wp\/v2\/pages"}],"about":[{"href":"https:\/\/blogs.up.edu.pe\/nubes\/wp-json\/wp\/v2\/types\/page"}],"author":[{"embeddable":true,"href":"https:\/\/blogs.up.edu.pe\/nubes\/wp-json\/wp\/v2\/users\/3"}],"replies":[{"embeddable":true,"href":"https:\/\/blogs.up.edu.pe\/nubes\/wp-json\/wp\/v2\/comments?post=700"}],"version-history":[{"count":1,"href":"https:\/\/blogs.up.edu.pe\/nubes\/wp-json\/wp\/v2\/pages\/700\/revisions"}],"predecessor-version":[{"id":701,"href":"https:\/\/blogs.up.edu.pe\/nubes\/wp-json\/wp\/v2\/pages\/700\/revisions\/701"}],"up":[{"embeddable":true,"href":"https:\/\/blogs.up.edu.pe\/nubes\/wp-json\/wp\/v2\/pages\/632"}],"wp:attachment":[{"href":"https:\/\/blogs.up.edu.pe\/nubes\/wp-json\/wp\/v2\/media?parent=700"}],"curies":[{"name":"wp","href":"https:\/\/api.w.org\/{rel}","templated":true}]}}