{"id":7,"date":"2011-12-05T22:32:56","date_gmt":"2011-12-05T22:32:56","guid":{"rendered":"https:\/\/blogs.up.edu.pe\/nubes\/\/?page_id=7"},"modified":"2016-03-23T17:31:17","modified_gmt":"2016-03-23T22:31:17","slug":"silabo","status":"publish","type":"page","link":"https:\/\/blogs.up.edu.pe\/nubes\/silabo\/","title":{"rendered":"S\u00edlabo"},"content":{"rendered":"<p lang=\"es-ES\" align=\"center\"><span style=\"font-family: Times New Roman,serif;\"><span style=\"font-size: medium;\"><span style=\"font-family: Arial,serif;\"><span style=\"font-size: small;\"><b>S\u00cdLABO<\/b><\/span><\/span><\/span><\/span><\/p>\n<p class=\"western\" lang=\"es-ES\" align=\"justify\"><span style=\"font-family: Times New Roman,serif;\"><span style=\"font-size: medium;\"><span style=\"font-family: Arial,serif;\"><span style=\"font-size: small;\">Nombre del curso: En las nubes de la ficci\u00f3n. Club de lectura<br \/>\nC\u00f3digo del curso:<\/span><\/span><\/span><\/span><span style=\"font-family: Arial,serif;\"><span style=\"font-size: small;\">Pregrado &#8211; 900398\/No Acad\u00e9mica\/a<\/span><\/span><\/p>\n<p lang=\"es-ES\" align=\"justify\"><span style=\"font-family: Times New Roman,serif;\"><span style=\"font-size: medium;\"><span style=\"font-family: Arial,serif;\"><span style=\"font-size: small;\">Secci\u00f3n: A1<br \/>\nA\u00f1o y semestre acad\u00e9mico: 2015, II<br \/>\nNombre completo del docente del curso: Carlos Maza Pesqueira<br \/>\nCorreo electr\u00f3nico del docente del curso: <\/span><\/span><span style=\"color: #0000ff;\"><span style=\"text-decoration: underline;\"><a href=\"mailto:enlasnubesdelaficcion@up.edu.pe\"><span style=\"font-family: Arial,serif;\"><span style=\"font-size: small;\">enlasnubesdelaficcion@up.edu.pe<\/span><\/span><\/a><\/span><\/span><\/span><\/span><\/p>\n<p lang=\"es-ES\" align=\"justify\"><strong><span style=\"font-family: Times New Roman,serif;\"><span style=\"font-size: medium;\"><span style=\"font-family: Arial,serif;\"><span style=\"font-size: small;\">I. Sumilla<\/span><\/span><\/span><\/span><\/strong><\/p>\n<p class=\"western\" lang=\"es-ES\" align=\"justify\"><span style=\"font-family: Arial,serif;\"><span style=\"font-size: small;\">Las tecnolog\u00edas de la informaci\u00f3n han sido vistas como un peligro para la formaci\u00f3n de lectores: se piensa que nos alejan de los libros. Pero la literatura no vive solo en el papel; las redes sociales, la informaci\u00f3n en l\u00ednea y los dispositivos m\u00f3viles representan una oportunidad de crecimiento de las oportunidades de lectura y por tanto, de los lectores. El c\u00edrculo de lectura <\/span><\/span><span style=\"font-family: Arial,serif;\"><span style=\"font-size: small;\"><i>En las nubes de la ficci\u00f3n<\/i><\/span><\/span><span style=\"font-family: Arial,serif;\"><span style=\"font-size: small;\"> busca abrir un espacio accesible a trav\u00e9s de Internet para fortalecer la experiencia de lectura y nuestros h\u00e1bitos lectores y escritores. La experiencia tiene su punto de partida en un blog, y desde ah\u00ed se organiza un proceso de lectura y an\u00e1lisis de uno de los g\u00e9neros literarios m\u00e1s ricos: el relato breve.<\/span><\/span><\/p>\n<p lang=\"es-ES\" align=\"justify\"><strong><span style=\"font-family: Times New Roman,serif;\"><span style=\"font-size: medium;\"><span style=\"font-family: Arial,serif;\"><span style=\"font-size: small;\">II. Resultado de aprendizaje<\/span><\/span><\/span><\/span><\/strong><\/p>\n<p class=\"western\" lang=\"es-ES\" align=\"justify\"><span style=\"font-family: Arial,serif;\"><span style=\"font-size: small;\">El alumno fortalece sus h\u00e1bitos de lectura (y escritura) a partir del reconocimiento de que la literatura trasciende al libro gracias a las TIC, a la vez que ampl\u00eda su perspectiva sobre el relato como forma de expresi\u00f3n.<\/span><\/span><\/p>\n<p lang=\"es-ES\" align=\"justify\"><strong><span style=\"font-family: Times New Roman,serif;\"><span style=\"font-size: medium;\"><span style=\"font-family: Arial,serif;\"><span style=\"font-size: small;\">III. Competencias que desarrolla<\/span><\/span><\/span><\/span><\/strong><\/p>\n<p class=\"western\" lang=\"es-ES\" align=\"justify\"><span style=\"font-family: Arial,serif;\"><span style=\"font-size: small;\"><em>Pensamiento cr\u00edtico<\/em><br \/>\nA trav\u00e9s del an\u00e1lisis de relatos de diferentes \u00e9pocas, pa\u00edses y corrientes literarias, el alumno ampl\u00eda su perspectiva cultural y comprende una diversidad de paradigmas est\u00e9ticos, de interpretaci\u00f3n de la realidad, valorando la diversidad cultural.<\/span><\/span><\/p>\n<p class=\"western\" lang=\"es-ES\" align=\"justify\"><span style=\"font-family: Arial,serif;\"><span style=\"font-size: small;\"><em>Comunicaci\u00f3n efectiva<\/em><br \/>\nLa lectura de relatos y su comentario sint\u00e9ticamente escrito desata un debate anal\u00edtico sobre las visiones del mundo que sostiene la literatura. El alumno aprende a exponer por escrito, sint\u00e9ticamente, su an\u00e1lisis de las lecturas y a debatir con los dem\u00e1s sobre sus significados en un di\u00e1logo respetuoso e informado.<\/span><\/span><\/p>\n<p lang=\"es-ES\" align=\"justify\"><strong><span style=\"font-family: Times New Roman,serif;\"><span style=\"font-size: medium;\"><span style=\"font-family: Arial,serif;\"><span style=\"font-size: small;\">IV. Contenidos<\/span><\/span><\/span><\/span><\/strong><\/p>\n<p class=\"western\" lang=\"es-ES\"><span style=\"font-family: Arial,serif;\"><span style=\"font-size: small;\"><span lang=\"es-PE\"><b>Unidad I: G\u00e9neros cl\u00e1sicos<br \/>\n<\/b>Naturalismo<br \/>\n1. Modernismo<br \/>\n2. Policial<br \/>\n3. Horror<\/span><\/span><\/span><\/p>\n<p class=\"western\" lang=\"es-ES\"><span style=\"font-family: Arial,serif;\"><span style=\"font-size: small;\"><span lang=\"es-PE\"><b>Unidad II: Ciencia ficci\u00f3n<br \/>\n<\/b>1. Ciencia ficci\u00f3n cl\u00e1sica<br \/>\n2. Ciencia ficci\u00f3n moderna<br \/>\n3. Ciencia ficci\u00f3n en el Per\u00fa<\/span><\/span><\/span><\/p>\n<p class=\"western\" lang=\"es-ES\"><span style=\"font-family: Arial,serif;\"><span style=\"font-size: small;\"><span lang=\"es-PE\"><b>Unidad III: Literatura europea del siglo XX<br \/>\n<\/b>1. Kafka y lo absurdo<br \/>\n2. Yourcenar y la magia<br \/>\n3. Camus: existencialismo y conciencia social<br \/>\n4. B\u00f6ll: cuento y la Guerra Fr\u00eda<\/span><\/span><\/span><\/p>\n<p class=\"western\" lang=\"es-ES\"><span style=\"font-family: Arial,serif;\"><span style=\"font-size: small;\"><span lang=\"es-PE\"><b>Unidad IV: Literaturas asi\u00e1ticas y africanas<br \/>\n<\/b>1. Yukio Mishima (Jap\u00f3n)<br \/>\n2. Gao Xingjiang (China)<br \/>\n3. Naguib Mahfuz (Egipto)<br \/>\n4. Chimamanda Adichie (Nigeria)<\/span><\/span><\/span><\/p>\n<p class=\"western\" lang=\"es-ES\"><span style=\"font-family: Arial,serif;\"><span style=\"font-size: small;\"><span lang=\"es-PE\"><b>Unidad V: El boom de la literatura latinoamericana<br \/>\n<\/b>1. Juan Carlos Onetti (Uruguay)<br \/>\n2. Julio Cort\u00e1zar (Argentina)<br \/>\n3. Carlos Fuentes (M\u00e9xico)<br \/>\n4. Gabriel Garc\u00eda M\u00e1rquez (Colombia)<\/span><\/span><\/span><\/p>\n<p class=\"western\" lang=\"es-ES\"><span style=\"font-family: Arial,serif;\"><span style=\"font-size: small;\"><span lang=\"es-PE\"><b>Unidad VI: El boom en el Per\u00fa<br \/>\n<\/b>1. Julio Ram\u00f3n Ribeyro<br \/>\n2. Mario Vargas Llosa<br \/>\n3. Alfredo Bryce Echenique<\/span><\/span><\/span><\/p>\n<p class=\"western\" lang=\"es-ES\" align=\"justify\"><strong>V. <span style=\"font-family: Times New Roman,serif;\"><span style=\"font-size: medium;\"><span style=\"font-family: Arial,serif;\"><span style=\"font-size: small;\">Estrategia Did\u00e1ctica<\/span><\/span><\/span><\/span><\/strong><\/p>\n<ul>\n<li class=\"western\" lang=\"es-ES\"><span style=\"font-family: Arial,serif;\"><span style=\"font-size: small;\">El blog <\/span><\/span><span style=\"font-family: Arial,serif;\"><span style=\"font-size: small;\"><i>En las nubes de la ficci\u00f3n<\/i><\/span><\/span><span style=\"font-family: Arial,serif;\"><span style=\"font-size: small;\"> (<\/span><\/span><span style=\"color: #0000ff;\"><span lang=\"zxx\"><u><a href=\"https:\/\/blogs.up.edu.pe\/nubes\/\/\"><span style=\"font-family: Arial,serif;\"><span style=\"font-size: small;\">https:\/\/blogs.up.edu.pe\/nubes\/\/<\/span><\/span><\/a><\/u><\/span><\/span><span style=\"font-family: Arial,serif;\"><span style=\"font-size: small;\">) publicar\u00e1 cada jueves una entrada con una aproximaci\u00f3n al tema semanal y enlaces a los relatos que los alumnos deben leer.<\/span><\/span><\/li>\n<li class=\"western\" lang=\"es-ES\"><span style=\"font-family: Arial,serif;\"><span style=\"font-size: small;\">Con la entrada a la vista en el aula y otros recursos de exposici\u00f3n, los d\u00edas jueves el profesor dictar\u00e1 una clase sobre el tema, los autores, el contexto hist\u00f3rico, el g\u00e9nero y las corrientes literarias correspondientes.<\/span><\/span><\/li>\n<li class=\"western\" lang=\"es-ES\"><span style=\"font-family: Arial,serif;\"><span style=\"font-size: small;\">Entre el jueves y el lunes siguiente, los alumnos deber\u00e1n leer la entrada y los cuentos vinculados (entre 3 y 4, dependiendo de su extensi\u00f3n).<\/span><\/span><\/li>\n<li class=\"western\" lang=\"es-ES\"><span style=\"font-family: Arial,serif;\"><span style=\"font-size: small;\">Los alumnos deber\u00e1n escribir en los comentarios de la entrada respectiva, una apreciaci\u00f3n general de las lecturas, lo m\u00e1s sint\u00e9tica posible, planteando los temas que les gustar\u00eda debatir en la sesi\u00f3n del martes siguiente. \u00bfCu\u00e1les son los temas relevantes del cuento o los cuentos? \u00bfC\u00f3mo son el lenguaje, los personajes, las tramas, los desenlaces? \u00bfQu\u00e9 relaci\u00f3n tienen con la \u00e9poca y el lugar en los que se ha escrito la obra?<\/span><\/span><\/li>\n<li class=\"western\" lang=\"es-ES\"><span style=\"font-family: Arial,serif;\"><span style=\"font-size: small;\">Las sesiones de los martes se dedicar\u00e1n a realizar el debate (discusi\u00f3n y an\u00e1lisis grupales) para el cual los alumnos deber\u00e1n estar preparados. El profesor fungir\u00e1 como moderador del debate y garantizar\u00e1 que el espacio de di\u00e1logo permita la participaci\u00f3n de todos los alumnos.<\/span><\/span><\/li>\n<li class=\"western\" lang=\"es-ES\"><span style=\"font-family: Arial,serif;\"><span style=\"font-size: small;\">Al finalizar el curso, los alumnos deber\u00e1n entregar un ensayo breve (entre 600 y 800 palabras) de an\u00e1lisis de aquel g\u00e9nero, autor o relato que elijan. Este ensayo ser\u00e1 publicado en el blog.<\/span><\/span><\/li>\n<\/ul>\n<p><span style=\"font-size: small;\"><span style=\"font-size: medium;\"><span style=\"font-family: Arial,serif;\"><span style=\"font-size: small;\"><strong>VI. Evaluaci\u00f3n<\/strong> <\/span><\/span><\/span><\/span><\/p>\n<p lang=\"es-ES\" align=\"justify\"><span style=\"font-family: Times New Roman,serif;\"><span style=\"font-size: medium;\"><span style=\"font-family: Arial,serif;\"><span style=\"font-size: small;\">La desaprobaci\u00f3n de uno de los siguientes criterios significar\u00e1 la desaprobaci\u00f3n del taller (es decir, no se otorgar\u00e1 el cr\u00e9dito paraacad\u00e9mico). <\/span><\/span><\/span><\/span><\/p>\n<table width=\"571\" cellspacing=\"0\" cellpadding=\"7\">\n<colgroup>\n<col width=\"115\" \/>\n<col width=\"427\" \/> <\/colgroup>\n<tbody>\n<tr valign=\"top\">\n<td bgcolor=\"#ffffff\" width=\"115\">\n<p lang=\"es-ES\" align=\"center\"><span style=\"font-family: Times New Roman,serif;\"><span style=\"font-size: medium;\"><span style=\"font-family: Arial,serif;\"><span style=\"font-size: small;\">Instrumento <\/span><\/span><\/span><\/span><\/p>\n<\/td>\n<td bgcolor=\"#ffffff\" width=\"427\">\n<p lang=\"es-ES\" align=\"center\"><span style=\"font-family: Times New Roman,serif;\"><span style=\"font-size: medium;\"><span style=\"font-family: Arial,serif;\"><span style=\"font-size: small;\">Criterio de evaluaci\u00f3n<\/span><\/span><\/span><\/span><\/p>\n<\/td>\n<\/tr>\n<tr valign=\"top\">\n<td bgcolor=\"#ffffff\" width=\"115\">\n<p lang=\"es-ES\" align=\"left\"><span style=\"font-family: Times New Roman,serif;\"><span style=\"font-size: medium;\"><span style=\"font-family: Arial,serif;\"><span style=\"font-size: small;\">Asistencia <\/span><\/span><\/span><\/span><\/p>\n<\/td>\n<td bgcolor=\"#ffffff\" width=\"427\">\n<p class=\"western\" lang=\"es-ES\"><span style=\"font-family: Arial,serif;\"><span style=\"font-size: small;\">Se permitir\u00e1 \u00fanicamente el 30% de faltas.<br \/>\nFaltas permitidas: 4<br \/>\n4 tardanzas equivalen a una falta.<br \/>\nAsistencia= llegar a la hora, tolerancia 10 min.<br \/>\nTardanza= del minuto 11 al 15.<br \/>\nFalta= despu\u00e9s de los 15 minutos de la hora de inicio de clase.<\/span><\/span><\/p>\n<\/td>\n<\/tr>\n<tr valign=\"top\">\n<td bgcolor=\"#ffffff\" width=\"115\">\n<p lang=\"es-ES\" align=\"left\"><span style=\"font-family: Times New Roman,serif;\"><span style=\"font-size: medium;\"><span style=\"font-family: Arial,serif;\"><span style=\"font-size: small;\">Participaci\u00f3n en clase<\/span><\/span><\/span><\/span><\/p>\n<\/td>\n<td bgcolor=\"#ffffff\" width=\"427\"><span style=\"font-family: Calibri,serif;\"><span style=\"font-size: small;\"><span style=\"font-family: Arial,serif;\">En el blog: los estudiantes deber\u00e1n comentar en las entradas del blog; en total ser\u00e1n seis entradas (una por cada unidad). Al finalizar el curso cada estudiante deber\u00e1 haber publicado comentarios en al menos cinco de las entradas.<\/span><\/span><\/span><\/p>\n<p><span style=\"font-family: Calibri,serif;\"><span style=\"font-size: small;\"><span style=\"font-family: Arial,serif;\">En la clase: los estudiantes deber\u00e1n mostrar estar preparados para los debates en clase; todos deber\u00e1n participar al menos presentando sus temas de an\u00e1lisis.<\/span><\/span><\/span><\/td>\n<\/tr>\n<tr valign=\"top\">\n<td bgcolor=\"#ffffff\" width=\"115\">\n<p lang=\"es-ES\" align=\"left\"><span style=\"font-family: Times New Roman,serif;\"><span style=\"font-size: medium;\"><span style=\"font-family: Arial,serif;\"><span style=\"font-size: small;\">Trabajo final<\/span><\/span><\/span><\/span><\/p>\n<\/td>\n<td bgcolor=\"#ffffff\" width=\"427\">\n<p class=\"western\" lang=\"es-ES\"><span style=\"font-family: Arial,serif;\"><span style=\"font-size: small;\">Los estudiantes deber\u00e1n entregar el \u00faltimo d\u00eda de clase un ensayo final de entre 600 y 800 palabras, sobre un g\u00e9nero, autor o relato de su elecci\u00f3n, de tipo anal\u00edtico. Este trabajo ser\u00e1 publicado en el blog.<\/span><\/span><\/p>\n<\/td>\n<\/tr>\n<\/tbody>\n<\/table>\n<p lang=\"es-ES\" align=\"justify\"><strong><span style=\"font-family: Times New Roman,serif;\"><span style=\"font-size: medium;\"><span style=\"font-family: Arial,serif;\"><span style=\"font-size: small;\">VII. Referencias bibliogr\u00e1ficas<br \/>\n<\/span><\/span><\/span><\/span><\/strong><\/p>\n<p lang=\"es-ES\" align=\"justify\"><span style=\"font-family: Times New Roman,serif;\"><span style=\"font-size: medium;\"><span style=\"font-family: Arial,serif;\"><span style=\"font-size: small;\">T<\/span><\/span><\/span><\/span><span style=\"font-family: Arial,serif;\"><span style=\"font-size: small;\">anto los contenidos contextuales como los relatos que se leer\u00e1n ser\u00e1n publicados en el blog (ver secci\u00f3n \u201c<a href=\"https:\/\/blogs.up.edu.pe\/nubes\/\/textos-de-discusion\/\">Biblioteca<\/a>\u201d)<\/span><\/span><span style=\"font-family: Times New Roman,serif;\"><span style=\"font-size: medium;\"><span style=\"font-family: Arial,serif;\"><span style=\"font-size: small;\">.<br \/>\n<\/span><\/span><\/span><\/span><\/p>\n","protected":false},"excerpt":{"rendered":"<p>S\u00cdLABO Nombre del curso: En las nubes de la ficci\u00f3n. Club de lectura C\u00f3digo del curso:Pregrado &#8211; 900398\/No Acad\u00e9mica\/a Secci\u00f3n: A1 A\u00f1o y semestre acad\u00e9mico: 2015, II Nombre completo del docente del curso: Carlos Maza Pesqueira Correo electr\u00f3nico del docente &hellip; <a href=\"https:\/\/blogs.up.edu.pe\/nubes\/silabo\/\">Sigue leyendo <span class=\"meta-nav\">&rarr;<\/span><\/a><\/p>\n","protected":false},"author":1,"featured_media":0,"parent":0,"menu_order":2,"comment_status":"closed","ping_status":"closed","template":"","meta":{"footnotes":""},"class_list":["post-7","page","type-page","status-publish","hentry"],"_links":{"self":[{"href":"https:\/\/blogs.up.edu.pe\/nubes\/wp-json\/wp\/v2\/pages\/7","targetHints":{"allow":["GET"]}}],"collection":[{"href":"https:\/\/blogs.up.edu.pe\/nubes\/wp-json\/wp\/v2\/pages"}],"about":[{"href":"https:\/\/blogs.up.edu.pe\/nubes\/wp-json\/wp\/v2\/types\/page"}],"author":[{"embeddable":true,"href":"https:\/\/blogs.up.edu.pe\/nubes\/wp-json\/wp\/v2\/users\/1"}],"replies":[{"embeddable":true,"href":"https:\/\/blogs.up.edu.pe\/nubes\/wp-json\/wp\/v2\/comments?post=7"}],"version-history":[{"count":21,"href":"https:\/\/blogs.up.edu.pe\/nubes\/wp-json\/wp\/v2\/pages\/7\/revisions"}],"predecessor-version":[{"id":2003,"href":"https:\/\/blogs.up.edu.pe\/nubes\/wp-json\/wp\/v2\/pages\/7\/revisions\/2003"}],"wp:attachment":[{"href":"https:\/\/blogs.up.edu.pe\/nubes\/wp-json\/wp\/v2\/media?parent=7"}],"curies":[{"name":"wp","href":"https:\/\/api.w.org\/{rel}","templated":true}]}}