{"id":696,"date":"2013-03-04T23:16:11","date_gmt":"2013-03-04T23:16:11","guid":{"rendered":"https:\/\/blogs.up.edu.pe\/nubes\/\/?page_id=696"},"modified":"2013-03-04T23:16:11","modified_gmt":"2013-03-04T23:16:11","slug":"edgar-allan-poe-por-stefano-giorffino","status":"publish","type":"page","link":"https:\/\/blogs.up.edu.pe\/nubes\/trabajos\/trabajos-finales-ciclo-de-verano-2013\/edgar-allan-poe-por-stefano-giorffino\/","title":{"rendered":"Edgar Allan Poe, por Stefano Giorffino"},"content":{"rendered":"<p align=\"JUSTIFY\">Edgar Allan Poe es uno de los m\u00e1s reconocidos escritores del mundo en el g\u00e9nero de terror y pionero en el relato detectivesco, con brillantes obras entre las que destacan sus relatos cortos, siendo adem\u00e1s cr\u00edtico y periodista. Si bien este escritor logr\u00f3 superar los m\u00faltiples retos que le present\u00f3 la vida, no lleg\u00f3 a alcanzar la fama terrenal, pero s\u00ed la posteridad cuando todas sus obras fueron presentadas. Adem\u00e1s, su personalidad influy\u00f3 en su literatura.<\/p>\n<p align=\"JUSTIFY\">En primer lugar, me gustar\u00eda hablar un poco de su vida y c\u00f3mo esta influenci\u00f3 en su producci\u00f3n literaria. La accidentada relaci\u00f3n entre Edgar y su padre adoptivo, John Allan, fue determinante en la vida del poeta y por ende en sus obras literarias. Esta comenz\u00f3 cuando Frances Allan, esposa de John, adopt\u00f3 al peque\u00f1o Edgar, el cual creci\u00f3 mimado por su acaudalado padre, lo que posiblemente le dio una idea equivocada de la vida y la felicidad. No obstante, esta relaci\u00f3n se fue deteriorando con el paso del tiempo debido a las continuas discusiones que entablaban Edgar y su padre; ya que las ideas del futuro escritor no eran las mismas que las de John. Posteriormente este v\u00ednculo lleg\u00f3 a su fin luego de que Edgar abandonara la universidad de Charlottesville; aunque ya para entonces su padre hab\u00eda dejado de interesarse por \u00e9l, pues Edgar solo recurr\u00eda a su padre para pedirle apoyo econ\u00f3mico y en algunos casos moral, los cuales no eran atendidos siempre. La falta de apoyo de \u00e9ste influy\u00f3 en su carrera como literato. Entonces, si la relaci\u00f3n entre padrastro e hijastro hubiese sido mejor, Poe posiblemente habr\u00eda enfocado diferente la tem\u00e1tica de sus obras, aprovechando su genio de literato para producciones orientadas a una tem\u00e1tica menos perversa o producciones \u201cpositivas\u201d.<\/p>\n<p align=\"JUSTIFY\">De igual forma se puede atribuir a los diferentes vicios que tuvo durante su vida el ser causantes del tipo de literatura tan macabra y retorcida. Entre las principales adicciones de Poe se encontraba el alcohol, el cual comenz\u00f3 a consumir a muy temprana edad, gracias a una de las peores influencias que tuvo en su vida, su amigo Ebenezer Burling. El alcohol, que fue su gran debilidad, posiblemente, impuls\u00f3 a Poe a escribir acerca de temas l\u00f3bregos. Adem\u00e1s, otro vicio de Edgar fue el opio, aunque no hizo tantos estragos en Poe como el alcohol. Inclusive en una ocasi\u00f3n trat\u00f3 de quitarse la vida ingiriendo l\u00e1udano. A su vez, muchas de sus obras mencionan a otras drogas como la morfina en \u201cUn cuento en las monta\u00f1as escabrosas\u201d.<\/p>\n<p style=\"padding-left: 30px;\" align=\"JUSTIFY\">En efecto, el poeta menciona o alude al opio o a otras drogas en sus relatos (\u201cLigeia\u201d, \u201dBerenice\u201d, \u201dLa ca\u00edda de la casa de Usher\u201d) y coincide en la descripci\u00f3n de sus efectos con declarados opi\u00f3manos como los escritores Thomas de Quincey o Samuel Taylor Colleridge (Conde: poe, 2004\u201d).<\/p>\n<p align=\"JUSTIFY\">Por consiguiente, es posible relacionar los oscuros temas que eleg\u00eda Poe con los vicios que tuvo; ya, que probablemente lo alteraron psicol\u00f3gicamente, caus\u00e1ndole muchos problemas sociales, de salud y su posterior muerte.<\/p>\n<p align=\"JUSTIFY\">En lo que respecta a la relaci\u00f3n entre Poe y la sociedad americana de su \u00e9poca, esta no fue la mejor, pues por momentos el poeta era totalmente aceptado por la sociedad y por el contario en otras ocasiones era rechazado rotundamente por esta. Ello se debi\u00f3 a que Poe estuvo obligado en un sinf\u00edn de ocasiones a realizar cr\u00edticas a la sociedad porque sus ingresos provenientes de sus empleos no eran los suficientes, a pesar de que en ocasiones recib\u00eda dinero de concursos que ganaba. Asimismo, fue tambi\u00e9n en parte la forma en la cual Poe criticaba, pues era muy severo y generalmente se dirig\u00eda a otros poetas; sin embargo, tambi\u00e9n lleg\u00f3 a ocupar importantes puestos en los principales diarios y revistas gracias a su habilidad cr\u00edtica. Otro de los motivos de este problema fue la falta de compresi\u00f3n de la sociedad con respecto a Poe, puesto que este fue un genio de la literatura y debi\u00f3 darle m\u00e1s oportunidades, que nunca se le otorgaron por creerlo trastornado. De esta manera, Edgar Allan Poe escribi\u00f3 resaltando el lado oscuro de las personas y, en general, de la sociedad que nunca le brind\u00f3 el apoyo necesario para que sus obras se enfocaran en temas diferentes.<\/p>\n<p align=\"JUSTIFY\">En conclusi\u00f3n, la literatura desarrollada por Poe est\u00e1 influenciada por aspectos negativos debido a los exabruptos que tuvo en su vida. Adem\u00e1s nos muestra que los problemas que enfrent\u00f3 no fueron impedimentos para ser un gran literato. Y convertirse en la base de este g\u00e9nero. Incluso, permite conocer una dimensi\u00f3n a la cual no estamos acostumbrados porque nos da a conocer ese lado siniestro que tienen las personas. Poe no resalt\u00f3 los aspectos positivos de las personas sino que enfatiz\u00f3 su lado oscuro, a diferencia de otros poetas que siempre buscan el lado positivo de las cosas.<\/p>\n","protected":false},"excerpt":{"rendered":"<p>Edgar Allan Poe es uno de los m\u00e1s reconocidos escritores del mundo en el g\u00e9nero de terror y pionero en el relato detectivesco, con brillantes obras entre las que destacan sus relatos cortos, siendo adem\u00e1s cr\u00edtico y periodista. Si bien &hellip; <a href=\"https:\/\/blogs.up.edu.pe\/nubes\/trabajos\/trabajos-finales-ciclo-de-verano-2013\/edgar-allan-poe-por-stefano-giorffino\/\">Sigue leyendo <span class=\"meta-nav\">&rarr;<\/span><\/a><\/p>\n","protected":false},"author":3,"featured_media":0,"parent":632,"menu_order":16,"comment_status":"closed","ping_status":"closed","template":"","meta":{"footnotes":""},"class_list":["post-696","page","type-page","status-publish","hentry"],"_links":{"self":[{"href":"https:\/\/blogs.up.edu.pe\/nubes\/wp-json\/wp\/v2\/pages\/696","targetHints":{"allow":["GET"]}}],"collection":[{"href":"https:\/\/blogs.up.edu.pe\/nubes\/wp-json\/wp\/v2\/pages"}],"about":[{"href":"https:\/\/blogs.up.edu.pe\/nubes\/wp-json\/wp\/v2\/types\/page"}],"author":[{"embeddable":true,"href":"https:\/\/blogs.up.edu.pe\/nubes\/wp-json\/wp\/v2\/users\/3"}],"replies":[{"embeddable":true,"href":"https:\/\/blogs.up.edu.pe\/nubes\/wp-json\/wp\/v2\/comments?post=696"}],"version-history":[{"count":2,"href":"https:\/\/blogs.up.edu.pe\/nubes\/wp-json\/wp\/v2\/pages\/696\/revisions"}],"predecessor-version":[{"id":699,"href":"https:\/\/blogs.up.edu.pe\/nubes\/wp-json\/wp\/v2\/pages\/696\/revisions\/699"}],"up":[{"embeddable":true,"href":"https:\/\/blogs.up.edu.pe\/nubes\/wp-json\/wp\/v2\/pages\/632"}],"wp:attachment":[{"href":"https:\/\/blogs.up.edu.pe\/nubes\/wp-json\/wp\/v2\/media?parent=696"}],"curies":[{"name":"wp","href":"https:\/\/api.w.org\/{rel}","templated":true}]}}