{"id":691,"date":"2013-03-04T23:13:23","date_gmt":"2013-03-04T23:13:23","guid":{"rendered":"https:\/\/blogs.up.edu.pe\/nubes\/\/?page_id=691"},"modified":"2013-03-04T23:13:23","modified_gmt":"2013-03-04T23:13:23","slug":"los-huaqueros-de-julio-ramon-ribeyro-por-camila-cordova","status":"publish","type":"page","link":"https:\/\/blogs.up.edu.pe\/nubes\/trabajos\/trabajos-finales-ciclo-de-verano-2013\/los-huaqueros-de-julio-ramon-ribeyro-por-camila-cordova\/","title":{"rendered":"\u201cLos huaqueros\u201d de Julio Ram\u00f3n Ribeyro, por Camila C\u00f3rdova"},"content":{"rendered":"<p style=\"text-align: justify;\">He elegido \u201cLos huaqueros\u201d de Julio Ram\u00f3n Ribeyro porque en la lectura de esta obra he descubierto el g\u00e9nero corto y ameno que puede transmitir el autor, lo que lo hace un gran literato.<\/p>\n<p style=\"text-align: justify;\">La obra trata de cuatro huaqueros que, en plena noche, est\u00e1n cavando en la huerta de Santa Cruz y, justo cuando son intervenidos por un polic\u00eda, Tob\u00edas cree haber encontrado algo valioso. Es as\u00ed como el polic\u00eda termina uni\u00e9ndose a los huaqueros hasta que se hace de d\u00eda y descubren que lo que tanto estaban buscando carec\u00eda de valor. Finalmente, el polic\u00eda se va disgustado y los cuatros hombres lo toman a la ligera y pronto se olvidan de lo sucedido.<\/p>\n<p style=\"text-align: justify;\">En este relato Ribeyro nos quiere transmitir la circunstancia en que transcurre el tiempo y la vida misma del hombre, despu\u00e9s de todo no es necesario llegar a concretar ciertas acciones para el sentido final de la vida. Es decir; despu\u00e9s de la larga noche de labor en la huaca y quedar decepcionados por el hallazgo, los huaqueros, quienes trabajaron en todo momento en la excavaci\u00f3n, tomaron esta experiencia como anecd\u00f3tica y se rieron a carcajadas de lo ocurrido mientras el polic\u00eda que particip\u00f3 en lo m\u00e1s m\u00ednimo, fue quien se molest\u00f3 m\u00e1s. Es as\u00ed como Ribeyro nos cuenta que el hombre debe conformarse con vivir e incluso olvidar para ser feliz.<\/p>\n<p style=\"text-align: justify;\">Asimismo, Ribeyro valora la sencillez para captar, con sensibilidad, el sentido de lo descrito y nos presenta el arte de hablar, el cual nos facilita situar el panorama. Por ejemplo: \u201cComo la noche era agradable, se quitaron las camisas y las anudaron a la cintura\u201d. Del mismo modo, Ribeyro es capaz de describir a estos personajes en relaci\u00f3n a su herencia ancestral como el mulato Tob\u00edas y el mestizo Toledo. En s\u00ed, la obra exhibe las percepciones de la realidad propias del autor.<\/p>\n<p style=\"text-align: justify;\">En una entrevista de 1992, Ribeyro afirmaba: \u201clo esencial de mis relatos obedece a una estructura en la que el protagonista sufre un chasco, algo que no le sale bien, algo que frustra sus deseos; es una especie de desajuste entre lo que imagina, entre lo que aspira y lo que realiza\u201d. Estoy totalmente de acuerdo puesto que son pericias que se presentan en la vida pero la vida contin\u00faa y el hombre es consciente de eso as\u00ed no se d\u00e9 cuenta de que la acci\u00f3n que toma tras estos \u201cbaches\u201d lo lleven a nuevos objetivos. Es como un proceso circular muy repetitivo de lo que la vida nos depara y somos nosotros los que damos vueltas en ella, decidiendo cual ser\u00e1 nuestro pr\u00f3ximo paso.<\/p>\n<p style=\"text-align: justify;\">Cabe a\u00f1adir que, existe una cierta relaci\u00f3n entre Ricardo Palma y Julio Ram\u00f3n Ribeyro. El primero es qui\u00e9n comienza a trazar la narrativa peruana gracias a sus <i>Tradiciones<\/i> que intentan recuperar el pasado hist\u00f3rico y folcl\u00f3rico nacional. Mientras el segundo aborda la buena literatura a trav\u00e9s de la trivializaci\u00f3n de la realidad en algunos de sus relatos. Ambos se dedican al g\u00e9nero narrativo corto, el cual provoca leerlos de un tir\u00f3n.<\/p>\n<p style=\"text-align: justify;\">Ribeyro perteneci\u00f3 a la narrativa de los a\u00f1os 50 en el Per\u00fa, logrando reemplazar la narrativa regionalista ligada al indigenismo. Esta nueva percepci\u00f3n de narrativa se concentra en las consecuencias inmediatas de la modernizaci\u00f3n de la costa y migraci\u00f3n rural lo cual convierte a la clase media emergente en el l\u00edder de sus relatos. Se puede observar esta asociaci\u00f3n tanto en esta lectura como en \u201cLa palabra del mudo\u201d. Estos relatos realistas hacen que el lector establezca una relaci\u00f3n entra\u00f1able con los personajes de las obras por breves minutos.<\/p>\n","protected":false},"excerpt":{"rendered":"<p>He elegido \u201cLos huaqueros\u201d de Julio Ram\u00f3n Ribeyro porque en la lectura de esta obra he descubierto el g\u00e9nero corto y ameno que puede transmitir el autor, lo que lo hace un gran literato. La obra trata de cuatro huaqueros &hellip; <a href=\"https:\/\/blogs.up.edu.pe\/nubes\/trabajos\/trabajos-finales-ciclo-de-verano-2013\/los-huaqueros-de-julio-ramon-ribeyro-por-camila-cordova\/\">Sigue leyendo <span class=\"meta-nav\">&rarr;<\/span><\/a><\/p>\n","protected":false},"author":3,"featured_media":0,"parent":632,"menu_order":15,"comment_status":"closed","ping_status":"closed","template":"","meta":{"footnotes":""},"class_list":["post-691","page","type-page","status-publish","hentry"],"_links":{"self":[{"href":"https:\/\/blogs.up.edu.pe\/nubes\/wp-json\/wp\/v2\/pages\/691","targetHints":{"allow":["GET"]}}],"collection":[{"href":"https:\/\/blogs.up.edu.pe\/nubes\/wp-json\/wp\/v2\/pages"}],"about":[{"href":"https:\/\/blogs.up.edu.pe\/nubes\/wp-json\/wp\/v2\/types\/page"}],"author":[{"embeddable":true,"href":"https:\/\/blogs.up.edu.pe\/nubes\/wp-json\/wp\/v2\/users\/3"}],"replies":[{"embeddable":true,"href":"https:\/\/blogs.up.edu.pe\/nubes\/wp-json\/wp\/v2\/comments?post=691"}],"version-history":[{"count":1,"href":"https:\/\/blogs.up.edu.pe\/nubes\/wp-json\/wp\/v2\/pages\/691\/revisions"}],"predecessor-version":[{"id":693,"href":"https:\/\/blogs.up.edu.pe\/nubes\/wp-json\/wp\/v2\/pages\/691\/revisions\/693"}],"up":[{"embeddable":true,"href":"https:\/\/blogs.up.edu.pe\/nubes\/wp-json\/wp\/v2\/pages\/632"}],"wp:attachment":[{"href":"https:\/\/blogs.up.edu.pe\/nubes\/wp-json\/wp\/v2\/media?parent=691"}],"curies":[{"name":"wp","href":"https:\/\/api.w.org\/{rel}","templated":true}]}}