{"id":688,"date":"2013-03-04T23:04:02","date_gmt":"2013-03-04T23:04:02","guid":{"rendered":"https:\/\/blogs.up.edu.pe\/nubes\/\/?page_id=688"},"modified":"2013-03-04T23:04:02","modified_gmt":"2013-03-04T23:04:02","slug":"julio-ramon-ribeyro-por-giulio-gilardi","status":"publish","type":"page","link":"https:\/\/blogs.up.edu.pe\/nubes\/trabajos\/trabajos-finales-ciclo-de-verano-2013\/julio-ramon-ribeyro-por-giulio-gilardi\/","title":{"rendered":"Julio Ram\u00f3n Ribeyro, por Giulio Gilardi"},"content":{"rendered":"<p align=\"JUSTIFY\">Julio Ram\u00f3n Ribeyro es, a mi parecer, el mejor cuentista peruano que ha habido. En sus cuentos nos retrata la sociedad lime\u00f1a, en su mayor\u00eda de clase media para abajo. Sin prescindir del humor nos permite compartir los sentimientos, las acciones y los deseos de un estrato social al que muchos marginan y que muchas veces no es tomado en cuenta por el mismo hecho de estar justo a la mitad de la pir\u00e1mide.<\/p>\n<p align=\"JUSTIFY\">En esta oportunidad le\u00edmos \u201cLos huaqueros\u201d y \u201cLa insignia\u201d, pero estos son solo dos cuentos de las decenas que escribi\u00f3. A pesar de que estos cuentos me parecen muy buenos, su repertorio abarca muchas m\u00e1s situaciones. Por ejemplo, nos muestra el estereotipo de \u201cgringo\u201d exitoso y de \u201ccholo\u201d mediocre en \u201cAlienaci\u00f3n\u201d, asi como el relativismo de las cosas, ya que una chica que pasaba como \u201cgringa\u201d en el barrio era \u201cchola\u201d en Estados Unidos.<\/p>\n<p align=\"JUSTIFY\">Sus cuentos no retratan solo a la sociedad lime\u00f1a, sino tambi\u00e9n ha hecho cuentos autobiogr\u00e1ficos como \u201cSolo para fumadores\u201d, en el que nos cuenta la desesperaci\u00f3n que puede llegar a sentir un adicto al cigarro que, al no tener dinero, recoge las colillas del piso para darles un \u00faltimo toque.<\/p>\n<p align=\"JUSTIFY\">A mi parecer, el autor es un exponente del naturalismo, ya que describe el d\u00eda a d\u00eda de las personas y en sus cuentos incorpora algunas \u201ctradiciones\u201d lime\u00f1as de la \u00e9poca en la que fueron escritos. Por ejemplo, en el cuento \u201cEl pr\u00f3ximo mes me nivelo\u201d, nos muestra la muy com\u00fan costumbre de los peruanos a dejar todo para ma\u00f1ana y pensar en el corto plazo. Todo esto acompa\u00f1ado de la presi\u00f3n social que ejerce el grupo del barrio sobre una persona y lo f\u00e1cil de convencer que uno puede llegar a ser.<\/p>\n<p align=\"JUSTIFY\">Dentro de su legado no solo dej\u00f3 grandes cuentos sino tambi\u00e9n un dec\u00e1logo para que los futuros cuentistas se orientaran mejor. Esto sin advertir que no necesariamente uno ten\u00eda que cumplir el dec\u00e1logo para escribir un gran cuento y si uno lo cumpl\u00eda a la perfecci\u00f3n, esto no garantizaba un buen cuento tampoco.<\/p>\n<p align=\"JUSTIFY\">Si bien en algunos cuentos como \u201cLos gallinazos sin plumas\u201d nos habla de familias de los estratos socioecon\u00f3micos m\u00e1s bajos, me parece bastante interesante que en la mayor\u00eda de cuentos nos presente a personas de clase media (muchas veces miraflorinos, ya que \u00e9l vivi\u00f3 ah\u00ed) que muchas veces se encuentran movi\u00e9ndose entre la mediocridad de sus vidas, que no tienen grandes ambiciones ni tantas preocupaciones tampoco.<\/p>\n<p align=\"JUSTIFY\">La importancia que este autor ha tenido en la sociedad se puede comprobar con su cuento \u201cTristes querellas en la vieja quinta\u201d. Esta es la historia de dos adultos mayores que son vecinos en la misma quinta. Estas dos personas no se llevan bien y a lo largo del cuento nos presentan diversas situaciones en las que ambos est\u00e1n involucrados y que la mayor\u00eda de veces terminan en insultos y maldiciones. Lo interesante de este cuento es que Ribeyro nos muestra la necesidad de las personas mayores de sentirse vivas y que muchas veces el m\u00e9todo para hacer esto es pelearse con otra persona. Tanto as\u00ed, que cuando uno de los protagonistas muere, el otro se queda aburrido y extra\u00f1ando a su compa\u00f1ero de ri\u00f1as. Este cuento lleg\u00f3 a tener tanta relevancia, que la quinta donde se inspir\u00f3 fue declarada patrimonio hist\u00f3rico y a\u00fan sigue soportando el paso de los a\u00f1os en la avenida 28 de Julio.<\/p>\n<p align=\"JUSTIFY\">Quisiera terminar diciendo que si uno busca comenzar a incursionar en este g\u00e9nero, deber\u00eda leer obligatoriamente a Ribeyro, ya que cada cuento que hace es \u00fanico, a pesar de haber escrito decenas de ellos y te transporta a diferentes lugares, \u00e9pocas y costumbres.<\/p>\n","protected":false},"excerpt":{"rendered":"<p>Julio Ram\u00f3n Ribeyro es, a mi parecer, el mejor cuentista peruano que ha habido. En sus cuentos nos retrata la sociedad lime\u00f1a, en su mayor\u00eda de clase media para abajo. Sin prescindir del humor nos permite compartir los sentimientos, las &hellip; <a href=\"https:\/\/blogs.up.edu.pe\/nubes\/trabajos\/trabajos-finales-ciclo-de-verano-2013\/julio-ramon-ribeyro-por-giulio-gilardi\/\">Sigue leyendo <span class=\"meta-nav\">&rarr;<\/span><\/a><\/p>\n","protected":false},"author":3,"featured_media":0,"parent":632,"menu_order":14,"comment_status":"closed","ping_status":"closed","template":"","meta":{"footnotes":""},"class_list":["post-688","page","type-page","status-publish","hentry"],"_links":{"self":[{"href":"https:\/\/blogs.up.edu.pe\/nubes\/wp-json\/wp\/v2\/pages\/688","targetHints":{"allow":["GET"]}}],"collection":[{"href":"https:\/\/blogs.up.edu.pe\/nubes\/wp-json\/wp\/v2\/pages"}],"about":[{"href":"https:\/\/blogs.up.edu.pe\/nubes\/wp-json\/wp\/v2\/types\/page"}],"author":[{"embeddable":true,"href":"https:\/\/blogs.up.edu.pe\/nubes\/wp-json\/wp\/v2\/users\/3"}],"replies":[{"embeddable":true,"href":"https:\/\/blogs.up.edu.pe\/nubes\/wp-json\/wp\/v2\/comments?post=688"}],"version-history":[{"count":1,"href":"https:\/\/blogs.up.edu.pe\/nubes\/wp-json\/wp\/v2\/pages\/688\/revisions"}],"predecessor-version":[{"id":690,"href":"https:\/\/blogs.up.edu.pe\/nubes\/wp-json\/wp\/v2\/pages\/688\/revisions\/690"}],"up":[{"embeddable":true,"href":"https:\/\/blogs.up.edu.pe\/nubes\/wp-json\/wp\/v2\/pages\/632"}],"wp:attachment":[{"href":"https:\/\/blogs.up.edu.pe\/nubes\/wp-json\/wp\/v2\/media?parent=688"}],"curies":[{"name":"wp","href":"https:\/\/api.w.org\/{rel}","templated":true}]}}