{"id":686,"date":"2013-03-04T23:02:06","date_gmt":"2013-03-04T23:02:06","guid":{"rendered":"https:\/\/blogs.up.edu.pe\/nubes\/\/?page_id=686"},"modified":"2013-03-04T23:02:06","modified_gmt":"2013-03-04T23:02:06","slug":"los-huaqueros-de-julio-ramon-ribeyro-por-bruno-talledo","status":"publish","type":"page","link":"https:\/\/blogs.up.edu.pe\/nubes\/trabajos\/trabajos-finales-ciclo-de-verano-2013\/los-huaqueros-de-julio-ramon-ribeyro-por-bruno-talledo\/","title":{"rendered":"\u201cLos huaqueros\u201d de Julio Ram\u00f3n Ribeyro, por Bruno Talledo"},"content":{"rendered":"<p style=\"text-align: justify;\" align=\"CENTER\">\u201cLos huaqueros\u201d de Julio Ram\u00f3n Ribeyro es un cuento que me gusto mucho y eleg\u00ed escribir sobre \u00e9l porque, si bien me parece un cuento bastante ligero, f\u00e1cil de digerir y entender, tambi\u00e9n presenta mediante situaciones divertidas y caracterizaciones c\u00f3micas una realidad innata del Per\u00fa.<\/p>\n<p align=\"JUSTIFY\">\u201cLos huaqueros\u201d hace presente la realidad peruana de muchas maneras, \u00e1ngulos y personajes. As\u00ed es la manera en que distintos actores en la sociedad peruana interact\u00faan y forman, a partir de estas relaciones, un pa\u00eds, si bien un tanto informal y hasta ilegal, c\u00f3mico y amigable.<\/p>\n<p align=\"JUSTIFY\">Primero, encontramos a los huaqueros, estos trabajadores informales e ilegales que se dedican al saqueo de tumbas, huacas y sitios hist\u00f3ricos con un gran valor para luego vender las piezas robadas en el mercado negro. Si bien se caracteriza a estos personajes, un tanto c\u00f3micos, torpes y muy simples de pensamiento, hasta el punto en que te llegan a caer bien; son una realidad en el Per\u00fa. Siendo el Per\u00fa uno de los pa\u00edses con mayor riqueza hist\u00f3rica por ser el centro de la cultura incaica, posee muchos sitios arqueol\u00f3gicos y por ende existen numerosos huaqueros. Esto nos da una idea bastante clara de los niveles de informalidad e ilegalidad en el Per\u00fa as\u00ed como las limitadas oportunidades para personas de bajos recursos de ganarse la vida, por lo que caen en este tipo de actividades. En este punto tambi\u00e9n deber\u00eda recalcarse la incapacidad del Estado peruano de brindar educaci\u00f3n a sus ciudadanos para as\u00ed darles herramientas e incluirlos en la poblaci\u00f3n econ\u00f3micamente activa formal.<\/p>\n<p align=\"JUSTIFY\">Segundo, tenemos la solidaridad y el compa\u00f1erismo como esencia en la relaci\u00f3n entre los huaqueros de esta narraci\u00f3n. En la cultura peruana, y latinoamericana en general, destacan las muestras f\u00edsicas y verbales de cari\u00f1o entre personas. En el Per\u00fa, espec\u00edficamente, se destaca en el lenguaje coloquial, el hacer alusi\u00f3n a los amigos como si fueran tus hermanos, tus compadres y tratarlos con palabras que parecen muy groseras, pero con una finalidad de demostrar cari\u00f1o. Es de esta manera como vemos que se tratan los huaqueros; incluso huaqueros de distintos bandos que de alguna manera compiten entre s\u00ed para poder extraer m\u00e1s objetos preciosos. Cabe mencionar, que mientras m\u00e1s bajo es el estrato socioecon\u00f3mico, m\u00e1s se hace gala de este tipo de comportamiento.<\/p>\n<p align=\"JUSTIFY\">Tercero, tenemos al polic\u00eda que de alguna manera se deja llevar por la proposici\u00f3n ilegal de los huaqueros, al ser atrapados en su \u201cacci\u00f3n extractiva\u201d, mostrando una falta de \u00e9tica e institucionalidad personal y profesional. El tema de la pobre institucionalidad de la polic\u00eda y el mediano a pobre respeto por esta instituci\u00f3n policial se puede llevar a todos los niveles socioecon\u00f3micos y a todos los puntos geogr\u00e1ficos del Per\u00fa. Esto est\u00e1 fuertemente relacionado con los bajos ingresos de los polic\u00edas, lo que los motiva a prestarse a favorecer acciones ilegales por alguna propina o ingreso adicional.<\/p>\n<p align=\"JUSTIFY\">En pocas palabras, \u201cLos huaqueros\u201d nos muestra varias caras negativas y realidades del Per\u00fa de manera c\u00f3mica y divertida. Mediante un refrescante y ligero contenido nos muestra con buen humor c\u00f3mo son las relaciones entre el mundo ilegal y legal en nuestro pa\u00eds. C\u00f3mo, de alguna manera, la insuficiencia econ\u00f3mica, los bajos ingresos, el trato amical y el compa\u00f1erismo tan compenetrado con la cultura latinoamericana y peruana, hacen c\u00f3mplices a la polic\u00eda y a los delincuentes sin llegar a parecer que lo que est\u00e1n haciendo est\u00e9 realmente mal, o que sea visto al menos como algo necesario.<\/p>\n","protected":false},"excerpt":{"rendered":"<p>\u201cLos huaqueros\u201d de Julio Ram\u00f3n Ribeyro es un cuento que me gusto mucho y eleg\u00ed escribir sobre \u00e9l porque, si bien me parece un cuento bastante ligero, f\u00e1cil de digerir y entender, tambi\u00e9n presenta mediante situaciones divertidas y caracterizaciones c\u00f3micas &hellip; <a href=\"https:\/\/blogs.up.edu.pe\/nubes\/trabajos\/trabajos-finales-ciclo-de-verano-2013\/los-huaqueros-de-julio-ramon-ribeyro-por-bruno-talledo\/\">Sigue leyendo <span class=\"meta-nav\">&rarr;<\/span><\/a><\/p>\n","protected":false},"author":3,"featured_media":0,"parent":632,"menu_order":13,"comment_status":"closed","ping_status":"closed","template":"","meta":{"footnotes":""},"class_list":["post-686","page","type-page","status-publish","hentry"],"_links":{"self":[{"href":"https:\/\/blogs.up.edu.pe\/nubes\/wp-json\/wp\/v2\/pages\/686","targetHints":{"allow":["GET"]}}],"collection":[{"href":"https:\/\/blogs.up.edu.pe\/nubes\/wp-json\/wp\/v2\/pages"}],"about":[{"href":"https:\/\/blogs.up.edu.pe\/nubes\/wp-json\/wp\/v2\/types\/page"}],"author":[{"embeddable":true,"href":"https:\/\/blogs.up.edu.pe\/nubes\/wp-json\/wp\/v2\/users\/3"}],"replies":[{"embeddable":true,"href":"https:\/\/blogs.up.edu.pe\/nubes\/wp-json\/wp\/v2\/comments?post=686"}],"version-history":[{"count":1,"href":"https:\/\/blogs.up.edu.pe\/nubes\/wp-json\/wp\/v2\/pages\/686\/revisions"}],"predecessor-version":[{"id":687,"href":"https:\/\/blogs.up.edu.pe\/nubes\/wp-json\/wp\/v2\/pages\/686\/revisions\/687"}],"up":[{"embeddable":true,"href":"https:\/\/blogs.up.edu.pe\/nubes\/wp-json\/wp\/v2\/pages\/632"}],"wp:attachment":[{"href":"https:\/\/blogs.up.edu.pe\/nubes\/wp-json\/wp\/v2\/media?parent=686"}],"curies":[{"name":"wp","href":"https:\/\/api.w.org\/{rel}","templated":true}]}}