{"id":679,"date":"2013-03-04T22:58:29","date_gmt":"2013-03-04T22:58:29","guid":{"rendered":"https:\/\/blogs.up.edu.pe\/nubes\/\/?page_id=679"},"modified":"2013-03-04T22:58:29","modified_gmt":"2013-03-04T22:58:29","slug":"el-hijo-solo-de-jose-maria-arguedas-por-nadia-cahuana-santiago","status":"publish","type":"page","link":"https:\/\/blogs.up.edu.pe\/nubes\/trabajos\/trabajos-finales-ciclo-de-verano-2013\/el-hijo-solo-de-jose-maria-arguedas-por-nadia-cahuana-santiago\/","title":{"rendered":"\u00abEl hijo solo\u00bb de Jos\u00e9 Mar\u00eda Arguedas, por Nadia Cahuana Santiago"},"content":{"rendered":"<p lang=\"es-MX\" align=\"JUSTIFY\">Jos\u00e9 Mar\u00eda Arguedas naci\u00f3 en Andahuaylas el 18 de enero de 1911 y muri\u00f3 el 2 de diciembre de 1969. Fue literato, antrop\u00f3logo y etn\u00f3logo; uno de los m\u00e1ximos exponentes de la literatura indigenista, no solo por lo que plasm\u00f3 en sus obras, sino tambi\u00e9n por lo que en vida contribuy\u00f3 para generar una valoraci\u00f3n de las costumbres de nuestra sierra peruana.<\/p>\n<p lang=\"es-MX\" align=\"JUSTIFY\">Las obras de Jos\u00e9 Mar\u00eda Arguedas han sido siempre mis favoritas, ya que muestra claramente dos tipos de realidades y costumbres diferentes en un mismo pa\u00eds. Por una parte est\u00e1 todo lo relacionado a lo andino: fiestas, m\u00fasica, danza, costumbres, lo cual trata de ser reivindicado por Arguedas y, por el otro lado encontramos lo occidental y es a lo que m\u00e1s estamos familiarizados nosotros. La riqueza de esta mezcla hace muy interesante cada relato, novela o cuento.<\/p>\n<p lang=\"es-MX\" align=\"JUSTIFY\">Sus obras son bastante aut\u00e9nticas y esto se debe a la ni\u00f1ez que tuvo entre poblaciones ind\u00edgenas, quienes en esa \u00e9poca fueron quienes le dieron amor y cari\u00f1o, es por eso que es capaz de expresar con tanta naturalidad todo lo correspondiente al mundo andino. Es m\u00e1s <i>Los r\u00edos profundos<\/i> es una novela autobiogr\u00e1fica, en la que se ve claramente todo ese sentimiento e identidad ind\u00edgena que Arguedas posee, a pesar de sus rasgos f\u00edsicos que lo asemejaban m\u00e1s a un mestizo de la costa.<\/p>\n<p lang=\"es-MX\" align=\"JUSTIFY\">\u201cEl hijo solo\u201d es un cuento en el que Singucha, personaje principal, muestra un lado bastante sensible y tierno al proteger a su perro, quien es algo m\u00e1s que una mascota, es la fuente de su alegr\u00eda entre toda las cosas malas y la pobreza en la que viv\u00eda. Y si hacemos una comparaci\u00f3n entre Singucha (pe\u00f3n) y los due\u00f1os de las tierras, podemos observar que el primero posee mucho m\u00e1s humanidad, sinceridad y buenas costumbres que los segundos; con este peque\u00f1o an\u00e1lisis nos podemos fijar que justamente esa era la percepci\u00f3n que hab\u00eda concebido Arguedas a trav\u00e9s de los a\u00f1os y que plasm\u00f3 en todas su obras. Las injusticias que viv\u00eda Singucha, as\u00ed como otros peones que habitaban en esa zona llena de conflictos y explotaci\u00f3n, era un reflejo de lo que en su \u00e9poca muchos campesinos viv\u00edan. Es m\u00e1s, creo que todo ese sentir del pueblo andino y la acumulaci\u00f3n de estos abusos dieron origen a los primeros reclamos que m\u00e1s adelante se convirtieron en la reforma agraria la cual fue y es duramente criticada, pero que tiene como base un problema social que Arguedas expone muy bien en todas sus obras.<\/p>\n<p lang=\"es-MX\" align=\"JUSTIFY\">Las peculiaridades al hablar, las palabras en quechua y la descripci\u00f3n casi perfecta de los paisajes propios de la zona andina nos retratan el escenario de la mayor\u00eda de sus obras. Los detalles y las costumbres narradas nos ense\u00f1an a apreciar mucho m\u00e1s aquella cultura de la cual somos parte pero de la que, sin embargo, muchas veces no somos participes; tambi\u00e9n considero que el hecho de que sea antrop\u00f3logo ayuda mucho m\u00e1s a la riqueza de su obra, de igual manera su labor como educador y m\u00e1s adelante en cargos p\u00fablicos, le da esa capacidad para contrastar todo lo que vemos en el cuento.<\/p>\n<p lang=\"es-MX\" align=\"JUSTIFY\">Considero que en general las obras de Jos\u00e9 Mar\u00eda Arguedas son una invitaci\u00f3n a redescubrir m\u00e1s ese mundo andino que est\u00e1 m\u00e1s cerca de lo que nosotros pensamos, est\u00e1 en demostrar el lado humano de todos aquellos que habitan en la sierra y generar as\u00ed la integraci\u00f3n de los pueblos, ya que si bien el Per\u00fa es un pa\u00eds multicultural y con bastantes diferencias, estoy segura que con mayor apertura y sensibilidad, la integraci\u00f3n y la comprensi\u00f3n s\u00ed se puede conseguir. En conclusi\u00f3n, las obras de Jos\u00e9 Mar\u00eda Arguedas nos muestran lo m\u00e1s profundo de nuestras ra\u00edces, nos hacen reflexionar y cuestionarnos muchas cosas, nos hacen valorar y afianzar esa identidad que todo peruano debe tener muy bien puesta.<\/p>\n","protected":false},"excerpt":{"rendered":"<p>Jos\u00e9 Mar\u00eda Arguedas naci\u00f3 en Andahuaylas el 18 de enero de 1911 y muri\u00f3 el 2 de diciembre de 1969. Fue literato, antrop\u00f3logo y etn\u00f3logo; uno de los m\u00e1ximos exponentes de la literatura indigenista, no solo por lo que plasm\u00f3 &hellip; <a href=\"https:\/\/blogs.up.edu.pe\/nubes\/trabajos\/trabajos-finales-ciclo-de-verano-2013\/el-hijo-solo-de-jose-maria-arguedas-por-nadia-cahuana-santiago\/\">Sigue leyendo <span class=\"meta-nav\">&rarr;<\/span><\/a><\/p>\n","protected":false},"author":3,"featured_media":0,"parent":632,"menu_order":11,"comment_status":"closed","ping_status":"closed","template":"","meta":{"footnotes":""},"class_list":["post-679","page","type-page","status-publish","hentry"],"_links":{"self":[{"href":"https:\/\/blogs.up.edu.pe\/nubes\/wp-json\/wp\/v2\/pages\/679","targetHints":{"allow":["GET"]}}],"collection":[{"href":"https:\/\/blogs.up.edu.pe\/nubes\/wp-json\/wp\/v2\/pages"}],"about":[{"href":"https:\/\/blogs.up.edu.pe\/nubes\/wp-json\/wp\/v2\/types\/page"}],"author":[{"embeddable":true,"href":"https:\/\/blogs.up.edu.pe\/nubes\/wp-json\/wp\/v2\/users\/3"}],"replies":[{"embeddable":true,"href":"https:\/\/blogs.up.edu.pe\/nubes\/wp-json\/wp\/v2\/comments?post=679"}],"version-history":[{"count":1,"href":"https:\/\/blogs.up.edu.pe\/nubes\/wp-json\/wp\/v2\/pages\/679\/revisions"}],"predecessor-version":[{"id":680,"href":"https:\/\/blogs.up.edu.pe\/nubes\/wp-json\/wp\/v2\/pages\/679\/revisions\/680"}],"up":[{"embeddable":true,"href":"https:\/\/blogs.up.edu.pe\/nubes\/wp-json\/wp\/v2\/pages\/632"}],"wp:attachment":[{"href":"https:\/\/blogs.up.edu.pe\/nubes\/wp-json\/wp\/v2\/media?parent=679"}],"curies":[{"name":"wp","href":"https:\/\/api.w.org\/{rel}","templated":true}]}}