{"id":675,"date":"2013-03-04T22:55:58","date_gmt":"2013-03-04T22:55:58","guid":{"rendered":"https:\/\/blogs.up.edu.pe\/nubes\/\/?page_id=675"},"modified":"2013-03-04T22:55:58","modified_gmt":"2013-03-04T22:55:58","slug":"jose-maria-arguedas-y-el-indigenismo-por-david-ospino-ibarra","status":"publish","type":"page","link":"https:\/\/blogs.up.edu.pe\/nubes\/trabajos\/trabajos-finales-ciclo-de-verano-2013\/jose-maria-arguedas-y-el-indigenismo-por-david-ospino-ibarra\/","title":{"rendered":"Jos\u00e9 Mar\u00eda Arguedas y el indigenismo, por David Ospino Ibarra"},"content":{"rendered":"<p style=\"text-align: justify;\">Si bien existen diversas corrientes literarias que marcaron estilos durante lapsos determinados de la historia, nuestra regi\u00f3n tiene su propia identidad al crear un movimiento \u00fanico llamado indigenismo. Esta corriente podr\u00eda considerarse como \u201cend\u00e9mica\u201d dado que responde a situaciones y \u00e1mbitos geogr\u00e1ficos concretos de Am\u00e9rica Latina.<\/p>\n<p style=\"text-align: justify;\">Cabe resaltar que el movimiento no solo cubri\u00f3 aspectos art\u00edsticos como la pintura, poes\u00eda o literatura, sino tambi\u00e9n abarc\u00f3 un debate pol\u00edtico que marc\u00f3 una tendencia en el continente. Pese a ello, en el presente texto se abordar\u00e1 el \u00e1mbito literario y a un autor espec\u00edfico: Jos\u00e9 Mar\u00eda Arguedas (Andahuaylas, 1911 &#8211; Lima, 1969).<\/p>\n<p style=\"text-align: justify;\">Previo al comienzo de la descripci\u00f3n del autor, es importante hacer hincapi\u00e9 en la corriente literaria de fondo. Este movimiento de car\u00e1cter pol\u00edtico-social surgi\u00f3 en Latinoam\u00e9rica en favor de la rehabilitaci\u00f3n cultural y \u00e9tnica del elemento ind\u00edgena, en respuesta a la discriminaci\u00f3n que sufrieron sus costumbres y a la opresi\u00f3n durante la etapa colonial. En el campo literario se pueden encontrar los siguientes autores de referencia: Alcides Arguedas, de Bolivia; Jorge Icaza, de Ecuador, Mauricio Magdaleno, de M\u00e9xico, y de nuestro pa\u00eds, aparte de Arguedas, encontramos a Ciro Alegr\u00eda y Manuel Scorza, con libros representativos como <i>El mundo es ancho y ajeno<\/i> (1941) y <i>La guerra silenciosa<\/i> (1970-1978), respectivamente.<\/p>\n<p style=\"text-align: justify;\"><b>Sobre Arguedas<\/b><\/p>\n<p style=\"text-align: justify;\">Un primer aspecto por abordar ser\u00edan las motivaciones de Arguedas en relaci\u00f3n a la literatura indigenista. Para ello tendr\u00eda que remontarse hasta la ni\u00f1ez del autor: tres a\u00f1os despu\u00e9s de fallecida su madre, su padre lo llev\u00f3 a vivir con su nueva pareja. Termin\u00f3 viviendo solo con su madrastra y hermanastro, quienes maltrataron al futuro autor. Es por ello que a los once a\u00f1os, Arguedas escapa a la hacienda Viseca donde convive durante dos a\u00f1os con los ind\u00edgenas del lugar, aprende el idioma y las costumbres que lo marcar\u00edan por el resto de su vida.<\/p>\n<p style=\"text-align: justify;\">\u00bfC\u00f3mo se aprecia el conocimiento ind\u00edgena a trav\u00e9s de su lectura? En el cuento le\u00eddo en el club surgen descripciones muy bellas, como la siguiente de \u201cEl barranco\u201d:<\/p>\n<p style=\"text-align: justify; padding-left: 30px;\">\u201cMientras el mayordomo le abr\u00eda el cuello con su cuchillo grande, mientras le sacaba el cuerito, mientras hund\u00eda sus pu\u00f1os en la carne para separar el cuero, la vaquera y los mak\u2019tillos, segu\u00edan llamando:<\/p>\n<p style=\"text-align: justify; padding-left: 30px;\">\u2014\u00a1Ni\u00f1ucha! \u00a1Por qu\u00e9, pues!\u201d<\/p>\n<p style=\"text-align: justify;\">Como se observa, se presenta una imagen triste y fuerte donde se extraen los restos del becerro del cuento. Se observa el uso de vocablos como \u201cmak\u2019tillos\u201d y \u201cni\u00f1ucha\u201d, palabras que involucran un conocimiento de los pobladores andinos. Tambi\u00e9n destaca la forma en que se narran con familiaridad situaciones que bien pudieron ser cotidianas en el mundo andino. Esta descripci\u00f3n tan real, pero llena de emociones, involucra la creaci\u00f3n de sentimientos con la trama mientras transcurre el cuento.<\/p>\n<p style=\"text-align: justify;\">Otro punto importante de los relatos es la descripci\u00f3n del hombre con su ambiente. Expresado de otra manera, Arguedas logra la genialidad de hacernos apreciar la conexi\u00f3n entre los personajes y la \u201cPachamama\u201d. Esta relaci\u00f3n dif\u00edcil de entender bajo la concepci\u00f3n occidental es la que describe Arguedas con narraciones como la siguiente de \u201cEl Hijo Solo\u201d:<\/p>\n<p style=\"text-align: justify; padding-left: 30px;\">\u201cLa velocidad de las palomas le oprim\u00eda el coraz\u00f3n; en cambio, el vuelo de las calandrias se retrataba en su alma, vivamente, lo regocijaba. (&#8230;) Singu se sentaba sobre la piedra. Le extra\u00f1aba que precisamente al anochecer se destacara tanto la flor de los duraznos. Le parec\u00eda que el sonido del r\u00edo mov\u00eda los \u00e1rboles y mostraba las peque\u00f1as flores blancas y rosadas, aun los resplandores internos, de tonos oscuros, de las flores rosadas.\u201d<\/p>\n<p style=\"text-align: justify;\">Para concluir el presente texto vale la pena preguntarse cu\u00e1l es el legado actual de Arguedas. Una primera idea es el conocimiento que genera sobre una realidad que pocas veces fue abordada hasta ese momento. Esto contribuye con una segunda idea de reivindicaci\u00f3n de valores, sin un previo conocimiento de dicha realidad no se podr\u00eda ejercer presi\u00f3n a favor de derechos de los pobladores. Por \u00faltimo, m\u00e1s all\u00e1 de que las costumbres e historias se pueden transmitir v\u00eda oral, el medio escrito es una buena forma de darle car\u00e1cter de permanencia a dichas costumbres e historias. Arguedas logra generar esa permanencia con sus cuentos y novelas.<\/p>\n","protected":false},"excerpt":{"rendered":"<p>Si bien existen diversas corrientes literarias que marcaron estilos durante lapsos determinados de la historia, nuestra regi\u00f3n tiene su propia identidad al crear un movimiento \u00fanico llamado indigenismo. Esta corriente podr\u00eda considerarse como \u201cend\u00e9mica\u201d dado que responde a situaciones y &hellip; <a href=\"https:\/\/blogs.up.edu.pe\/nubes\/trabajos\/trabajos-finales-ciclo-de-verano-2013\/jose-maria-arguedas-y-el-indigenismo-por-david-ospino-ibarra\/\">Sigue leyendo <span class=\"meta-nav\">&rarr;<\/span><\/a><\/p>\n","protected":false},"author":3,"featured_media":0,"parent":632,"menu_order":10,"comment_status":"closed","ping_status":"closed","template":"","meta":{"footnotes":""},"class_list":["post-675","page","type-page","status-publish","hentry"],"_links":{"self":[{"href":"https:\/\/blogs.up.edu.pe\/nubes\/wp-json\/wp\/v2\/pages\/675","targetHints":{"allow":["GET"]}}],"collection":[{"href":"https:\/\/blogs.up.edu.pe\/nubes\/wp-json\/wp\/v2\/pages"}],"about":[{"href":"https:\/\/blogs.up.edu.pe\/nubes\/wp-json\/wp\/v2\/types\/page"}],"author":[{"embeddable":true,"href":"https:\/\/blogs.up.edu.pe\/nubes\/wp-json\/wp\/v2\/users\/3"}],"replies":[{"embeddable":true,"href":"https:\/\/blogs.up.edu.pe\/nubes\/wp-json\/wp\/v2\/comments?post=675"}],"version-history":[{"count":1,"href":"https:\/\/blogs.up.edu.pe\/nubes\/wp-json\/wp\/v2\/pages\/675\/revisions"}],"predecessor-version":[{"id":677,"href":"https:\/\/blogs.up.edu.pe\/nubes\/wp-json\/wp\/v2\/pages\/675\/revisions\/677"}],"up":[{"embeddable":true,"href":"https:\/\/blogs.up.edu.pe\/nubes\/wp-json\/wp\/v2\/pages\/632"}],"wp:attachment":[{"href":"https:\/\/blogs.up.edu.pe\/nubes\/wp-json\/wp\/v2\/media?parent=675"}],"curies":[{"name":"wp","href":"https:\/\/api.w.org\/{rel}","templated":true}]}}