{"id":669,"date":"2013-03-04T22:46:53","date_gmt":"2013-03-04T22:46:53","guid":{"rendered":"https:\/\/blogs.up.edu.pe\/nubes\/\/?page_id=669"},"modified":"2013-03-04T22:46:53","modified_gmt":"2013-03-04T22:46:53","slug":"dia-domingo-de-mario-vargas-llosa-por-angela-alania","status":"publish","type":"page","link":"https:\/\/blogs.up.edu.pe\/nubes\/trabajos\/trabajos-finales-ciclo-de-verano-2013\/dia-domingo-de-mario-vargas-llosa-por-angela-alania\/","title":{"rendered":"\u201cD\u00eda domingo\u201d de Mario Vargas Llosa, por Angela Alania"},"content":{"rendered":"<p style=\"text-align: justify;\">Todas las obras de Mario Vargas Llosa son muy expl\u00edcitas y, al leerlas, se siente cierta familiaridad con cada personaje.<\/p>\n<p style=\"text-align: justify;\">En el cuento \u201cD\u00eda domingo\u201d, se expresa que la amistad prevalece antes que una apuesta tonta. El cuento refleja c\u00f3mo Rub\u00e9n y Miguel son amigos en un inicio, incluso forman parte de la misma pandilla y luego por el amor de una chica, empieza a salir su lado competitivo.<\/p>\n<p style=\"text-align: justify;\">Sent\u00ed como si Mario Vargas Llosa se caracterizara m\u00e1s en el personaje de Miguel que en el de Rub\u00e9n, ya que se presenta como el h\u00e9roe de la historia.<\/p>\n<p style=\"text-align: justify;\">El cuento, por corto que sea, permite al lector reconocer ambientes que tienen familiaridad con nosotros. Uno se puede ubicar en el tiempo y en el espacio de la historia con perfecci\u00f3n.<\/p>\n<p style=\"text-align: justify;\">El lenguaje empleado entre los personajes es coloquial, lo que demuestra el vocabulario aprendido durante su estad\u00eda en el colegio Leoncio Prado, donde este tipo de rencillas suelen ser habituales.<\/p>\n<p style=\"text-align: justify;\">Este tipo de lenguaje permite una lectura veloz, entretenida y a la vez m\u00e1s realista del ambiente.<\/p>\n<p style=\"text-align: justify;\">En el cuento se refleja un poco el machismo que existe en nuestra sociedad y que subsiste hasta ahora: dos amigos, Rub\u00e9n y Miguel, deciden apostar por cortejar a una chica, Flora, y sale victorioso Miguel.<\/p>\n<p style=\"text-align: justify;\">El conflicto entre ellos fue muy fuerte y arriesgado. No midieron el peligro que corr\u00edan sus vidas por una tonta apuesta. Llegaron al extremo de preocupar a sus dem\u00e1s amigos por la terquedad que los invad\u00eda.<\/p>\n<p style=\"text-align: justify;\">Vargas Llosa caracteriza a la alta sociedad lime\u00f1a de aquellas \u00e9pocas, ya que habla del Club Las Terrazas, los personajes viven en Miraflores; Miguel que tiene bastante dinero como para invitar a sus amigos a almorzar a pesar de ser un estudiante de colegio. Esto refleja otra faceta del escritor.<\/p>\n<p style=\"text-align: justify;\">Pienso que el autor ha descrito en ambos personajes un poco de su personalidad.<\/p>\n<p style=\"text-align: justify;\">Personalmente, encontr\u00e9 la lectura muy agradable, aunque me pareci\u00f3 muy intr\u00e9pida la aventura de los muchachos. Me hubiera gustado que Flora tenga mayor participaci\u00f3n en la toma de su decisi\u00f3n, ya que la muestran sumisa y como un objeto o premio, como una recompensa.<\/p>\n<p style=\"text-align: justify;\">En la actualidad, son las mujeres las que tienen un car\u00e1cter m\u00e1s definido y mayor personalidad para la toma de sus decisiones.<\/p>\n<p style=\"text-align: justify;\">En conclusi\u00f3n, la lecci\u00f3n aprendida es que incluso en los momentos m\u00e1s dif\u00edciles, el mejor lado de uno sale a flote y aprende a perdonar. Se valora la amistad y el cuidado por el pr\u00f3jimo.<\/p>\n","protected":false},"excerpt":{"rendered":"<p>Todas las obras de Mario Vargas Llosa son muy expl\u00edcitas y, al leerlas, se siente cierta familiaridad con cada personaje. En el cuento \u201cD\u00eda domingo\u201d, se expresa que la amistad prevalece antes que una apuesta tonta. El cuento refleja c\u00f3mo &hellip; <a href=\"https:\/\/blogs.up.edu.pe\/nubes\/trabajos\/trabajos-finales-ciclo-de-verano-2013\/dia-domingo-de-mario-vargas-llosa-por-angela-alania\/\">Sigue leyendo <span class=\"meta-nav\">&rarr;<\/span><\/a><\/p>\n","protected":false},"author":3,"featured_media":0,"parent":632,"menu_order":8,"comment_status":"closed","ping_status":"closed","template":"","meta":{"footnotes":""},"class_list":["post-669","page","type-page","status-publish","hentry"],"_links":{"self":[{"href":"https:\/\/blogs.up.edu.pe\/nubes\/wp-json\/wp\/v2\/pages\/669","targetHints":{"allow":["GET"]}}],"collection":[{"href":"https:\/\/blogs.up.edu.pe\/nubes\/wp-json\/wp\/v2\/pages"}],"about":[{"href":"https:\/\/blogs.up.edu.pe\/nubes\/wp-json\/wp\/v2\/types\/page"}],"author":[{"embeddable":true,"href":"https:\/\/blogs.up.edu.pe\/nubes\/wp-json\/wp\/v2\/users\/3"}],"replies":[{"embeddable":true,"href":"https:\/\/blogs.up.edu.pe\/nubes\/wp-json\/wp\/v2\/comments?post=669"}],"version-history":[{"count":2,"href":"https:\/\/blogs.up.edu.pe\/nubes\/wp-json\/wp\/v2\/pages\/669\/revisions"}],"predecessor-version":[{"id":672,"href":"https:\/\/blogs.up.edu.pe\/nubes\/wp-json\/wp\/v2\/pages\/669\/revisions\/672"}],"up":[{"embeddable":true,"href":"https:\/\/blogs.up.edu.pe\/nubes\/wp-json\/wp\/v2\/pages\/632"}],"wp:attachment":[{"href":"https:\/\/blogs.up.edu.pe\/nubes\/wp-json\/wp\/v2\/media?parent=669"}],"curies":[{"name":"wp","href":"https:\/\/api.w.org\/{rel}","templated":true}]}}