{"id":662,"date":"2013-03-04T22:42:53","date_gmt":"2013-03-04T22:42:53","guid":{"rendered":"https:\/\/blogs.up.edu.pe\/nubes\/\/?page_id=662"},"modified":"2013-03-04T22:42:53","modified_gmt":"2013-03-04T22:42:53","slug":"franz-kafka-1883-1924-por-gabriela-cabrejos","status":"publish","type":"page","link":"https:\/\/blogs.up.edu.pe\/nubes\/trabajos\/trabajos-finales-ciclo-de-verano-2013\/franz-kafka-1883-1924-por-gabriela-cabrejos\/","title":{"rendered":"Franz Kafka (1883-1924), por Gabriela Cabrejos"},"content":{"rendered":"<p align=\"JUSTIFY\">Eleg\u00ed escribir en el blog acerca de Franz Kafka debido a que me interesa mucho la peculiaridad de sus obras, que se caracterizan por combinar la realidad con la fantas\u00eda, pero de un modo muy raro, causando intriga en sus lectores y logrando que uno quede impresionado por su imaginaci\u00f3n. Sus obras logran que uno desee leer e investigar m\u00e1s sobre este autor, pues son muy diferentes a las de otros autores, lo cual lo hace resaltar del promedio.<\/p>\n<p align=\"JUSTIFY\">Franz Kafka naci\u00f3 en Praga, proveniente de una familia humilde jud\u00eda. Era el mayor de seis hermanos, dos de los cuales fallecieron a corta edad y sus tres hermanas fueron asesinadas en las c\u00e1maras de gas por los nazis. Estudi\u00f3 derecho, pero desde muy peque\u00f1o se interes\u00f3 por escribir. Sus escrituras fueron publicadas luego de su muerte por una tuberculosis, a pesar de que \u00e9l hizo prometer a su mejor amigo que quemar\u00eda sus obras cuando \u00e9l muriera. Su amigo decidi\u00f3 difundir sus libros y lleg\u00f3 a captar la atenci\u00f3n del p\u00fablico.<\/p>\n<p align=\"JUSTIFY\">Uno de los cuentos de Kafka que llam\u00f3 mucho mi atenci\u00f3n fue \u201cLa metamorfosis\u201d. A pesar de mostrar a un protagonista en una situaci\u00f3n extra\u00f1a, la historia me caus\u00f3 mucha tristeza por la soledad y el dolor que sent\u00eda el protagonista, dejado de lado por su familia, y trat\u00e1ndolo como un animal y olvid\u00e1ndose de que tambi\u00e9n ten\u00eda su sangre y sentimientos. Algo similar sucede con el cuento \u201cUn m\u00e9dico rural\u201d, a pesar de presentar circunstancias extra\u00f1as, emociona al lector, causando tristeza por la situaci\u00f3n del protagonista.<\/p>\n<p align=\"JUSTIFY\">\u201cUn m\u00e9dico rural\u201d, presenta a un protagonista que siente que su profesi\u00f3n de m\u00e9dico es minimizada en la comunidad en la que vive, siendo su \u00fanico deber el curar. El cuento trata sobre un m\u00e9dico que se encuentra en apuros debido a que debe llegar a curar a un enfermo que se encuentra a diez millas de su hogar; sin embargo, al haber muerto su caballo se desespera por encontrar un modo de llegar hasta su paciente. Su criada, Rosa, lo ayuda desesperadamente sin tener \u00e9xito. Por un milagro, se le ocurre abrir el granero empolvado de su hogar donde se encuentra con la sorpresa de que dorm\u00eda ah\u00ed un caballerizo con dos hermosos y grandes caballos. \u00c9ste se\u00f1or se ofrece a ayudar al m\u00e9dico con el transporte y lo obliga a irse, qued\u00e1ndose solo con Rosa, quien muy asustada corre a encerrarse en la casa, y \u00e9l va tras ella. El m\u00e9dico se encuentra en una gran disyuntiva debido a que debe atender al enfermo pero tambi\u00e9n desea salvar a Rosa, quien ha estado cerca de \u00e9l por a\u00f1os. Sin darse cuenta, los caballos r\u00e1pidamente llegan a la casa del paciente. El m\u00e9dico se encuentra con la familia del enfermo quienes r\u00e1pidamente lo llevan a la cama del hijo. Al revisarlo, el m\u00e9dico piensa que el ni\u00f1o est\u00e1 sano. Mientras, los caballos asoman su cabeza constantemente por la ventana, relinchando como si deseasen que el m\u00e9dico vaya a ver a Rosa, lo cual lo hace sentir m\u00e1s culpable y confundido. Act\u00faan como si conocieran al caballerizo y c\u00f3mo si entendieran la situaci\u00f3n. Adem\u00e1s, ellos no son la \u00fanica distracci\u00f3n, sino que los vecinos lo angustian m\u00e1s, al quedarse observ\u00e1ndolo y humill\u00e1ndolo. El m\u00e9dico logra descubrir una herida y piensa que no hay nada que \u00e9l pueda hacer para salvarlo. De pronto, ni\u00f1os aparecen cantando \u201cdesv\u00edstanlo para que cure, y si no cura, m\u00e1tenlo\u201d. El m\u00e9dico es desvestido y acostado al lado del enfermo. Esa situaci\u00f3n me pareci\u00f3 muy rara, adem\u00e1s de que los caballos no dejaban de relinchar y asomarse por las ventanas, son solo animales, pero actuaban como personas, como si fueran la conciencia del m\u00e9dico que le hac\u00eda recordar a Rosa. El m\u00e9dico conversa con el enfermo y lo convence de que su herida no es tan terrible como cree; sin embargo, antes de ello \u00e9l hab\u00eda pensado en que su herida estaba en terrible estado y que el enfermo no tendr\u00eda salvaci\u00f3n. De ese modo, convence al enfermo y escapa de la familia en busca de Rosa, los caballos lo esperan y se alistan para correr, el m\u00e9dico no tiene tiempo para vestirse y en esa noche fr\u00eda cabalga desnudo, mientras los ni\u00f1os contin\u00faan burl\u00e1ndose de \u00e9l. Es triste saber que su profesi\u00f3n no es valorada, a pesar de ser indispensable para una comunidad.<\/p>\n<p align=\"JUSTIFY\">Me pareci\u00f3 muy triste que se burlen de \u00e9l a pesar de todo lo que tuvo que hacer para ir a salvar al enfermo, y a la vez, muy rara la actitud de la comunidad al llegar al punto de desvestirlo. Ninguno imaginaba lo confundido que estaba el m\u00e9dico en todo momento, y el comportamiento de los que lo rodeaban hac\u00eda que su mente se aturdiera a\u00fan m\u00e1s. Mientras el m\u00e9dico cabalga en busca de Rosa, piensa en la p\u00e9rdida de tiempo que fue ir a ver al enfermo; sin embargo, creo que fue una buena opci\u00f3n hacerlo o no hubiera estado tranquilo sabiendo que podr\u00eda haber dejado morir a alguien, no por la causa de lo que hubiera pensado la comunidad, sino por lo que hubiera quedado en su conciencia. De todos modos, no estuvo tranquilo por dejar a Rosa. La historia no cuenta el final sobre Rosa ni sobre el paciente.<\/p>\n<p align=\"JUSTIFY\">Al leer el cuento, me pareci\u00f3 que mostraba un ambiente muy extra\u00f1o, en primer lugar por el modo en que apareci\u00f3 el caballerizo y los caballos, por la situaci\u00f3n en la que deja a Rosa con el caballerizo, por el comportamiento de los caballos mientras el m\u00e9dico estaba en la casa del paciente, y por el comportamiento de la comunidad. Sin embargo, al ver el cortometraje japon\u00e9s de esta historia, present\u00e1ndolo de una manera m\u00e1s exagerada y rara, por la figura de los personajes y por el ambiente t\u00e9trico que pose\u00eda, me hizo percibir el cuento como una historia a\u00fan m\u00e1s extra\u00f1a de como ya lo percib\u00eda.<\/p>\n","protected":false},"excerpt":{"rendered":"<p>Eleg\u00ed escribir en el blog acerca de Franz Kafka debido a que me interesa mucho la peculiaridad de sus obras, que se caracterizan por combinar la realidad con la fantas\u00eda, pero de un modo muy raro, causando intriga en sus &hellip; <a href=\"https:\/\/blogs.up.edu.pe\/nubes\/trabajos\/trabajos-finales-ciclo-de-verano-2013\/franz-kafka-1883-1924-por-gabriela-cabrejos\/\">Sigue leyendo <span class=\"meta-nav\">&rarr;<\/span><\/a><\/p>\n","protected":false},"author":3,"featured_media":0,"parent":632,"menu_order":6,"comment_status":"closed","ping_status":"closed","template":"","meta":{"footnotes":""},"class_list":["post-662","page","type-page","status-publish","hentry"],"_links":{"self":[{"href":"https:\/\/blogs.up.edu.pe\/nubes\/wp-json\/wp\/v2\/pages\/662","targetHints":{"allow":["GET"]}}],"collection":[{"href":"https:\/\/blogs.up.edu.pe\/nubes\/wp-json\/wp\/v2\/pages"}],"about":[{"href":"https:\/\/blogs.up.edu.pe\/nubes\/wp-json\/wp\/v2\/types\/page"}],"author":[{"embeddable":true,"href":"https:\/\/blogs.up.edu.pe\/nubes\/wp-json\/wp\/v2\/users\/3"}],"replies":[{"embeddable":true,"href":"https:\/\/blogs.up.edu.pe\/nubes\/wp-json\/wp\/v2\/comments?post=662"}],"version-history":[{"count":2,"href":"https:\/\/blogs.up.edu.pe\/nubes\/wp-json\/wp\/v2\/pages\/662\/revisions"}],"predecessor-version":[{"id":665,"href":"https:\/\/blogs.up.edu.pe\/nubes\/wp-json\/wp\/v2\/pages\/662\/revisions\/665"}],"up":[{"embeddable":true,"href":"https:\/\/blogs.up.edu.pe\/nubes\/wp-json\/wp\/v2\/pages\/632"}],"wp:attachment":[{"href":"https:\/\/blogs.up.edu.pe\/nubes\/wp-json\/wp\/v2\/media?parent=662"}],"curies":[{"name":"wp","href":"https:\/\/api.w.org\/{rel}","templated":true}]}}