{"id":649,"date":"2013-03-04T22:30:30","date_gmt":"2013-03-04T22:30:30","guid":{"rendered":"https:\/\/blogs.up.edu.pe\/nubes\/\/?page_id=649"},"modified":"2013-03-04T22:31:02","modified_gmt":"2013-03-04T22:31:02","slug":"el-pozo-y-el-pendulo-y-el-maestro-edgar-allan-poe-por-grace-jimenez","status":"publish","type":"page","link":"https:\/\/blogs.up.edu.pe\/nubes\/trabajos\/trabajos-finales-ciclo-de-verano-2013\/el-pozo-y-el-pendulo-y-el-maestro-edgar-allan-poe-por-grace-jimenez\/","title":{"rendered":"\u201cEl pozo y el p\u00e9ndulo\u201d y el maestro Edgar Allan Poe, por Grace Jim\u00e9nez"},"content":{"rendered":"<p style=\"text-align: justify;\">\u201cEl pozo y el p\u00e9ndulo\u201d es uno de los cuentos m\u00e1s famosos de Edgar Allan Poe. Est\u00e1 considerado como uno de los relatos m\u00e1s espeluznantes dentro de la literatura del terror, ya que transmite una serie de sentimientos como: abandono, desconcierto, desorientaci\u00f3n y la desesperanza de una persona que sabe que va a morir. Con este cuento me involucr\u00e9 mucho, ya que por un momento pens\u00e9: \u00bfQu\u00e9 ser\u00eda de m\u00ed si me encontrara en dicha situaci\u00f3n?<\/p>\n<p style=\"text-align: justify;\">Por otro lado, este relato me gust\u00f3 mucho porque en \u00e9l, el autor demuestra su dominio sobre el lenguaje y las t\u00e9cnicas narrativas m\u00e1s efectivas para hacernos sentir part\u00edcipes de los agobiantes pensamientos que tiene el hombre torturado.<\/p>\n<p style=\"text-align: justify;\">El cuento comienza cuando el protagonista, agotado, se encuentra en una oscura celda de castigo de la Inquisici\u00f3n, donde la tortura consiste en la soledad, la oscuridad, el abandono, el fr\u00edo y el hambre. El protagonista est\u00e1 atado y experimenta la angustia de conocer su pr\u00f3xima muerte, pues un p\u00e9ndulo desciende sobre \u00e9l. Seguro de que ser\u00e1 muerto por la navaja, se entreten\u00eda con la trayectoria del objeto, pero luego se le ocurre una magn\u00edfica idea. El hombre ten\u00eda a su disposici\u00f3n un poco de comida que compart\u00eda con las ratas, con dificultad logra hacer que los roedores da\u00f1en la cuerda que le tiene atado y logren liberarlo; de inmediato el p\u00e9ndulo se detiene y el hombre razona y piensa que est\u00e1 siendo vigilado y que, por lo tanto, ya se prepara para \u00e9l una muerte quiz\u00e1 peor. Luego, la habitaci\u00f3n cambia de forma y reduce su tama\u00f1o, se ve en la disyuntiva de morir de esa manera o lanzarse al pozo que en medio se halla, aquel que inicialmente iba a ser su \u201csepultura\u201d. Cuando est\u00e1 a punto de caer en el pozo y sin m\u00e1s espacio para huir, muy desesperado, una mano lo salva; era la de un franc\u00e9s que hab\u00eda entrado a Toledo y descubierto a lo que eran sometidos los infortunados.<\/p>\n<p style=\"text-align: justify;\">Debe notarse que el autor utiliza muchos interrogantes, como si el personaje mismo se preguntara. Esto tambi\u00e9n lo hace ser m\u00e1s real ya que al mismo tiempo que el personaje se cuestiona, el lector se pregunta si eso es en lo que pensar\u00eda en una situaci\u00f3n como esa. Al leer este cuento, Poe no solo logra que entiendas al narrador, sino que te cuestiones respecto a lo que uno realmente siente o piensa a pocas horas, minutos o segundos antes de morir.<\/p>\n<p style=\"text-align: justify;\">Este cuento al igual que \u201cLos cr\u00edmenes de la calle Morgue\u201d me llam\u00f3 mucho la atenci\u00f3n ya que ambos transmiten la habilidad del autor de hacernos pensar, m\u00e1s que solo hacernos leer; de cuestionarnos y preguntarnos, involucrarnos en historias y situaciones en las que probablemente nunca nos encontremos, pero por las cuales sintamos cierta curiosidad de entender; es decir, viajar con \u00e9l a lo irreal y vivir por un per\u00edodo corto en ese mundo.<\/p>\n<p style=\"text-align: justify;\">Finalmente, hablando un poco de su biograf\u00eda, cabe resaltar que Edgar Allan Poe fue un escritor, poeta, cr\u00edtico y periodista rom\u00e1ntico estadounidense, generalmente reconocido como uno de los maestros universales del relato corto, del cual fue uno de los primeros practicantes en su pa\u00eds. Tambi\u00e9n fue un renovador de la novela g\u00f3tica, recordado especialmente por sus cuentos de terror, como es el caso de este relato. Considerado el inventor del relato detectivesco, contribuy\u00f3 asimismo con varias obras al g\u00e9nero emergente de la ciencia-ficci\u00f3n. Por otra parte, fue el primer escritor estadounidense de renombre que intent\u00f3 hacer de la escritura su <i>modus vivendi<\/i>, lo que tuvo para \u00e9l lamentables consecuencias.<\/p>\n<p style=\"text-align: justify;\">Fue bautizado como Edgar Poe en Boston, Massachusetts, y sus padres murieron cuando era ni\u00f1o. Fue recogido por un matrimonio adinerado de Richmond, Virginia, Frances y John Allan, aunque nunca fue adoptado oficialmente. Pas\u00f3 un curso acad\u00e9mico en la Universidad de Virginia y posteriormente se enrol\u00f3, tambi\u00e9n por breve tiempo, en el ej\u00e9rcito. Sus relaciones con los Allan se rompieron en esa \u00e9poca, debido a las continuas desavenencias con su padrastro, quien a menudo desoy\u00f3 sus peticiones de ayuda y acab\u00f3 deshered\u00e1ndolo. Su carrera literaria se inici\u00f3 con un libro de poemas, <i>Tamerlane and Other Poems<\/i>.<\/p>\n<p style=\"text-align: justify;\">Poe escribi\u00f3 alrededor de sesenta cuentos, adem\u00e1s de una serie de poemas, aunque a este g\u00e9nero no le dedic\u00f3 el tiempo que \u00e9l hubiera querido, debido a su precaria situaci\u00f3n econ\u00f3mica. Algunas de sus obras m\u00e1s importantes son: \u201cEl gato negro\u201d, \u201cEureka\u201d, \u201cLa ca\u00edda de la casa de Usher\u201d, \u201cEl Cuervo\u201d, \u201cEl retrato oval\u201d y \u201cLa m\u00e1scara de la muerte roja\u201d. Despu\u00e9s de varios cuentos en prosa como los de <i>Historias extraordinarias<\/i> y algunos art\u00edculos cr\u00edticos, obtuvo una considerable reputaci\u00f3n literaria que lleg\u00f3 a la cumbre con el libro \u201cEl cuervo\u201d.<\/p>\n","protected":false},"excerpt":{"rendered":"<p>\u201cEl pozo y el p\u00e9ndulo\u201d es uno de los cuentos m\u00e1s famosos de Edgar Allan Poe. Est\u00e1 considerado como uno de los relatos m\u00e1s espeluznantes dentro de la literatura del terror, ya que transmite una serie de sentimientos como: abandono, &hellip; <a href=\"https:\/\/blogs.up.edu.pe\/nubes\/trabajos\/trabajos-finales-ciclo-de-verano-2013\/el-pozo-y-el-pendulo-y-el-maestro-edgar-allan-poe-por-grace-jimenez\/\">Sigue leyendo <span class=\"meta-nav\">&rarr;<\/span><\/a><\/p>\n","protected":false},"author":3,"featured_media":0,"parent":632,"menu_order":2,"comment_status":"closed","ping_status":"closed","template":"","meta":{"footnotes":""},"class_list":["post-649","page","type-page","status-publish","hentry"],"_links":{"self":[{"href":"https:\/\/blogs.up.edu.pe\/nubes\/wp-json\/wp\/v2\/pages\/649","targetHints":{"allow":["GET"]}}],"collection":[{"href":"https:\/\/blogs.up.edu.pe\/nubes\/wp-json\/wp\/v2\/pages"}],"about":[{"href":"https:\/\/blogs.up.edu.pe\/nubes\/wp-json\/wp\/v2\/types\/page"}],"author":[{"embeddable":true,"href":"https:\/\/blogs.up.edu.pe\/nubes\/wp-json\/wp\/v2\/users\/3"}],"replies":[{"embeddable":true,"href":"https:\/\/blogs.up.edu.pe\/nubes\/wp-json\/wp\/v2\/comments?post=649"}],"version-history":[{"count":3,"href":"https:\/\/blogs.up.edu.pe\/nubes\/wp-json\/wp\/v2\/pages\/649\/revisions"}],"predecessor-version":[{"id":652,"href":"https:\/\/blogs.up.edu.pe\/nubes\/wp-json\/wp\/v2\/pages\/649\/revisions\/652"}],"up":[{"embeddable":true,"href":"https:\/\/blogs.up.edu.pe\/nubes\/wp-json\/wp\/v2\/pages\/632"}],"wp:attachment":[{"href":"https:\/\/blogs.up.edu.pe\/nubes\/wp-json\/wp\/v2\/media?parent=649"}],"curies":[{"name":"wp","href":"https:\/\/api.w.org\/{rel}","templated":true}]}}