{"id":645,"date":"2013-03-04T22:26:33","date_gmt":"2013-03-04T22:26:33","guid":{"rendered":"https:\/\/blogs.up.edu.pe\/nubes\/\/?page_id=645"},"modified":"2013-03-04T22:26:33","modified_gmt":"2013-03-04T22:26:33","slug":"el-dilema-de-joaquin-bermejo-por-julio-daniel-yanez","status":"publish","type":"page","link":"https:\/\/blogs.up.edu.pe\/nubes\/trabajos\/trabajos-finales-ciclo-de-verano-2013\/el-dilema-de-joaquin-bermejo-por-julio-daniel-yanez\/","title":{"rendered":"El dilema de Joaqu\u00edn Bermejo, por Julio Daniel Y\u00e1\u00f1ez"},"content":{"rendered":"<p style=\"text-align: justify;\">\u201cAnorexia y tijerita\u201d es uno de los cuentos de humor de Alfredo Bryce Echenique donde muestra, una vez m\u00e1s, que dentro de la mente de cada uno pueden ocurrir mil y un pensamientos acerca de lo que nos sucede. Y, fiel a su estilo, critica como \u201cde taquito\u201d a la alta sociedad lime\u00f1a de anta\u00f1o a la que \u00e9l mismo pertenece pero de la cual se burla cada vez que puede.<\/p>\n<p style=\"text-align: justify;\">De golpe entramos a una lectura que nos invita a pensar que el protagonista se encuentra en problemas. R\u00e1pidamente se cae en cuenta que el nombre de \u00e9ste es Joaqu\u00edn Bermejo y que por alguna raz\u00f3n se encuentra muy perturbado. Aqu\u00ed las razones:<\/p>\n<p style=\"text-align: justify;\"><strong>El caso Scamarone<\/strong><br \/>\nRepresenta el punto de quiebre de la vida de Joaqu\u00edn Bermejo. No hay que esforzarse mucho para poder darse cuenta de que esta es la metida de pata m\u00e1s grande del ex ministro. En sus palabras: \u201c\u2026en tres a\u00f1os de ministro tal vez no hab\u00eda sacado una tajada tan grande como la que pudo\u201d y pudo lograrlo con el caso Scamarone, pero la prensa amarilla, la maldita prensa amarilla\u2026<\/p>\n<p style=\"text-align: justify;\">\u00bfQu\u00e9 es lo que m\u00e1s le doli\u00f3 de esta cuesti\u00f3n? \u00bfSer\u00e1 perder su trabajazo de ministro? No. Su suegro, eso es lo que m\u00e1s le doli\u00f3. Su suegro, los gritos de su suegro. Su suegro, los gritos de su suegro, el pap\u00e1 de Raquelita. S\u00ed.<\/p>\n<p style=\"text-align: justify;\"><strong>El ex ministro ahora com\u00fan mortal<\/strong><br \/>\nEs casi cultura general que en el d\u00eda de su cumplea\u00f1os uno se siente el hombre m\u00e1s importante en la Tierra. Sin embargo, a las 00:00 horas del d\u00eda siguiente, cual Cenicienta que va tarde, la magia desaparece y volvemos a ser el t\u00edpico patito feo de siempre.<\/p>\n<p style=\"text-align: justify;\">Y pensar que ten\u00eda guardaespaldas, patrulleros y choferes. Y pensar que Vicky le dec\u00eda \u201cmi ministrito\u201d. Y pensar que Raquelita le dice \u201cya no eres ministro\u201d. Su s\u00faper poder de Gran Ministro se hab\u00eda esfumado y ahora deb\u00eda volver a jugar a ser abogado. Adi\u00f3s guardaespaldas, patrulleros y choferes. \u00bfY ahora qu\u00e9 le dir\u00eda Vicky? \u00bf\u201dMi ex ministrito\u201d? \u00a1Ay Raquelita con su \u201cya no eres ministro\u201d!<\/p>\n<p style=\"text-align: justify;\"><strong>La mujer de su vida<\/strong><br \/>\nSi uno leyera r\u00e1pidamente el cuento podr\u00eda pensar que Joaqu\u00edn Bermejo no ama m\u00e1s a Raquelita. A la ca\u00edda del palto de Raquelita, en quien Joaqu\u00edn personifica a todo aquel que piensa que la gente que \u201cno es como uno\u201d es \u201cgente de la \u00ednfima\u201d, a todo aquel que piensa que hay que guardar la figura y que con tres frutas en el almuerzo basta y sobra.<\/p>\n<p style=\"text-align: justify;\">Se podr\u00eda pensar que Vicky es la mujer de su vida. Claro que Vicky no es m\u00e1s que la t\u00edpica fase avara del ser humano: desear lo que no tiene. Vicky es lo contrario a Raquelita, es desvergonzada y nada formal. Es el escape de Joaqu\u00edn Bermejo de Raquelita, de la conservadoramente detestable Raquelita.<\/p>\n<p style=\"text-align: justify;\">Pero Joaqu\u00edn sabe que Raquelita es, con sus melocotones y todo, su compa\u00f1era de vida. Su \u201cTe quiero por lo que eres\u201d lo ata para siempre. Qu\u00e9 negro hamp\u00f3n ni qu\u00e9 gente de la \u00ednfima. Raquelita, siempre Raquelita. Con el reloj equivocado en su cartera, siempre su Raquelita.<\/p>\n<p style=\"text-align: justify;\">Es as\u00ed que en los primeros tres p\u00e1rrafos de la lectura se nos revelaron los verdaderos protagonistas de la historia: la avaricia, el poder y la sociedad. Todos personificados en Joaqu\u00edn Bermejo, cuyo dilema acerca de qu\u00e9 es de lo que m\u00e1s quiere y qu\u00e9 es lo que m\u00e1s aborrece es constante y no lo deja ni ba\u00f1arse tranquilo. Sobre todo cuando parece que quiere y aborrece lo mismo. Y claro, qui\u00e9n podr\u00eda entender esto en la primera le\u00edda si Bryce nos hace ir y venir con sus alborotadas locuras.<\/p>\n","protected":false},"excerpt":{"rendered":"<p>\u201cAnorexia y tijerita\u201d es uno de los cuentos de humor de Alfredo Bryce Echenique donde muestra, una vez m\u00e1s, que dentro de la mente de cada uno pueden ocurrir mil y un pensamientos acerca de lo que nos sucede. Y, &hellip; <a href=\"https:\/\/blogs.up.edu.pe\/nubes\/trabajos\/trabajos-finales-ciclo-de-verano-2013\/el-dilema-de-joaquin-bermejo-por-julio-daniel-yanez\/\">Sigue leyendo <span class=\"meta-nav\">&rarr;<\/span><\/a><\/p>\n","protected":false},"author":3,"featured_media":0,"parent":632,"menu_order":1,"comment_status":"closed","ping_status":"closed","template":"","meta":{"footnotes":""},"class_list":["post-645","page","type-page","status-publish","hentry"],"_links":{"self":[{"href":"https:\/\/blogs.up.edu.pe\/nubes\/wp-json\/wp\/v2\/pages\/645","targetHints":{"allow":["GET"]}}],"collection":[{"href":"https:\/\/blogs.up.edu.pe\/nubes\/wp-json\/wp\/v2\/pages"}],"about":[{"href":"https:\/\/blogs.up.edu.pe\/nubes\/wp-json\/wp\/v2\/types\/page"}],"author":[{"embeddable":true,"href":"https:\/\/blogs.up.edu.pe\/nubes\/wp-json\/wp\/v2\/users\/3"}],"replies":[{"embeddable":true,"href":"https:\/\/blogs.up.edu.pe\/nubes\/wp-json\/wp\/v2\/comments?post=645"}],"version-history":[{"count":2,"href":"https:\/\/blogs.up.edu.pe\/nubes\/wp-json\/wp\/v2\/pages\/645\/revisions"}],"predecessor-version":[{"id":648,"href":"https:\/\/blogs.up.edu.pe\/nubes\/wp-json\/wp\/v2\/pages\/645\/revisions\/648"}],"up":[{"embeddable":true,"href":"https:\/\/blogs.up.edu.pe\/nubes\/wp-json\/wp\/v2\/pages\/632"}],"wp:attachment":[{"href":"https:\/\/blogs.up.edu.pe\/nubes\/wp-json\/wp\/v2\/media?parent=645"}],"curies":[{"name":"wp","href":"https:\/\/api.w.org\/{rel}","templated":true}]}}