{"id":638,"date":"2013-03-04T22:19:06","date_gmt":"2013-03-04T22:19:06","guid":{"rendered":"https:\/\/blogs.up.edu.pe\/nubes\/\/?page_id=638"},"modified":"2013-03-04T22:19:06","modified_gmt":"2013-03-04T22:19:06","slug":"suenos-de-robot-de-isaac-asimov-por-victor-santiago-vargas","status":"publish","type":"page","link":"https:\/\/blogs.up.edu.pe\/nubes\/trabajos\/trabajos-finales-ciclo-de-verano-2013\/suenos-de-robot-de-isaac-asimov-por-victor-santiago-vargas\/","title":{"rendered":"\u201cSue\u00f1os de robot\u201d de Isaac Asimov, por V\u00edctor Santiago Vargas"},"content":{"rendered":"<p align=\"JUSTIFY\">\u201cSue\u00f1os de robot\u201d publicada en la colecci\u00f3n de cuentos bajo el mismo nombre y escrita por Isaac Asimov, fue el cuento que m\u00e1s me gust\u00f3 ya que nos hace pensar un posible problema en un futuro no muy lejano.<\/p>\n<p align=\"JUSTIFY\">Isaac Asimov es considerado uno de los mayores exponentes de la ciencia ficci\u00f3n. Naci\u00f3 en Rusia pero su familia decidi\u00f3 trasladarse a los Estados Unidos luego de creada la Uni\u00f3n Sovi\u00e9tica. A los 19 a\u00f1os empez\u00f3 a escribir cuentos de ciencia ficci\u00f3n, y varias de sus publicaciones eran sobre robots.El diccionario ingl\u00e9s de Oxford le otorga el cr\u00e9dito de la palabra rob\u00f3tica. Por ello, podemos considerar que estuvo adelantado a su \u00e9poca.<\/p>\n<p align=\"JUSTIFY\">Sue\u00f1os de Robot cuenta la historia de Elvex, un robot creado por la doctora Linda Rash. Elvex no es un robot cualquiera, ya que ha logrado so\u00f1ar (algo que ning\u00fan otro robot hab\u00eda conseguido). Esta nueva habilidad de Elvex se debe a los avances de la doctora Rash, quien usando la geometr\u00eda fractal logr\u00f3 crear un cerebro positr\u00f3nico m\u00e1s complejo y similar al humano. Sin embargo, la doctora Rash decide pedirle ayuda a la experimentada doctora Calvin para saber qu\u00e9 es lo que debe hacer ahora con Elvex. La doctora Calvin decide escuchar a Elvex y le pide que le cuente su sue\u00f1o. Elvex obedeci\u00f3 la orden y coment\u00f3: \u201cVi que todos los robots estaban abrumados por el trabajo y la aflicci\u00f3n, que todos estaban vencidos por la responsabilidad y la preocupaci\u00f3n, y les dese\u00e9 que descansaran\u201d. Luego, Elvex a\u00f1adi\u00f3 que en su sue\u00f1o pens\u00f3 que un robot debe proteger su existencia.<\/p>\n<p align=\"JUSTIFY\">Asimov, quien escribe esta historia en 1986, nos muestra un mundo donde los robots se encargan de realizar actividades humanas y tambi\u00e9n muestra que en esta realidad existen reglas que los robots deben cumplir para asegurar la funci\u00f3n que tienen en la sociedad. Sin embargo, el intento de las personas por humanizar a los robots haciendo que puedan pensar y aprender por s\u00ed mismos, tal como lo hacemos los humanos, puede hacer que entre en conflicto con su objetivo principal, el cual es servir a los humanos.<\/p>\n<p align=\"JUSTIFY\">El autor muestra que Elvex empieza a tener sentimientos hacia otros robots como \u00e9l al decir que dese\u00f3 que descansen. M\u00e1s adelante, Elvex menciona que quer\u00eda liberar a su gente, por lo cual la doctora Calvin lo destruye, ya que representar\u00eda una amenaza si es que trata de cumplir su sue\u00f1o y buscara su libertad.<\/p>\n<p align=\"JUSTIFY\">La ciencia siempre avanza y a pasos m\u00e1s grandes, cada vez los procesos de producci\u00f3n son m\u00e1s automatizados, usando robots para diferentes labores. Inclusive la NASA manda robots al espacio para situaciones peligrosas. El cuento de Asimov puede representar un futuro no muy lejano donde los robots pueden interpretar que son explotados y buscar su libertad.<\/p>\n<p align=\"JUSTIFY\">Otro de los cuentos de Asimov que me gust\u00f3 mucho fue \u201cEl hombre bicentenario\u201d (la pel\u00edcula interpretada por Robin Williams tambi\u00e9n me pareci\u00f3 muy buena), el cual tiene mucha relaci\u00f3n con \u201cSue\u00f1os de robot\u201d, ya que se muestra en ambos que es posible ver c\u00f3mo los robots son humanizados. En el primero el robot se queda fascinado por los humanos y cada vez quiere ser m\u00e1s humano y menos robot. En \u201cSue\u00f1os de robot\u201d, los robots empiezan a so\u00f1ar y Elvex cree que debe liberar a su gente, esto tambi\u00e9n puede interpretarse como si los robots buscaran ser libres tal como lo son los humanos.<\/p>\n","protected":false},"excerpt":{"rendered":"<p>\u201cSue\u00f1os de robot\u201d publicada en la colecci\u00f3n de cuentos bajo el mismo nombre y escrita por Isaac Asimov, fue el cuento que m\u00e1s me gust\u00f3 ya que nos hace pensar un posible problema en un futuro no muy lejano. Isaac &hellip; <a href=\"https:\/\/blogs.up.edu.pe\/nubes\/trabajos\/trabajos-finales-ciclo-de-verano-2013\/suenos-de-robot-de-isaac-asimov-por-victor-santiago-vargas\/\">Sigue leyendo <span class=\"meta-nav\">&rarr;<\/span><\/a><\/p>\n","protected":false},"author":3,"featured_media":0,"parent":632,"menu_order":0,"comment_status":"closed","ping_status":"closed","template":"","meta":{"footnotes":""},"class_list":["post-638","page","type-page","status-publish","hentry"],"_links":{"self":[{"href":"https:\/\/blogs.up.edu.pe\/nubes\/wp-json\/wp\/v2\/pages\/638","targetHints":{"allow":["GET"]}}],"collection":[{"href":"https:\/\/blogs.up.edu.pe\/nubes\/wp-json\/wp\/v2\/pages"}],"about":[{"href":"https:\/\/blogs.up.edu.pe\/nubes\/wp-json\/wp\/v2\/types\/page"}],"author":[{"embeddable":true,"href":"https:\/\/blogs.up.edu.pe\/nubes\/wp-json\/wp\/v2\/users\/3"}],"replies":[{"embeddable":true,"href":"https:\/\/blogs.up.edu.pe\/nubes\/wp-json\/wp\/v2\/comments?post=638"}],"version-history":[{"count":2,"href":"https:\/\/blogs.up.edu.pe\/nubes\/wp-json\/wp\/v2\/pages\/638\/revisions"}],"predecessor-version":[{"id":642,"href":"https:\/\/blogs.up.edu.pe\/nubes\/wp-json\/wp\/v2\/pages\/638\/revisions\/642"}],"up":[{"embeddable":true,"href":"https:\/\/blogs.up.edu.pe\/nubes\/wp-json\/wp\/v2\/pages\/632"}],"wp:attachment":[{"href":"https:\/\/blogs.up.edu.pe\/nubes\/wp-json\/wp\/v2\/media?parent=638"}],"curies":[{"name":"wp","href":"https:\/\/api.w.org\/{rel}","templated":true}]}}