{"id":632,"date":"2013-03-04T22:17:32","date_gmt":"2013-03-04T22:17:32","guid":{"rendered":"https:\/\/blogs.up.edu.pe\/nubes\/\/?page_id=632"},"modified":"2016-02-10T08:28:40","modified_gmt":"2016-02-10T13:28:40","slug":"trabajos-finales-ciclo-de-verano-2013","status":"publish","type":"page","link":"https:\/\/blogs.up.edu.pe\/nubes\/trabajos\/trabajos-finales-ciclo-de-verano-2013\/","title":{"rendered":"Trabajos finales 2013-verano"},"content":{"rendered":"<p>Lista de los ensayos finales delos participantes en el ciclo de verano, 2013, del club:<\/p>\n<ul>\n<li><span style=\"line-height: 14px;\"><a title=\"\u201cSue\u00f1os de robot\u201d de Isaac Asimov, por V\u00edctor Santiago Vargas\" href=\"https:\/\/blogs.up.edu.pe\/nubes\/\/trabajos\/trabajos-finales-ciclo-de-verano-2013\/suenos-de-robot-de-isaac-asimov-por-victor-santiago-vargas\/\"><strong>\u201cSue\u00f1os de robot\u201d de Isaac Asimov<\/strong>, por V\u00edctor Santiago Vargas.<\/a><br \/>\n<\/span><\/li>\n<li><a title=\"El dilema de Joaqu\u00edn Bermejo, por Julio Daniel Y\u00e1\u00f1ez\" href=\"https:\/\/blogs.up.edu.pe\/nubes\/\/trabajos\/trabajos-finales-ciclo-de-verano-2013\/el-dilema-de-joaquin-bermejo-por-julio-daniel-yanez\/\"><strong>El dilema de Joaqu\u00edn Bermejo<\/strong>, por Julio Daniel Y\u00e1\u00f1ez<\/a><\/li>\n<li><a title=\"\u201cEl pozo y el p\u00e9ndulo\u201d y el maestro Edgar Allan Poe, por: Grace Jim\u00e9nez\" href=\"https:\/\/blogs.up.edu.pe\/nubes\/\/trabajos\/trabajos-finales-ciclo-de-verano-2013\/el-pozo-y-el-pendulo-y-el-maestro-edgar-allan-poe-por-grace-jimenez\/\"><strong>\u201cEl pozo y el p\u00e9ndulo\u201d y el maestro Edgar Allan Poe<\/strong>, por Grace Jim\u00e9nez<\/a><\/li>\n<li><a title=\"Julio Ram\u00f3n Ribeyro, por Mar\u00eda \u00c1ngela Ortecho\" href=\"https:\/\/blogs.up.edu.pe\/nubes\/\/trabajos\/trabajos-finales-ciclo-de-verano-2013\/julio-ramon-ribeyro-por-maria-angela-ortecho\/\"><strong>Julio Ram\u00f3n Ribeyro<\/strong>, por Mar\u00eda \u00c1ngela Ortecho<\/a><\/li>\n<li><a title=\"Franz Kafka (1883-1924), por Gabriela Cabrejos\" href=\"https:\/\/blogs.up.edu.pe\/nubes\/\/trabajos\/trabajos-finales-ciclo-de-verano-2013\/franz-kafka-1883-1924-por-gabriela-cabrejos\/\"><strong>Franz Kafka (1883-1924)<\/strong>, por Gabriela Cabrejos<\/a><\/li>\n<li><a title=\"\u201cEl Hijo Solo\u201d de Jos\u00e9 Mar\u00eda Arguedas, por Jessica Talavera\" href=\"https:\/\/blogs.up.edu.pe\/nubes\/\/trabajos\/trabajos-finales-ciclo-de-verano-2013\/el-hijo-solo-de-jose-maria-arguedas-por-jessica-talavera\/\"><strong>\u201cEl Hijo Solo\u201d de Jos\u00e9 Mar\u00eda Arguedas<\/strong>, por Jessica Talavera<\/a><\/li>\n<li><a title=\"\u201cD\u00eda domingo\u201d de Mario Vargas Llosa, por Angela Alania\" href=\"https:\/\/blogs.up.edu.pe\/nubes\/\/trabajos\/trabajos-finales-ciclo-de-verano-2013\/dia-domingo-de-mario-vargas-llosa-por-angela-alania\/\"><strong>\u201cD\u00eda domingo\u201d de Mario Vargas Llosa<\/strong>, por Angela Alania<\/a><\/li>\n<li><a title=\"El naturalismo, por Alejandra Mendoza\" href=\"https:\/\/blogs.up.edu.pe\/nubes\/\/trabajos\/trabajos-finales-ciclo-de-verano-2013\/el-naturalismo-por-alejandra-mendoza\/\"><strong>El naturalismo<\/strong>, por Alejandra Mendoza<\/a><\/li>\n<li><a title=\"Jos\u00e9 Mar\u00eda Arguedas y el indigenismo, por David Ospino Ibarra\" href=\"https:\/\/blogs.up.edu.pe\/nubes\/\/trabajos\/trabajos-finales-ciclo-de-verano-2013\/jose-maria-arguedas-y-el-indigenismo-por-david-ospino-ibarra\/\"><strong>Jos\u00e9 Mar\u00eda Arguedas y el indigenismo<\/strong>, por David Ospino Ibarra<\/a><\/li>\n<li><a title=\"\u201cEl hijo solo\u201d de Jos\u00e9 Mar\u00eda Arguedas, por Nadia Cahuana Santiago\" href=\"https:\/\/blogs.up.edu.pe\/nubes\/\/trabajos\/trabajos-finales-ciclo-de-verano-2013\/el-hijo-solo-de-jose-maria-arguedas-por-nadia-cahuana-santiago\/\"><strong>\u00abEl hijo solo\u00bb de Jos\u00e9 Mar\u00eda Arguedas<\/strong>, por Nadia Cahuana Santiago<\/a><\/li>\n<li><a title=\"\u201cAnorexia y tijerita\u201d de Alfredo Bryce Echenique, por Nicol\u00e1s Oyague\" href=\"https:\/\/blogs.up.edu.pe\/nubes\/\/trabajos\/trabajos-finales-ciclo-de-verano-2013\/anorexia-y-tijerita-de-alfredo-bryce-echenique-por-nicolas-oyague\/\"><strong>\u201cAnorexia y tijerita\u201d de Alfredo Bryce Echenique<\/strong>, por Nicol\u00e1s Oyague<\/a><\/li>\n<li><a title=\"\u201cLos huaqueros\u201d de Julio Ram\u00f3n Ribeyro, por Bruno Talledo\" href=\"https:\/\/blogs.up.edu.pe\/nubes\/\/trabajos\/trabajos-finales-ciclo-de-verano-2013\/los-huaqueros-de-julio-ramon-ribeyro-por-bruno-talledo\/\"><strong>\u201cLos huaqueros\u201d de Julio Ram\u00f3n Ribeyro<\/strong>, por Bruno Talledo<\/a><\/li>\n<li><a title=\"Julio Ram\u00f3n Ribeyro, por Giulio Gilardi\" href=\"https:\/\/blogs.up.edu.pe\/nubes\/\/trabajos\/trabajos-finales-ciclo-de-verano-2013\/julio-ramon-ribeyro-por-giulio-gilardi\/\"><strong>Julio Ram\u00f3n Ribeyro<\/strong>, por Giulio Gilardi<\/a><\/li>\n<li><a title=\"\u201cLos huaqueros\u201d de Julio Ram\u00f3n Ribeyro, por Camila C\u00f3rdova\" href=\"https:\/\/blogs.up.edu.pe\/nubes\/\/trabajos\/trabajos-finales-ciclo-de-verano-2013\/los-huaqueros-de-julio-ramon-ribeyro-por-camila-cordova\/\"><strong>\u201cLos huaqueros\u201d de Julio Ram\u00f3n Ribeyro<\/strong>, por Camila C\u00f3rdova<\/a><\/li>\n<li><a title=\"Edgar Allan Poe, por Stefano Giorffino\" href=\"https:\/\/blogs.up.edu.pe\/nubes\/\/trabajos\/trabajos-finales-ciclo-de-verano-2013\/edgar-allan-poe-por-stefano-giorffino\/\"><strong>Edgar Allan Poe<\/strong>, por Stefano Giorffino<\/a><\/li>\n<li><a title=\"\u201cAnorexia y tijerita\u201d de Alfredo Bryce Echenique, por Erika Robles\" href=\"https:\/\/blogs.up.edu.pe\/nubes\/\/trabajos\/trabajos-finales-ciclo-de-verano-2013\/anorexia-y-tijerita-de-alfredo-bryce-echenique-por-erika-robles\/\"><strong>\u201cAnorexia y tijerita\u201d de Alfredo Bryce Echenique<\/strong>, por Erika Robles<\/a><\/li>\n<li><a title=\"\u201cSue\u00f1os de robot\u201d de Isaac Asimov, por Jorge Gabriel Batallanos\" href=\"https:\/\/blogs.up.edu.pe\/nubes\/\/trabajos\/trabajos-finales-ciclo-de-verano-2013\/suenos-de-robot-de-isaac-asimov-por-jorge-gabriel-batallanos\/\"><strong>\u201cSue\u00f1os de robot\u201d de Isaac Asimov<\/strong>, por Jorge Gabriel Batallanos<\/a><\/li>\n<li><a title=\"Robots no tan robots, por Jos\u00e9 Andree Camarena\" href=\"https:\/\/blogs.up.edu.pe\/nubes\/\/trabajos\/trabajos-finales-ciclo-de-verano-2013\/robots-no-tan-robots-por-jose-andree-camarena\/\"><strong>Robots no tan robots<\/strong>, por Jos\u00e9 Andree Camarena<\/a><\/li>\n<li><a title=\"\u201cInundaciones\u201d de Zein Zorrilla, por Jos\u00e9 Luis Montenegro\" href=\"https:\/\/blogs.up.edu.pe\/nubes\/\/trabajos\/trabajos-finales-ciclo-de-verano-2013\/inundaciones-de-zein-zorrilla-por-jose-luis-montenegro\/\"><strong>\u201cInundaciones\u201d de Zein Zorrilla<\/strong>, por Jos\u00e9 Luis Montenegro<\/a><\/li>\n<li><a title=\"\u201cEl pozo y el p\u00e9ndulo\u201d de Edgar Allan Poe, por Manuel S\u00e1enz P.\" href=\"https:\/\/blogs.up.edu.pe\/nubes\/\/trabajos\/trabajos-finales-ciclo-de-verano-2013\/el-pozo-y-el-pendulo-de-edgar-allan-poe-por-manuel-saenz-p\/\"><strong>\u201cEl pozo y el p\u00e9ndulo\u201d de Edgar Allan Poe<\/strong>, por Manuel S\u00e1enz P.<\/a><\/li>\n<li><a title=\"\u201cD\u00eda domingo\u201d de Mario Vargas Llosa, por Milagros Chipana\" href=\"https:\/\/blogs.up.edu.pe\/nubes\/\/trabajos\/trabajos-finales-ciclo-de-verano-2013\/dia-domingo-de-mario-vargas-llosa-por-milagros-chipana\/\"><strong>\u201cD\u00eda domingo\u201d de Mario Vargas Llosa<\/strong>, por Milagros Chipana<\/a><\/li>\n<\/ul>\n","protected":false},"excerpt":{"rendered":"<p>Lista de los ensayos finales delos participantes en el ciclo de verano, 2013, del club: \u201cSue\u00f1os de robot\u201d de Isaac Asimov, por V\u00edctor Santiago Vargas. El dilema de Joaqu\u00edn Bermejo, por Julio Daniel Y\u00e1\u00f1ez \u201cEl pozo y el p\u00e9ndulo\u201d y &hellip; <a href=\"https:\/\/blogs.up.edu.pe\/nubes\/trabajos\/trabajos-finales-ciclo-de-verano-2013\/\">Sigue leyendo <span class=\"meta-nav\">&rarr;<\/span><\/a><\/p>\n","protected":false},"author":3,"featured_media":0,"parent":256,"menu_order":3,"comment_status":"closed","ping_status":"closed","template":"","meta":{"footnotes":""},"class_list":["post-632","page","type-page","status-publish","hentry"],"_links":{"self":[{"href":"https:\/\/blogs.up.edu.pe\/nubes\/wp-json\/wp\/v2\/pages\/632","targetHints":{"allow":["GET"]}}],"collection":[{"href":"https:\/\/blogs.up.edu.pe\/nubes\/wp-json\/wp\/v2\/pages"}],"about":[{"href":"https:\/\/blogs.up.edu.pe\/nubes\/wp-json\/wp\/v2\/types\/page"}],"author":[{"embeddable":true,"href":"https:\/\/blogs.up.edu.pe\/nubes\/wp-json\/wp\/v2\/users\/3"}],"replies":[{"embeddable":true,"href":"https:\/\/blogs.up.edu.pe\/nubes\/wp-json\/wp\/v2\/comments?post=632"}],"version-history":[{"count":31,"href":"https:\/\/blogs.up.edu.pe\/nubes\/wp-json\/wp\/v2\/pages\/632\/revisions"}],"predecessor-version":[{"id":1997,"href":"https:\/\/blogs.up.edu.pe\/nubes\/wp-json\/wp\/v2\/pages\/632\/revisions\/1997"}],"up":[{"embeddable":true,"href":"https:\/\/blogs.up.edu.pe\/nubes\/wp-json\/wp\/v2\/pages\/256"}],"wp:attachment":[{"href":"https:\/\/blogs.up.edu.pe\/nubes\/wp-json\/wp\/v2\/media?parent=632"}],"curies":[{"name":"wp","href":"https:\/\/api.w.org\/{rel}","templated":true}]}}