{"id":543,"date":"2012-06-16T17:22:52","date_gmt":"2012-06-16T17:22:52","guid":{"rendered":"https:\/\/blogs.up.edu.pe\/nubes\/\/?page_id=543"},"modified":"2012-06-16T17:22:52","modified_gmt":"2012-06-16T17:22:52","slug":"el-pozo-y-el-pendulo-de-edgar-allan-poe-por-marco-barriga","status":"publish","type":"page","link":"https:\/\/blogs.up.edu.pe\/nubes\/trabajos\/trabajos-finales-ciclo-de-otono-2012\/el-pozo-y-el-pendulo-de-edgar-allan-poe-por-marco-barriga\/","title":{"rendered":"\u00abEl pozo y el p\u00e9ndulo\u00bb de Edgar Allan Poe, por Marco Barriga"},"content":{"rendered":"<p>A lo largo del curso tuve la oportunidad de conocer distintos g\u00e9neros literarios, y de aprender a apreciarlos y entender sus diferencias, muchas veces matizadas por el toque \u00fanico de cada autor. Gracias a esto logr\u00e9 identificar con qu\u00e9 g\u00e9neros me siento m\u00e1s af\u00edn, y cuales logran atraparme m\u00e1s adentro de la historia.<\/p>\n<p>El terror result\u00f3 ser, como ya lo esperaba, el g\u00e9nero que logr\u00f3 atraparme m\u00e1s entre sus p\u00e1ginas. Ya sea con matiz realista o fant\u00e1stico, el g\u00e9nero crea en el lector una combinaci\u00f3n de emociones como el miedo y el suspenso. Es por ello que decid\u00ed escoger \u00abEl pozo y el p\u00e9ndulo\u00bb, de Edgar Allan Poe, un maestro del terror.<\/p>\n<p>El cuento \u201cEl pozo y el p\u00e9ndulo\u201d nos relata de forma lineal la historia de un condenado, en un ambiente oscuro y tenebroso, y a medida que avanza la historia el ambiente se va tornando a\u00fan m\u00e1s tenebroso, pues tiene la particularidad de ser cambiante, al menos a la percepci\u00f3n del personaje y narrador.<\/p>\n<p>Un punto que vale la pena mencionar, es que a pesar de la simpleza del ambiente donde se desarrolla el cuento, Poe logra entrar a un detalle tan profundo que nos lleva a sentir que como lectores somos espectadores de un escenario muy complejo y hostil, que lleva al protagonista al limite a medida que va avanzando el relato. Hay que resaltar tambi\u00e9n la habilidad del autor para tener al lector pendiente del giro que pueda tomar el mismo, pues al ser un escenario cambiante, el personaje podr\u00eda desaparecer de un momento a otro, por los peligros que podr\u00edan present\u00e1rsele con un cambio desfavorable en el escenario.<\/p>\n<p>En el cuento vemos tambi\u00e9n un macabro juego psicol\u00f3gico, combinando la tortura con la incertidumbre, llevando a que el personaje al borde del colapso, y buscando que este mismo se rinda y sucumba ante el inminente desenlace.<\/p>\n<p>Del personaje podemos decir en primer lugar que al ser tanto protagonista como narrador, nos da una visi\u00f3n m\u00e1s pr\u00f3xima de los hechos y nos coloca cara a cara con los mismos, pues es distinto que un narrador omnisciente nos cuente la historia, que el mismo protagonista pueda transmitirnos qu\u00e9 pasa o qu\u00e9 siente. Del perfil psicol\u00f3gico del personaje, podemos concluir por lo hechos relatados que se trata de un individuo perseverante y perspicaz, que por m\u00e1s de encontrarse en un escenario hostil se las ingenia para no sucumbir ante el, lo cual rinde frutos al final del relato.<\/p>\n<p>La narrativa en primera persona le permite a Poe transmitir al lector el juego de emociones que vive el personaje de una manera v\u00edvida, que genera una relaci\u00f3n m\u00e1s cercana entre el lector y el personaje, y a su vez, capta mejor la atenci\u00f3n del lector.<\/p>\n<p>El componente religioso incorporado al cuento es probablemente el m\u00e1s macabro de la Iglesia a lo largo del tiempo, la Inquisici\u00f3n. Sit\u00faan as\u00ed como antagonistas a los monjes ejecutores, quienes en nombre de Dios acabaron torturando y matando personas, no siempre culpables de lo que se dec\u00eda. Por ello el impacto social implica una evidencia (si bien no son hechos reales, sino cuentos, lo que hay detr\u00e1s es un reflejo de lo que de alguna manera se daba en la realidad) de los errores de la Iglesia en el pasado, cosas que hoy en d\u00eda resultar\u00edan en un esc\u00e1ndalo inconcebible.<\/p>\n<p>En conclusi\u00f3n, \u201cEl pozo y el p\u00e9ndulo\u201d de Poe es una joya de la literatura de terror, logrando concentrar en muy pocas p\u00e1ginas muchas emociones y descripciones de un cambiante escenario, que suma al suspenso que atrapa al lector y arrincona progresivamente al personaje. Gracias a todos estos recursos Poe, fiel a su estilo, mantiene en vilo al lector de comienzo a fin, y nos da un final, como de costumbre, muy poco predecible.<\/p>\n","protected":false},"excerpt":{"rendered":"<p>A lo largo del curso tuve la oportunidad de conocer distintos g\u00e9neros literarios, y de aprender a apreciarlos y entender sus diferencias, muchas veces matizadas por el toque \u00fanico de cada autor. Gracias a esto logr\u00e9 identificar con qu\u00e9 g\u00e9neros &hellip; <a href=\"https:\/\/blogs.up.edu.pe\/nubes\/trabajos\/trabajos-finales-ciclo-de-otono-2012\/el-pozo-y-el-pendulo-de-edgar-allan-poe-por-marco-barriga\/\">Sigue leyendo <span class=\"meta-nav\">&rarr;<\/span><\/a><\/p>\n","protected":false},"author":3,"featured_media":0,"parent":465,"menu_order":19,"comment_status":"closed","ping_status":"closed","template":"","meta":{"footnotes":""},"class_list":["post-543","page","type-page","status-publish","hentry"],"_links":{"self":[{"href":"https:\/\/blogs.up.edu.pe\/nubes\/wp-json\/wp\/v2\/pages\/543","targetHints":{"allow":["GET"]}}],"collection":[{"href":"https:\/\/blogs.up.edu.pe\/nubes\/wp-json\/wp\/v2\/pages"}],"about":[{"href":"https:\/\/blogs.up.edu.pe\/nubes\/wp-json\/wp\/v2\/types\/page"}],"author":[{"embeddable":true,"href":"https:\/\/blogs.up.edu.pe\/nubes\/wp-json\/wp\/v2\/users\/3"}],"replies":[{"embeddable":true,"href":"https:\/\/blogs.up.edu.pe\/nubes\/wp-json\/wp\/v2\/comments?post=543"}],"version-history":[{"count":1,"href":"https:\/\/blogs.up.edu.pe\/nubes\/wp-json\/wp\/v2\/pages\/543\/revisions"}],"predecessor-version":[{"id":544,"href":"https:\/\/blogs.up.edu.pe\/nubes\/wp-json\/wp\/v2\/pages\/543\/revisions\/544"}],"up":[{"embeddable":true,"href":"https:\/\/blogs.up.edu.pe\/nubes\/wp-json\/wp\/v2\/pages\/465"}],"wp:attachment":[{"href":"https:\/\/blogs.up.edu.pe\/nubes\/wp-json\/wp\/v2\/media?parent=543"}],"curies":[{"name":"wp","href":"https:\/\/api.w.org\/{rel}","templated":true}]}}