{"id":541,"date":"2012-06-16T17:12:52","date_gmt":"2012-06-16T17:12:52","guid":{"rendered":"https:\/\/blogs.up.edu.pe\/nubes\/\/?page_id=541"},"modified":"2012-06-16T17:12:52","modified_gmt":"2012-06-16T17:12:52","slug":"%e2%80%9cla-autopista-del-sur%e2%80%9d-de-cortazar-por-walter-fernandez","status":"publish","type":"page","link":"https:\/\/blogs.up.edu.pe\/nubes\/trabajos\/trabajos-finales-ciclo-de-otono-2012\/%e2%80%9cla-autopista-del-sur%e2%80%9d-de-cortazar-por-walter-fernandez\/","title":{"rendered":"\u201cLa Autopista del Sur\u201d de Cort\u00e1zar, por Walter Fern\u00e1ndez"},"content":{"rendered":"<p>El cuento \u201cLa Autopista del Sur\u201d de Cort\u00e1zar me logr\u00f3 impresionar en diversos puntos.<\/p>\n<p>En primer lugar, entiendo que una persona regular asocia un embotellamiento vehicular a aburrimiento y desesperaci\u00f3n, sin embargo Cort\u00e1zar pudo narrar en forma muy entretenida y detallada los acontecimientos en uno. Describi\u00f3 a las distintas personas con quienes compart\u00eda espacio en algunos pocos autos a la redonda. El cuento inicia con el narrador observando las acciones de las personas en autos aleda\u00f1os, c\u00f3mo ven los minutos pasar, c\u00f3mo conservan la calma y el buen humor o c\u00f3mo se empiezan a agotar ante la inc\u00f3moda situaci\u00f3n.<\/p>\n<p>En segundo lugar resulta muy curioso c\u00f3mo el narrador lograba identificar al resto de personajes por el modelo de sus autos, que algunas veces pod\u00edan o no coincidir con alguna de las caracter\u00edsticas de sus tripulantes. Por ejemplo la chica con quien el narrador tuvo mayor acercamiento la identificaba como Dauphine, y los propietarios del Taunus eran un grupo de hombres.<\/p>\n<p>Como tercer punto resalto la cantidad de tiempo que pasaron durante el embotellamiento. Pasaron d\u00edas y sin tener noticias de qu\u00e9 lo estaba causando, sin embargo lograron organizarse para poder afrontar las dificultades que se iban presentando, como contar con un reducido n\u00famero de provisiones, el fr\u00edo durante las noches o la poca ayuda de los habitantes de las zonas que se encontraban a los lados de la carretera.<\/p>\n<p>Finalmente logran avanzar y el embotellamiento se diluye, pero es entonces que el narrador se empieza a preocupar porque ve c\u00f3mo las personas con quienes hab\u00eda departido en los \u00faltimos d\u00edas y con quienes se hab\u00eda sentido c\u00f3modo se empiezan a alejar. Entre ellos, y obviamente con especial atenci\u00f3n, Dauphine. Resalto este \u00faltimo punto como el principal porque en una situaci\u00f3n originalmente inc\u00f3moda y que probablemente a cualquier persona le puede parecer una de las peores, y sobre todo a nosotros que lidiamos con el tr\u00e1fico de Lima a diario, el narrador logra encontrarse c\u00f3modo y confortable.<\/p>\n<p>Esta figura resulta esperanzadora para personas que se encuentran insatisfechas con lo que actualmente poseen o por d\u00f3nde se encuentran o en general por su realidad, y que anhelan un futuro distinto sin haber analizado bien si lo que est\u00e1 a su alrededor no es lo que realmente podr\u00eda hacerlos felices.<\/p>\n<p>A partir de un hecho fortuito e inesperado, y que en un principio pudo resultar tedioso y una p\u00e9rdida de tiempo, el narrador encontr\u00f3 bienestar personal.<\/p>\n","protected":false},"excerpt":{"rendered":"<p>El cuento \u201cLa Autopista del Sur\u201d de Cort\u00e1zar me logr\u00f3 impresionar en diversos puntos. En primer lugar, entiendo que una persona regular asocia un embotellamiento vehicular a aburrimiento y desesperaci\u00f3n, sin embargo Cort\u00e1zar pudo narrar en forma muy entretenida y &hellip; <a href=\"https:\/\/blogs.up.edu.pe\/nubes\/trabajos\/trabajos-finales-ciclo-de-otono-2012\/%e2%80%9cla-autopista-del-sur%e2%80%9d-de-cortazar-por-walter-fernandez\/\">Sigue leyendo <span class=\"meta-nav\">&rarr;<\/span><\/a><\/p>\n","protected":false},"author":3,"featured_media":0,"parent":465,"menu_order":18,"comment_status":"closed","ping_status":"closed","template":"","meta":{"footnotes":""},"class_list":["post-541","page","type-page","status-publish","hentry"],"_links":{"self":[{"href":"https:\/\/blogs.up.edu.pe\/nubes\/wp-json\/wp\/v2\/pages\/541","targetHints":{"allow":["GET"]}}],"collection":[{"href":"https:\/\/blogs.up.edu.pe\/nubes\/wp-json\/wp\/v2\/pages"}],"about":[{"href":"https:\/\/blogs.up.edu.pe\/nubes\/wp-json\/wp\/v2\/types\/page"}],"author":[{"embeddable":true,"href":"https:\/\/blogs.up.edu.pe\/nubes\/wp-json\/wp\/v2\/users\/3"}],"replies":[{"embeddable":true,"href":"https:\/\/blogs.up.edu.pe\/nubes\/wp-json\/wp\/v2\/comments?post=541"}],"version-history":[{"count":1,"href":"https:\/\/blogs.up.edu.pe\/nubes\/wp-json\/wp\/v2\/pages\/541\/revisions"}],"predecessor-version":[{"id":542,"href":"https:\/\/blogs.up.edu.pe\/nubes\/wp-json\/wp\/v2\/pages\/541\/revisions\/542"}],"up":[{"embeddable":true,"href":"https:\/\/blogs.up.edu.pe\/nubes\/wp-json\/wp\/v2\/pages\/465"}],"wp:attachment":[{"href":"https:\/\/blogs.up.edu.pe\/nubes\/wp-json\/wp\/v2\/media?parent=541"}],"curies":[{"name":"wp","href":"https:\/\/api.w.org\/{rel}","templated":true}]}}