{"id":538,"date":"2012-06-16T17:04:53","date_gmt":"2012-06-16T17:04:53","guid":{"rendered":"https:\/\/blogs.up.edu.pe\/nubes\/\/?page_id=538"},"modified":"2012-06-16T17:04:53","modified_gmt":"2012-06-16T17:04:53","slug":"anorexia-y-tijerita-de-bryce-echenique-por-jorge-suarez","status":"publish","type":"page","link":"https:\/\/blogs.up.edu.pe\/nubes\/trabajos\/trabajos-finales-ciclo-de-otono-2012\/anorexia-y-tijerita-de-bryce-echenique-por-jorge-suarez\/","title":{"rendered":"\u00abAnorexia y tijerita\u00bb de Bryce Echenique, por Jorge Su\u00e1rez"},"content":{"rendered":"<p>De los cuentos y autores que hemos le\u00eddo en el curso, considero que el cuento \u201cAnorexia y tijerita\u201d es uno de los m\u00e1s interesantes debido al estilo \u00fanico del autor y a los temas actuales que son desarrollados en este cuento.<\/p>\n<p>Respecto al autor, es importante mencionar que Bryce naci\u00f3 dentro de una familia olig\u00e1rquica lime\u00f1a. Realiz\u00f3 sus estudios primarios, secundarios y universitarios en el Per\u00fa hasta completar el t\u00edtulo de doctor en letras por la Universidad Mayor de San Marcos. Posteriormente se fue a Europa a continuar estudiando y luego se quedo a vivir all\u00e1 por un periodo de m\u00e1s de 20 a\u00f1os. Trabaj\u00f3 como profesor de literatura en varias universidades europeas y comenz\u00f3 a escribir sus primeras obras. Bryce Echenique cuenta con un estilo muy peculiar el cual, seg\u00fan mi opini\u00f3n, le agrega a su escritura caracter\u00edsticas interesantes que invitan al lector a involucrarse a\u00fan m\u00e1s en la lectura. El humor sarc\u00e1stico, junto con un alto detallismo m\u00e1s un estilo atrevido para caracterizar a sus personajes denotan que el autor es un conocedor de la sociedad lime\u00f1a, clasista y contradictoria. Se dice que inclusive a veces el autor recurr\u00eda a experiencias propias para completar y darle un toque de realidad y ficci\u00f3n a sus cuentos.<\/p>\n<p>Respecto al cuento, Bryce toca varios temas propios de una sociedad lime\u00f1a que a\u00fan cuenta con muchos prejuicios y complejos en todas las capas tanto sociales como pol\u00edticas. En este caso, Bryce presenta el interior de una familia, en la cual el esposo y esposa tienen caracter\u00edsticas personales muy definidas y extremadamente diferentes. Cada personaje tiene una historia y pasado muy peculiar y son expuestos con todos sus defectos y complejos en el cuento a medida que van enfrentando situaciones complicadas. Cada personaje representa un sector de la sociedad. Por ejemplo, la esposa del protagonista refleja el sector aristocr\u00e1tico de la sociedad, que vive en una burbuja y no conoce ni siquiera c\u00f3mo es la vida en las afueras de Lima. Por otro lado, el protagonista representa a una clase media\/alta que ha surgido pero que a\u00fan no tiene un posicionamiento social alto. Y por \u00faltimo, tambi\u00e9n se muestra la periferia de Lima que es presentada como un \u00e1rea peligrosa y con un bajo nivel de desarrollo. Creo que con este cuento, Bryce quiere hacernos reflexionar c\u00f3mo en una familia supuestamente unida y posicionada socialmente en un estrato medio-alto; pueden existir diversos temas que no son afrontados por temor a lo que la sociedad pueda decir u opinar al respecto. Bryce ha vivido en una \u00e9poca donde las apariencias y los prejuicios cada vez eran m\u00e1s grandes y cobraban mayor protagonismo dentro de la sociedad peruana, en especial en la costa. De esta forma, el autor nos presenta pedazos de c\u00f3mo era vivir en esa \u00e9poca en Per\u00fa. En este sentido, el autor trata de unir diversas realidades de la sociedad de forma que se pueda apreciar una armon\u00eda en sus historias, lo cual le da un ingrediente adicional a sus cuentos.<\/p>\n<p>Finalmente, es importante mencionar que Bryce Echenique actualmente todav\u00eda se mantiene vigente dentro de los actuales escritores nacionales, y es uno de los escritores locales m\u00e1s representativos. Su estilo \u00e1cido y sarc\u00e1stico en la forma de presentar sus cuentos, en mi opini\u00f3n, le da un toque m\u00e1s \u00fanico y real, que unido a que el autor toca temas contempor\u00e1neos que se presentan en la vida real te ayuda un poco a reflexionar sobre lo que en verdad pasa en la sociedad actual y tomar conciencia sobre lo que en verdad pasa y a veces no nos sentamos a pensar en estos temas que son importantes.<\/p>\n","protected":false},"excerpt":{"rendered":"<p>De los cuentos y autores que hemos le\u00eddo en el curso, considero que el cuento \u201cAnorexia y tijerita\u201d es uno de los m\u00e1s interesantes debido al estilo \u00fanico del autor y a los temas actuales que son desarrollados en este &hellip; <a href=\"https:\/\/blogs.up.edu.pe\/nubes\/trabajos\/trabajos-finales-ciclo-de-otono-2012\/anorexia-y-tijerita-de-bryce-echenique-por-jorge-suarez\/\">Sigue leyendo <span class=\"meta-nav\">&rarr;<\/span><\/a><\/p>\n","protected":false},"author":3,"featured_media":0,"parent":465,"menu_order":18,"comment_status":"closed","ping_status":"closed","template":"","meta":{"footnotes":""},"class_list":["post-538","page","type-page","status-publish","hentry"],"_links":{"self":[{"href":"https:\/\/blogs.up.edu.pe\/nubes\/wp-json\/wp\/v2\/pages\/538","targetHints":{"allow":["GET"]}}],"collection":[{"href":"https:\/\/blogs.up.edu.pe\/nubes\/wp-json\/wp\/v2\/pages"}],"about":[{"href":"https:\/\/blogs.up.edu.pe\/nubes\/wp-json\/wp\/v2\/types\/page"}],"author":[{"embeddable":true,"href":"https:\/\/blogs.up.edu.pe\/nubes\/wp-json\/wp\/v2\/users\/3"}],"replies":[{"embeddable":true,"href":"https:\/\/blogs.up.edu.pe\/nubes\/wp-json\/wp\/v2\/comments?post=538"}],"version-history":[{"count":1,"href":"https:\/\/blogs.up.edu.pe\/nubes\/wp-json\/wp\/v2\/pages\/538\/revisions"}],"predecessor-version":[{"id":539,"href":"https:\/\/blogs.up.edu.pe\/nubes\/wp-json\/wp\/v2\/pages\/538\/revisions\/539"}],"up":[{"embeddable":true,"href":"https:\/\/blogs.up.edu.pe\/nubes\/wp-json\/wp\/v2\/pages\/465"}],"wp:attachment":[{"href":"https:\/\/blogs.up.edu.pe\/nubes\/wp-json\/wp\/v2\/media?parent=538"}],"curies":[{"name":"wp","href":"https:\/\/api.w.org\/{rel}","templated":true}]}}