{"id":535,"date":"2012-06-16T16:59:25","date_gmt":"2012-06-16T16:59:25","guid":{"rendered":"https:\/\/blogs.up.edu.pe\/nubes\/\/?page_id=535"},"modified":"2012-06-16T16:59:25","modified_gmt":"2012-06-16T16:59:25","slug":"la-tristeza-de-anton-chejov-por-vannia-escalante","status":"publish","type":"page","link":"https:\/\/blogs.up.edu.pe\/nubes\/trabajos\/trabajos-finales-ciclo-de-otono-2012\/la-tristeza-de-anton-chejov-por-vannia-escalante\/","title":{"rendered":"\u00abLa tristeza\u00bb de Ant\u00f3n Chejov, por Vannia Escalante"},"content":{"rendered":"<p>Al leer el cuento \u201cLa tristeza\u201d me pareci\u00f3 que era escrito por Dostoievski, autor de <em>Crimen y castigo<\/em>, una de mis novelas favoritas. Ya que, todos los personajes de sus novelas eran personas desgraciadas, infelices o que simplemente viv\u00edan en condiciones extremas y que solo quer\u00edan salir adelante. Muestra una realidad cruda de la sociedad. Y eso es lo que exactamente transmite Chejov, pues a trav\u00e9s del cuento nos da a conocer su preocupaci\u00f3n por el alma humana y por la sociedad en s\u00ed, exponi\u00e9ndola sin arreglos ni nada. Simplemente, tal y como es. Nos muestra una sociedad ego\u00edsta, fr\u00eda e incluso desesperanzada, lo cual se puede notar cuando el primer cliente del cochero se queda dormido sin intenci\u00f3n alguna de escucharlo, o con la respuesta cruda que le da uno de los j\u00f3venes cuando este se anima a contarle de la muerte de su hijo:<\/p>\n<p>\u2014Y yo, se\u00f1ores, acabo de perder a mi hijo. Muri\u00f3 la semana pasada&#8230;<\/p>\n<p>\u2014\u00a1Todos nos hemos de morir! \u2014contesta el jorobado\u2014.<\/p>\n<p>Y con la actitud que tiene el cochero joven ante \u00e9l, cuando se tapa la cabeza y empieza a dormir. Esto nos hace pensar qu\u00e9 tan inhumanos podemos ser, o qu\u00e9 tan \u201cfr\u00edos\u201d y \u201cdesalmados\u201d nos ha convertido la sociedad.<\/p>\n<p>El final, m\u00e1s crudo a\u00fan, nos demuestra como el personaje principal, resignado, despu\u00e9s de muchos intentos de comunicar su tristeza, se desahoga con su caballo. Y es ah\u00ed cuando te preguntas, \u00bfC\u00f3mo es posible que un animal \u201csupere\u201d en \u201ccompa\u00f1\u00eda\u201d a un ser humano? Y esto me hace recordar un poema de Vallejo, \u00abPoema XLI\u00bb de <em>Trilce<\/em>, en el cual el personaje tambi\u00e9n busca desahogarse en su caballo. \u00abLa tristeza\u00bb, es un cuento que nos llama a reflexi\u00f3n, es un grito del autor hacia la sociedad para que nos demos cuenta de nuestra realidad, de aquello en lo que nos estamos convirtiendo. Tal vez empiezo a creer que hay m\u00e1s gente y menos personas en ella. Y es lastimoso y lamentable.<\/p>\n","protected":false},"excerpt":{"rendered":"<p>Al leer el cuento \u201cLa tristeza\u201d me pareci\u00f3 que era escrito por Dostoievski, autor de Crimen y castigo, una de mis novelas favoritas. Ya que, todos los personajes de sus novelas eran personas desgraciadas, infelices o que simplemente viv\u00edan en &hellip; <a href=\"https:\/\/blogs.up.edu.pe\/nubes\/trabajos\/trabajos-finales-ciclo-de-otono-2012\/la-tristeza-de-anton-chejov-por-vannia-escalante\/\">Sigue leyendo <span class=\"meta-nav\">&rarr;<\/span><\/a><\/p>\n","protected":false},"author":3,"featured_media":0,"parent":465,"menu_order":18,"comment_status":"closed","ping_status":"closed","template":"","meta":{"footnotes":""},"class_list":["post-535","page","type-page","status-publish","hentry"],"_links":{"self":[{"href":"https:\/\/blogs.up.edu.pe\/nubes\/wp-json\/wp\/v2\/pages\/535","targetHints":{"allow":["GET"]}}],"collection":[{"href":"https:\/\/blogs.up.edu.pe\/nubes\/wp-json\/wp\/v2\/pages"}],"about":[{"href":"https:\/\/blogs.up.edu.pe\/nubes\/wp-json\/wp\/v2\/types\/page"}],"author":[{"embeddable":true,"href":"https:\/\/blogs.up.edu.pe\/nubes\/wp-json\/wp\/v2\/users\/3"}],"replies":[{"embeddable":true,"href":"https:\/\/blogs.up.edu.pe\/nubes\/wp-json\/wp\/v2\/comments?post=535"}],"version-history":[{"count":1,"href":"https:\/\/blogs.up.edu.pe\/nubes\/wp-json\/wp\/v2\/pages\/535\/revisions"}],"predecessor-version":[{"id":536,"href":"https:\/\/blogs.up.edu.pe\/nubes\/wp-json\/wp\/v2\/pages\/535\/revisions\/536"}],"up":[{"embeddable":true,"href":"https:\/\/blogs.up.edu.pe\/nubes\/wp-json\/wp\/v2\/pages\/465"}],"wp:attachment":[{"href":"https:\/\/blogs.up.edu.pe\/nubes\/wp-json\/wp\/v2\/media?parent=535"}],"curies":[{"name":"wp","href":"https:\/\/api.w.org\/{rel}","templated":true}]}}