{"id":532,"date":"2012-06-16T16:54:19","date_gmt":"2012-06-16T16:54:19","guid":{"rendered":"https:\/\/blogs.up.edu.pe\/nubes\/\/?page_id=532"},"modified":"2012-06-16T16:54:19","modified_gmt":"2012-06-16T16:54:19","slug":"suenos-de-robot-de-isaac-asimov-por-kathy-dyer","status":"publish","type":"page","link":"https:\/\/blogs.up.edu.pe\/nubes\/trabajos\/trabajos-finales-ciclo-de-otono-2012\/suenos-de-robot-de-isaac-asimov-por-kathy-dyer\/","title":{"rendered":"\u00abSue\u00f1os de robot\u00bb de Isaac Asimov, por Kathy Dyer"},"content":{"rendered":"<p>El cuento \u00abSue\u00f1os de robot\u00bb de Isaac Asimov relata una historia breve sobre el progreso de la inteligencia artificial y c\u00f3mo esta pudo ser desarrollada por una joven para que un robot logre tener sue\u00f1os.<\/p>\n<p>El cuento me hizo recordar a la pel\u00edcula <em>Inteligencia Artificial<\/em> dirigida por Steven Spielberg y producida en el a\u00f1o 2001, basada en el relato de ciencia ficci\u00f3n: \u201cLos superjuguetes duran todo el verano\u201d de Brian Aldis y donde incorpora elemento del famoso cuento \u201cLas aventuras de Pinocho\u201d (Wikipedia).<\/p>\n<p>Esta pel\u00edcula narra la historia de David quien es un prototipo de robot quien ya puede desarrollar sentimientos y por ende es adoptado por una familia quien lo tiene mientras su hijo humano estaba en coma. Cuando el hijo de la familia se despierta, la mam\u00e1 decide dejar a David en la calle y regresarlo a la compa\u00f1\u00eda como se hab\u00eda solicitado. David comienza a desarrollar una especie de sue\u00f1o idealista donde podr\u00eda \u00e9l regresar a su casa siendo humano, comenzando as\u00ed una aventura en b\u00fasqueda de su hada madrina.<\/p>\n<p>Si bien en la pel\u00edcula los humanos ya aceptan que los robots de inteligencia artificial desarrollen estos sentimientos, se percibe que igualmente estos son controlados por los humanos, ya que aunque no se refleja que el humano debe controlar siempre al desarrollo de esta tecnolog\u00eda por \u201cmiedo\u201d a que al final puedan ser dominados por m\u00e1quinas como sucedi\u00f3 en <em>The Matrix<\/em>, donde las m\u00e1quinas desarrollaron el sentimiento de \u201clibertad y revoluci\u00f3n\u201d frente a la humanidad.<\/p>\n<p>Lo que resalta la pel\u00edcula es la visi\u00f3n de David al perseguir su sue\u00f1o relatando as\u00ed mediante varias escenas la ternura e inocencia del personaje, la cual es similar a la de Elvex al relatar el sue\u00f1o y describirlo inocentemente a Linda y Calvin sin saber las consecuencias que esto podr\u00eda conllevar.<\/p>\n<p>Linda, en este caso, explica tambi\u00e9n c\u00f3mo logr\u00f3 desarrollar, sin consultar a otras personas, que Elvex sue\u00f1e con el objetivo de mejorar a los robots as\u00ed como la mam\u00e1 que hab\u00eda adoptado a David decidi\u00f3 dejarlo en la calle pensando que ser\u00eda la mejor opci\u00f3n para este. Por lo tanto, se desarrolla en ambas historias a un personaje maternal que han tomado decisiones que podr\u00edan traer malas consecuencias.<\/p>\n<p>Si seguimos con el personaje a analizar, Elvex, es interesante c\u00f3mo el autor caracteriza la inocencia del personaje con los di\u00e1logos:<\/p>\n<p style=\"padding-left: 30px;\">\u201cCuando de pronto aparece una luz, aunque yo no veo lo que causa su aparici\u00f3n. Veo cosas que no tienen relaci\u00f3n con lo que concibo como realidad. Oigo cosas. Reacciono de forma extra\u00f1a\u201d.<\/p>\n<p>Por otra parte, dentro de los di\u00e1logos se va desarrollando que el sue\u00f1o provoca en Elvex sentimientos como la piedad:<\/p>\n<p style=\"padding-left: 30px;\">\u201cVi que todos los robots estaban abrumados por el trabajo y la aflicci\u00f3n, que todos estaban vencidos por la responsabilidad y la preocupaci\u00f3n, y dese\u00e9 que descansaran.\u201d<\/p>\n<p>Por lo tanto, Calvin con las preguntas ir\u00e1 llegando a la conclusi\u00f3n de que el robot, si sigue so\u00f1ando podr\u00eda buscar cierta libertad y no podr\u00eda ser controlado por los humanos. Elvex, por su parte, no se da cuenta de que respondiendo los detalles sobre sus sue\u00f1os donde explica que no exist\u00edan todas las leyes que ten\u00edan los robots, ocasiona dudas en la cient\u00edfica Calvin.<\/p>\n<p>Los di\u00e1logos de Elvex son muy similares a los de un ni\u00f1o, ya que es la primera vez que experimenta con sue\u00f1os y sentimientos que no sabe c\u00f3mo describir con palabras y por ende, cuando encuentra c\u00f3mo explicarlo decide decirlo.<\/p>\n<p>La \u00faltima frase de Elvex es por la cual decid\u00ed compararla con la pel\u00edcula <em>Inteligencia Artificial<\/em>: \u201cS\u00ed doctora Calvin. Conoc\u00eda al hombre\u2026 Yo era el hombre\u201d, que era lo que el robot David en la pel\u00edcula a\u00f1oraba ser para poder amado por la madre que lo hab\u00eda adoptado. Sin embargo, en el cuento, el \u201cquerer ser humano\u201d significaba m\u00e1s, significaba una posible rebeld\u00eda que ya difiere de la inocencia con la que Elvex comenz\u00f3 a relatar sus sue\u00f1os. Por lo tanto, este cuento termina con la \u201cmuerte\u201d del robot.<\/p>\n<p>La historia me pareci\u00f3 muy buena y se puede comparar con varias pel\u00edculas sobre robots como <em>Matrix<\/em>; la de Robin Williams, <em>I Robot<\/em> y la comparada en este art\u00edculo. Y me parece impresionante c\u00f3mo el autor logra capturar desde el inicio la atenci\u00f3n del lector ya que comienza con Elvex diciendo que ha tenido un sue\u00f1o.<\/p>\n","protected":false},"excerpt":{"rendered":"<p>El cuento \u00abSue\u00f1os de robot\u00bb de Isaac Asimov relata una historia breve sobre el progreso de la inteligencia artificial y c\u00f3mo esta pudo ser desarrollada por una joven para que un robot logre tener sue\u00f1os. El cuento me hizo recordar &hellip; <a href=\"https:\/\/blogs.up.edu.pe\/nubes\/trabajos\/trabajos-finales-ciclo-de-otono-2012\/suenos-de-robot-de-isaac-asimov-por-kathy-dyer\/\">Sigue leyendo <span class=\"meta-nav\">&rarr;<\/span><\/a><\/p>\n","protected":false},"author":3,"featured_media":0,"parent":465,"menu_order":17,"comment_status":"closed","ping_status":"closed","template":"","meta":{"footnotes":""},"class_list":["post-532","page","type-page","status-publish","hentry"],"_links":{"self":[{"href":"https:\/\/blogs.up.edu.pe\/nubes\/wp-json\/wp\/v2\/pages\/532","targetHints":{"allow":["GET"]}}],"collection":[{"href":"https:\/\/blogs.up.edu.pe\/nubes\/wp-json\/wp\/v2\/pages"}],"about":[{"href":"https:\/\/blogs.up.edu.pe\/nubes\/wp-json\/wp\/v2\/types\/page"}],"author":[{"embeddable":true,"href":"https:\/\/blogs.up.edu.pe\/nubes\/wp-json\/wp\/v2\/users\/3"}],"replies":[{"embeddable":true,"href":"https:\/\/blogs.up.edu.pe\/nubes\/wp-json\/wp\/v2\/comments?post=532"}],"version-history":[{"count":1,"href":"https:\/\/blogs.up.edu.pe\/nubes\/wp-json\/wp\/v2\/pages\/532\/revisions"}],"predecessor-version":[{"id":533,"href":"https:\/\/blogs.up.edu.pe\/nubes\/wp-json\/wp\/v2\/pages\/532\/revisions\/533"}],"up":[{"embeddable":true,"href":"https:\/\/blogs.up.edu.pe\/nubes\/wp-json\/wp\/v2\/pages\/465"}],"wp:attachment":[{"href":"https:\/\/blogs.up.edu.pe\/nubes\/wp-json\/wp\/v2\/media?parent=532"}],"curies":[{"name":"wp","href":"https:\/\/api.w.org\/{rel}","templated":true}]}}