{"id":529,"date":"2012-06-16T16:46:08","date_gmt":"2012-06-16T16:46:08","guid":{"rendered":"https:\/\/blogs.up.edu.pe\/nubes\/\/?page_id=529"},"modified":"2012-06-16T16:46:08","modified_gmt":"2012-06-16T16:46:08","slug":"edgar-allan-poe-por-dafne-barclay","status":"publish","type":"page","link":"https:\/\/blogs.up.edu.pe\/nubes\/trabajos\/trabajos-finales-ciclo-de-otono-2012\/edgar-allan-poe-por-dafne-barclay\/","title":{"rendered":"Edgar Allan Poe, por Dafne Barclay"},"content":{"rendered":"<p>En general el autor que m\u00e1s me gusto al leer la diversidad de cuentos fue Edgar Allan Poe y ello se debe a dos razones. La primera es personal y probablemente no tiene mucho que ver aqu\u00ed, pero la verdad es que yo le\u00ed este autor en el colegio y leerlo nuevamente me record\u00f3 de esos tiempos y la cantidad de a\u00f1os que sin darme cuenta ya pasaron desde entonces. Por otro lado, y lo m\u00e1s relevante en este caso, es que son cuentos que atrapan mucho y eso hace que la lectura sea m\u00e1s f\u00e1cil.<\/p>\n<p>Si bien pareciera un poco s\u00e1dico de mi parte, al haber le\u00eddo dos cuentos de Edgar Allan Poe que son g\u00f3ticos hasta cierto punto, es muy interesante c\u00f3mo tanto el fondo como la forma logran engancharte r\u00e1pidamente. \u201cLos cr\u00edmenes de la calle Morgue\u201d y \u201cEl pozo y el p\u00e9ndulo\u201d a pesar de contar historias diferentes, el primero de un crimen a manos de un orangut\u00e1n que es investigado por un aficionado (el Sr. M. Dupin) y el segundo de un hombre atrapado en una celda oscura (el pozo) de la Inquisici\u00f3n a punto de morir a causa de un p\u00e9ndulo que lo va a cortar en dos. Ambos cuentos tratan con la idea de \u201cmuerte\u201d. Si bien en el primer caso la muerte ya ha ocurrido y no hay nada que hacer al respecto, en el segundo el narrador explica c\u00f3mo se siente y todo lo que piensa al tener que enfrentar una muerte casi segura, pero de la que felizmente se salva. Notamos que la muerte est\u00e1 en todas partes, ya sea a causa de una persona o grupo con malas intenciones o a causa incluso de un ser incapaz de darse cien por ciento cuenta de lo que est\u00e1 haciendo.<\/p>\n<p>Por otro lado, la forma de los cuentos es muy interesante. En \u201cLos cr\u00edmenes de la calle Morgue\u201d el narrador es el amigo de Dupin, quien lo ayuda a resolver el caso y m\u00e1s que eso sirve para que el lector entienda todo lo que sucede y en todo lo que piensa Dupin. De esta manera atrae al lector haci\u00e9ndolo participar del cuento, preguntando lo que nosotros nos cuestionamos y sintiendo las mismas inquietudes que nosotros. Es incre\u00edble como Poe logra hacernos identificar con el narrador. Por otra parte, en \u201cEl pozo y el p\u00e9ndulo\u201d la sensaci\u00f3n de curiosidad en el lector es lograda por el mismo personaje principal. Es ir\u00f3nico c\u00f3mo logra que a pesar de seguramente estar delirando, el narrador guarda compostura suficiente para transmitir al lector toda idea que cruza su cabeza y todo temor que lo atormenta. En ambos casos, el narrador es clave para generar esa curiosidad o ese terror que pretende transmitir el autor. Sin este la atmosfera del cuento ser\u00eda totalmente distinta.<\/p>\n<p>Igualmente, es importante destacar que la \u201cintroducci\u00f3n\u201d de \u201cLos cr\u00edmenes de la calle Morgue\u201d es clave para que de cierta manera el lector crea a Dupin, que realmente se asegure de que su conclusi\u00f3n es certera y no s\u00f3lo parte de su imaginaci\u00f3n. Explicar la capacidad de an\u00e1lisis de ciertas personas en ciertas circunstancias convierten el cuento un poco il\u00f3gico (morir a manos de un orangut\u00e1n) se vuelva una gran posibilidad. De la misma manera, en el caso de \u201cEl pozo y el p\u00e9ndulo\u201d debe notarse que el autor utiliza muchas preguntas, como si el personaje mismo se cuestionara. Esto tambi\u00e9n lo torna m\u00e1s real ya que al mismo tiempo que el personaje se cuestiona, el lector se pregunta si eso es en lo que pensar\u00eda en una situaci\u00f3n como esa. Al leer este cuento, Poe no solo logra que entiendas al narrador, sino que te cuestiones respecto a lo que uno realmente siente o piensa a pocas horas, minutos o segundos antes de morir.<\/p>\n<p>Ambos cuentos me gustaron mucho y es por la habilidad del autor de hacernos pensar, m\u00e1s que solo hacernos leer; de cuestionarnos y preguntarnos, de involucrarnos en historias y situaciones en las que probablemente nunca nos encontremos, pero por las cuales sintamos cierta curiosidad de entender.<\/p>\n","protected":false},"excerpt":{"rendered":"<p>En general el autor que m\u00e1s me gusto al leer la diversidad de cuentos fue Edgar Allan Poe y ello se debe a dos razones. La primera es personal y probablemente no tiene mucho que ver aqu\u00ed, pero la verdad &hellip; <a href=\"https:\/\/blogs.up.edu.pe\/nubes\/trabajos\/trabajos-finales-ciclo-de-otono-2012\/edgar-allan-poe-por-dafne-barclay\/\">Sigue leyendo <span class=\"meta-nav\">&rarr;<\/span><\/a><\/p>\n","protected":false},"author":3,"featured_media":0,"parent":465,"menu_order":16,"comment_status":"closed","ping_status":"closed","template":"","meta":{"footnotes":""},"class_list":["post-529","page","type-page","status-publish","hentry"],"_links":{"self":[{"href":"https:\/\/blogs.up.edu.pe\/nubes\/wp-json\/wp\/v2\/pages\/529","targetHints":{"allow":["GET"]}}],"collection":[{"href":"https:\/\/blogs.up.edu.pe\/nubes\/wp-json\/wp\/v2\/pages"}],"about":[{"href":"https:\/\/blogs.up.edu.pe\/nubes\/wp-json\/wp\/v2\/types\/page"}],"author":[{"embeddable":true,"href":"https:\/\/blogs.up.edu.pe\/nubes\/wp-json\/wp\/v2\/users\/3"}],"replies":[{"embeddable":true,"href":"https:\/\/blogs.up.edu.pe\/nubes\/wp-json\/wp\/v2\/comments?post=529"}],"version-history":[{"count":1,"href":"https:\/\/blogs.up.edu.pe\/nubes\/wp-json\/wp\/v2\/pages\/529\/revisions"}],"predecessor-version":[{"id":530,"href":"https:\/\/blogs.up.edu.pe\/nubes\/wp-json\/wp\/v2\/pages\/529\/revisions\/530"}],"up":[{"embeddable":true,"href":"https:\/\/blogs.up.edu.pe\/nubes\/wp-json\/wp\/v2\/pages\/465"}],"wp:attachment":[{"href":"https:\/\/blogs.up.edu.pe\/nubes\/wp-json\/wp\/v2\/media?parent=529"}],"curies":[{"name":"wp","href":"https:\/\/api.w.org\/{rel}","templated":true}]}}