{"id":521,"date":"2012-06-16T16:33:34","date_gmt":"2012-06-16T16:33:34","guid":{"rendered":"https:\/\/blogs.up.edu.pe\/nubes\/\/?page_id=521"},"modified":"2012-06-16T16:33:34","modified_gmt":"2012-06-16T16:33:34","slug":"conan-doyle-y-el-ingenioso-sherlock-holmes-por-maria-victoria-valenzuela","status":"publish","type":"page","link":"https:\/\/blogs.up.edu.pe\/nubes\/trabajos\/trabajos-finales-ciclo-de-otono-2012\/conan-doyle-y-el-ingenioso-sherlock-holmes-por-maria-victoria-valenzuela\/","title":{"rendered":"Conan Doyle y el Ingenioso Sherlock Holmes, por Mar\u00eda Victoria Valenzuela"},"content":{"rendered":"<p>Conan Doyle fue uno de los escritores m\u00e1s afamados de\u00a0la literatura policiaca. Cre\u00f3 personajes muy importantes y queridos por el p\u00fablico como Sherlock Holmes y el profesor Challenger, protagonista de <em>El Mundo Perdido<\/em>.<\/p>\n<p>Doyle tuvo un estilo de escritura muy amigable, el cual atrapaba a lector en el acto y hac\u00eda que el mismo simpatizara con sus protagonistas y llegara a exigir m\u00e1s relatos de los mismos, como sucedi\u00f3 con su protagonista m\u00e1s conocido, Sherlock Holmes, luego de que Doyle le diera muerte en \u00abLa aventura del problema final\u00bb y los lectores protestaran por el hecho, teniendo Doyle que resucitar al mismo.<\/p>\n<p>En esta ocasi\u00f3n profundizar\u00e9 un poco m\u00e1s sobre su personaje m\u00e1s conocido y el m\u00e1s querido por el p\u00fablico: Sherlock Holmes.<\/p>\n<p>En todos los relatos sobre Sherlock Holmes su personaje m\u00e1s famoso y querido, Doyle nos muestra personajes y escenarios magistralmente trabajados (su obra describe a detalle el Londres de finales del siglo XIX adem\u00e1s de los usos y costumbres de sus habitantes). Holmes es un personaje con una inteligencia superior al hombre com\u00fan, con una capacidad anal\u00edtica y deductiva muy grande y con una astucia sumamente desarrollada. Su uso de la observaci\u00f3n y el razonamiento deductivo son las armas que le permiten resolver los casos de tal manera que primero hace p\u00fablica la soluci\u00f3n y luego va explicando poco a poco c\u00f3mo lleg\u00f3 a la conclusi\u00f3n y cu\u00e1les fueron los elementos que le llevaron a esta.<\/p>\n<p>Holmes es un personaje muy exc\u00e9ntrico el cual tiene como complemento perfecto a un coprotagonista que act\u00faa como narrador: El doctor Watson. \u00c9l mismo es, por decirlo as\u00ed, el ancla que sostiene a Holmes en la realidad, de manera que este no quede suspendido en sus elucubraciones.<\/p>\n<p>Al leer las aventuras de Holmes se puede llegar a pensar \u00bfQu\u00e9 ser\u00eda de Holmes sin Watson? \u00c9l es el narrador de la historia, es aquella persona cuya admiraci\u00f3n a la capacidad de su amigo para desenredar problemas que parec\u00edan no tener soluci\u00f3n e insaciable curiosidad de vivir experiencias a trav\u00e9s de los casos que se plantea; hace que sea el nexo entre el exc\u00e9ntrico Holmes y el p\u00fablico. Al servir Watson como nexo, Doyle logra que la capacidad de raciocinio de Holmes no se vea cortada por su habilidad de sociabilizaci\u00f3n; lo cual hace que este sea mucho m\u00e1s atrayente al p\u00fablico en general que el personaje August Dupin de Edgar Allan Poe, que si bien es un genial investigador no tiene la llegada con el p\u00fablico al ser tan introvertido y calculador al esperar tomar acci\u00f3n.<\/p>\n<p>Holmes siempre persigue un objetivo y sus motivaciones van siempre en el mismo camino, conocer la verdad cueste lo que cueste, a diferencia de Auguste Dupin, personaje creado por Edgar Allan Poe, conocido como un predecesor muy similar a Holmes que cambiaba de motivaciones<\/p>\n<p>\u2013curiosidad, dinero\u2013 para resolver misterios. Holmes es siempre fiel a su estilo y a lo largo de sus aventuras combina sus habilidades para llegar a una soluci\u00f3n y a su vez compartir la misma con Watson, su acompa\u00f1ante, narrador y coparticipante de sus aventuras.<\/p>\n<p>El personaje de Doyle a su vez fue predecesor de otros grandes personajes como el detective belga H\u00e9rcules Poirot de Agatha Christie, el cual hace uso de m\u00e9todos muy similares a los de Holmes (aplicaci\u00f3n del m\u00e9todo cient\u00edfico y deducci\u00f3n) para solucionar sus casos y encontrar la verdad. Conan Doyle con Holmes, creo un precedente para la literatura policiaca. Tal vez no fue el primer autor en tratar este tema, pero su personaje quedo impregnado con sus haza\u00f1as y grandiosas habilidades, en el modelo de investigador que autores posteriores a Doyle usaron para sus obras.<\/p>\n<p>La relevancia que tuvieron las aventuras de Holmes en los lectores, hizo que se crearan a partir de sus aventuras obras ap\u00f3crifas las cuales enumeraban muchos episodios acerca de casos no descritos por Doyle. Incluso Holmes es en la actualidad una de las figuras m\u00e1s representadas de la historia del cine, Doyle ha sido una grandiosa fuente de inspiraci\u00f3n para efectuar una gran\u00a0cantidad\u00a0de adaptaciones para su personaje siendo as\u00ed transmitido a nuevas generaciones, sin dejar de tener el mismo efecto sorprendente que tuvo la primera publicaci\u00f3n en el diario de sus aventuras. Doyle no crey\u00f3 el \u00e9xito de su obra, sin embargo al analizar a su personaje, el empe\u00f1o para caracterizarlo de tal manera que nos resulte real y el mismo nivel de an\u00e1lisis del propio Doyle, hacen que Holmes y sus aventuras sean inmortales, prueba de ello es que actualmente se emite una serie brit\u00e1nica bajo el nombre de <em>Sherlock<\/em>, 125 a\u00f1os despu\u00e9s de la aparici\u00f3n del detective.<\/p>\n","protected":false},"excerpt":{"rendered":"<p>Conan Doyle fue uno de los escritores m\u00e1s afamados de\u00a0la literatura policiaca. Cre\u00f3 personajes muy importantes y queridos por el p\u00fablico como Sherlock Holmes y el profesor Challenger, protagonista de El Mundo Perdido. Doyle tuvo un estilo de escritura muy &hellip; <a href=\"https:\/\/blogs.up.edu.pe\/nubes\/trabajos\/trabajos-finales-ciclo-de-otono-2012\/conan-doyle-y-el-ingenioso-sherlock-holmes-por-maria-victoria-valenzuela\/\">Sigue leyendo <span class=\"meta-nav\">&rarr;<\/span><\/a><\/p>\n","protected":false},"author":3,"featured_media":0,"parent":465,"menu_order":14,"comment_status":"closed","ping_status":"closed","template":"","meta":{"footnotes":""},"class_list":["post-521","page","type-page","status-publish","hentry"],"_links":{"self":[{"href":"https:\/\/blogs.up.edu.pe\/nubes\/wp-json\/wp\/v2\/pages\/521","targetHints":{"allow":["GET"]}}],"collection":[{"href":"https:\/\/blogs.up.edu.pe\/nubes\/wp-json\/wp\/v2\/pages"}],"about":[{"href":"https:\/\/blogs.up.edu.pe\/nubes\/wp-json\/wp\/v2\/types\/page"}],"author":[{"embeddable":true,"href":"https:\/\/blogs.up.edu.pe\/nubes\/wp-json\/wp\/v2\/users\/3"}],"replies":[{"embeddable":true,"href":"https:\/\/blogs.up.edu.pe\/nubes\/wp-json\/wp\/v2\/comments?post=521"}],"version-history":[{"count":1,"href":"https:\/\/blogs.up.edu.pe\/nubes\/wp-json\/wp\/v2\/pages\/521\/revisions"}],"predecessor-version":[{"id":522,"href":"https:\/\/blogs.up.edu.pe\/nubes\/wp-json\/wp\/v2\/pages\/521\/revisions\/522"}],"up":[{"embeddable":true,"href":"https:\/\/blogs.up.edu.pe\/nubes\/wp-json\/wp\/v2\/pages\/465"}],"wp:attachment":[{"href":"https:\/\/blogs.up.edu.pe\/nubes\/wp-json\/wp\/v2\/media?parent=521"}],"curies":[{"name":"wp","href":"https:\/\/api.w.org\/{rel}","templated":true}]}}