{"id":518,"date":"2012-06-16T16:26:36","date_gmt":"2012-06-16T16:26:36","guid":{"rendered":"https:\/\/blogs.up.edu.pe\/nubes\/\/?page_id=518"},"modified":"2012-06-16T16:26:36","modified_gmt":"2012-06-16T16:26:36","slug":"%e2%80%9cel-limpiador%e2%80%9d-de-rocio-silva-santisteban-por-samantha-khadige","status":"publish","type":"page","link":"https:\/\/blogs.up.edu.pe\/nubes\/trabajos\/trabajos-finales-ciclo-de-otono-2012\/%e2%80%9cel-limpiador%e2%80%9d-de-rocio-silva-santisteban-por-samantha-khadige\/","title":{"rendered":"\u201cEl Limpiador\u201d de Roc\u00edo Silva Santisteban, por Samantha Khadige"},"content":{"rendered":"<p>\u201cEl Limpiador\u201d de Roc\u00edo Silva Santisteban fue una de las lecturas que m\u00e1s me llam\u00f3 la atenci\u00f3n entre las que le\u00edmos durante el ciclo. La crudeza con la que la autora relata el cuento y la conciencia de que esto en verdad sucede en nuestro pa\u00eds me conmocionaron y me hicieron pensar en lo que se deber\u00eda hacer para revertir esta situaci\u00f3n. Resulta interesante tambi\u00e9n la forma en que la autora nos introduce en la historia, relatando dos historias paralelas para luego entrelazarlas y llegar a un desenlace impactante, siempre manteniendo el realismo y la crudeza que la caracterizan a lo largo del relato.<\/p>\n<p>La historia comienza con un sargento viejo y retirado, quien tiene una muy mala relaci\u00f3n con su hija. En un hogar en el cual la madre est\u00e1 ausente, el padre alcoh\u00f3lico maltrata a la hija, la cual se aleja, se rebela ante \u00e9l, hasta que \u00e9l se da cuenta de que es muy tarde, de que la ha perdido. Ella huye con un hombre y el padre no sabe lo que est\u00e1 por venir. Cuando Plomo recibe el cuerpo inerte de su hija dentro de un saco de arroz siente el dolor inmenso que significa la p\u00e9rdida de un hijo, sumado adem\u00e1s al arrepentimiento por haberla maltratado por tanto tiempo. Lo m\u00e1s impactante de todo esto es que el mismo asesino de su hija le lleva el saco de arroz con el cuerpo a Plomo, el cual no hizo m\u00e1s que insultarlo, en parte por el impacto de la p\u00e9rdida, en parte por la certeza de que no podr\u00eda ganar nada enfrent\u00e1ndose a \u00e9l.<\/p>\n<p>Paralelamente aparece una nueva historia que se centra en un pueblo en las afueras de Lima, cercano a la carretera al sur, presumiblemente un pueblo joven, en el cual reinan la falta de autoridad y la violencia. Los j\u00f3venes crecen entre armas y droga, no tienen respeto alguno por la autoridad. La manera en que la autora describe al pueblo nos da a entender que se trata de un lugar desolado, en el que la gente desesperanzada ve la violencia no solo como un medio de supervivencia, sino como un escape de su realidad, una forma de sentir cierto poder. Adem\u00e1s, se observa que tambi\u00e9n lo ven como una forma de entretenimiento, el cual sumado a las drogas es la receta para el caos. Dentro de este contexto surge una especie de l\u00edder o h\u00e9roe: El Limpiador. Este h\u00e1bil sicario ense\u00f1a a los j\u00f3venes a utilizar armas, a defenderse, adem\u00e1s de asesinar gente a pedido. Nunca se niega a hacer un trabajo y es una especie de hombre invencible al cual todos los j\u00f3venes admiran y aspiran a ser como \u00e9l. Adem\u00e1s, su incapacidad de sentir hace que le sea m\u00e1s f\u00e1cil cumplir con su labor, a pesar de que no le agrade ser as\u00ed.<\/p>\n<p>Ambas historias se entrelazan cuando Plomo recurre al Limpiador para vengar la muerte de su hija. Esta parte de la historia me hizo recordar a otros cuentos le\u00eddos en el curso, como \u201cLa tristeza\u201d y especialmente \u201cUna vendetta\u201d, en los cuales se relata la p\u00e9rdida de los hijos y en el segundo caso, la venganza de la misma. Es as\u00ed que Plomo, consciente de la p\u00e9rdida de sus habilidades de sargento, le pide al Limpiador que elimine al asesino de su hija, el cual a su vez era muy violento y h\u00e1bil con las armas. Sin embargo, el Limpiador acepta el trabajo y le da al asesino una muerte lenta y muy dolorosa, impactando en partes de su cuerpo que no har\u00edan que muera instant\u00e1neamente, sino que sienta mucho dolor.<\/p>\n<p>Si bien esta es una historia cruda y realista, muestra c\u00f3mo son ciertos lugares de nuestra ciudad y de nuestro pa\u00eds, lo cual me parece una llamada de atenci\u00f3n a la violencia vivida hoy en d\u00eda en nuestra sociedad. No es simplemente el hecho de utilizar armas, sino que las muertes dadas en este relato son crueles al borde de lo inhumano: se percibe cierto placer al matar, mientras m\u00e1s sufra la v\u00edctima, m\u00e1s gratificante es el acto de matar.<\/p>\n","protected":false},"excerpt":{"rendered":"<p>\u201cEl Limpiador\u201d de Roc\u00edo Silva Santisteban fue una de las lecturas que m\u00e1s me llam\u00f3 la atenci\u00f3n entre las que le\u00edmos durante el ciclo. La crudeza con la que la autora relata el cuento y la conciencia de que esto &hellip; <a href=\"https:\/\/blogs.up.edu.pe\/nubes\/trabajos\/trabajos-finales-ciclo-de-otono-2012\/%e2%80%9cel-limpiador%e2%80%9d-de-rocio-silva-santisteban-por-samantha-khadige\/\">Sigue leyendo <span class=\"meta-nav\">&rarr;<\/span><\/a><\/p>\n","protected":false},"author":3,"featured_media":0,"parent":465,"menu_order":13,"comment_status":"closed","ping_status":"closed","template":"","meta":{"footnotes":""},"class_list":["post-518","page","type-page","status-publish","hentry"],"_links":{"self":[{"href":"https:\/\/blogs.up.edu.pe\/nubes\/wp-json\/wp\/v2\/pages\/518","targetHints":{"allow":["GET"]}}],"collection":[{"href":"https:\/\/blogs.up.edu.pe\/nubes\/wp-json\/wp\/v2\/pages"}],"about":[{"href":"https:\/\/blogs.up.edu.pe\/nubes\/wp-json\/wp\/v2\/types\/page"}],"author":[{"embeddable":true,"href":"https:\/\/blogs.up.edu.pe\/nubes\/wp-json\/wp\/v2\/users\/3"}],"replies":[{"embeddable":true,"href":"https:\/\/blogs.up.edu.pe\/nubes\/wp-json\/wp\/v2\/comments?post=518"}],"version-history":[{"count":1,"href":"https:\/\/blogs.up.edu.pe\/nubes\/wp-json\/wp\/v2\/pages\/518\/revisions"}],"predecessor-version":[{"id":519,"href":"https:\/\/blogs.up.edu.pe\/nubes\/wp-json\/wp\/v2\/pages\/518\/revisions\/519"}],"up":[{"embeddable":true,"href":"https:\/\/blogs.up.edu.pe\/nubes\/wp-json\/wp\/v2\/pages\/465"}],"wp:attachment":[{"href":"https:\/\/blogs.up.edu.pe\/nubes\/wp-json\/wp\/v2\/media?parent=518"}],"curies":[{"name":"wp","href":"https:\/\/api.w.org\/{rel}","templated":true}]}}