{"id":514,"date":"2012-06-16T16:21:15","date_gmt":"2012-06-16T16:21:15","guid":{"rendered":"https:\/\/blogs.up.edu.pe\/nubes\/\/?page_id=514"},"modified":"2012-06-16T16:21:54","modified_gmt":"2012-06-16T16:21:54","slug":"anorexia-y-tijerita-bryce-echenique-por-vanessa-pereda","status":"publish","type":"page","link":"https:\/\/blogs.up.edu.pe\/nubes\/trabajos\/trabajos-finales-ciclo-de-otono-2012\/anorexia-y-tijerita-bryce-echenique-por-vanessa-pereda\/","title":{"rendered":"\u00abAnorexia y tijerita\u00bb (Bryce Echenique), por Vanessa Pereda"},"content":{"rendered":"<p>Eleg\u00ed escribir acerca del cuento \u201cAnorexia y tijerita\u201d porque el estilo de la narraci\u00f3n de Bryce me captur\u00f3 hace ya muchos a\u00f1os. Recuerdo cuando por primera vez le\u00ed <em>No me esperen en abril<\/em>: a\u00fan estaba en secundaria y desde ah\u00ed creo que empec\u00e9 a leer mucho m\u00e1s del autor. En los relatos de Bryce se hace uso del humor para contar los dramas personales de los personajes, esto hace menos dolorosa y chocante la realidad que est\u00e1n pasando pero, finalmente se termina reafirmando su problem\u00e1tica inicial. Entonces, no es dif\u00edcil suponer que en \u201cAnorexia y tijerita\u201d pase lo mismo: el uso del humor para criticar a la corrupci\u00f3n que existe en las altas esferas del poder.<\/p>\n<p>A trav\u00e9s de las obras de Bryce, se puede registrar el an\u00e1lisis que hace de la sociedad de las \u00faltimas d\u00e9cadas del siglo pasado, de modo tal que en estos tiempos podemos verificar qu\u00e9 poco ha cambiado esa realidad: todav\u00eda hay mucha corrupci\u00f3n, discriminaci\u00f3n, prejuicios, abuso de poder, prensa amarillista, etc.<\/p>\n<p>En este cuento se narran los problemas que tiene Joaqu\u00edn Bernales, un ex ministro de Trabajo, a partir de una denuncia de corrupci\u00f3n que hace un peri\u00f3dico lime\u00f1o a su gesti\u00f3n durante el gobierno. Entonces, Joaqu\u00edn empieza a rememorar su pasado: aquellos a\u00f1os cuando a\u00fan amaba a su esposa Raquel y, la suerte que tuvo de ascender socialmente por ella. Sin embargo, cuando se refiere a su esposa reitera muchas veces su problema de anorexia y los fuertes prejuicios sociales que la hacen aferrarse de manera incre\u00edble a una tijera de oro que hered\u00f3 de su familia. A pesar de la carga que suponen a Joaqu\u00edn Bernales dichos problemas, tambi\u00e9n tiene otros asuntos por resolver: el tema de la doble vida que lleva con Vicky, su amante.<\/p>\n<p>Con respecto a Raquel, podemos ver c\u00f3mo los prejuicios y la discriminaci\u00f3n a la clase \u201c\u00ednfima\u201d, como ella misma llama a la clase media-baja, la alejan de la realidad social y econ\u00f3mica del pa\u00eds. Ella misma es la que evade esta situaci\u00f3n as\u00ed como tambi\u00e9n lo hace en su propio hogar. Raquel sabe que la conducta de su esposo es por lo menos sospechosa, pero, aun as\u00ed sigue creyendo en la \u201cintachable\u201d conducta de este. Es decir, hasta el momento el autor nos muestra los problemas de sus personajes, tanto en su err\u00e1tica posici\u00f3n frente a la realidad como en el amor.<\/p>\n<p>En cuanto al humor, la mayor parte se encuentra en los prejuicios sociales de Raquel, los pensamientos cargados de molestia de Joaqu\u00edn y la huachafer\u00eda con la cual su amante, Vicky, lo trata.<\/p>\n<p>El final del cuento es una confirmaci\u00f3n de todo lo que se ven\u00eda diciendo de los personajes. En un primer momento, Raquel cuenta su experiencia en un bus que pasaba por Villa El Salvador, donde hiere con su tijera a un hombre negro que al parecer le hab\u00eda robado un reloj de oro. Ella se emociona pensando que su herencia familiar la salva de \u201cesa gente de la \u00ednfima\u201d y son tan fuertes las ganas de que su esposo reconozca a la tijera que hered\u00f3 como su aut\u00e9ntica salvaci\u00f3n que lo primero que hace es llegar a casa a contarle el incidente. Joaqu\u00edn desde un principio se da cuenta que el hombre del bus no es el verdadero culpable, que todo eso ha sido producto de las ideas de siempre de su esposa y que ella lo atac\u00f3 solamente por ser negro. Al llegar a la habitaci\u00f3n que comparten, ambos ven el reloj de oro que supuestamente ha sido robado pero, Raquel, como siempre, evade este hecho y se da por satisfecha con la explicaci\u00f3n que le dio a Joaqu\u00edn. \u00c9l por su parte, se da cuenta de que su esposa jam\u00e1s llegar\u00e1 a entender que la verdadera \u201cgente de la \u00ednfima\u201d no son las personas que ella desprecia tanto, sino \u00e9l mismo, que le ha mentido innumerables veces y ha robado otras tantas.<\/p>\n","protected":false},"excerpt":{"rendered":"<p>Eleg\u00ed escribir acerca del cuento \u201cAnorexia y tijerita\u201d porque el estilo de la narraci\u00f3n de Bryce me captur\u00f3 hace ya muchos a\u00f1os. Recuerdo cuando por primera vez le\u00ed No me esperen en abril: a\u00fan estaba en secundaria y desde ah\u00ed &hellip; <a href=\"https:\/\/blogs.up.edu.pe\/nubes\/trabajos\/trabajos-finales-ciclo-de-otono-2012\/anorexia-y-tijerita-bryce-echenique-por-vanessa-pereda\/\">Sigue leyendo <span class=\"meta-nav\">&rarr;<\/span><\/a><\/p>\n","protected":false},"author":3,"featured_media":0,"parent":465,"menu_order":12,"comment_status":"closed","ping_status":"closed","template":"","meta":{"footnotes":""},"class_list":["post-514","page","type-page","status-publish","hentry"],"_links":{"self":[{"href":"https:\/\/blogs.up.edu.pe\/nubes\/wp-json\/wp\/v2\/pages\/514","targetHints":{"allow":["GET"]}}],"collection":[{"href":"https:\/\/blogs.up.edu.pe\/nubes\/wp-json\/wp\/v2\/pages"}],"about":[{"href":"https:\/\/blogs.up.edu.pe\/nubes\/wp-json\/wp\/v2\/types\/page"}],"author":[{"embeddable":true,"href":"https:\/\/blogs.up.edu.pe\/nubes\/wp-json\/wp\/v2\/users\/3"}],"replies":[{"embeddable":true,"href":"https:\/\/blogs.up.edu.pe\/nubes\/wp-json\/wp\/v2\/comments?post=514"}],"version-history":[{"count":2,"href":"https:\/\/blogs.up.edu.pe\/nubes\/wp-json\/wp\/v2\/pages\/514\/revisions"}],"predecessor-version":[{"id":516,"href":"https:\/\/blogs.up.edu.pe\/nubes\/wp-json\/wp\/v2\/pages\/514\/revisions\/516"}],"up":[{"embeddable":true,"href":"https:\/\/blogs.up.edu.pe\/nubes\/wp-json\/wp\/v2\/pages\/465"}],"wp:attachment":[{"href":"https:\/\/blogs.up.edu.pe\/nubes\/wp-json\/wp\/v2\/media?parent=514"}],"curies":[{"name":"wp","href":"https:\/\/api.w.org\/{rel}","templated":true}]}}