{"id":507,"date":"2012-06-16T16:10:52","date_gmt":"2012-06-16T16:10:52","guid":{"rendered":"https:\/\/blogs.up.edu.pe\/nubes\/\/?page_id=507"},"modified":"2012-06-16T16:10:52","modified_gmt":"2012-06-16T16:10:52","slug":"arthur-conan-doyle-%e2%80%9cel-carbunclo-azul%e2%80%9d-por-alessandra-richter","status":"publish","type":"page","link":"https:\/\/blogs.up.edu.pe\/nubes\/trabajos\/trabajos-finales-ciclo-de-otono-2012\/arthur-conan-doyle-%e2%80%9cel-carbunclo-azul%e2%80%9d-por-alessandra-richter\/","title":{"rendered":"Arthur Conan Doyle: \u201cEl carbunclo azul\u201d, por Alessandra Richter"},"content":{"rendered":"<p>Los cuentos acerca de Sherlock Holmes son unos de los m\u00e1s famosos en el mundo. Este se ha convertido en el detective ficticio m\u00e1s reconocido del mundo, y muchas veces es objeto de comparaciones cuando se hace referencia a alguien muy intuitivo y eficaz para resolver alg\u00fan misterio. Arthur Conan Doyle conocido escritor escoc\u00e9s que destaca en la literatura policiaca, dio vida a este gran detective en 1887 y desde ese momento lo llev\u00f3 a lugares muy altos de la fama, habiendo llegado a ser el protagonista de m\u00faltiples relatos que por su gran \u00e9xito han sido llevados a historietas, dibujos animados, series de televisi\u00f3n, cine, teatro, entre otros.<\/p>\n<p>Sherlock Holmes un detective privado, alto, delgado, fr\u00edo, ir\u00f3nico, ingenioso e intelectualmente inquieto. Destaca por su inteligencia y su gran capacidad de observaci\u00f3n y de intuici\u00f3n con la que logra resolver casos dif\u00edciles. En casi todos sus relatos est\u00e1 acompa\u00f1ado de su gran amigo Watson, quien es el narrador de las historias y que juega un rol s\u00faper importante puesto que narra los hechos desde su perspectiva, haciendo evidente la gran admiraci\u00f3n que tiene por Holmes, y aunque \u00e9l no aporte mucho a la soluci\u00f3n del caso, estimula a Holmes a buscar m\u00e1s y m\u00e1s respuestas puesto que demuestra gran inter\u00e9s y apoyo en cada uno de sus casos.<\/p>\n<p>Sherlock Holmes se ha convertido en un \u00edcono de las historias detectivescas, sin embargo, se debe resaltar que el creador de este, Arthur Conan Doyle, es quien realmente merece el reconocimiento. Este es el que encarna al personaje y para que este haya llegado a presentar todas las caracter\u00edsticas que presenta as\u00ed como su gran inteligencia, intuici\u00f3n, l\u00f3gica y capacidad para resolver casos, Conan Doyle debe de haber tenido una gran imaginaci\u00f3n y gran inteligencia puesto que no es muy f\u00e1cil crear a este tipo de personaje de esa manera y llegar a plasmar todo lo que plasma en \u00e9l. Se dice que el autor bas\u00f3 sus creaciones en un profesor que conoci\u00f3 en la universidad con\u00a0 ingeniosa habilidad para el razonamiento deductivo.<\/p>\n<p>El cuento que se ley\u00f3 en el taller, \u201cEl carbunclo azul\u201d, resalta el gran instinto y la capacidad anal\u00edtica y de observaci\u00f3n que presenta Sherlock Holmes para resolver un caso. Con solo un sombrero y un ganso pudo resolver un crimen a pesar de que en un comienzo crey\u00f3 que era una situaci\u00f3n insignificante pero a su vez digna de ser estudiada. Cuando encontr\u00f3 la joya se dio cuenta de que hab\u00eda una raz\u00f3n a\u00fan m\u00e1s importante para seguir con el caso y no se rindi\u00f3 hasta llegar a descubrirlo todo. Es sorprendente la astucia y la forma en la que Holmes se acerca a los distintos personajes y va buscando respuestas inventando distintas excusas para ir resolviendo todas sus preguntas. Como se mencion\u00f3 anteriormente, Watson juega un rol fundamental en este relato ya que no solo es el narrador de la historia sino que acompa\u00f1a en todo momento a su gran amigo Sherlock Holmes, apoy\u00e1ndolo con preguntas que lo ayudaban a acercarse m\u00e1s a la soluci\u00f3n del caso. Adem\u00e1s, en esta historia Holmes demuestra una gran sensibilidad y credibilidad en las personas, ya que a pesar de que encontr\u00f3 al verdadero culpable del robo lo deja ir y lo pasa por alto ya que se dio cuenta de que estaba muy arrepentido y demostr\u00f3 que no volver\u00eda a hacerlo.<\/p>\n<p>Como se observa en este cuento as\u00ed como en todas las dem\u00e1s historias sobre Sherlock Holmes, este personaje siempre utiliza m\u00e9todos cient\u00edficos y se centra en los m\u00e9todos de la l\u00f3gica y los poderes de observaci\u00f3n y deducci\u00f3n. Es un personaje exc\u00e9ntrico y objetivo y siempre va revelando las cosas poco a poco haciendo que as\u00ed el lector se vaya metiendo m\u00e1s en la historia y vaya sintiendo un especial inter\u00e9s para conocer el desenlace del misterio y c\u00f3mo terminar\u00e1 la resoluci\u00f3n del caso. Adem\u00e1s a lo largo de los relatos, el autor brinda datos y herramientas para que uno mismo se vaya haciendo preguntas y lo incentiva a ir sacando conclusiones propias que al final ser\u00e1n validadas o desaprobadas por Sherlock Holmes.<\/p>\n<p>Leer este cuento me gener\u00f3 mucho inter\u00e9s para saber m\u00e1s acerca de Sherlock Holmes y sus aventuras. A pesar de que he le\u00eddo algunos relatos anteriormente y he visto pel\u00edculas sobre \u00e9l, me gener\u00f3 m\u00e1s ganas para leer otras historias y relatos puesto que me parece un g\u00e9nero muy bueno de la literatura y adem\u00e1s por el cual se aprende mucho.<\/p>\n<p>La evidencia y la marca que ha dejado Sherlock Holmes en el mundo es muy importante. Este personaje ha sido inspiraci\u00f3n de la creaci\u00f3n de muchos otros. As\u00ed por ejemplo, se dice que la actual serie de televisi\u00f3n Doctor House, est\u00e1 inspirada en este detective. House, el protagonista de la serie, presenta muchas coincidencias con Holmes, no solo en la similitud del nombre sino en su personalidad y en los m\u00e9todos para resolver los casos, as\u00ed como tambi\u00e9n Dr. House presenta dependencia a las drogas y su mejor amigo Wilson presenta rasgos similares a los de Watson.<\/p>\n<p>As\u00ed como este caso, se han presentado muchos otros y no cabe duda que seguir\u00e1n present\u00e1ndose puesto que Sherlock Holmes es y ser\u00e1 siempre el mejor detective de todos los tiempos. Arthur Conan Doyle realiz\u00f3 un gran trabajo con este personaje y por eso ha sido recompensado con muchos reconocimientos y \u00e9xitos a lo largo de la historia.<\/p>\n","protected":false},"excerpt":{"rendered":"<p>Los cuentos acerca de Sherlock Holmes son unos de los m\u00e1s famosos en el mundo. Este se ha convertido en el detective ficticio m\u00e1s reconocido del mundo, y muchas veces es objeto de comparaciones cuando se hace referencia a alguien &hellip; <a href=\"https:\/\/blogs.up.edu.pe\/nubes\/trabajos\/trabajos-finales-ciclo-de-otono-2012\/arthur-conan-doyle-%e2%80%9cel-carbunclo-azul%e2%80%9d-por-alessandra-richter\/\">Sigue leyendo <span class=\"meta-nav\">&rarr;<\/span><\/a><\/p>\n","protected":false},"author":3,"featured_media":0,"parent":465,"menu_order":10,"comment_status":"closed","ping_status":"closed","template":"","meta":{"footnotes":""},"class_list":["post-507","page","type-page","status-publish","hentry"],"_links":{"self":[{"href":"https:\/\/blogs.up.edu.pe\/nubes\/wp-json\/wp\/v2\/pages\/507","targetHints":{"allow":["GET"]}}],"collection":[{"href":"https:\/\/blogs.up.edu.pe\/nubes\/wp-json\/wp\/v2\/pages"}],"about":[{"href":"https:\/\/blogs.up.edu.pe\/nubes\/wp-json\/wp\/v2\/types\/page"}],"author":[{"embeddable":true,"href":"https:\/\/blogs.up.edu.pe\/nubes\/wp-json\/wp\/v2\/users\/3"}],"replies":[{"embeddable":true,"href":"https:\/\/blogs.up.edu.pe\/nubes\/wp-json\/wp\/v2\/comments?post=507"}],"version-history":[{"count":1,"href":"https:\/\/blogs.up.edu.pe\/nubes\/wp-json\/wp\/v2\/pages\/507\/revisions"}],"predecessor-version":[{"id":508,"href":"https:\/\/blogs.up.edu.pe\/nubes\/wp-json\/wp\/v2\/pages\/507\/revisions\/508"}],"up":[{"embeddable":true,"href":"https:\/\/blogs.up.edu.pe\/nubes\/wp-json\/wp\/v2\/pages\/465"}],"wp:attachment":[{"href":"https:\/\/blogs.up.edu.pe\/nubes\/wp-json\/wp\/v2\/media?parent=507"}],"curies":[{"name":"wp","href":"https:\/\/api.w.org\/{rel}","templated":true}]}}