{"id":498,"date":"2012-06-16T14:58:36","date_gmt":"2012-06-16T14:58:36","guid":{"rendered":"https:\/\/blogs.up.edu.pe\/nubes\/\/?page_id=498"},"modified":"2012-06-16T14:58:36","modified_gmt":"2012-06-16T14:58:36","slug":"julio-ramon-ribeyro-por-johnathan-huidobro","status":"publish","type":"page","link":"https:\/\/blogs.up.edu.pe\/nubes\/trabajos\/trabajos-finales-ciclo-de-otono-2012\/julio-ramon-ribeyro-por-johnathan-huidobro\/","title":{"rendered":"Julio Ram\u00f3n Ribeyro, por Johnathan Huidobro"},"content":{"rendered":"<p>Julio Ram\u00f3n Ribeyro Z\u00fa\u00f1iga (Lima, 31 de agosto de 1929 &#8211; Lima, 4 de diciembre de 1994).\u00a0Elegi a este autor b\u00e1sicamente y de caj\u00f3n, porque desde que le\u00ed su \u00abDec\u00e1logo\u00bb sobre las caracteristicas que deber\u00edan tener los cuentos me llam\u00f3 mucho la atenci\u00f3n comprobar qu\u00e9 cuentos cumpl\u00edan estos requisitos. No es que eso vaya a asegurar un buen cuento, pero s\u00ed tiene mucha concordancia para que pueda ser bueno cuento. Para que sea cuento tiene que cumplir la mayor\u00eda de esos requisitos: \u00abLa historia del cuento puede ser real o inventada. Si es real debe parecer inventada y si es inventada, real\u00bb, \u00abEl cuento debe contar una historia. No hay cuento sin historia. El cuento se ha hecho para que el lector a su vez pueda contarlo\u00bb, sobre todo para que puedas enganchar al lector y \u00e9ste disfrute del cuento.<\/p>\n<p>He le\u00eddo que este autor es considerado ampliamente por los cr\u00edticos literarios y el p\u00fablico lector como el m\u00e1s importante escritor de cuentos de la literatura peruana, como lo vi en el blog.<\/p>\n<p>Con respecto a sus obras destaco y me gustan sus relatos breves, tambien c\u00f3mo narra sobre el campesino que reci\u00e9n baja a la ciudad y la ve como un mounstro que se lo va a comer, como en \u00abGallinazos sin plumas\u00bb o \u00abTristes querellas en la vieja quinta\u00bb. De aqu\u00ed destaco las barriadas, \u00abLa palabra del mudo\u00bb.<\/p>\n<p>En sus relatos breves tambi\u00e9n muestra personajes no muy gratos para nuestra sociedad, \u00aboscuros personajes\u00bb como pude leer en \u00abLos huaqueros\u00bb sobre los saqueadores; se puede ver la corrupci\u00f3n. \u00abLa insignia\u00bb muestra personas que no tienen caminos fijados, metas de vida para s\u00ed mismas y solo viven por vivir, se podr\u00eda decir. Se ve en estas obras el urbanismo, el realismo y la presencia ind\u00edgena en nuestra sociedad que ha cambiado con el transcurso del tiempo, aunque hasta ahora se pueden ver casos de corrupci\u00f3n, y esto, para muchos de nosotros, en algun momento no ha sido ajeno. Es muy importante que todos debemos enterarnos y cambiar estos problemas como la consolidaci\u00f3n de la democracia, el centralismo, la informalidad, la corrupci\u00f3n, la indiferencia, entre otros, para as\u00ed poder mejorar cada vez como pa\u00eds y no solo sentirnos orgullosos de aquellas celebridades que traen algun premio, sino orgullosos de nosotros mismos por mejorar nuestro entorno.<\/p>\n","protected":false},"excerpt":{"rendered":"<p>Julio Ram\u00f3n Ribeyro Z\u00fa\u00f1iga (Lima, 31 de agosto de 1929 &#8211; Lima, 4 de diciembre de 1994).\u00a0Elegi a este autor b\u00e1sicamente y de caj\u00f3n, porque desde que le\u00ed su \u00abDec\u00e1logo\u00bb sobre las caracteristicas que deber\u00edan tener los cuentos me llam\u00f3 &hellip; <a href=\"https:\/\/blogs.up.edu.pe\/nubes\/trabajos\/trabajos-finales-ciclo-de-otono-2012\/julio-ramon-ribeyro-por-johnathan-huidobro\/\">Sigue leyendo <span class=\"meta-nav\">&rarr;<\/span><\/a><\/p>\n","protected":false},"author":3,"featured_media":0,"parent":465,"menu_order":6,"comment_status":"closed","ping_status":"closed","template":"","meta":{"footnotes":""},"class_list":["post-498","page","type-page","status-publish","hentry"],"_links":{"self":[{"href":"https:\/\/blogs.up.edu.pe\/nubes\/wp-json\/wp\/v2\/pages\/498","targetHints":{"allow":["GET"]}}],"collection":[{"href":"https:\/\/blogs.up.edu.pe\/nubes\/wp-json\/wp\/v2\/pages"}],"about":[{"href":"https:\/\/blogs.up.edu.pe\/nubes\/wp-json\/wp\/v2\/types\/page"}],"author":[{"embeddable":true,"href":"https:\/\/blogs.up.edu.pe\/nubes\/wp-json\/wp\/v2\/users\/3"}],"replies":[{"embeddable":true,"href":"https:\/\/blogs.up.edu.pe\/nubes\/wp-json\/wp\/v2\/comments?post=498"}],"version-history":[{"count":1,"href":"https:\/\/blogs.up.edu.pe\/nubes\/wp-json\/wp\/v2\/pages\/498\/revisions"}],"predecessor-version":[{"id":499,"href":"https:\/\/blogs.up.edu.pe\/nubes\/wp-json\/wp\/v2\/pages\/498\/revisions\/499"}],"up":[{"embeddable":true,"href":"https:\/\/blogs.up.edu.pe\/nubes\/wp-json\/wp\/v2\/pages\/465"}],"wp:attachment":[{"href":"https:\/\/blogs.up.edu.pe\/nubes\/wp-json\/wp\/v2\/media?parent=498"}],"curies":[{"name":"wp","href":"https:\/\/api.w.org\/{rel}","templated":true}]}}