{"id":493,"date":"2012-06-16T14:49:14","date_gmt":"2012-06-16T14:49:14","guid":{"rendered":"https:\/\/blogs.up.edu.pe\/nubes\/\/?page_id=493"},"modified":"2012-06-16T14:49:14","modified_gmt":"2012-06-16T14:49:14","slug":"cuento-policiaco-por-jorge-rodriguez-c","status":"publish","type":"page","link":"https:\/\/blogs.up.edu.pe\/nubes\/trabajos\/trabajos-finales-ciclo-de-otono-2012\/cuento-policiaco-por-jorge-rodriguez-c\/","title":{"rendered":"Cuento policiaco, por Jorge Rodr\u00edguez C."},"content":{"rendered":"<p>Me gustar\u00eda comentar sobre la genialidad de Arthur Conan Doyle al crear un personaje tan interesante y particular como Sherlock Holmes. Desde peque\u00f1o, la primera vez que escuche la frase \u201cElemental, mi querido Watson\u201d y conoc\u00ed sobre estas historias de detectives, comenc\u00e9 a darme cuenta de que los detalles, tanto en los objetos como en las personas, s\u00ed te pueden decir mucho. Si sumamos a esto mi placer por resolver acertijos, rompecabezas y adivinanzas, se genera en m\u00ed una gran identificaci\u00f3n con estas historias. En algunas ocasiones de mi vida suelo crear conclusiones al quedarme observando ciertas caracter\u00edsticas que no todos ven. Me encantar\u00eda llegar al nivel de Sherlock Holmes o de Auguste Dupin y ser\u00e1 por esto que siempre me he visto interesado por este g\u00e9nero tanto en pel\u00edculas como en las series de televisi\u00f3n. Digamos que esto lo he podido llevar un poco al \u00e1mbito profesional ya que al estar dentro del \u00e1rea de recursos humanos y estar presente en diversas entrevistas de trabajo suelo leer mucho el lenguaje corporal de las personas como cada detalle de su presentaci\u00f3n personal. Esto ayuda ya que no todo lo que suelen decir las personas es tan cierto como parece.<\/p>\n<p>Resulta muy interesante observar c\u00f3mo en la actualidad en muchas series de este g\u00e9nero que son basadas en la realidad utilizan mucho la investigaci\u00f3n forense y gracias a la ciencia logran descifrar casos que se quedaron congelados por a\u00f1os sin resolver. Las pistas pueden estar en las narices de uno pero no todos las podemos ver y ah\u00ed es donde entra la capacidad \u00fanica de cada ser humano. Es probable que con trabajo se puede llegar al nivel de an\u00e1lisis de de los personajes mencionados en el p\u00e1rrafo anterior.<\/p>\n<p>Lo interesante de los cuentos de Conan Doyle y Poe es que son narrados por un compa\u00f1ero capaz de pensar de una manera m\u00e1s parecida a la nuestra, generando una conexi\u00f3n directa con la historia. En un comienzo les cuesta entender qu\u00e9 es lo que est\u00e1 pasando o no ver una pista donde realmente existe. Ah\u00ed es donde entra la mejor parte, siempre tenemos a un Sherlock o un Dupin dispuestos a ense\u00f1arte y a darte la informaci\u00f3n necesaria para que puedas deducir t\u00fa mismo el misterio. Es c\u00f3mo si directamente tuvieras un profesor que espera que su alumno pueda alcanzar cada vez una capacidad m\u00e1s alta a base de pr\u00e1ctica. Esto genera, al menos en m\u00ed, la idea de que en la vida muchos detalles que uno deja pasar pueden decirte mucho de ciertas personas o cambiar la vida de algunos.<\/p>\n","protected":false},"excerpt":{"rendered":"<p>Me gustar\u00eda comentar sobre la genialidad de Arthur Conan Doyle al crear un personaje tan interesante y particular como Sherlock Holmes. Desde peque\u00f1o, la primera vez que escuche la frase \u201cElemental, mi querido Watson\u201d y conoc\u00ed sobre estas historias de &hellip; <a href=\"https:\/\/blogs.up.edu.pe\/nubes\/trabajos\/trabajos-finales-ciclo-de-otono-2012\/cuento-policiaco-por-jorge-rodriguez-c\/\">Sigue leyendo <span class=\"meta-nav\">&rarr;<\/span><\/a><\/p>\n","protected":false},"author":3,"featured_media":0,"parent":465,"menu_order":6,"comment_status":"closed","ping_status":"closed","template":"","meta":{"footnotes":""},"class_list":["post-493","page","type-page","status-publish","hentry"],"_links":{"self":[{"href":"https:\/\/blogs.up.edu.pe\/nubes\/wp-json\/wp\/v2\/pages\/493","targetHints":{"allow":["GET"]}}],"collection":[{"href":"https:\/\/blogs.up.edu.pe\/nubes\/wp-json\/wp\/v2\/pages"}],"about":[{"href":"https:\/\/blogs.up.edu.pe\/nubes\/wp-json\/wp\/v2\/types\/page"}],"author":[{"embeddable":true,"href":"https:\/\/blogs.up.edu.pe\/nubes\/wp-json\/wp\/v2\/users\/3"}],"replies":[{"embeddable":true,"href":"https:\/\/blogs.up.edu.pe\/nubes\/wp-json\/wp\/v2\/comments?post=493"}],"version-history":[{"count":1,"href":"https:\/\/blogs.up.edu.pe\/nubes\/wp-json\/wp\/v2\/pages\/493\/revisions"}],"predecessor-version":[{"id":494,"href":"https:\/\/blogs.up.edu.pe\/nubes\/wp-json\/wp\/v2\/pages\/493\/revisions\/494"}],"up":[{"embeddable":true,"href":"https:\/\/blogs.up.edu.pe\/nubes\/wp-json\/wp\/v2\/pages\/465"}],"wp:attachment":[{"href":"https:\/\/blogs.up.edu.pe\/nubes\/wp-json\/wp\/v2\/media?parent=493"}],"curies":[{"name":"wp","href":"https:\/\/api.w.org\/{rel}","templated":true}]}}