{"id":485,"date":"2012-06-16T14:35:47","date_gmt":"2012-06-16T14:35:47","guid":{"rendered":"https:\/\/blogs.up.edu.pe\/nubes\/\/?page_id=485"},"modified":"2012-06-16T14:35:47","modified_gmt":"2012-06-16T14:35:47","slug":"edgar-allan-poe-uno-de-los-maestros-universales-del-relato-corto-por-fabiola-claro","status":"publish","type":"page","link":"https:\/\/blogs.up.edu.pe\/nubes\/trabajos\/trabajos-finales-ciclo-de-otono-2012\/edgar-allan-poe-uno-de-los-maestros-universales-del-relato-corto-por-fabiola-claro\/","title":{"rendered":"Edgar Allan Poe: uno de los maestros universales del relato corto, por Fabiola Claro"},"content":{"rendered":"<p>De nacionalidad estadounidense, Edgar Allan Poe fue un escritor, poeta, cr\u00edtico y periodista que destac\u00f3 por sus relatos cortos, sobre todo los de terror. Es considerado el inventor del relato detectivesco y contribuy\u00f3 con varias obras al g\u00e9nero fant\u00e1stico. Su figura y su obra han marcado la literatura en todo el mundo. Seg\u00fan la enciclopedia Brit\u00e1nica: \u00abSu agudo y s\u00f3lido juicio como comentarista de la literatura contempor\u00e1nea, la virtud musical y el idealismo de su poes\u00eda, su intensidad como cuentista, dotes que se le reconocieron ya en vida, le aseguran un puesto destacado entre los hombres de letras m\u00e1s universalmente reconocidos\u00bb.<\/p>\n<p>El primer cuento que le\u00ed de Edgar Allan Poe fue \u201cEl gato negro\u201d. Sin lugar a dudas fue el inicio de mi adicci\u00f3n a su estilo oscuro y g\u00f3tico de escribir historias que despiertan la imaginaci\u00f3n y dan paso al miedo. No dud\u00e9 en seguir leyendo sus cuentos cortos. Le siguieron: \u201cLa ca\u00edda de la casa de Usher\u201d, \u201cLa m\u00e1scara de la muerte roja\u201d, \u201cEl pozo y el p\u00e9ndulo\u201d, \u201cLos cr\u00edmenes de la Rue Morgue\u201d, \u201cWilliam Wilson\u201d, entre otros.<\/p>\n<p>Honestamente, en el g\u00e9nero terror\u00edfico, es mi escritor favorito. Sin embargo, en lo que respecta al g\u00e9nero detectivesco, creo que sus cuentos no son comparables a los de terror. Por ejemplo, \u201cLa carta robada\u201d me dejo esperando m\u00e1s, el final no le hizo justicia a todo la expectativa anterior. Pero, si lees \u201cLa m\u00e1scara de la muerte roja\u201d el final tiene el toque perfecto para completar todo el misterio y miedo que le antecede. En esta oportunidad volv\u00ed a leer \u201cEl pozo y el p\u00e9ndulo\u201d y volv\u00ed a experimentar el miedo como la primera vez. Tal vez miedo no sea la palabra exacta, pero s\u00ed lo son la frustraci\u00f3n, el estr\u00e9s y el deseo de que el sufrimiento y el desconocimiento de lo que ocurre acaben. Eso es lo que te mantiene atento toda la lectura que te permite imaginar lo que t\u00fa mismo sentir\u00edas si cambiaras de lugar con el protagonista.<\/p>\n<p>Su estilo narrativo es lo m\u00e1s llamativo de sus cuentos, m\u00e1s que la historia en s\u00ed. De alguna forma logra que sus relatos sean \u00e1giles para leer a pesar de profundizar en sus personajes, la geograf\u00eda o la psicolog\u00eda. Esto coincide con su empleo perfecto de las palabras que hacen encantador a su estilo. Todo esto da lugar al llamado \u201cterror psicol\u00f3gico\u201d.<\/p>\n<p>Mientras investigaba me encontr\u00e9 con varios datos aterradores. El primer amor de Poe fue la madre de una compa\u00f1era de clase cuando ten\u00eda 15 a\u00f1os, pero antes de que las autoridades tomaran cartas en el asunto ella fue encontrada muerta bajo extra\u00f1as circunstancias. Poe fue interrogado, pero nadie pens\u00f3 que pod\u00eda ser culpable. A los 20 fallece su madrastra mientras discut\u00edan sobre temas sin importancia y no se descubren las causas. M\u00e1s tarde fallece su esposa tambi\u00e9n en circunstancias extra\u00f1as.<\/p>\n<p>Y te cuestionas: \u00bfY si los cuentos no son tan irreales como parecen? \u00bfY si los personajes que pasan por situaciones fantasiosas y enloquecedoras fueran m\u00e1s que una invenci\u00f3n? Quedar\u00e1 para la opini\u00f3n de cada lector de los inquietantes cuentos de Poe.<\/p>\n<p>Relatos terror\u00edficos, maltrato de animales, asesinatos, torturas, desmoronamiento mental, locura, bestialismo, todas caracter\u00edsticas de los cuentos m\u00e1s fascinantes que se originaron en una mente incomprensible, con un pasado oscuro, tal vez m\u00e1s oscuro que los propios cuentos.<\/p>\n","protected":false},"excerpt":{"rendered":"<p>De nacionalidad estadounidense, Edgar Allan Poe fue un escritor, poeta, cr\u00edtico y periodista que destac\u00f3 por sus relatos cortos, sobre todo los de terror. Es considerado el inventor del relato detectivesco y contribuy\u00f3 con varias obras al g\u00e9nero fant\u00e1stico. Su &hellip; <a href=\"https:\/\/blogs.up.edu.pe\/nubes\/trabajos\/trabajos-finales-ciclo-de-otono-2012\/edgar-allan-poe-uno-de-los-maestros-universales-del-relato-corto-por-fabiola-claro\/\">Sigue leyendo <span class=\"meta-nav\">&rarr;<\/span><\/a><\/p>\n","protected":false},"author":3,"featured_media":0,"parent":465,"menu_order":4,"comment_status":"closed","ping_status":"closed","template":"","meta":{"footnotes":""},"class_list":["post-485","page","type-page","status-publish","hentry"],"_links":{"self":[{"href":"https:\/\/blogs.up.edu.pe\/nubes\/wp-json\/wp\/v2\/pages\/485","targetHints":{"allow":["GET"]}}],"collection":[{"href":"https:\/\/blogs.up.edu.pe\/nubes\/wp-json\/wp\/v2\/pages"}],"about":[{"href":"https:\/\/blogs.up.edu.pe\/nubes\/wp-json\/wp\/v2\/types\/page"}],"author":[{"embeddable":true,"href":"https:\/\/blogs.up.edu.pe\/nubes\/wp-json\/wp\/v2\/users\/3"}],"replies":[{"embeddable":true,"href":"https:\/\/blogs.up.edu.pe\/nubes\/wp-json\/wp\/v2\/comments?post=485"}],"version-history":[{"count":1,"href":"https:\/\/blogs.up.edu.pe\/nubes\/wp-json\/wp\/v2\/pages\/485\/revisions"}],"predecessor-version":[{"id":486,"href":"https:\/\/blogs.up.edu.pe\/nubes\/wp-json\/wp\/v2\/pages\/485\/revisions\/486"}],"up":[{"embeddable":true,"href":"https:\/\/blogs.up.edu.pe\/nubes\/wp-json\/wp\/v2\/pages\/465"}],"wp:attachment":[{"href":"https:\/\/blogs.up.edu.pe\/nubes\/wp-json\/wp\/v2\/media?parent=485"}],"curies":[{"name":"wp","href":"https:\/\/api.w.org\/{rel}","templated":true}]}}