{"id":483,"date":"2012-06-16T14:29:33","date_gmt":"2012-06-16T14:29:33","guid":{"rendered":"https:\/\/blogs.up.edu.pe\/nubes\/\/?page_id=483"},"modified":"2012-06-16T14:29:33","modified_gmt":"2012-06-16T14:29:33","slug":"un-mundo-dos-realidades-por-gianfranco-smarrelli","status":"publish","type":"page","link":"https:\/\/blogs.up.edu.pe\/nubes\/trabajos\/trabajos-finales-ciclo-de-otono-2012\/un-mundo-dos-realidades-por-gianfranco-smarrelli\/","title":{"rendered":"Un mundo: dos realidades, por Gianfranco Smarrelli"},"content":{"rendered":"<p>Zein Zorrilla, escritor peruano contempor\u00e1neo, nacido en Huancavelica, es el autor de una serie de cuentos y novelas de ficci\u00f3n. Empieza a escribir alrededor de los a\u00f1os setenta. El tema principal de sus obras se vierte sobre la problem\u00e1tica social de los pobladores andinos que emigran a la ciudad y el impacto que estas migraciones tienen sobre ellos, como el dolor y la \u201cruptura\u201d interior que siente el hombre andino al dejar su tierra, su historia, su vida, para enfrentarse a otra realidad, desconocida para \u00e9l. Una migraci\u00f3n que desgarra el alma porque supone renuncias y soledad.<\/p>\n<p>Hacia el 2003, Zorrilla publica un libro titulado <em>Siete rosas de hierro<\/em>, que contiene una colecci\u00f3n de cuentos, entre los cuales se encuentra \u00abInundaciones\u00bb. Un cuento cuyo tema central es la problem\u00e1tica minera, tan en auge en nuestros d\u00edas, y que se centra en la vida y las vicisitudes que enfrentan todos los que trabajan en una mina. Un cuento corto pero lleno de emociones. Zorrilla tiene la capacidad de envolverte en el mundo y en las acciones que narra, y va mucho m\u00e1s all\u00e1 de narrar solo los hechos. Se sumerge en el alma humana, te muestra sus angustias, sus esperanzas, sus ilusiones. Robles, por ejemplo, conoce el alma de los mineros, y ante el deseo de Hern\u00e1n, el ingeniero, de contarle a los mineros la indiferencia de la \u201cse\u00f1ora\u201d, la due\u00f1a de la mina, a la que s\u00f3lo le interesa su bienestar econ\u00f3mico e ignora las necesidades de la mina y los mineros, Robles nos muestra su lado m\u00e1s humano, no se pueden matar las ilusiones de los mineros; all\u00e1 en la mina son las ilusiones las que te permiten seguir adelante. Por eso hay que hacerles creer que la se\u00f1ora va a ayudarlos.<\/p>\n<p>El cuento \u201cInundaciones\u201d gira, como ya hemos dicho, sobre la problem\u00e1tica minera y enfrenta dos mundos, el citadino y el minero. Un contraste no s\u00f3lo a nivel econ\u00f3mico, sino tambi\u00e9n a nivel humano: por un lado la preocupaci\u00f3n del jefe de la mina Robles, por los obreros. Robles representa la lealtad, el sacrificio de unos mineros que luchan hasta con los dientes para reparar la mina, a\u00fan sin tener repuestos, ni dinero, pues Lima no responde a sus pedidos de ayuda. Por el otro, la indiferencia hacia las necesidades de los dem\u00e1s, el ego\u00edsmo y la ingratitud de la \u201cpatrona\u201d. A ella no se le pod\u00eda molestar, ella no pod\u00eda atender a la delegaci\u00f3n que de la mina viaja a Lima para exponerle las necesidades de la mina inundada; ella, que ya hab\u00eda recibido la plata del seguro por la inundaci\u00f3n, ahora estaba ocupada atendiendo a sus perros. \u00bfQu\u00e9 son los mineros para la patrona? Nada, son solo piezas de un ajedrez que ella mueve a su voluntad. No le interesan, como personas, no le preocupan sus necesidades. Ella vive bien, ella est\u00e1 tranquila.<\/p>\n<p>\u201cInundaciones\u201d, es el primer cuento de Zein Zorrilla que abarca la tem\u00e1tica minera. Un mundo, el de la miner\u00eda de ese entonces, que nuestro autor conoce muy bien. En efecto, Zorrilla, ingeniero mec\u00e1nico de profesi\u00f3n, hab\u00eda trabajado en una mina y como \u00e9l mismo dice en una entrevista concedida a un reportero Brasilero \u201cSe levantaba a las 5:00 de la ma\u00f1ana, para acostarse ya muy tarde\u201d. Alguien, alguna vez, le dijo, que sin duda \u00e9l tendr\u00eda tiempo, all\u00e1 en su trabajo en la mina, para poder escribir. Ignoraba esta persona, como el mismo Zorrilla afirma, que cuando trabajas en una mina, quedas tan exhausto que s\u00f3lo quieres, al terminar el d\u00eda, descansar.<\/p>\n<p>Hermoso cuento, de Zein Zorrilla, que te envuelve y te hace vivir con cada una de las escenas que narra, las emociones que vive cada personaje, te involucras con el mundo minero, lo comprendes un poco m\u00e1s y logras sentir una especial identificaci\u00f3n con ellos.<\/p>\n","protected":false},"excerpt":{"rendered":"<p>Zein Zorrilla, escritor peruano contempor\u00e1neo, nacido en Huancavelica, es el autor de una serie de cuentos y novelas de ficci\u00f3n. Empieza a escribir alrededor de los a\u00f1os setenta. El tema principal de sus obras se vierte sobre la problem\u00e1tica social &hellip; <a href=\"https:\/\/blogs.up.edu.pe\/nubes\/trabajos\/trabajos-finales-ciclo-de-otono-2012\/un-mundo-dos-realidades-por-gianfranco-smarrelli\/\">Sigue leyendo <span class=\"meta-nav\">&rarr;<\/span><\/a><\/p>\n","protected":false},"author":3,"featured_media":0,"parent":465,"menu_order":3,"comment_status":"closed","ping_status":"closed","template":"","meta":{"footnotes":""},"class_list":["post-483","page","type-page","status-publish","hentry"],"_links":{"self":[{"href":"https:\/\/blogs.up.edu.pe\/nubes\/wp-json\/wp\/v2\/pages\/483","targetHints":{"allow":["GET"]}}],"collection":[{"href":"https:\/\/blogs.up.edu.pe\/nubes\/wp-json\/wp\/v2\/pages"}],"about":[{"href":"https:\/\/blogs.up.edu.pe\/nubes\/wp-json\/wp\/v2\/types\/page"}],"author":[{"embeddable":true,"href":"https:\/\/blogs.up.edu.pe\/nubes\/wp-json\/wp\/v2\/users\/3"}],"replies":[{"embeddable":true,"href":"https:\/\/blogs.up.edu.pe\/nubes\/wp-json\/wp\/v2\/comments?post=483"}],"version-history":[{"count":1,"href":"https:\/\/blogs.up.edu.pe\/nubes\/wp-json\/wp\/v2\/pages\/483\/revisions"}],"predecessor-version":[{"id":484,"href":"https:\/\/blogs.up.edu.pe\/nubes\/wp-json\/wp\/v2\/pages\/483\/revisions\/484"}],"up":[{"embeddable":true,"href":"https:\/\/blogs.up.edu.pe\/nubes\/wp-json\/wp\/v2\/pages\/465"}],"wp:attachment":[{"href":"https:\/\/blogs.up.edu.pe\/nubes\/wp-json\/wp\/v2\/media?parent=483"}],"curies":[{"name":"wp","href":"https:\/\/api.w.org\/{rel}","templated":true}]}}