{"id":479,"date":"2012-06-16T14:22:48","date_gmt":"2012-06-16T14:22:48","guid":{"rendered":"https:\/\/blogs.up.edu.pe\/nubes\/\/?page_id=479"},"modified":"2012-06-16T14:22:48","modified_gmt":"2012-06-16T14:22:48","slug":"franz-kafka-un-medico-rural-por-ernesto-vereau","status":"publish","type":"page","link":"https:\/\/blogs.up.edu.pe\/nubes\/trabajos\/trabajos-finales-ciclo-de-otono-2012\/franz-kafka-un-medico-rural-por-ernesto-vereau\/","title":{"rendered":"Franz Kafka, \u00abUn m\u00e9dico rural\u00bb, por Ernesto Vereau"},"content":{"rendered":"<p>El m\u00e9dico rural es un personaje insatisfecho con su vida y con la trayectoria que hasta el momento ha tenido. Se sabe y se siente superior al resto del pueblo en donde habita, probablemente debido a sus dotes como doctor profesional. Sin embargo el resto del pueblo no lo ve as\u00ed, sino m\u00e1s bien como una persona que tiene como \u00fanico prop\u00f3sito el de curar a los enfermos de la comarca; si esta tarea no es satisfecha de buena manera a los ojos de los pobladores, entonces mejor que el m\u00e9dico muriera, pues como cantaron los ni\u00f1os del coro escolar, \u201c\u2026 si no cura, m\u00e1tenlo. S\u00f3lo es un m\u00e9dico\u201d.<\/p>\n<p>En este cuento, Kafka nos narra la historia de un doctor que en primera instancia, parece enfrentar una situaci\u00f3n muy com\u00fan para \u00e9l: es solicitado a altas horas de la noche para tratar de salvar a un enfermo en un contexto en el que a pesar de ser el \u00fanico que podr\u00eda salvarlo, es burlado por cuanta persona se asoma a observar su trabajo.<\/p>\n<p>Pero a la burla ya est\u00e1 acostumbrado, no hay nada nuevo en eso. La diferencia de este llamado con cualquier otro, radica en lo que tuvo que hacer y soportar para poder llegar a la casa del enfermo. A pesar de contar con un coche bien equipado, su caballo hab\u00eda muerto y nadie en el pueblo ten\u00eda intenci\u00f3n de ayudarlo a conseguir otro. Por esto, su criada Rosa se encontraba de un lado a otro buscando un caballo que pueda recorrer las diez millas que su patr\u00f3n necesitaba. Finalmente, lo consigue, consigue incluso dos caballos, pero sin imaginar que el pago ser\u00eda ella misma. En un inicio, el doctor trata de enfrentarse al mozo y evitar que se aproveche de Rosa, pero el \u00edmpetu de los caballos lo arrastran hacia las calles del pueblo, dejando a su criada en el abandono. Cabe resaltar la actitud inquietante e independiente de los caballos, algo que probablemente sea la \u00fanica caracter\u00edstica de terror que este cuento kafkiano nos ofrece.<\/p>\n<p>Bajo estas circunstancias el doctor llega a la casa del paciente. Siempre pensando en lo que debe estar soportando su inseparable criada, trata sin \u00e9xito de controlar la enfermedad del joven. Distra\u00eddo por sus caballos, que parecen reclamarle el hecho de haber abandonado a Rosa, reci\u00e9n logra encontrar la herida al lado derecho de la cadera abrumado por la cantidad de gente que pasaba por la casa.<\/p>\n<p>En pleno diagn\u00f3stico se da cuenta de que se enfrenta a una aparentemente gran disyuntiva: quedarse y tratar de salvar a un enfermo o escaparse de la casa y volver a salvar a su criada. En un principio parece una dif\u00edcil decisi\u00f3n debido a que se pone a pensar como doctor y en lo que el pueblo espera de \u00e9l, sin embargo, cae en la cuenta de que ya desde hace mucho tiempo viene sacrificando cosas por un grupo de gente que no conoce y que nunca hareconocido el arduo trabajo que ha realizado a lo largo de los a\u00f1os. Por otro lado, se da cuenta de que la \u00fanica persona que siempre lo hab\u00eda apoyado es Rosa y no pod\u00eda devolverle esa generosidad dej\u00e1ndola sola con un violador. As\u00ed, decide escapar y regresar a socorrer a su criada, montando a los extra\u00f1os caballos que vuelven a su destino r\u00e1pidamente.<\/p>\n<p>En este cuento corto, no nos llegamos a enterar si el m\u00e9dico lleg\u00f3 a salvar a Rosa ni si el enfermo lleg\u00f3 a morir. Tan solo nos enteramos de una especie de an\u00e9cdota del m\u00e9dico en una noche aparentemente com\u00fan para \u00e9l.<\/p>\n","protected":false},"excerpt":{"rendered":"<p>El m\u00e9dico rural es un personaje insatisfecho con su vida y con la trayectoria que hasta el momento ha tenido. Se sabe y se siente superior al resto del pueblo en donde habita, probablemente debido a sus dotes como doctor &hellip; <a href=\"https:\/\/blogs.up.edu.pe\/nubes\/trabajos\/trabajos-finales-ciclo-de-otono-2012\/franz-kafka-un-medico-rural-por-ernesto-vereau\/\">Sigue leyendo <span class=\"meta-nav\">&rarr;<\/span><\/a><\/p>\n","protected":false},"author":3,"featured_media":0,"parent":465,"menu_order":2,"comment_status":"closed","ping_status":"closed","template":"","meta":{"footnotes":""},"class_list":["post-479","page","type-page","status-publish","hentry"],"_links":{"self":[{"href":"https:\/\/blogs.up.edu.pe\/nubes\/wp-json\/wp\/v2\/pages\/479","targetHints":{"allow":["GET"]}}],"collection":[{"href":"https:\/\/blogs.up.edu.pe\/nubes\/wp-json\/wp\/v2\/pages"}],"about":[{"href":"https:\/\/blogs.up.edu.pe\/nubes\/wp-json\/wp\/v2\/types\/page"}],"author":[{"embeddable":true,"href":"https:\/\/blogs.up.edu.pe\/nubes\/wp-json\/wp\/v2\/users\/3"}],"replies":[{"embeddable":true,"href":"https:\/\/blogs.up.edu.pe\/nubes\/wp-json\/wp\/v2\/comments?post=479"}],"version-history":[{"count":1,"href":"https:\/\/blogs.up.edu.pe\/nubes\/wp-json\/wp\/v2\/pages\/479\/revisions"}],"predecessor-version":[{"id":480,"href":"https:\/\/blogs.up.edu.pe\/nubes\/wp-json\/wp\/v2\/pages\/479\/revisions\/480"}],"up":[{"embeddable":true,"href":"https:\/\/blogs.up.edu.pe\/nubes\/wp-json\/wp\/v2\/pages\/465"}],"wp:attachment":[{"href":"https:\/\/blogs.up.edu.pe\/nubes\/wp-json\/wp\/v2\/media?parent=479"}],"curies":[{"name":"wp","href":"https:\/\/api.w.org\/{rel}","templated":true}]}}