{"id":467,"date":"2012-06-16T14:03:13","date_gmt":"2012-06-16T14:03:13","guid":{"rendered":"https:\/\/blogs.up.edu.pe\/nubes\/\/?page_id=467"},"modified":"2012-06-16T17:27:19","modified_gmt":"2012-06-16T17:27:19","slug":"aspectos-sobresalientes-por-giulia-bologna","status":"publish","type":"page","link":"https:\/\/blogs.up.edu.pe\/nubes\/trabajos\/trabajos-finales-ciclo-de-otono-2012\/aspectos-sobresalientes-por-giulia-bologna\/","title":{"rendered":"Aspectos sobresalientes, por Giulia Bologna"},"content":{"rendered":"<p>\u00abUna vendetta\u00bb. Este cuento ha sido el m\u00e1s fuerte que he le\u00eddo a lo largo de todo este taller, el que ha suscitado en m\u00ed las emociones m\u00e1s intensas y este es el motivo por el cual he decidido escribir sobre ello.<\/p>\n<p>El autor pertenece a la corriente del naturalismo, un estilo que busca representar la realidad con la mayor objetividad y documentaci\u00f3n posible. Maupassant logra describir cada tema particular y emoci\u00f3n con una frialdad escalofriante. Durante la lectura he probado una sensaci\u00f3n casi repulsiva sobre c\u00f3mo se iban desarrollando los hechos, como si fueran algo de lo m\u00e1s normal: en un primer momento se describe detalladamente la ubicaci\u00f3n geogr\u00e1fica, luego el homicidio y la relativa acci\u00f3n de la madre, repetida de forma autom\u00e1tica una y otra vez, para terminar con la \u00abvendetta\u00bb, es decir la venganza calculada en cada aspecto. Sin embargo, el autor en ning\u00fan momento se \u00abpierde\u00bb, por as\u00ed decirlo, en describir los sentimientos de las partes.<\/p>\n<p>Lo que m\u00e1s llama la atenci\u00f3n es la madre; creo que es imposible para cualquier persona que no lo es, entender en qu\u00e9 consiste realmente el amor de una mam\u00e1 hacia su hijo. Es un amor total, incondicionado, y tambi\u00e9n ego\u00edsta. Una madre considera al hijo como su m\u00e1s grande tesoro, algo de su propiedad y el perderlo es como ver arrancarse una parte de s\u00ed. Solo una madre podr\u00eda entender y encontrar l\u00f3gica a una venganza como la que se describe. Para ella no puede ser suficiente ver al asesino pagar su pena, no debe ser suficiente el llanto y la desesperaci\u00f3n; una madre necesita venganza propia, necesita reproducir las emociones del asesinato y as\u00ed encontrar de alguna forma la paz. La mujer, que en un primer momento parece ser insensible, como si el hecho no la tocara realmente, se muestra a mis ojos como el completo opuesto. El dolor m\u00e1s grande nos obliga a mostrar indiferencia como forma de defensa y reacci\u00f3n para enfrentar la realidad del sufrimiento. Cada uno, por consiguiente, busca su forma para salir del dolor y seguir adelante, adoptando, si es necesario, las medidas m\u00e1s inhumanas, as\u00ed como se ha venido dando en el cuento. En este caso la venganza ha sido, contrariamente a como nos han ense\u00f1ado, una reacci\u00f3n positiva dado que ha ayudado a la mujer. En este sentido se nota otro aspecto importante del naturalismo: demuestra lo real en su negatividad, es decir, que algo culturalmente rechazado como es la venganza, es visto en este caso como algo bueno y por lo tanto \u00fatil. Con esto no quiero decir que la venganza es buena, pero s\u00ed estoy convencida de que el ser humano por su propia naturaleza la busca, la necesita, la utiliza y finalmente logra beneficiarse de ella; es por tanto hip\u00f3crita e in\u00fatil condenarla y negarla, como culturalmente se tiende a hacer.<\/p>\n<p>Otro aspecto que considero importarte discutir es la t\u00e9cnica empleada por la mujer con el fin de instruir a la perra; hace referencia a los experimentos de Pavlov y a la sucesiva teor\u00eda conductista seg\u00fan la cual es posible instaurar a trav\u00e9s de la repetici\u00f3n de actitudes un comportamiento definido. Este fue un tema muy actual en la \u00e9poca y me parece genial haberlo insertado para la creaci\u00f3n del cuento, dado que contribuye a crear un efecto de extremo realismo y objetividad en la historia. Se describe detalladamente toda la obra de la protagonista, realizada sin arrepentimiento ni emoci\u00f3n alguna durante todo el proceso.<\/p>\n<p>De un punto de vista personal me siento muy tocada por la historia desde el comienzo; el autor describe un paisaje muy conocido por m\u00ed, dado que cuenta de la costa de la Cerde\u00f1a, un lugar donde desde peque\u00f1a pasaba mis vacaciones de verano cuando a\u00fan viv\u00eda en Italia, y verla representada en este cuento me suscita recuerdos intensos; hasta ahora puedo ver claramente ese maravilloso paisaje que el autor describe con tanta precisi\u00f3n.<\/p>\n<p>En conclusi\u00f3n, puedo afirmar que este cuento, a pesar de la objetividad que lo caracteriza, es extremadamente intenso, provocando en cualquier lector emociones muy fuertes en diferentes aspectos. El autor, evitando referirse a emociones definidas, permite al lector plasmar sus propias sensaciones dej\u00e1ndolo profundamente afectado. Digo esto porque despu\u00e9s de leer la historia y tener mis propias conclusiones, me dediqu\u00e9 a leer los comentarios de mis compa\u00f1eros, percat\u00e1ndome de que cada uno hab\u00eda sido cautivado por diferentes aspectos. Precisamente, a mi me llam\u00f3 la atenci\u00f3n el personaje de la mujer y su extremo amor hacia el hijo; sin embargo qued\u00e9 sorprendida al darme cuenta que otras personas hab\u00edan captado aspectos indiferentes para m\u00ed y hasta se enfocaron en personajes, como la perra, que a mi no me hab\u00edan logrado llamar la atenci\u00f3n. Creo que en este sentido el cuento naturalista es \u00fanico, y lejos de ser una mera objetividad, puede suscitar verdaderas emociones.<\/p>\n","protected":false},"excerpt":{"rendered":"<p>\u00abUna vendetta\u00bb. Este cuento ha sido el m\u00e1s fuerte que he le\u00eddo a lo largo de todo este taller, el que ha suscitado en m\u00ed las emociones m\u00e1s intensas y este es el motivo por el cual he decidido escribir &hellip; <a href=\"https:\/\/blogs.up.edu.pe\/nubes\/trabajos\/trabajos-finales-ciclo-de-otono-2012\/aspectos-sobresalientes-por-giulia-bologna\/\">Sigue leyendo <span class=\"meta-nav\">&rarr;<\/span><\/a><\/p>\n","protected":false},"author":3,"featured_media":0,"parent":465,"menu_order":1,"comment_status":"closed","ping_status":"closed","template":"","meta":{"footnotes":""},"class_list":["post-467","page","type-page","status-publish","hentry"],"_links":{"self":[{"href":"https:\/\/blogs.up.edu.pe\/nubes\/wp-json\/wp\/v2\/pages\/467","targetHints":{"allow":["GET"]}}],"collection":[{"href":"https:\/\/blogs.up.edu.pe\/nubes\/wp-json\/wp\/v2\/pages"}],"about":[{"href":"https:\/\/blogs.up.edu.pe\/nubes\/wp-json\/wp\/v2\/types\/page"}],"author":[{"embeddable":true,"href":"https:\/\/blogs.up.edu.pe\/nubes\/wp-json\/wp\/v2\/users\/3"}],"replies":[{"embeddable":true,"href":"https:\/\/blogs.up.edu.pe\/nubes\/wp-json\/wp\/v2\/comments?post=467"}],"version-history":[{"count":7,"href":"https:\/\/blogs.up.edu.pe\/nubes\/wp-json\/wp\/v2\/pages\/467\/revisions"}],"predecessor-version":[{"id":548,"href":"https:\/\/blogs.up.edu.pe\/nubes\/wp-json\/wp\/v2\/pages\/467\/revisions\/548"}],"up":[{"embeddable":true,"href":"https:\/\/blogs.up.edu.pe\/nubes\/wp-json\/wp\/v2\/pages\/465"}],"wp:attachment":[{"href":"https:\/\/blogs.up.edu.pe\/nubes\/wp-json\/wp\/v2\/media?parent=467"}],"curies":[{"name":"wp","href":"https:\/\/api.w.org\/{rel}","templated":true}]}}