{"id":465,"date":"2012-06-16T14:02:31","date_gmt":"2012-06-16T14:02:31","guid":{"rendered":"https:\/\/blogs.up.edu.pe\/nubes\/\/?page_id=465"},"modified":"2014-07-30T23:54:24","modified_gmt":"2014-07-30T23:54:24","slug":"trabajos-finales-ciclo-de-otono-2012","status":"publish","type":"page","link":"https:\/\/blogs.up.edu.pe\/nubes\/trabajos\/trabajos-finales-ciclo-de-otono-2012\/","title":{"rendered":"Trabajos finales 2012-oto\u00f1o"},"content":{"rendered":"<p>A continuaci\u00f3n enlistamos los ensayos finales de los participantes en el club, ciclo de oto\u00f1o 2012:<\/p>\n<ul>\n<li><a title=\"Aspectos sobresalientes, por Giulia Bologna\" href=\"https:\/\/blogs.up.edu.pe\/nubes\/\/?page_id=467\"><strong>Aspectos sobresalientes<\/strong>, por Giulia Bologna<\/a><\/li>\n<li><a title=\"Lo inimaginable puede ser realidad, por Gabriela Smarrelli\" href=\"https:\/\/blogs.up.edu.pe\/nubes\/\/?page_id=473\"><strong>Lo inimaginable puede ser realidad<\/strong>, por Gabriela Smarrelli<\/a><\/li>\n<li><a title=\"Franz Kafka, \u201cUn m\u00e9dico rural\u201d, por Ernesto Vereau\" href=\"https:\/\/blogs.up.edu.pe\/nubes\/\/?page_id=479\"><strong>Franz Kafka, \u00abUn m\u00e9dico rural\u00bb<\/strong>, por Ernesto Vereau<\/a><\/li>\n<li><a title=\"Un mundo: dos realidades, por Gianfranco Smarrelli\" href=\"https:\/\/blogs.up.edu.pe\/nubes\/\/?page_id=483\"><strong>Un mundo: dos realidades<\/strong>, por Gianfranco Smarrelli<\/a><\/li>\n<li><a title=\"Edgar Allan Poe: uno de los maestros universales del relato corto, por Fabiola Claro\" href=\"https:\/\/blogs.up.edu.pe\/nubes\/\/?page_id=485\"><strong>Edgar Allan Poe: uno de los maestros universales del relato corto<\/strong>, por Fabiola Claro<\/a><\/li>\n<li><a title=\"Julio Cort\u00e1zar y \u201cLa autopista del sur\u201d, por Nicol\u00e1s Gomero\" href=\"https:\/\/blogs.up.edu.pe\/nubes\/\/?page_id=489\"><strong>Julio Cort\u00e1zar y \u201cLa autopista del sur\u201d<\/strong>, por Nicol\u00e1s Gomero<\/a><\/li>\n<li><a title=\"Cuento policiaco, por Jorge Rodr\u00edguez C.\" href=\"https:\/\/blogs.up.edu.pe\/nubes\/\/?page_id=493\"><strong>Cuento Policiaco<\/strong>, por Jorge Rodr\u00edguez C.<\/a><\/li>\n<li><a title=\"Julio Ram\u00f3n Ribeyro, por Johnathan Huidobro\" href=\"https:\/\/blogs.up.edu.pe\/nubes\/\/?page_id=498\"><strong>Julio Ram\u00f3n Ribeyro<\/strong>, por Johnathan Huidobro<\/a><\/li>\n<li><a title=\"Julio Ram\u00f3n Ribeyro, \u201cLos huaqueros\u201d, por Akemi Kanashiro\" href=\"https:\/\/blogs.up.edu.pe\/nubes\/\/?page_id=501\"><strong>Julio Ram\u00f3n Ribeyro, \u00abLos huaqueros\u00bb<\/strong>, por Akemi Kanashiro<\/a><\/li>\n<li><a title=\"El Indigenismo de Jos\u00e9 Mar\u00eda Arguedas en \u201cEl Hijo Solo\u201d, por Franco Alberti\" href=\"https:\/\/blogs.up.edu.pe\/nubes\/\/?page_id=504\"><strong>El Indigenismo de Jos\u00e9 Mar\u00eda Arguedas en \u201cEl Hijo Solo\u201d<\/strong>, por Franco Alberti<\/a><\/li>\n<li><a title=\"Arthur Conan Doyle: \u201cEl carbunclo azul\u201d, por Alessandra Richter\" href=\"https:\/\/blogs.up.edu.pe\/nubes\/\/?page_id=507\"><strong>Arthur Conan Doyle: \u201cEl carbunclo azul\u201d<\/strong>, por Alessandra Richter<\/a><\/li>\n<li><a title=\"\u201cLa autopista del sur\u201d de Julio Cort\u00e1zar, por Lia Alexandra Adrianz\u00e9n\" href=\"https:\/\/blogs.up.edu.pe\/nubes\/\/?page_id=511\"><strong>\u201cLa autopista del sur\u201d de Julio Cort\u00e1zar<\/strong>, por Lia Alexandra Adrianz\u00e9n<\/a><\/li>\n<li><a title=\"\u201cAnorexia y tijerita\u201d (Bryce Echenique), por Vanessa Pereda\" href=\"https:\/\/blogs.up.edu.pe\/nubes\/\/?page_id=514\"><strong>\u00abAnorexia y tijerita\u00bb (Bryce Echenique)<\/strong>, por Vanessa Pereda<\/a><\/li>\n<li><a title=\"\u201cEl Limpiador\u201d de Roc\u00edo Silva Santisteban, por Samantha Khadige\" href=\"https:\/\/blogs.up.edu.pe\/nubes\/\/?page_id=518\"><strong>\u201cEl Limpiador\u201d de Roc\u00edo Silva Santisteban<\/strong>, por Samantha Khadige<\/a><\/li>\n<li><a title=\"Conan Doyle y el Ingenioso Sherlock Holmes, por Mar\u00eda Victoria Valenzuela\" href=\"https:\/\/blogs.up.edu.pe\/nubes\/\/?page_id=521\"><strong>Conan Doyle y el Ingenioso Sherlock Holmes<\/strong>, por Mar\u00eda Victoria Valenzuela<\/a><\/li>\n<li><a title=\"\u201cLa autopista del Sur\u201d, Julio Cort\u00e1zar, por Javier Eduardo Escobedo\" href=\"https:\/\/blogs.up.edu.pe\/nubes\/\/?page_id=525\"><strong>\u00abLa autopista del Sur\u00bb, Julio Cort\u00e1zar<\/strong>, por Javier Eduardo Escobedo<\/a><\/li>\n<li><a title=\"Edgar Allan Poe, por Dafne Barclay\" href=\"https:\/\/blogs.up.edu.pe\/nubes\/\/?page_id=529\"><strong>Edgar Allan Poe<\/strong>, por Dafne Barclay<\/a><\/li>\n<li><a title=\"\u201cSue\u00f1os de robot\u201d de Isaac Asimov, por Kathy Dyer\" href=\"https:\/\/blogs.up.edu.pe\/nubes\/\/?page_id=532\"><strong>\u00abSue\u00f1os de robot\u00bb de Isaac Asimov<\/strong>, por Kathy Dyer<\/a><\/li>\n<li><a title=\"\u201cLa tristeza\u201d de Ant\u00f3n Chejov, por Vannia Escalante\" href=\"https:\/\/blogs.up.edu.pe\/nubes\/\/?page_id=535\"><strong>\u00abLa tristeza\u00bb de Ant\u00f3n Chejov<\/strong>, por Vannia Escalante<\/a><\/li>\n<li><a title=\"\u201cAnorexia y tijerita\u201d de Bryce Echenique, por Jorge Su\u00e1rez\" href=\"https:\/\/blogs.up.edu.pe\/nubes\/\/?page_id=538\"><strong>\u00abAnorexia y tijerita\u00bb de Bryce Echenique<\/strong>, por Jorge Su\u00e1rez<\/a><\/li>\n<li><a title=\"\u201cLa Autopista del Sur\u201d de Cort\u00e1zar, por Walter Fern\u00e1ndez\" href=\"https:\/\/blogs.up.edu.pe\/nubes\/\/?page_id=541\"><strong>\u201cLa Autopista del Sur\u201d de Cort\u00e1zar<\/strong>, por Walter Fern\u00e1ndez<\/a><\/li>\n<li><a title=\"\u201cEl pozo y el p\u00e9ndulo\u201d de Edgar Allan Poe, por Marco Barriga\" href=\"https:\/\/blogs.up.edu.pe\/nubes\/\/?page_id=543\"><strong>\u00abEl pozo y el p\u00e9ndulo\u00bb de Edgar Allan Poe<\/strong>, por Marco Barriga<\/a><\/li>\n<\/ul>\n","protected":false},"excerpt":{"rendered":"<p>A continuaci\u00f3n enlistamos los ensayos finales de los participantes en el club, ciclo de oto\u00f1o 2012: Aspectos sobresalientes, por Giulia Bologna Lo inimaginable puede ser realidad, por Gabriela Smarrelli Franz Kafka, \u00abUn m\u00e9dico rural\u00bb, por Ernesto Vereau Un mundo: dos &hellip; <a href=\"https:\/\/blogs.up.edu.pe\/nubes\/trabajos\/trabajos-finales-ciclo-de-otono-2012\/\">Sigue leyendo <span class=\"meta-nav\">&rarr;<\/span><\/a><\/p>\n","protected":false},"author":3,"featured_media":0,"parent":256,"menu_order":2,"comment_status":"closed","ping_status":"closed","template":"","meta":{"footnotes":""},"class_list":["post-465","page","type-page","status-publish","hentry"],"_links":{"self":[{"href":"https:\/\/blogs.up.edu.pe\/nubes\/wp-json\/wp\/v2\/pages\/465","targetHints":{"allow":["GET"]}}],"collection":[{"href":"https:\/\/blogs.up.edu.pe\/nubes\/wp-json\/wp\/v2\/pages"}],"about":[{"href":"https:\/\/blogs.up.edu.pe\/nubes\/wp-json\/wp\/v2\/types\/page"}],"author":[{"embeddable":true,"href":"https:\/\/blogs.up.edu.pe\/nubes\/wp-json\/wp\/v2\/users\/3"}],"replies":[{"embeddable":true,"href":"https:\/\/blogs.up.edu.pe\/nubes\/wp-json\/wp\/v2\/comments?post=465"}],"version-history":[{"count":34,"href":"https:\/\/blogs.up.edu.pe\/nubes\/wp-json\/wp\/v2\/pages\/465\/revisions"}],"predecessor-version":[{"id":471,"href":"https:\/\/blogs.up.edu.pe\/nubes\/wp-json\/wp\/v2\/pages\/465\/revisions\/471"}],"up":[{"embeddable":true,"href":"https:\/\/blogs.up.edu.pe\/nubes\/wp-json\/wp\/v2\/pages\/256"}],"wp:attachment":[{"href":"https:\/\/blogs.up.edu.pe\/nubes\/wp-json\/wp\/v2\/media?parent=465"}],"curies":[{"name":"wp","href":"https:\/\/api.w.org\/{rel}","templated":true}]}}