{"id":412,"date":"2012-04-27T21:31:39","date_gmt":"2012-04-27T21:31:39","guid":{"rendered":"https:\/\/blogs.up.edu.pe\/nubes\/\/?page_id=412"},"modified":"2013-04-18T18:15:58","modified_gmt":"2013-04-18T18:15:58","slug":"ray-bradbury-encuentro-nocturno","status":"publish","type":"page","link":"https:\/\/blogs.up.edu.pe\/nubes\/textos-de-discusion\/ray-bradbury-encuentro-nocturno\/","title":{"rendered":"Ray Bradbury, \u00abEncuentro nocturno\u00bb"},"content":{"rendered":"<p align=\"CENTER\"><span style=\"font-size: medium;\">Ray Bradbury<br \/>\n<\/span><strong style=\"font-size: medium;\">Encuentro Nocturno<\/strong><\/p>\n<p style=\"text-align: right;\" align=\"CENTER\"><strong style=\"font-size: medium;\"><\/strong><span style=\"font-size: x-small;\">De <\/span><em style=\"font-size: x-small;\">Cr\u00f3nicas marcianas<br \/>\n<\/em><span style=\"font-size: x-small;\">Versi\u00f3n para el c\u00edrculo virtual de lectura <\/span><em style=\"font-size: x-small;\">En las nubes de la ficci\u00f3n<br \/>\n<\/em><span style=\"font-size: x-small;\">Universidad del Pac\u00edfico, abril de 2012<\/span><\/p>\n<p align=\"JUSTIFY\">Antes de subir hacia las colinas azules, Tom\u00e1s G\u00f3mez se detuvo en la solitaria estaci\u00f3n de gasolina.<\/p>\n<p align=\"JUSTIFY\">\u2015Aqu\u00ed se sentir\u00e1 usted bastante solo \u2015le dijo al viejo.<\/p>\n<p align=\"JUSTIFY\">El viejo pas\u00f3 un trapo por el parabrisas de la camioneta.<\/p>\n<p align=\"JUSTIFY\">\u2015No me quejo.<\/p>\n<p align=\"JUSTIFY\">\u2015\u00bfLe gusta Marte?<\/p>\n<p align=\"JUSTIFY\">\u2015Much\u00edsimo. Siempre hay algo nuevo. Cuando llegu\u00e9 aqu\u00ed el a\u00f1o pasado, decid\u00ed no esperar nada, no preguntar nada, no sorprenderme por nada. Tenemos que mirar las cosas de aqu\u00ed, y qu\u00e9 diferentes son. El tiempo, por ejemplo, me divierte much\u00edsimo. Es un tiempo marciano. Un calor de mil demonios de d\u00eda y un fr\u00edo de mil demonios de noche. Y las flores y la lluvia, tan diferentes. Es asombroso. Vine a Marte a retirarme, y busqu\u00e9 un sitio donde todo fuera diferente. Un viejo necesita una vida diferente. Los j\u00f3venes no quieren hablar con \u00e9l, y con los otros viejos se aburre de un modo atroz. As\u00ed que pens\u00e9: lo mejor ser\u00e1 buscar un sitio tan diferente que uno abre los ojos y ya se entretiene. Consegu\u00ed esta estaci\u00f3n de gasolina. Si los negocios marchan demasiado bien, me instalar\u00e9 en una vieja carretera menos bulliciosa, donde pueda ganar lo suficiente para vivir y me quede tiempo para sentir estas cosas tan diferentes.<\/p>\n<p align=\"JUSTIFY\">\u2015Ha dado usted en el clavo \u2015dijo Tom\u00e1s. Sus manos descansaban sobre el volante. Estaba contento. Hab\u00eda trabajado casi dos semanas en una de las nuevas colonias y ahora ten\u00eda dos d\u00edas libres e iba a una fiesta.<\/p>\n<p align=\"JUSTIFY\">\u2015Ya nada me sorprende \u2015prosigui\u00f3 el viejo\u2015. Miro y observo, nada m\u00e1s. Si uno no acepta a Marte como es, puede volverse a la Tierra. En este mundo todo es raro; el suelo, el aire los canales, los ind\u00edgenas (aun no los he visto, pero dicen que andan por aqu\u00ed) y los relojes. Hasta mi reloj anda de un modo gracioso. Hasta el tiempo es raro en Marte. A veces me siento muy solo, como si yo fuese el \u00fanico habitante de este planeta; apostar\u00eda la cabeza. Otras veces me siento como si me hubiera encogido y todo lo dem\u00e1s se hubiera agrandado. \u00a1Dios! \u00a1No hay sitio como \u00e9ste para un viejo! Estoy siempre alegre y animado. \u00bfSabe usted c\u00f3mo es Marte? Es como un juguete que me regalaron en Navidad, hace setenta a\u00f1os. No s\u00e9 si usted lo conoce. Lo llamaban calidoscopio: trocitos de vidrio o de tela de muchos colores. Se levanta hacia la luz y se mira y se queda uno sin aliento. \u00a1Cu\u00e1ntos dibujos! Bueno, pues as\u00ed es Marte. Disfr\u00fatelo. T\u00f3melo como es. \u00a1Dios! \u00bfSabe que esa carretera marciana tiene diecis\u00e9is siglos y a\u00fan est\u00e1 en buenas condiciones? Es un d\u00f3lar cincuenta. Gracias. Buenas noches.<\/p>\n<p align=\"JUSTIFY\">Tom\u00e1s se alej\u00f3 por la antigua carretera, riendo entre dientes. Era un largo camino que se internaba en la oscuridad y las colinas. Tom\u00e1s, con una sola mano en el volante, sacaba con la otra, de cuando en cuando, un caramelo de la bolsa del almuerzo. Hab\u00eda viajado toda una hora sin encontrar en el camino ning\u00fan otro autom\u00f3vil, ninguna luz. La carretera solitaria se deslizaba bajo las ruedas y s\u00f3lo se o\u00eda el zumbido del motor. Marte era un mundo silencioso, pero aquella noche el silencio era mayor que nunca. Los desiertos y los mares secos giraban a su paso y las cintas de las monta\u00f1as se alzaban contra las estrellas.<\/p>\n<p align=\"JUSTIFY\">Esta noche hab\u00eda en el aire un olor a tiempo. Tom\u00e1s sonri\u00f3. \u00bfQu\u00e9 olor ten\u00eda el tiempo? El olor del polvo, los relojes, la gente. \u00bfY qu\u00e9 sonido ten\u00eda el tiempo? Un sonido de agua en una cueva, y una voz muy triste y unas gotas sucias que caen sobre cajas vac\u00edas y un sonido de lluvia. Y a\u00fan m\u00e1s, \u00bfa qu\u00e9 se parec\u00eda el tiempo? A la nieve que cae calladamente en una habitaci\u00f3n oscura, a una pel\u00edcula muda en un cine muy viejo, a cien millones de rostros que descienden como esos globitos de A\u00f1o Nuevo, que descienden y descienden en la nada. Eso era el tiempo, su sonido, su olor. Y esta noche (y Tom\u00e1s sac\u00f3 una mano fuera de la camioneta), esta noche casi se pod\u00eda tocar el tiempo.<\/p>\n<p align=\"JUSTIFY\">La camioneta se intern\u00f3 en las colinas del tiempo. Tom\u00e1s sinti\u00f3 unas punzadas en la nuca y se sent\u00f3 r\u00edgidamente, con la mirada fija en el camino.<\/p>\n<p align=\"JUSTIFY\">Entraba en una muerta aldea marciana; par\u00f3 el motor y se abandon\u00f3 al silencio de la noche. Maravillado y absorto contempl\u00f3 los edificios blanqueados por las lunas. Deshabitados desde hac\u00eda siglos. Perfectos. En ruinas, pero perfectos.<\/p>\n<p align=\"JUSTIFY\">Puso en marcha el motor, recorri\u00f3 algo m\u00e1s de un kil\u00f3metro y se detuvo nuevamente. Dej\u00f3 la camioneta y ech\u00f3 a andar llevando la bolsa de comestibles en la mano, hacia una loma desde donde a\u00fan se ve\u00eda la aldea polvorienta. Abri\u00f3 el termo y se sirvi\u00f3 una taza de caf\u00e9. Un p\u00e1jaro nocturno pas\u00f3 volando. La noche era hermosa y apacible.<\/p>\n<p align=\"JUSTIFY\">Unos cinco minutos despu\u00e9s se oy\u00f3 un ruido. Entre las colinas, sobre la curva de la antigua carretera, hubo un movimiento, una luz mortecina, y luego un murmullo.<\/p>\n<p align=\"JUSTIFY\">Tom\u00e1s se volvi\u00f3 lentamente, con la taza de caf\u00e9 en la mano derecha.<\/p>\n<p align=\"JUSTIFY\">Y asom\u00f3 en las colinas una extra\u00f1a aparici\u00f3n.<\/p>\n<p align=\"JUSTIFY\">Era una m\u00e1quina que parec\u00eda un insecto de color verde jade, una mantis religiosa que saltaba suavemente en el aire fr\u00edo de la noche, con diamantes verdes que parpadeaban sobre su cuerpo, indistintos, innumerables, y rub\u00edes que centelleaban con ojos multifac\u00e9ticos. Sus seis patas se posaron en la antigua carretera, como las \u00faltimas gotas de una lluvia, y desde el lomo de la m\u00e1quina un marciano de ojos de oro fundido mir\u00f3 a Tom\u00e1s como si mirara el fondo de un pozo.<\/p>\n<p align=\"JUSTIFY\">Tom\u00e1s levant\u00f3 una mano y pens\u00f3 autom\u00e1ticamente: \u201c\u00a1Hola!\u201d, aunque no movi\u00f3 los labios. Era un marciano. Pero Tom\u00e1s hab\u00eda nadado en la Tierra en r\u00edos azules mientras los desconocidos pasaban por la carretera, y hab\u00eda comido en casas extra\u00f1as con gente extra\u00f1a y su sonrisa hab\u00eda sido siempre su \u00fanica defensa. No llevaba armas de fuego. Ni aun ahora advert\u00eda esa falta aunque un cierto temor le oprim\u00eda el pecho.<\/p>\n<p align=\"JUSTIFY\">Tambi\u00e9n el marciano ten\u00eda las manos vac\u00edas. Durante unos instantes, ambos se miraron en el aire fr\u00edo de la noche.<\/p>\n<p align=\"JUSTIFY\">Tom\u00e1s dio el primer paso.<\/p>\n<p align=\"JUSTIFY\">\u2015\u00a1Hola! \u2015grit\u00f3.<\/p>\n<p align=\"JUSTIFY\">\u2015\u00a1Hola! \u2015contesto el marciano en su propio idioma. No se entendieron.<\/p>\n<p align=\"JUSTIFY\">\u2015\u00bfHas dicho hola? \u2015dijeron los dos.<\/p>\n<p align=\"JUSTIFY\">\u2015\u00bfQu\u00e9 has dicho? \u2015preguntaron, cada uno en su lengua.<\/p>\n<p align=\"JUSTIFY\">Los dos fruncieron el ce\u00f1o.<\/p>\n<p align=\"JUSTIFY\">\u2015\u00bfQui\u00e9n eres? \u2015dijo Tom\u00e1s en ingl\u00e9s.<\/p>\n<p align=\"JUSTIFY\">\u2015\u00bfQu\u00e9 haces aqu\u00ed \u2015dijo el otro en marciano.<\/p>\n<p align=\"JUSTIFY\">\u2015\u00bfA d\u00f3nde vas? \u2015dijeron los dos al mismo tiempo, confundidos.<\/p>\n<p align=\"JUSTIFY\">\u2015Yo soy Tom\u00e1s G\u00f3mez,<\/p>\n<p align=\"JUSTIFY\">\u2015Yo soy Muhe Ca.<\/p>\n<p align=\"JUSTIFY\">No entendieron las palabras, pero se se\u00f1alaron a s\u00ed mismos, golpe\u00e1ndose el pecho, y entonces el marciano s\u00e9 ech\u00f3 a re\u00edr.<\/p>\n<p align=\"JUSTIFY\">\u2015\u00a1Espera!<\/p>\n<p align=\"JUSTIFY\">Tom\u00e1s sinti\u00f3 que le rozaban la cabeza, aunque ninguna mano lo hab\u00eda tocado.<\/p>\n<p align=\"JUSTIFY\">\u2015Ya est\u00e1 \u2015dijo el marciano en ingl\u00e9s\u2015. As\u00ed es mejor.<\/p>\n<p align=\"JUSTIFY\">\u2015\u00a1Qu\u00e9 pronto has aprendido mi idioma!<\/p>\n<p align=\"JUSTIFY\">\u2015No es nada.<\/p>\n<p align=\"JUSTIFY\">Turbados por el nuevo silencio, ambos miraron el humeante caf\u00e9 que Tom\u00e1s ten\u00eda en la mano.<\/p>\n<p align=\"JUSTIFY\">\u2015\u00bfAlgo distinto? \u2015dijo el marciano mir\u00e1ndolo y mirando el caf\u00e9, y tal vez refiri\u00e9ndose a ambos.<\/p>\n<p align=\"JUSTIFY\">\u2015\u00bfPuedo ofrecerte una taza? \u2015dijo Tom\u00e1s.<\/p>\n<p align=\"JUSTIFY\">\u2015Por favor.<\/p>\n<p align=\"JUSTIFY\">El marciano descendi\u00f3 de su m\u00e1quina.<\/p>\n<p align=\"JUSTIFY\">Tom\u00e1s sac\u00f3 otra taza, la llen\u00f3 de caf\u00e9 y se la ofreci\u00f3.<\/p>\n<p align=\"JUSTIFY\">La mano de Tom\u00e1s y la mano del marciano se confundieron, como manos de niebla.<\/p>\n<p align=\"JUSTIFY\">\u2015\u00a1Dios m\u00edo! \u2015grit\u00f3 Tom\u00e1s, y solt\u00f3 la taza.<\/p>\n<p align=\"JUSTIFY\">\u2015\u00a1En nombre de los Dioses! \u2015dijo el marciano en su propio idioma.<\/p>\n<p align=\"JUSTIFY\">\u2015\u00bfViste lo que pas\u00f3? \u2015murmuraron ambos, helados por el terror.<\/p>\n<p align=\"JUSTIFY\">El marciano se inclin\u00f3 para tocar la taza, pero no pudo tocarla.<\/p>\n<p align=\"JUSTIFY\">\u2015\u00a1Se\u00f1or! \u2015dijo Tom\u00e1s.<\/p>\n<p align=\"JUSTIFY\">\u2015Realmente&#8230; \u2015comenz\u00f3 a decir el marciano. Se enderez\u00f3, medit\u00f3 un momento, y luego sac\u00f3 un cuchillo de su cintur\u00f3n.<\/p>\n<p align=\"JUSTIFY\">\u2015\u00a1Eh! \u2015grit\u00f3 Tom\u00e1s.<\/p>\n<p align=\"JUSTIFY\">\u2015Has entendido mal. \u00a1T\u00f3malo!<\/p>\n<p align=\"JUSTIFY\">El marciano tir\u00f3 al aire el cuchillo. Tom\u00e1s junt\u00f3 las manos. El cuchillo le pas\u00f3 a trav\u00e9s de la carne. Se inclin\u00f3 para recogerlo, pero no lo pudo tocar y retrocedi\u00f3, estremeci\u00e9ndose.<\/p>\n<p align=\"JUSTIFY\">Mir\u00f3 luego al marciano que se perfilaba contra el cielo.<\/p>\n<p align=\"JUSTIFY\">\u2015\u00a1Las estrellas! \u2015dijo.<\/p>\n<p align=\"JUSTIFY\">\u2015\u00a1Las estrellas! \u2015respondi\u00f3 el marciano mirando a Tom\u00e1s.<\/p>\n<p align=\"JUSTIFY\">Las estrellas eran blancas y claras m\u00e1s all\u00e1 del cuerpo del marciano, y luc\u00edan dentro de su carne como centellas incrustadas en la tenue y fosforescente membrana de un pez gelatinoso; parpadeaban como ojos de color violeta en el est\u00f3mago y en el pecho del marciano, y le brillaban como joyas en los brazos.<\/p>\n<p align=\"JUSTIFY\">\u2015\u00a1Eres transparente! \u2015dijo Tom\u00e1s.<\/p>\n<p align=\"JUSTIFY\">\u2015\u00a1Y t\u00fa tambi\u00e9n! \u2015replic\u00f3 el marciano retrocediendo.<\/p>\n<p align=\"JUSTIFY\">Tom\u00e1s se toc\u00f3 el cuerpo, sinti\u00f3 su calor y se tranquiliz\u00f3. \u201cYo soy real\u201d, pens\u00f3.<\/p>\n<p align=\"JUSTIFY\">El marciano se toc\u00f3 la nariz y los labios.<\/p>\n<p align=\"JUSTIFY\">\u2015Yo tengo carne \u2015murmur\u00f3\u2015. Yo estoy vivo.<\/p>\n<p align=\"JUSTIFY\">Tom\u00e1s mir\u00f3 fijamente al tipo.<\/p>\n<p align=\"JUSTIFY\">\u2015Y si yo soy real, t\u00fa debes de estar muerto.<\/p>\n<p align=\"JUSTIFY\">\u2015\u00a1No! \u00a1T\u00fa!<\/p>\n<p align=\"JUSTIFY\">\u2015\u00a1Un espectro!<\/p>\n<p align=\"JUSTIFY\">\u2015\u00a1Un fantasma!<\/p>\n<p align=\"JUSTIFY\">Se se\u00f1alaron el uno al otro y la luz de las estrellas les brillaba en los miembros como dagas, como trozos de hielo, corno luci\u00e9rnagas, y se tocaron otra vez y se descubrieron intactos, calientes, animados, asombrados, despavoridos, y el otro, ah, s\u00ed, ese otro, era s\u00f3lo un prisma espectral que reflejaba la acumulada luz de unos mundos distantes.<\/p>\n<p align=\"JUSTIFY\">Estoy borracho, pens\u00f3 Tom\u00e1s. No se lo contar\u00e9 ma\u00f1ana a nadie. No, no.<\/p>\n<p align=\"JUSTIFY\">Se miraron un tiempo, de pie, inm\u00f3viles, en la antigua carretera.<\/p>\n<p align=\"JUSTIFY\">\u2015\u00bfDe d\u00f3nde eres? \u2015pregunt\u00f3 al fin el marciano.<\/p>\n<p align=\"JUSTIFY\">\u2015De la Tierra.<\/p>\n<p align=\"JUSTIFY\">\u2015\u00bfQu\u00e9 es eso?<\/p>\n<p align=\"JUSTIFY\">Tom\u00e1s se\u00f1al\u00f3 el firmamento.<\/p>\n<p align=\"JUSTIFY\">\u2015\u00bfCu\u00e1ndo llegaste?<\/p>\n<p align=\"JUSTIFY\">\u2015Hace m\u00e1s de un a\u00f1o, \u00bfno recuerdas?<\/p>\n<p align=\"JUSTIFY\">\u2015No.<\/p>\n<p align=\"JUSTIFY\">\u2015Y todos vosotros estabais muertos, as\u00ed lo cre\u00edmos. Tu raza ha desaparecido casi totalmente \u00bfno lo sabes?<\/p>\n<p align=\"JUSTIFY\">\u2015No. No es cierto.<\/p>\n<p align=\"JUSTIFY\">\u2015S\u00ed. Todos muertos. Yo vi los cad\u00e1veres. Negros, en las habitaciones, en las casas. Muertos. Millares de muertos.<\/p>\n<p align=\"JUSTIFY\">\u2015Eso es rid\u00edculo. \u00a1Estamos vivos!<\/p>\n<p align=\"JUSTIFY\">\u2015Esc\u00fachame. Marte ha sido invadido. No puedes ignorarlo. Has escapado.<\/p>\n<p align=\"JUSTIFY\">\u2015\u00bfYo? \u00bfEscapar de qu\u00e9? No entiendo lo que dices. Voy a una fiesta en el canal, cerca de las monta\u00f1as Eniall. All\u00ed estuve anoche. \u00bfNo ves la ciudad?<\/p>\n<p align=\"JUSTIFY\">Tom\u00e1s mir\u00f3 hacia donde le indicaba el marciano y vio las ruinas.<\/p>\n<p align=\"JUSTIFY\">\u2015Pero c\u00f3mo, esa ciudad est\u00e1 muerta desde hace miles de a\u00f1os.<\/p>\n<p align=\"JUSTIFY\">El marciano se ech\u00f3 a re\u00edr.<\/p>\n<p align=\"JUSTIFY\">\u2015\u00a1Muerta! dorm\u00ed all\u00ed anoche<\/p>\n<p align=\"JUSTIFY\">\u2015Y yo estuve all\u00ed la semana anterior y la otra, y hace un rato y es un mont\u00f3n de escombros. \u00bfNo ves las columnas rotas?<\/p>\n<p align=\"JUSTIFY\">\u2015\u00bfRotas? Las veo perfectamente a la luz de la luna. Intactas.<\/p>\n<p align=\"JUSTIFY\">\u2015Hay polvo en las calles \u2015dijo Tom\u00e1s.<\/p>\n<p align=\"JUSTIFY\">\u2015\u00a1Las calles est\u00e1n limpias!<\/p>\n<p align=\"JUSTIFY\">\u2015Los canales est\u00e1n vac\u00edos.<\/p>\n<p align=\"JUSTIFY\">\u2015\u00a1Los canales est\u00e1n llenos de vino de lav\u00e1ndula!<\/p>\n<p align=\"JUSTIFY\">\u2015Est\u00e1 muerta.<\/p>\n<p align=\"JUSTIFY\">\u2015\u00a1Est\u00e1 viva! \u2015protest\u00f3 el marciano ri\u00e9ndose cada vez m\u00e1s\u2015. Oh, est\u00e1s muy equivocado \u00bfNo ves las luces de la fiesta? Hay barcas hermosas esbeltas como mujeres, y mujeres hermosas esbeltas como barcas; mujeres del color de la arena, mujeres con flores de fuego en las manos. Las veo desde aqu\u00ed, peque\u00f1as, corriendo por las calles. All\u00e1 voy, a la fiesta. Flotaremos en las aguas toda la noche, cantaremos, beberemos, haremos el amor. \u00bfNo las ves?<\/p>\n<p align=\"JUSTIFY\">\u2015Tu ciudad est\u00e1 muerta como un lagarto seco. Preg\u00fantaselo a cualquiera de nuestro grupo. Voy a la Ciudad Verde. Es una colonia que hicimos hace poco cerca de la carretera de Illinois. No puedes ignorarlo. Trajimos trescientos mil metros cuadrados de madera de Oregon, y dos docenas de toneladas de buenos clavos de acero, y levantamos a martillazos los dos pueblos m\u00e1s bonitos que hayas podido ver. Esta noche festejaremos la inauguraci\u00f3n de uno. Llegan de la Tierra un par de cohetes que traen a nuestras mujeres y a nuestras amigas. Habr\u00e1 bailes y whisky&#8230;<\/p>\n<p align=\"JUSTIFY\">El marciano estaba inquieto.<\/p>\n<p align=\"JUSTIFY\">\u2015\u00bfD\u00f3nde est\u00e1 todo eso?<\/p>\n<p align=\"JUSTIFY\">Tom\u00e1s lo llev\u00f3 hasta el borde de la colina y se\u00f1al\u00f3 a lo lejos.<\/p>\n<p align=\"JUSTIFY\">\u2015All\u00e1 est\u00e1n los cohetes. \u00bfLos ves?<\/p>\n<p align=\"JUSTIFY\">\u2015No.<\/p>\n<p align=\"JUSTIFY\">\u2015\u00a1Maldita sea! \u00a1Ah\u00ed est\u00e1n! Esos aparatos largos y plateados.<\/p>\n<p align=\"JUSTIFY\">\u2015No.<\/p>\n<p align=\"JUSTIFY\">Tom\u00e1s se ech\u00f3 a re\u00edr.<\/p>\n<p align=\"JUSTIFY\">\u2015\u00a1Est\u00e1s ciego!<\/p>\n<p align=\"JUSTIFY\">\u2015Veo perfectamente. \u00a1Eres t\u00fa el que no ve!<\/p>\n<p align=\"JUSTIFY\">\u2015Pero ves la nueva ciudad, \u00bfno es cierto?<\/p>\n<p align=\"JUSTIFY\">\u2015Yo veo un oc\u00e9ano, y la marea baja.<\/p>\n<p align=\"JUSTIFY\">\u2015Se\u00f1or, esa agua se evapor\u00f3 hace cuarenta siglos.<\/p>\n<p align=\"JUSTIFY\">\u2015\u00a1Vamos, vamos! \u00a1Basta ya!<\/p>\n<p align=\"JUSTIFY\">\u2015Es cierto, te lo aseguro.<\/p>\n<p align=\"JUSTIFY\">El marciano se puso muy serio.<\/p>\n<p align=\"JUSTIFY\">\u2015Dime otra vez. \u00bfNo ves la ciudad que te describo? Las columnas muy blancas, las barcas muy finas, las luces de la fiesta&#8230; \u00a1Oh, lo veo todo tan claramente! Y escucha&#8230; Oigo los cantos. \u00a1No est\u00e1n tan lejos! Tom\u00e1s escuch\u00f3 y sacudi\u00f3 la cabeza.<\/p>\n<p align=\"JUSTIFY\">\u2015No.<\/p>\n<p align=\"JUSTIFY\">\u2015Y yo, en cambio, no puedo ver lo que t\u00fa me describes \u2015dijo el marciano.<\/p>\n<p align=\"JUSTIFY\">Volvieron a estremecerse. Sintieron fr\u00edo.<\/p>\n<p align=\"JUSTIFY\">\u2015\u00bfPodr\u00eda ser?<\/p>\n<p align=\"JUSTIFY\">\u2015\u00bfQu\u00e9?<\/p>\n<p align=\"JUSTIFY\">\u2015\u00bfDijiste que \u201cdel cielo\u201d?<\/p>\n<p align=\"JUSTIFY\">\u2015De la Tierra.<\/p>\n<p align=\"JUSTIFY\">\u2015La Tierra, un nombre, nada \u2015dijo el marciano\u2015 Pero&#8230; al subir por el camino hace una hora&#8230; sent\u00ed&#8230;<\/p>\n<p align=\"JUSTIFY\">Se llev\u00f3 una mano a la nuca.<\/p>\n<p align=\"JUSTIFY\">\u2015\u00bfFr\u00edo?<\/p>\n<p align=\"JUSTIFY\">\u2015S\u00ed.<\/p>\n<p align=\"JUSTIFY\">\u2015\u00bfY ahora?<\/p>\n<p align=\"JUSTIFY\">\u2015Vuelvo a sentir fr\u00edo. \u00a1Qu\u00e9 raro! Hab\u00eda algo en la luz, en las colinas, en el camino&#8230; \u2015 dijo el marciano \u2015. Una sensaci\u00f3n extra\u00f1a&#8230; El camino, la luz&#8230; Durante unos instante cre\u00ed ser el \u00fanico sobreviviente de este mundo.<\/p>\n<p align=\"JUSTIFY\">\u2015Lo mismo me pas\u00f3 a m\u00ed \u2015dijo Tom\u00e1s, y le pareci\u00f3 estar hablando con un amigo muy \u00edntimo de algo secreto y apasionante.<\/p>\n<p align=\"JUSTIFY\">El marciano medit\u00f3 unos instantes con los ojos cerrados.<\/p>\n<p align=\"JUSTIFY\">\u2015S\u00f3lo hay una explicaci\u00f3n. El tiempo. S\u00ed. Eres una sombra del pasado.<\/p>\n<p align=\"JUSTIFY\">\u2015No. T\u00fa, t\u00fa eres del pasado \u2015dijo el hombre de la Tierra.<\/p>\n<p align=\"JUSTIFY\">\u2015\u00a1Qu\u00e9 seguro estas! \u00bfC\u00f3mo es posible afirmar qui\u00e9n pertenece al pasado y qui\u00e9n al futuro? \u00bfEn qu\u00e9 a\u00f1o estamos?<\/p>\n<p align=\"JUSTIFY\">\u2015En el a\u00f1o dos mil dos.<\/p>\n<p align=\"JUSTIFY\">\u2015\u00bfQu\u00e9 significa eso para m\u00ed?<\/p>\n<p align=\"JUSTIFY\">Tom\u00e1s reflexion\u00f3 y se encogi\u00f3 de hombros.<\/p>\n<p align=\"JUSTIFY\">\u2015Nada.<\/p>\n<p align=\"JUSTIFY\">\u2015Es como si te dijera que estamos en el a\u00f1o 4462853 S.E.C. No significa nada. Menos que nada. Si alg\u00fan reloj nos indicase la posici\u00f3n de las estrellas&#8230;<\/p>\n<p align=\"JUSTIFY\">\u2015\u00a1Pero las ruinas lo demuestran! Demuestran que yo soy el futuro, que yo estoy vivo, que t\u00fa est\u00e1s muerto.<\/p>\n<p align=\"JUSTIFY\">\u2015Todo en m\u00ed lo desmiente. Me late el coraz\u00f3n, mi est\u00f3mago siente hambre, mi garganta sed. No, no. Ni muertos, ni vivos, m\u00e1s vivos que nadie, quiz\u00e1. Mejor, entre la vida y la muerte. Dos extra\u00f1os cruzan en la noche. Nada m\u00e1s. Dos extra\u00f1os que pasan. \u00bfRuinas dijiste?<\/p>\n<p align=\"JUSTIFY\">\u2015S\u00ed. \u00bfTienes miedo?<\/p>\n<p align=\"JUSTIFY\">\u2015\u00bfQui\u00e9n desea ver el futuro? \u00bfQui\u00e9n ha podido desearlo alguna vez? Un hombre puede enfrentarse con el pasado, pero pensar&#8230; \u00bfHas dicho que las columnas se han desmoronado? \u00bfY que el mar est\u00e1 vac\u00edo y los canales, secos y las doncellas muertas y las flores marchitas? \u2015el marciano call\u00f3 y mir\u00f3 hacia la ciudad lejana\u2015. Pero est\u00e1n ah\u00ed. Las veo. \u00bfNo me basta? Me aguardan ahora, y no importa lo que digas.<\/p>\n<p align=\"JUSTIFY\">Y a Tom\u00e1s tambi\u00e9n lo esperaban los cohetes, all\u00e1 a lo lejos, y la ciudad, y las mujeres de la Tierra.<\/p>\n<p align=\"JUSTIFY\">\u2015Jam\u00e1s nos pondremos de acuerdo \u2015dijo.<\/p>\n<p align=\"JUSTIFY\">\u2015Admitamos nuestro desacuerdo \u2015dijo el marciano\u2015. \u00bfQu\u00e9 importa qui\u00e9n es el pasado o el futuro, si ambos estamos vivos? Lo que ha de suceder suceder\u00e1, ma\u00f1ana o dentro de diez mil a\u00f1os. \u00bfC\u00f3mo sabes que esos templos no son los de tu propia civilizaci\u00f3n, dentro de cien siglos, desplomados y en ruinas? \u00bfNo lo sabes? No preguntes entonces. La noche es muy breve. All\u00e1 van por el cielo los fuegos de la fiesta, y los p\u00e1jaros.<\/p>\n<p align=\"JUSTIFY\">Tom\u00e1s tendi\u00f3 la mano. El marciano lo imit\u00f3. Sus manos no se tocaron, se fundieron atraves\u00e1ndose.<\/p>\n<p align=\"JUSTIFY\">\u2015\u00bfVolveremos a encontrarnos?<\/p>\n<p align=\"JUSTIFY\">\u2015\u00a1Qui\u00e9n sabe! Tal vez otra noche.<\/p>\n<p align=\"JUSTIFY\">\u2015Me gustar\u00eda ir contigo a la fiesta.<\/p>\n<p align=\"JUSTIFY\">\u2015Y a m\u00ed me gustar\u00eda ir a tu ciudad y ver esa nave de que me hablas y esos hombres, y o\u00edr todo lo que sucedi\u00f3.<\/p>\n<p align=\"JUSTIFY\">\u2015Adi\u00f3s \u2015dijo Tom\u00e1s.<\/p>\n<p align=\"JUSTIFY\">\u2015Buenas noches.<\/p>\n<p align=\"JUSTIFY\">El marciano vol\u00f3 serenamente hacia las colinas en su veh\u00edculo de metal verde. El terrestre se meti\u00f3 en su camioneta y parti\u00f3 en silencio en direcci\u00f3n contraria.<\/p>\n<p align=\"JUSTIFY\">\u2015\u00a1Dios m\u00edo! \u00a1Qu\u00e9 pesadillas! \u2015suspir\u00f3 Tom\u00e1s, con las manos en el volante, pensando en los cohetes, en las mujeres, en el whisky, en las noticias de Virginia, en la fiesta.<\/p>\n<p align=\"JUSTIFY\">\u2015\u00a1Qu\u00e9 extra\u00f1a visi\u00f3n! \u2015se dijo el marciano, y se alej\u00f3 r\u00e1pidamente, pensando en el festival, en los canales, en las barcas, en las mujeres de ojos dorados, y en las canciones.<\/p>\n<p align=\"JUSTIFY\">La noche era oscura. Las lunas se hab\u00edan puesto. La luz de las estrellas parpadeaba sobre la carretera ahora desierta y silenciosa. Y as\u00ed sigui\u00f3, sin un ruido, sin un autom\u00f3vil, sin nadie, sin nada, durante toda la noche oscura y fresca.<\/p>\n<p align=\"CENTER\">* * *<\/p>\n<p style=\"text-align: right;\" align=\"CENTER\">Para descargar el pdf:\u00a0<a href=\"https:\/\/blogs.up.edu.pe\/nubes\/\/wp-content\/uploads\/2012\/04\/Bradbury-Encuentro-nocturno.pdf\">Ray Bradbury, \u00abEncuentro nocturno\u00bb<\/a><\/p>\n","protected":false},"excerpt":{"rendered":"<p>Ray Bradbury Encuentro Nocturno De Cr\u00f3nicas marcianas Versi\u00f3n para el c\u00edrculo virtual de lectura En las nubes de la ficci\u00f3n Universidad del Pac\u00edfico, abril de 2012 Antes de subir hacia las colinas azules, Tom\u00e1s G\u00f3mez se detuvo en la solitaria &hellip; <a href=\"https:\/\/blogs.up.edu.pe\/nubes\/textos-de-discusion\/ray-bradbury-encuentro-nocturno\/\">Sigue leyendo <span class=\"meta-nav\">&rarr;<\/span><\/a><\/p>\n","protected":false},"author":3,"featured_media":0,"parent":9,"menu_order":17,"comment_status":"closed","ping_status":"closed","template":"","meta":{"footnotes":""},"class_list":["post-412","page","type-page","status-publish","hentry"],"_links":{"self":[{"href":"https:\/\/blogs.up.edu.pe\/nubes\/wp-json\/wp\/v2\/pages\/412","targetHints":{"allow":["GET"]}}],"collection":[{"href":"https:\/\/blogs.up.edu.pe\/nubes\/wp-json\/wp\/v2\/pages"}],"about":[{"href":"https:\/\/blogs.up.edu.pe\/nubes\/wp-json\/wp\/v2\/types\/page"}],"author":[{"embeddable":true,"href":"https:\/\/blogs.up.edu.pe\/nubes\/wp-json\/wp\/v2\/users\/3"}],"replies":[{"embeddable":true,"href":"https:\/\/blogs.up.edu.pe\/nubes\/wp-json\/wp\/v2\/comments?post=412"}],"version-history":[{"count":3,"href":"https:\/\/blogs.up.edu.pe\/nubes\/wp-json\/wp\/v2\/pages\/412\/revisions"}],"predecessor-version":[{"id":780,"href":"https:\/\/blogs.up.edu.pe\/nubes\/wp-json\/wp\/v2\/pages\/412\/revisions\/780"}],"up":[{"embeddable":true,"href":"https:\/\/blogs.up.edu.pe\/nubes\/wp-json\/wp\/v2\/pages\/9"}],"wp:attachment":[{"href":"https:\/\/blogs.up.edu.pe\/nubes\/wp-json\/wp\/v2\/media?parent=412"}],"curies":[{"name":"wp","href":"https:\/\/api.w.org\/{rel}","templated":true}]}}