{"id":329,"date":"2012-03-30T15:48:45","date_gmt":"2012-03-30T15:48:45","guid":{"rendered":"https:\/\/blogs.up.edu.pe\/nubes\/\/?page_id=329"},"modified":"2012-06-28T18:49:35","modified_gmt":"2012-06-28T18:49:35","slug":"%e2%80%9cun-dia-de-estos%e2%80%9d-de-gabriel-garcia-marquez-por-gloria-alicia-risso","status":"publish","type":"page","link":"https:\/\/blogs.up.edu.pe\/nubes\/trabajos\/trabajos-finales-ciclo-de-verano-2012\/%e2%80%9cun-dia-de-estos%e2%80%9d-de-gabriel-garcia-marquez-por-gloria-alicia-risso\/","title":{"rendered":"\u201cUn d\u00eda de estos\u201d de Gabriel Garc\u00eda M\u00e1rquez, por Gloria Alicia Risso"},"content":{"rendered":"<p align=\"RIGHT\"><em><strong>Gloria Alicia Risso particip\u00f3 en el club en el ciclo Verano 2012<\/strong><\/em><\/p>\n<p align=\"JUSTIFY\">El cuento \u201cUn d\u00eda de estos\u201d de Garc\u00eda M\u00e1rquez se presenta como una protesta contra la realidad que se vive en muchos pueblos latinoamericanos, donde la corrupci\u00f3n y el abuso de poder es algo de todos los d\u00edas.<\/p>\n<p align=\"JUSTIFY\">En un relato corto y concreto y, a trav\u00e9s de un dolor de muela, un dentista y el alcalde, el autor hace una cr\u00edtica a la estructura sociopol\u00edtica, donde las autoridades se aprovechan de su situaci\u00f3n de poder. Adem\u00e1s, en la narraci\u00f3n se puede observar c\u00f3mo Garc\u00eda M\u00e1rquez mezcla lo real con lo ficticio y gracias a esto logra crear cierto grado de burla e iron\u00eda en el relato que intriga e involucra m\u00e1s al lector.<\/p>\n<p align=\"JUSTIFY\">Los personajes reaccionan de una manera inusual: \u201cSi no le sacas la muela te pega un tiro\u201d, \u201cDile que venga a peg\u00e1rmelo\u201d; todo esto sin mayor exaltaci\u00f3n ante una amenaza de muerte. Sin embargo, antes de contestar esto, Aurelio Escobar se asegura de tener un rev\u00f3lver. Si bien el lector percibe que no hay respeto ante la autoridad, el personaje cede y queda sometido a ella, ya que finalmente esta \u201cfalta de respeto\u201d no va m\u00e1s all\u00e1 y le saca la muela sin enfrentamiento alguno. Cabe mencionar, que el dentista busca la manera \u201clegal\u201d de hacer sufrir al alcalde al no ponerle anestesia, ya que tiene un \u201cabsceso\u201d cosa que puede ser verdad y queda a la imaginaci\u00f3n del lector.<\/p>\n<p align=\"JUSTIFY\">De otro modo, el narrador detalla el ambiente y a trav\u00e9s de personificaciones y met\u00e1foras apela a los sentidos del lector y permite que los lectores entiendan un poco m\u00e1s la situaci\u00f3n que se vive. El comienzo del cuento, \u201cEl lunes amaneci\u00f3 tibio y sin lluvia\u201d, autom\u00e1ticamente establece el tiempo y la sensaci\u00f3n de calidez ante el lector; puede ser que ya se est\u00e9 saliendo del invierno y un amanecer tibio siempre es agradable. Por otro lado, el personaje principal es \u201cun dentista sin t\u00edtulo y buen madrugador\u201d lo que da a entender que es una persona sin recursos para estudiar y obtener el t\u00edtulo pero que sin embargo, gracias a su esfuerzo y trabajo duro, ha podido salir adelante y es el dentista elegido por el alcalde.<\/p>\n<p align=\"JUSTIFY\">Asimismo, una expresi\u00f3n que llama bastante la atenci\u00f3n por la fuerza que tiene es \u201ccomo la mirada de los sordos\u201d. Con esta met\u00e1fora nos quiere decir que la mirada del dentista es la de una persona que presta mayor atenci\u00f3n a los detalles, que se concentra m\u00e1s en lo que pasa a su alrededor y est\u00e1 serio tratando de descifrar lo que lo rodea. M\u00e1s adelante, se vuelve a hacer referencia a la mirada pero esta vez, la del alcalde: \u201cvio en sus ojos marchitos muchas horas de desesperaci\u00f3n\u201d lo que demuestra que a trav\u00e9s de la mirada uno puede saber qu\u00e9 ocurre con las personas.<\/p>\n<p align=\"JUSTIFY\">Del mismo modo \u201cgallinazos pensativos\u201d, pueden hacer referencia a las personas del barrio o de la sociedad que est\u00e1n atentas a lo que pasa; saben sobre lo que ocurre dentro del aparato pol\u00edtico pero prefieren mantenerse distantes y actuar como si no ocurriese nada. As\u00ed, poco a poco, Garc\u00eda M\u00e1rquez crea una historia simple que deja al lector pensando sobre la injusticia y la corrupci\u00f3n que se vive.<\/p>\n<p align=\"JUSTIFY\">M\u00e1s a\u00fan, al describir c\u00f3mo el dentista hace su trabajo, el autor escribe \u201csin rencor, m\u00e1s bien con una amarga ternura\u201d. La contradicci\u00f3n final genera una sensaci\u00f3n de sentimientos encontrados o confusi\u00f3n acerca de que disfruta haciendo sufrir al alcalde, al mismo tiempo que siente impotencia por no poder hacer m\u00e1s que eso en contra de la autoridad. Una vez sacada la muela, el dentista le da un pa\u00f1uelo, no para que se limpie la boca, sino que hace \u00e9nfasis en la debilidad del alcalde al llorar frente al dolor y le dice \u201cs\u00e9quese las l\u00e1grimas\u201d.<\/p>\n<p align=\"JUSTIFY\">El final del cuento revela la corrupci\u00f3n de forma deliberada y sin ninguna verg\u00fcenza por parte del alcalde, lo que confirma al lector que se trata de un alcalde corrupto. Este desenlace nos muestra una sociedad corrupta donde las cuentas personales son financiadas por el Estado y donde las autoridades roban y no tienen verg\u00fcenza de ello; al mismo tiempo, los pobladores est\u00e1n al tanto de esta situaci\u00f3n pero no toman acci\u00f3n colectiva para revertir esto.<\/p>\n","protected":false},"excerpt":{"rendered":"<p>Gloria Alicia Risso particip\u00f3 en el club en el ciclo Verano 2012 El cuento \u201cUn d\u00eda de estos\u201d de Garc\u00eda M\u00e1rquez se presenta como una protesta contra la realidad que se vive en muchos pueblos latinoamericanos, donde la corrupci\u00f3n y &hellip; <a href=\"https:\/\/blogs.up.edu.pe\/nubes\/trabajos\/trabajos-finales-ciclo-de-verano-2012\/%e2%80%9cun-dia-de-estos%e2%80%9d-de-gabriel-garcia-marquez-por-gloria-alicia-risso\/\">Sigue leyendo <span class=\"meta-nav\">&rarr;<\/span><\/a><\/p>\n","protected":false},"author":3,"featured_media":0,"parent":271,"menu_order":15,"comment_status":"closed","ping_status":"closed","template":"","meta":{"footnotes":""},"class_list":["post-329","page","type-page","status-publish","hentry"],"_links":{"self":[{"href":"https:\/\/blogs.up.edu.pe\/nubes\/wp-json\/wp\/v2\/pages\/329","targetHints":{"allow":["GET"]}}],"collection":[{"href":"https:\/\/blogs.up.edu.pe\/nubes\/wp-json\/wp\/v2\/pages"}],"about":[{"href":"https:\/\/blogs.up.edu.pe\/nubes\/wp-json\/wp\/v2\/types\/page"}],"author":[{"embeddable":true,"href":"https:\/\/blogs.up.edu.pe\/nubes\/wp-json\/wp\/v2\/users\/3"}],"replies":[{"embeddable":true,"href":"https:\/\/blogs.up.edu.pe\/nubes\/wp-json\/wp\/v2\/comments?post=329"}],"version-history":[{"count":4,"href":"https:\/\/blogs.up.edu.pe\/nubes\/wp-json\/wp\/v2\/pages\/329\/revisions"}],"predecessor-version":[{"id":555,"href":"https:\/\/blogs.up.edu.pe\/nubes\/wp-json\/wp\/v2\/pages\/329\/revisions\/555"}],"up":[{"embeddable":true,"href":"https:\/\/blogs.up.edu.pe\/nubes\/wp-json\/wp\/v2\/pages\/271"}],"wp:attachment":[{"href":"https:\/\/blogs.up.edu.pe\/nubes\/wp-json\/wp\/v2\/media?parent=329"}],"curies":[{"name":"wp","href":"https:\/\/api.w.org\/{rel}","templated":true}]}}