{"id":316,"date":"2012-03-29T22:13:16","date_gmt":"2012-03-29T22:13:16","guid":{"rendered":"https:\/\/blogs.up.edu.pe\/nubes\/\/?page_id=316"},"modified":"2012-06-28T18:48:07","modified_gmt":"2012-06-28T18:48:07","slug":"se-compite-hasta-en-domingo-por-gonzalo-vasquez","status":"publish","type":"page","link":"https:\/\/blogs.up.edu.pe\/nubes\/trabajos\/trabajos-finales-ciclo-de-verano-2012\/se-compite-hasta-en-domingo-por-gonzalo-vasquez\/","title":{"rendered":"Se compite hasta en domingo, por Gonzalo V\u00e1squez"},"content":{"rendered":"<p align=\"RIGHT\"><em><strong>Gonzalo V\u00e1squez particip\u00f3 en el club en el ciclo Verano 2012<\/strong><\/em><\/p>\n<p align=\"JUSTIFY\">Competencia. La supremac\u00eda del m\u00e1s fuerte, el premio que se obtiene tras vencer al adversario. Saborear la gloria o el polvo de la derrota. M\u00e1s all\u00e1 del reino animal, en nuestra vida cotidiana vemos ejemplos claros de esta competencia casi a muerte por ver qui\u00e9n es mejor. Probablemente una de las lides m\u00e1s antiguas y que persistir\u00e1 en el tiempo es la lucha entre dos (o m\u00e1s) hombres por el amor de una mujer, lo cual ha inspirado a autores de libros, obras de teatro y demasiados poemas. Este conflicto nos es presentado por Vargas Llosa en una versi\u00f3n juvenil, en un ambiente lime\u00f1o de hace algunos a\u00f1os. \u201cD\u00eda domingo\u201d es un cuento completo, con personajes muy logrados y una trama con la que es f\u00e1cil identificarse, que tiene gracia y fluye hasta llegar al cl\u00edmax, donde Vargas Llosa nos deja una importante moraleja final.<\/p>\n<p align=\"JUSTIFY\">Miguel es un joven que muere por el amor de Flora (la narraci\u00f3n inicia con esta declaraci\u00f3n); sin embargo, no es el \u00fanico. Rub\u00e9n, uno de sus mejores amigos y compa\u00f1ero del grupo autodenominado \u201clos pajarracos\u201d, es su principal competencia, y sobre este conflicto gira el cuento. A lo largo del mismo, se nos cuenta que Rub\u00e9n es un excelente atleta, tiene jale con las chicas, es simp\u00e1tico, y por ese lado tiene ventaja sobre Miguel, quien ante la no respuesta de Flora a su propuesta para estar con ella y sus pesadillas donde se ve a veces ganador o a veces perdedor, decide tomar cartas en el asunto. Luego de mucho tiempo decide volver a reunirse con su grupo de \u201cpajarracos\u201d, todos j\u00f3venes de aproximadamente la misma edad que se re\u00fanen en un bar al costado del cine Montecarlo y hacerle frente a Rub\u00e9n.<\/p>\n<p align=\"JUSTIFY\">Al analizar el modo de escribir cuentos de Vargas Llosa (m\u00e1s conocido por sus grandes novelas), llama la atenci\u00f3n la manera personal de contar, amigable, a pesar de ser un narrador omnisciente, que te hace sentir parte de la trama. Adem\u00e1s, es muy detallista y describe casi cada objeto que aparece con un adjetivo siempre preciso. Por otro lado, la locaci\u00f3n del cuento, en este caso calles de Miraflores, hace que sea a\u00fan m\u00e1s realista y que los lectores se identifiquen con Miguel y su lucha con Rub\u00e9n por ver qui\u00e9n se queda con Flora. Personalmente, hab\u00eda experimentado esta identificaci\u00f3n con las locaciones con <em>Conversaci\u00f3n en La Catedral<\/em>, genial novela de nuestro premio Nobel, donde se menciona mucho la zona del malec\u00f3n Cisneros, el club Terrazas, y la calle Porta, donde vive Zavalita, los cuales casi colindan con mi casa.<\/p>\n<p align=\"JUSTIFY\">Despu\u00e9s de compartir unas cervezas y charlar con sus patas, cuando su rival est\u00e1 a punto de irse para salir con Flora, Miguel toma cartas en el asunto y de todas las maneras posibles intenta que Rub\u00e9n se quede con ellos. Primero lanza un desaf\u00edo, a ver qui\u00e9n tomaba m\u00e1s cerveza (y \u00e9l corre con todos los gastos); es graciosa la manera de lanzar desaf\u00edos de los \u201cpajarracos\u201d, nadie se puede negar, y Miguel aprovecha esto para hacerle perder la cita con Flora a su amigo, donde logra un empate por decisi\u00f3n del grupo a pesar de terminar en peores condiciones que su compa\u00f1ero. Luego de esto, Miguel (picado), sigue provocando a Rub\u00e9n dici\u00e9ndole que es pura pose y se lanza otro desaf\u00edo (como sabemos, se tiene que aceptar). Este consist\u00eda en nadar esa misma noche, en la Costa Verde, hasta la reventaz\u00f3n y de vuelta.<\/p>\n<p align=\"JUSTIFY\">En este momento, algunos amigos dicen que est\u00e1n de acuerdo, otros que no por las condiciones en que est\u00e1n los \u201cpajarracos competidores\u201d, y por el fr\u00edo que hac\u00eda. Un tema importante que podemos analizar en esta parte del cuento es la presi\u00f3n de grupo, que en este caso es el hecho de animar una competencia as\u00ed en esas condiciones. Es el Melan\u00e9s el principal presionador que anima a ambos a seguir una vez que est\u00e1n en la playa miraflorina. Esto, combinado con las ganas de demostrar qui\u00e9n es mejor, del amor de Flora, de los efectos del alcohol y de la locura juvenil, hace que Miguel y Rub\u00e9n tomen una decisi\u00f3n apurada y algo desquiciada. A La luz de la luna se desvisten y se lanzan al agua (Rub\u00e9n con mejor estilo que Miguel). El fr\u00edo y el dolor de cabeza por el trago hacen dif\u00edcil la tarea para ambos, y pese a eso, siguen adelante.<\/p>\n<p align=\"JUSTIFY\">Llegan a la reventaz\u00f3n (donde se forma la primera ola, muy lejos de la orilla) con mucho esfuerzo, y empiezan el retorno a la orilla, ah\u00ed ocurre el cl\u00edmax de la historia. Miguel siente que se desvanece, que pierde fuerzas y ruega a Dios que los proteja, ya no le importa la apuesta, Rub\u00e9n estaba mucho m\u00e1s adelante. Sin embargo, escucha repentinamente los gritos de su compa\u00f1ero implorando ayuda, pues le hab\u00eda dado un terrible calambre y tiene que tomar una decisi\u00f3n importante. Cuando ve esta situaci\u00f3n, Miguel se siente mejor y recupera fuerzas y capacidad de pensamiento (ante el peligro). Aqu\u00ed es cuando te pones a pensar si salvar a tu amigo, o ganar una apuesta que te har\u00e1 tambi\u00e9n feliz, lo que hab\u00edas estado esperando todo este tiempo.<\/p>\n<p align=\"JUSTIFY\">Finalmente hace lo correcto: llevar a Rub\u00e9n sin que lo arrastre hacia abajo y despert\u00e1ndolo para que est\u00e9 consciente, luchando a cada instante contra las condiciones, hasta que llegan a la orilla. Vargas Llosa, de este modo, resalta que si bien la competencia hace que nos comportemos de una manera, siempre debe prevalecer la condici\u00f3n humana. La vida de un amigo no tiene precio, y es por eso que prima la decisi\u00f3n de Miguel sobre cualquier desaf\u00edo. Finalmente, como vemos, Miguel no solo salva a su amigo y lo vence en su propio deporte (quedando como el ganador frente al grupo), sino que se queda con el premio mayor, el amor de Flora. Es decir, queda totalmente satisfecho, no hay nada que se pueda reprochar, a diferencia de si no lo hubiera salvado. Es parad\u00f3jico, cuando se olvida del desaf\u00edo, es cuando \u201ccompite\u201d mejor, toma la mejor decisi\u00f3n y gana en todos los aspectos. Finalmente, me encanta la frase de cierre, \u201cse abr\u00eda para \u00e9l un porvenir dorado\u201d, que expresa exactamente lo que uno siente cuando logra lo que quiere y todo sale mejor de lo esperado. Y t\u00fa, \u00bfqu\u00e9 har\u00edas por conseguir el amor de una chica?<\/p>\n","protected":false},"excerpt":{"rendered":"<p>Gonzalo V\u00e1squez particip\u00f3 en el club en el ciclo Verano 2012 Competencia. La supremac\u00eda del m\u00e1s fuerte, el premio que se obtiene tras vencer al adversario. Saborear la gloria o el polvo de la derrota. M\u00e1s all\u00e1 del reino animal, &hellip; <a href=\"https:\/\/blogs.up.edu.pe\/nubes\/trabajos\/trabajos-finales-ciclo-de-verano-2012\/se-compite-hasta-en-domingo-por-gonzalo-vasquez\/\">Sigue leyendo <span class=\"meta-nav\">&rarr;<\/span><\/a><\/p>\n","protected":false},"author":3,"featured_media":0,"parent":271,"menu_order":13,"comment_status":"closed","ping_status":"closed","template":"","meta":{"footnotes":""},"class_list":["post-316","page","type-page","status-publish","hentry"],"_links":{"self":[{"href":"https:\/\/blogs.up.edu.pe\/nubes\/wp-json\/wp\/v2\/pages\/316","targetHints":{"allow":["GET"]}}],"collection":[{"href":"https:\/\/blogs.up.edu.pe\/nubes\/wp-json\/wp\/v2\/pages"}],"about":[{"href":"https:\/\/blogs.up.edu.pe\/nubes\/wp-json\/wp\/v2\/types\/page"}],"author":[{"embeddable":true,"href":"https:\/\/blogs.up.edu.pe\/nubes\/wp-json\/wp\/v2\/users\/3"}],"replies":[{"embeddable":true,"href":"https:\/\/blogs.up.edu.pe\/nubes\/wp-json\/wp\/v2\/comments?post=316"}],"version-history":[{"count":4,"href":"https:\/\/blogs.up.edu.pe\/nubes\/wp-json\/wp\/v2\/pages\/316\/revisions"}],"predecessor-version":[{"id":551,"href":"https:\/\/blogs.up.edu.pe\/nubes\/wp-json\/wp\/v2\/pages\/316\/revisions\/551"}],"up":[{"embeddable":true,"href":"https:\/\/blogs.up.edu.pe\/nubes\/wp-json\/wp\/v2\/pages\/271"}],"wp:attachment":[{"href":"https:\/\/blogs.up.edu.pe\/nubes\/wp-json\/wp\/v2\/media?parent=316"}],"curies":[{"name":"wp","href":"https:\/\/api.w.org\/{rel}","templated":true}]}}