{"id":312,"date":"2012-03-29T21:44:33","date_gmt":"2012-03-29T21:44:33","guid":{"rendered":"https:\/\/blogs.up.edu.pe\/nubes\/\/?page_id=312"},"modified":"2012-06-28T18:50:48","modified_gmt":"2012-06-28T18:50:48","slug":"antonio-galvez-ronceros-literatura-peruana-por-katherine-wendy-tejeda","status":"publish","type":"page","link":"https:\/\/blogs.up.edu.pe\/nubes\/trabajos\/trabajos-finales-ciclo-de-verano-2012\/antonio-galvez-ronceros-literatura-peruana-por-katherine-wendy-tejeda\/","title":{"rendered":"Antonio G\u00e1lvez Ronceros: literatura peruana, por Katherine Wendy Tejeda"},"content":{"rendered":"<p align=\"RIGHT\"><em><strong>Katherine Wendy Tejeda particip\u00f3 en el club en el ciclo Verano 2012<\/strong><\/em><\/p>\n<p align=\"JUSTIFY\">Antonio Leoncio G\u00e1lvez Ronceros, naci\u00f3 el 14 de octubre de 1932 en Chincha Alta; literato peruano que ha destacado como profesor principal del Departamento de Ling\u00fc\u00edstica de la Facultad de Letras y Ciencias Humanas en la Universidad Nacional Mayor de San Marcos. Es responsable de la apertura de una nueva vertiente en la literatura peruana a trav\u00e9s de una c\u00e1lida y fresca interpretaci\u00f3n del habla afroperuana de su tierra coste\u00f1a (Chincha). Fue en el Sur Chico, donde conoci\u00f3 a campesinos negros durante su infancia y es lo que presenta en sus obras.<\/p>\n<p align=\"JUSTIFY\">Seg\u00fan datos detallados en su biograf\u00eda, consta que este gran autor despu\u00e9s de haber recibido estudios superiores regres\u00f3 a su ciudad natal para poder impartir la instrucci\u00f3n superior recibida en el colegio emblem\u00e1tico: Jos\u00e9 Pardo y Barreda, <em>alma mater <\/em>de Antonio G\u00e1lvez. Esto nos revela el idealismo que caracteriza al autor. Adem\u00e1s, durante su etapa universitaria, comenz\u00f3 a publicar sus relatos en diarios como: <em>El comercio<\/em> y <em>La prensa<\/em>, e integr\u00f3 el Grupo Narraci\u00f3n.<\/p>\n<p align=\"JUSTIFY\">Por otro lado, notamos que el autor ha sido una persona muy capaz en su rubro ya que no tard\u00f3 la Universidad Nacional Mayor de San Marcos en reconocerlo como Catedr\u00e1tico Principal del Departamento de Ling\u00fc\u00edstica de la Facultad de Letras y Ciencias Humanas. Toda esta informaci\u00f3n da a conocer a una persona que siempre ha creido en sus ideales y que lucha y emprende todo a su alcance para llegar a ser un personaje reconocido y recordado por su huella en la literatura peruana.<\/p>\n<p align=\"JUSTIFY\">En cuanto a su estilo literario, notamos que es armonioso y original para contar historias. En sus obras destaca su b\u00fasqueda en lo local y cotidiano para expresar temas de nuestra realidad peruana (afroperuana) y la riqueza de sus personajes, atm\u00f3sfera y lenguajes.<\/p>\n<p align=\"JUSTIFY\">En algunos de sus cuentos revela temas del d\u00eda a d\u00eda como la tensi\u00f3n y conflicto entre los personajes, por ejemplo en: \u201c\u00a1Miera!\u201d o \u201cAs\u00ed dile\u201d, estos conflictos son sociales por lo general ya que enfrenta a campesinos con caporales. En particular es claro el deseo del autor por revelar injusticias o abusos de poder en las estratificaciones establecidas; pienso en parte que se debe a que en su infancia vivi\u00f3 todo ello y creo que esta fue una de sus motivaciones y razones para haber elegido su profesi\u00f3n.<\/p>\n<p align=\"JUSTIFY\">En lo particular, Antonio G\u00e1lvez es un autor original y ha dejado huella en nuestra literatura, tocando temas que ning\u00fan otro autor ha tomado en cuenta y manifest\u00e1ndolos con una frescura en contexto y lenguaje que realmente me fascina. En la actualidad hay muchos homenajes en honor a su desempe\u00f1o literario, los cuales son muy merecidos.<\/p>\n","protected":false},"excerpt":{"rendered":"<p>Katherine Wendy Tejeda particip\u00f3 en el club en el ciclo Verano 2012 Antonio Leoncio G\u00e1lvez Ronceros, naci\u00f3 el 14 de octubre de 1932 en Chincha Alta; literato peruano que ha destacado como profesor principal del Departamento de Ling\u00fc\u00edstica de la &hellip; <a href=\"https:\/\/blogs.up.edu.pe\/nubes\/trabajos\/trabajos-finales-ciclo-de-verano-2012\/antonio-galvez-ronceros-literatura-peruana-por-katherine-wendy-tejeda\/\">Sigue leyendo <span class=\"meta-nav\">&rarr;<\/span><\/a><\/p>\n","protected":false},"author":3,"featured_media":0,"parent":271,"menu_order":12,"comment_status":"closed","ping_status":"closed","template":"","meta":{"footnotes":""},"class_list":["post-312","page","type-page","status-publish","hentry"],"_links":{"self":[{"href":"https:\/\/blogs.up.edu.pe\/nubes\/wp-json\/wp\/v2\/pages\/312","targetHints":{"allow":["GET"]}}],"collection":[{"href":"https:\/\/blogs.up.edu.pe\/nubes\/wp-json\/wp\/v2\/pages"}],"about":[{"href":"https:\/\/blogs.up.edu.pe\/nubes\/wp-json\/wp\/v2\/types\/page"}],"author":[{"embeddable":true,"href":"https:\/\/blogs.up.edu.pe\/nubes\/wp-json\/wp\/v2\/users\/3"}],"replies":[{"embeddable":true,"href":"https:\/\/blogs.up.edu.pe\/nubes\/wp-json\/wp\/v2\/comments?post=312"}],"version-history":[{"count":4,"href":"https:\/\/blogs.up.edu.pe\/nubes\/wp-json\/wp\/v2\/pages\/312\/revisions"}],"predecessor-version":[{"id":558,"href":"https:\/\/blogs.up.edu.pe\/nubes\/wp-json\/wp\/v2\/pages\/312\/revisions\/558"}],"up":[{"embeddable":true,"href":"https:\/\/blogs.up.edu.pe\/nubes\/wp-json\/wp\/v2\/pages\/271"}],"wp:attachment":[{"href":"https:\/\/blogs.up.edu.pe\/nubes\/wp-json\/wp\/v2\/media?parent=312"}],"curies":[{"name":"wp","href":"https:\/\/api.w.org\/{rel}","templated":true}]}}